{"id":6736,"date":"2023-04-06T14:34:03","date_gmt":"2023-04-06T12:34:03","guid":{"rendered":"https:\/\/acp.pixel-tal.de\/pravni-zalezitosti\/"},"modified":"2024-02-16T15:10:30","modified_gmt":"2024-02-16T14:10:30","slug":"pravni-zalezitosti","status":"publish","type":"page","link":"https:\/\/acp-global.net\/cs\/pravni-zalezitosti\/","title":{"rendered":"Pr\u00e1vn\u00ed z\u00e1le\u017eitosti"},"content":{"rendered":"","protected":false},"excerpt":{"rendered":"","protected":false},"author":1,"featured_media":0,"parent":0,"menu_order":7,"comment_status":"closed","ping_status":"closed","template":"","meta":{"_acf_changed":false,"_crdt_document":"","footnotes":""},"class_list":["post-6736","page","type-page","status-publish"],"acf":[],"yoast_head":"<!-- This site is optimized with the Yoast SEO plugin v27.4 - https:\/\/yoast.com\/product\/yoast-seo-wordpress\/ -->\n<title>Pr\u00e1vn\u00ed z\u00e1le\u017eitosti - ACP Group<\/title>\n<meta name=\"robots\" content=\"index, follow, max-snippet:-1, max-image-preview:large, max-video-preview:-1\" \/>\n<link rel=\"canonical\" href=\"https:\/\/acp-global.net\/cs\/pravni-zalezitosti\/\" \/>\n<meta property=\"og:locale\" content=\"cs_CZ\" \/>\n<meta property=\"og:type\" content=\"article\" \/>\n<meta property=\"og:title\" content=\"Pr\u00e1vn\u00ed z\u00e1le\u017eitosti - ACP Group\" \/>\n<meta property=\"og:url\" content=\"https:\/\/acp-global.net\/cs\/pravni-zalezitosti\/\" \/>\n<meta property=\"og:site_name\" content=\"ACP Group\" \/>\n<meta property=\"article:modified_time\" content=\"2024-02-16T14:10:30+00:00\" \/>\n<meta name=\"twitter:card\" content=\"summary_large_image\" \/>\n<script type=\"application\/ld+json\" class=\"yoast-schema-graph\">{\"@context\":\"https:\\\/\\\/schema.org\",\"@graph\":[{\"@type\":\"WebPage\",\"@id\":\"https:\\\/\\\/acp-global.net\\\/cs\\\/pravni-zalezitosti\\\/\",\"url\":\"https:\\\/\\\/acp-global.net\\\/cs\\\/pravni-zalezitosti\\\/\",\"name\":\"Pr\u00e1vn\u00ed z\u00e1le\u017eitosti - ACP Group\",\"isPartOf\":{\"@id\":\"https:\\\/\\\/acp-global.net\\\/cs\\\/#website\"},\"datePublished\":\"2023-04-06T12:34:03+00:00\",\"dateModified\":\"2024-02-16T14:10:30+00:00\",\"breadcrumb\":{\"@id\":\"https:\\\/\\\/acp-global.net\\\/cs\\\/pravni-zalezitosti\\\/#breadcrumb\"},\"inLanguage\":\"cs\",\"potentialAction\":[{\"@type\":\"ReadAction\",\"target\":[\"https:\\\/\\\/acp-global.net\\\/cs\\\/pravni-zalezitosti\\\/\"]}]},{\"@type\":\"BreadcrumbList\",\"@id\":\"https:\\\/\\\/acp-global.net\\\/cs\\\/pravni-zalezitosti\\\/#breadcrumb\",\"itemListElement\":[{\"@type\":\"ListItem\",\"position\":1,\"name\":\"Startseite\",\"item\":\"https:\\\/\\\/acp-global.net\\\/cs\\\/\"},{\"@type\":\"ListItem\",\"position\":2,\"name\":\"Pr\u00e1vn\u00ed z\u00e1le\u017eitosti\"}]},{\"@type\":\"WebSite\",\"@id\":\"https:\\\/\\\/acp-global.net\\\/cs\\\/#website\",\"url\":\"https:\\\/\\\/acp-global.net\\\/cs\\\/\",\"name\":\"ACP Group\",\"description\":\"\",\"publisher\":{\"@id\":\"https:\\\/\\\/acp-global.net\\\/cs\\\/#organization\"},\"potentialAction\":[{\"@type\":\"SearchAction\",\"target\":{\"@type\":\"EntryPoint\",\"urlTemplate\":\"https:\\\/\\\/acp-global.net\\\/cs\\\/?s={search_term_string}\"},\"query-input\":{\"@type\":\"PropertyValueSpecification\",\"valueRequired\":true,\"valueName\":\"search_term_string\"}}],\"inLanguage\":\"cs\"},{\"@type\":\"Organization\",\"@id\":\"https:\\\/\\\/acp-global.net\\\/cs\\\/#organization\",\"name\":\"ACP Group\",\"url\":\"https:\\\/\\\/acp-global.net\\\/cs\\\/\",\"logo\":{\"@type\":\"ImageObject\",\"inLanguage\":\"cs\",\"@id\":\"https:\\\/\\\/acp-global.net\\\/cs\\\/#\\\/schema\\\/logo\\\/image\\\/\",\"url\":\"https:\\\/\\\/acp-global.net\\\/wp-content\\\/uploads\\\/acp_group.png\",\"contentUrl\":\"https:\\\/\\\/acp-global.net\\\/wp-content\\\/uploads\\\/acp_group.png\",\"width\":1232,\"height\":285,\"caption\":\"ACP Group\"},\"image\":{\"@id\":\"https:\\\/\\\/acp-global.net\\\/cs\\\/#\\\/schema\\\/logo\\\/image\\\/\"}}]}<\/script>\n<!-- \/ Yoast SEO plugin. -->","yoast_head_json":{"title":"Pr\u00e1vn\u00ed z\u00e1le\u017eitosti - ACP Group","robots":{"index":"index","follow":"follow","max-snippet":"max-snippet:-1","max-image-preview":"max-image-preview:large","max-video-preview":"max-video-preview:-1"},"canonical":"https:\/\/acp-global.net\/cs\/pravni-zalezitosti\/","og_locale":"cs_CZ","og_type":"article","og_title":"Pr\u00e1vn\u00ed z\u00e1le\u017eitosti - ACP Group","og_url":"https:\/\/acp-global.net\/cs\/pravni-zalezitosti\/","og_site_name":"ACP Group","article_modified_time":"2024-02-16T14:10:30+00:00","twitter_card":"summary_large_image","schema":{"@context":"https:\/\/schema.org","@graph":[{"@type":"WebPage","@id":"https:\/\/acp-global.net\/cs\/pravni-zalezitosti\/","url":"https:\/\/acp-global.net\/cs\/pravni-zalezitosti\/","name":"Pr\u00e1vn\u00ed z\u00e1le\u017eitosti - ACP Group","isPartOf":{"@id":"https:\/\/acp-global.net\/cs\/#website"},"datePublished":"2023-04-06T12:34:03+00:00","dateModified":"2024-02-16T14:10:30+00:00","breadcrumb":{"@id":"https:\/\/acp-global.net\/cs\/pravni-zalezitosti\/#breadcrumb"},"inLanguage":"cs","potentialAction":[{"@type":"ReadAction","target":["https:\/\/acp-global.net\/cs\/pravni-zalezitosti\/"]}]},{"@type":"BreadcrumbList","@id":"https:\/\/acp-global.net\/cs\/pravni-zalezitosti\/#breadcrumb","itemListElement":[{"@type":"ListItem","position":1,"name":"Startseite","item":"https:\/\/acp-global.net\/cs\/"},{"@type":"ListItem","position":2,"name":"Pr\u00e1vn\u00ed z\u00e1le\u017eitosti"}]},{"@type":"WebSite","@id":"https:\/\/acp-global.net\/cs\/#website","url":"https:\/\/acp-global.net\/cs\/","name":"ACP Group","description":"","publisher":{"@id":"https:\/\/acp-global.net\/cs\/#organization"},"potentialAction":[{"@type":"SearchAction","target":{"@type":"EntryPoint","urlTemplate":"https:\/\/acp-global.net\/cs\/?s={search_term_string}"},"query-input":{"@type":"PropertyValueSpecification","valueRequired":true,"valueName":"search_term_string"}}],"inLanguage":"cs"},{"@type":"Organization","@id":"https:\/\/acp-global.net\/cs\/#organization","name":"ACP Group","url":"https:\/\/acp-global.net\/cs\/","logo":{"@type":"ImageObject","inLanguage":"cs","@id":"https:\/\/acp-global.net\/cs\/#\/schema\/logo\/image\/","url":"https:\/\/acp-global.net\/wp-content\/uploads\/acp_group.png","contentUrl":"https:\/\/acp-global.net\/wp-content\/uploads\/acp_group.png","width":1232,"height":285,"caption":"ACP Group"},"image":{"@id":"https:\/\/acp-global.net\/cs\/#\/schema\/logo\/image\/"}}]}},"_links":{"self":[{"href":"https:\/\/acp-global.net\/cs\/wp-json\/wp\/v2\/pages\/6736","targetHints":{"allow":["GET"]}}],"collection":[{"href":"https:\/\/acp-global.net\/cs\/wp-json\/wp\/v2\/pages"}],"about":[{"href":"https:\/\/acp-global.net\/cs\/wp-json\/wp\/v2\/types\/page"}],"author":[{"embeddable":true,"href":"https:\/\/acp-global.net\/cs\/wp-json\/wp\/v2\/users\/1"}],"replies":[{"embeddable":true,"href":"https:\/\/acp-global.net\/cs\/wp-json\/wp\/v2\/comments?post=6736"}],"version-history":[{"count":1,"href":"https:\/\/acp-global.net\/cs\/wp-json\/wp\/v2\/pages\/6736\/revisions"}],"predecessor-version":[{"id":7085,"href":"https:\/\/acp-global.net\/cs\/wp-json\/wp\/v2\/pages\/6736\/revisions\/7085"}],"wp:attachment":[{"href":"https:\/\/acp-global.net\/cs\/wp-json\/wp\/v2\/media?parent=6736"}],"curies":[{"name":"wp","href":"https:\/\/api.w.org\/{rel}","templated":true}]}}