{"id":6783,"date":"2024-02-01T10:07:16","date_gmt":"2024-02-01T09:07:16","guid":{"rendered":"https:\/\/acp.pixel-tal.de\/oblasti-pouziti\/elektrotechnicky-prumysl\/"},"modified":"2024-06-24T14:56:20","modified_gmt":"2024-06-24T12:56:20","slug":"elektrotechnicky-prumysl","status":"publish","type":"page","link":"https:\/\/acp-global.net\/cs\/oblasti-pouziti\/elektrotechnicky-prumysl\/","title":{"rendered":"Elektrotechnick\u00fd pr\u016fmysl"},"content":{"rendered":"        \n            <!-- hero -->\n        \n                    \n            <div id=\"hero-263c37f10bb841534904ea4324873234\" class=\"hero\">\n\t\t\t\t<div class=\"hero-slider\">\t\t\t\t\n        \n            <!-- hero -->\n        \n                    \n            <div  class=\"hero-slide hero-slide-1a1a1ffdded982b8960d69b53b2a80cd \">\n\n\t\t\t\t<div class=\"hero-canvas\">\n\t\t\t\t\t<div class=\"hero-content\">\n\t\t\t\t\t\t<span class=\"hero-subheadline subheadline\">D\u011brovan\u00e9 a v\u00e1lcovan\u00e9 kovov\u00e9 p\u00e1sy<\/span>\t\t\t\t\t\t<h1 class=\"hero-headline headline\">Pro mnoho oblast\u00ed v elektrotechnick\u00e9m pr\u016fmyslu<\/h1>\t\t\t\t\t\t\t\t\t\t\t<\/div>\n\t\t\t\t<\/div>\n\n                \t\t\t\t\t<div class=\"hero-background\">\n                        <div class=\"hero-overlay\"><\/div>\n\t\t\t\t\t\t<img decoding=\"async\" src=\"https:\/\/acp-global.net\/wp-content\/uploads\/acp_header_elektro.jpg\" \/>\n\t\t\t\t\t<\/div>\n\t\t\t\t\n                \n\t\t\t<\/div>\n        \n                    \n            <!-- end:hero -->\n        \n            \n\n\t\t\t\t<\/div>\t\t\t<\/div>\n        \n                    \n            <!-- end:hero -->\n        \n            <section class=\"gb-container gb-container-5b45f9d8 gb-container-section-white\" id=\"intro\">\n<div class=\"gb-container gb-container-7cb1f658\">\n<div class=\"gb-grid-wrapper gb-grid-wrapper-1f853d8c\">\n<div class=\"gb-grid-column gb-grid-column-9d5895f9\"><div class=\"gb-container gb-container-9d5895f9\" data-aos=\"fade-right\">\n<div class=\"gb-grid-wrapper gb-grid-wrapper-b144462a\">\n<div class=\"gb-grid-column gb-grid-column-77b6296d\"><div class=\"gb-container gb-container-77b6296d\">\n\n<div class=\"wp-block-pixel-headline headlines is-subheadline-top has-text-align-left\"><h2 class=\"headline\" style=\"color:\"><strong>Pru\u017en\u00e9, zejm\u00e9na vodiv\u00e9 nebo izola\u010dn\u00ed<\/strong><\/h2><span class=\"subheadline\" style=\"color:\">OBLAST POU\u017dIT\u00cd ELEKTROTECHNICK\u00dd PR\u016eMYSL<\/span><\/div>\n\n\n\n<p class=\"wp-block-paragraph\">Spole\u010dnost ACP dod\u00e1v\u00e1 nekone\u010dn\u00e9 d\u011brovan\u00e9 nebo v\u00e1lcovan\u00e9 kovov\u00e9 p\u00e1sky pro elektrotechnick\u00fd pr\u016fmysl. Na\u0161e v\u00fdrobky \u010dasto hraj\u00ed rozhoduj\u00edc\u00ed roli p\u0159i v\u00fdrob\u011b mal\u00fdch, pru\u017en\u00fdch kovov\u00fdch d\u00edl\u016f, kter\u00e9 jsou v tomto odv\u011btv\u00ed nepostradateln\u00e9.<\/p>\n\n<\/div><\/div>\n<\/div>\n<\/div><\/div>\n\n<div class=\"gb-grid-column gb-grid-column-c35aa8c3\"><div class=\"gb-container gb-container-c35aa8c3\">\n\n<figure class=\"gb-block-image gb-block-image-9470b013\"><img loading=\"lazy\" decoding=\"async\" width=\"640\" height=\"327\" class=\"gb-image gb-image-9470b013\" src=\"https:\/\/acp-global.net\/wp-content\/uploads\/acp_elektroindustrie_01.jpg\" alt=\"\" title=\"acp_electrical_industry_01\" srcset=\"https:\/\/acp-global.net\/wp-content\/uploads\/acp_elektroindustrie_01.jpg 640w, https:\/\/acp-global.net\/wp-content\/uploads\/acp_elektroindustrie_01-300x153.jpg 300w, https:\/\/acp-global.net\/wp-content\/uploads\/acp_elektroindustrie_01-147x75.jpg 147w, https:\/\/acp-global.net\/wp-content\/uploads\/acp_elektroindustrie_01-235x120.jpg 235w\" sizes=\"auto, (max-width: 640px) 100vw, 640px\" \/><\/figure>\n\n<\/div><\/div>\n<\/div>\n<\/div>\n<\/section><section class=\"gb-container gb-container-11d1c095 overflowvisible gb-container-align-left-half-section-alt\">\n<div class=\"gb-container gb-container-c9136177\">\n<div class=\"gb-grid-wrapper gb-grid-wrapper-51e1d11d\">\n<div class=\"gb-grid-column gb-grid-column-91c3c72e gb-grid-column-align-top-left\"><div class=\"gb-container gb-container-91c3c72e gb-container-align-top-left\" data-aos=\"fade-left\">\n\n<figure class=\"gb-block-image gb-block-image-6f09a910\"><img loading=\"lazy\" decoding=\"async\" width=\"930\" height=\"650\" class=\"gb-image gb-image-6f09a910\" src=\"https:\/\/acp-global.net\/wp-content\/uploads\/acp_elektroindustrie_vorteile-der-stahlbaender.png\" alt=\"\" title=\"acp_electrical_industry_advantages_of_steel_bands (v\u00fdhody ocelov\u00fdch p\u00e1s\u016f)\" srcset=\"https:\/\/acp-global.net\/wp-content\/uploads\/acp_elektroindustrie_vorteile-der-stahlbaender.png 930w, https:\/\/acp-global.net\/wp-content\/uploads\/acp_elektroindustrie_vorteile-der-stahlbaender-300x210.png 300w, https:\/\/acp-global.net\/wp-content\/uploads\/acp_elektroindustrie_vorteile-der-stahlbaender-768x537.png 768w, https:\/\/acp-global.net\/wp-content\/uploads\/acp_elektroindustrie_vorteile-der-stahlbaender-107x75.png 107w, https:\/\/acp-global.net\/wp-content\/uploads\/acp_elektroindustrie_vorteile-der-stahlbaender-172x120.png 172w\" sizes=\"auto, (max-width: 930px) 100vw, 930px\" \/><\/figure>\n\n<\/div><\/div>\n\n<div class=\"gb-grid-column gb-grid-column-232cbe27\"><div class=\"gb-container gb-container-232cbe27\" data-aos=\"fade-left\">\n\n<div class=\"wp-block-pixel-headline headlines is-subheadline-top has-text-align-left\"><h2 class=\"headline\" style=\"color:\">V\u00fdhody d\u011brovac\u00edch p\u00e1s\u016f ACP<\/h2><span class=\"subheadline\" style=\"color:\">Materi\u00e1l a povrchov\u00e1 \u00faprava<\/span><\/div>\n\n\n\n<p class=\"wp-block-paragraph\">U elektronick\u00fdch sou\u010d\u00e1stek je to \u010dasto ot\u00e1zka vodivosti. Kombinace z\u00e1kladn\u00edho materi\u00e1lu a povrchov\u00e9 \u00fapravy n\u00e1m umo\u017e\u0148uje vyvinout \u0161irokou \u0161k\u00e1lu \u0159e\u0161en\u00ed na m\u00edru. Nep\u0159ilnav\u00e9 povlaky zaji\u0161\u0165uj\u00ed, \u017ee se sou\u010d\u00e1sti neza\u0161pin\u00ed ani nezapr\u00e1\u0161\u00ed. Pou\u017eit\u00edm pry\u017eov\u00fdch povlak\u016f lze u d\u011brovac\u00edch p\u00e1s\u016f dos\u00e1hnout tak\u00e9 izola\u010dn\u00edch nebo vibrace tlum\u00edc\u00edch vlastnost\u00ed. Mo\u017enosti se tedy prakticky neomezuj\u00ed.<\/p>\n\n\n\n<p class=\"wp-block-paragraph\">Dal\u0161\u00ed informace o na\u0161ich materi\u00e1lech a mo\u017enostech povrchov\u00e9 \u00fapravy najdete na na\u0161ich produktov\u00fdch str\u00e1nk\u00e1ch.<\/p>\n\n<\/div><\/div>\n<\/div>\n<\/div>\n<\/section><section class=\"gb-container gb-container-04d57702 gb-container-section-white\" id=\"contact\">\n<div class=\"gb-container gb-container-31e27eda\">\n\t\t\t\t<div id=\"kontakt\" class=\"contact-form is-style-address gb-grid-wrapper\" >\r\n\r\n\t\t\t\t\t\t\t\t\t\t\t<div class=\"contact-form-head gb-grid-column\" style=\"width: 100%;\">\r\n\t\t\t\t\t\t\t<div class=\"wp-block-pixel-headline headlines is-subheadline-top is-h1 has-text-align-left\">\r\n\t\t\t\t\t\t\t\t<h2 class=\"headline is-h1\">Kontaktujte n\u00e1s<\/h2>\r\n\t\t\t\t\t\t\t\t<span class=\"subheadline\">C\u00edle, pl\u00e1ny, ot\u00e1zky, p\u0159\u00e1n\u00ed?<\/span>\r\n\t\t\t\t\t\t\t<\/div>\r\n\t\t\t\t\t\t<\/div>\r\n                    \r\n\t\t\t\t\t\t\t\t\t\t\t<address class=\"contact-form-side gb-grid-column\">\r\n\t\t\t\t\t\t \r\n\t\t\t<div class=\"card card-location card-location-1190\">\r\n\t\t\t\t<div class=\"card-media\"><img loading=\"lazy\" decoding=\"async\" width=\"1640\" height=\"285\" src=\"https:\/\/acp-global.net\/wp-content\/uploads\/acp_deutschland.png\" class=\"attachment-full size-full\" alt=\"\" srcset=\"https:\/\/acp-global.net\/wp-content\/uploads\/acp_deutschland.png 1640w, https:\/\/acp-global.net\/wp-content\/uploads\/acp_deutschland-300x52.png 300w, https:\/\/acp-global.net\/wp-content\/uploads\/acp_deutschland-1024x178.png 1024w, https:\/\/acp-global.net\/wp-content\/uploads\/acp_deutschland-768x133.png 768w, https:\/\/acp-global.net\/wp-content\/uploads\/acp_deutschland-1536x267.png 1536w, https:\/\/acp-global.net\/wp-content\/uploads\/acp_deutschland-432x75.png 432w, https:\/\/acp-global.net\/wp-content\/uploads\/acp_deutschland-691x120.png 691w\" sizes=\"auto, (max-width: 1640px) 100vw, 1640px\" \/><\/div>\t\t\t\t<div class=\"card-content\">\r\n\t\t\t\t\t<div class=\"card-inner\">\r\n\t\t\t\t\t\t<span class=\"card-headline headline is-h4\">ACP Deutschland<\/span><div class=\"card-copy\"><span class=\"card-line card-line-street\">Sch\u00e4fergasse 1<\/span><span class=\"card-line card-line-city\">36433 Bad Salzungen<\/span><span class=\"card-line card-line-country\">Deutschland<\/span><\/div>\t\t\t\t\t<\/div>\r\n\r\n\t\t\t\t\t<div class=\"card-action\"><span class=\"card-line card-line-phone\"><a href=\"tel:49036956630\" target=\"_blank\" rel=\"nofollow\">+49 (0) 3695 663-0<\/a><\/span><span class=\"card-line card-line-fax\">+49 (0) 3695 663-106<\/span><span class=\"card-line card-line-email\"><a href=\"mailto:info@acp-d.com\" target=\"_blank\" rel=\"nofollow\">info@acp-d.com<\/a><\/span><span class=\"card-line card-line-web\"><a href=\"https:\/\/acp-global.net\/unternehmen\/acp-deutschland\" target=\"_blank\">Na webov\u00e9 str\u00e1nky<\/a><\/span><span class=\"card-line card-line-maps\"><a class=\"gb-button gb-button-dark-blue-outlined is-style-outline\" href=\"https:\/\/www.google.com\/maps\/search\/?api=1&#038;query=ACP Deutschland+Sch\u00e4fergasse 1+36433 Bad Salzungen\" target=\"_blank\"><span class=\"gb-button-text\">Google Maps<\/span><\/span><\/a><\/span><\/div>\t\t\t\t<\/div>\r\n\t\t\t<\/div>\r\n\t\t\t\t\t\t\t\t<\/address>\t\r\n\t\t\t\t\t\r\n\t\t\t\t\t\t\t\r\n\t\t\t\t\t<div class=\"contact-form-main gb-grid-column\">\r\n                        \r\n                        \t\t\t\t\t\t\n<div class=\"wpcf7 no-js\" id=\"wpcf7-f6647-o1\" lang=\"cs-CZ\" dir=\"ltr\" data-wpcf7-id=\"6647\">\n<div class=\"screen-reader-response\"><p role=\"status\" aria-live=\"polite\" aria-atomic=\"true\"><\/p> <ul><\/ul><\/div>\n<form action=\"\/cs\/wp-json\/wp\/v2\/pages\/6783#wpcf7-f6647-o1\" method=\"post\" class=\"wpcf7-form init\" aria-label=\"Kontaktn\u00ed formul\u00e1\u0159\" novalidate=\"novalidate\" data-status=\"init\">\n<fieldset class=\"hidden-fields-container\"><input type=\"hidden\" name=\"_wpcf7\" value=\"6647\" \/><input type=\"hidden\" name=\"_wpcf7_version\" value=\"6.1.5\" \/><input type=\"hidden\" name=\"_wpcf7_locale\" value=\"cs_CZ\" \/><input type=\"hidden\" name=\"_wpcf7_unit_tag\" value=\"wpcf7-f6647-o1\" \/><input type=\"hidden\" name=\"_wpcf7_container_post\" value=\"0\" \/><input type=\"hidden\" name=\"_wpcf7_posted_data_hash\" value=\"\" \/>\n<\/fieldset>\n<div class=\"form-fields form-fields-3\">\n<div class=\"form-field recipient-field\"><label>Kter\u00e9 \u00fast\u0159ed\u00ed AKT chcete kontaktovat?<\/label><span class=\"wpcf7-form-control-wrap\" data-name=\"recipient\"><select class=\"wpcf7-form-control wpcf7-select wpcf7-validates-as-required\" aria-required=\"true\" aria-invalid=\"false\" name=\"recipient\"><option value=\"Deutschland\">Deutschland<\/option><option value=\"France\">France<\/option><option value=\"Canada\">Canada<\/option><option value=\"USA\">USA<\/option><option value=\"Mexico\">Mexico<\/option><option value=\"Brasil\">Brasil<\/option><option value=\"China\">China<\/option><\/select><\/span><\/div>\n<div class=\"form-field\"><label>K\u0159estn\u00ed jm\u00e9no*<\/label><span class=\"wpcf7-form-control-wrap\" data-name=\"fname\"><input size=\"40\" maxlength=\"400\" class=\"wpcf7-form-control wpcf7-text wpcf7-validates-as-required\" aria-required=\"true\" aria-invalid=\"false\" value=\"\" type=\"text\" name=\"fname\" \/><\/span><\/div>\n<div class=\"form-field\"><label>Jm\u00e9no*<\/label><span class=\"wpcf7-form-control-wrap\" data-name=\"lname\"><input size=\"40\" maxlength=\"400\" class=\"wpcf7-form-control wpcf7-text wpcf7-validates-as-required\" aria-required=\"true\" aria-invalid=\"false\" value=\"\" type=\"text\" name=\"lname\" \/><\/span><\/div>\n<div class=\"form-field\"><label>Pozice<\/label><span class=\"wpcf7-form-control-wrap\" data-name=\"position\"><input size=\"40\" maxlength=\"400\" class=\"wpcf7-form-control wpcf7-text\" aria-invalid=\"false\" value=\"\" type=\"text\" name=\"position\" \/><\/span><\/div>\n<div class=\"form-field\"><label>Spole\u010dnost<\/label><span class=\"wpcf7-form-control-wrap\" data-name=\"company\"><input size=\"40\" maxlength=\"400\" class=\"wpcf7-form-control wpcf7-text\" aria-invalid=\"false\" value=\"\" type=\"text\" name=\"company\" \/><\/span><\/div>\n<div class=\"form-field\"><label>Telefon<\/label><span class=\"wpcf7-form-control-wrap\" data-name=\"phone\"><input size=\"40\" maxlength=\"400\" class=\"wpcf7-form-control wpcf7-text\" aria-invalid=\"false\" value=\"\" type=\"text\" name=\"phone\" \/><\/span><\/div>\n<div class=\"form-field\"><label>e-mail*<\/label><span class=\"wpcf7-form-control-wrap\" data-name=\"mail\"><input size=\"40\" maxlength=\"400\" class=\"wpcf7-form-control wpcf7-email wpcf7-validates-as-required wpcf7-text wpcf7-validates-as-email\" aria-required=\"true\" aria-invalid=\"false\" value=\"\" type=\"email\" name=\"mail\" \/><\/span><\/div>\n<\/div>\n<div class=\"form-field textarea\"><label>Va\u0161e zpr\u00e1va<\/label><span class=\"wpcf7-form-control-wrap\" data-name=\"message\"><textarea cols=\"40\" rows=\"10\" maxlength=\"2000\" class=\"wpcf7-form-control wpcf7-textarea\" aria-invalid=\"false\" name=\"message\"><\/textarea><\/span><\/div>\n\n<span class=\"required\">Pole ozna\u010den\u00e1 * jsou povinn\u00e1.<\/span>\n<div class=\"form-fields form-footer\">\n<div class=\"form-privacy\"><span class=\"wpcf7-form-control-wrap\" data-name=\"ds\"><span class=\"wpcf7-form-control wpcf7-acceptance\"><span class=\"wpcf7-list-item\"><input type=\"checkbox\" name=\"ds\" value=\"1\" aria-invalid=\"false\" \/><\/span><\/span><\/span><span class=\"privacy-policy-note\">Souhlas\u00edm se <a href=\"\/rechtliches\/datenschutz\/\" target=\"_blank\">z\u00e1sadami ochrany osobn\u00edch \u00fadaj\u016f<\/a>.<\/span><\/div>\n<span id=\"wpcf7-69e3425f2841a-wrapper\" class=\"wpcf7-form-control-wrap email-address-wrap\" style=\"display:none !important; visibility:hidden !important;\"><input type=\"hidden\" name=\"email-address-time-start\" value=\"1776501343\"><input type=\"hidden\" name=\"email-address-time-check\" value=\"2\"><label for=\"wpcf7-69e3425f2841a-field\" class=\"hp-message\">email-address<\/label><input id=\"wpcf7-69e3425f2841a-field\"  class=\"wpcf7-form-control wpcf7-text\" type=\"text\" name=\"email-address\" value=\"\" size=\"40\" tabindex=\"-1\" autocomplete=\"off\" \/><\/span>\n<div class=\"form-submit\"><button id=\"submit\" class=\"wpcf7-form-control wpcf7-submit\">Odes\u00edl\u00e1n\u00ed<\/button><\/div>\n<\/div><div class=\"wpcf7-response-output\" aria-hidden=\"true\"><\/div>\n<\/form>\n<\/div>\n\t\t\t\t\t<\/div> \r\n\t\t\r\n\t\t\t\t<\/div>\r\n\t\t\t\n<\/div>\n<\/section>","protected":false},"excerpt":{"rendered":"","protected":false},"author":1,"featured_media":0,"parent":6726,"menu_order":2,"comment_status":"closed","ping_status":"closed","template":"","meta":{"_acf_changed":false,"_crdt_document":"","footnotes":""},"class_list":["post-6783","page","type-page","status-publish"],"acf":[],"yoast_head":"<!-- This site is optimized with the Yoast SEO plugin v27.2 - https:\/\/yoast.com\/product\/yoast-seo-wordpress\/ -->\n<title>Elektricky vodiv\u00e9 a izola\u010dn\u00ed d\u011brovac\u00ed p\u00e1sky | ACP Group<\/title>\n<meta name=\"description\" content=\"Nekone\u010dn\u00e9 d\u011brovan\u00e9 a v\u00e1lcovan\u00e9 kovov\u00e9 p\u00e1sky \u2713 V\u00fdhody d\u011brovan\u00fdch p\u00e1sk\u016f ACP: flexibiln\u00ed \/ obzvl\u00e1\u0161t\u011b vodiv\u00e9 \/ izola\u010dn\u00ed \u2713 \u0160irok\u00e1 \u0161k\u00e1la \u0159e\u0161en\u00ed na m\u00edru \u2713\" \/>\n<meta name=\"robots\" content=\"index, follow, max-snippet:-1, max-image-preview:large, max-video-preview:-1\" \/>\n<link rel=\"canonical\" href=\"https:\/\/acp-global.net\/cs\/oblasti-pouziti\/elektrotechnicky-prumysl\/\" \/>\n<meta property=\"og:locale\" content=\"cs_CZ\" \/>\n<meta property=\"og:type\" content=\"article\" \/>\n<meta property=\"og:title\" content=\"Elektricky vodiv\u00e9 a izola\u010dn\u00ed d\u011brovac\u00ed p\u00e1sky | ACP Group\" \/>\n<meta property=\"og:description\" content=\"Nekone\u010dn\u00e9 d\u011brovan\u00e9 a v\u00e1lcovan\u00e9 kovov\u00e9 p\u00e1sky \u2713 V\u00fdhody d\u011brovan\u00fdch p\u00e1sk\u016f ACP: flexibiln\u00ed \/ obzvl\u00e1\u0161t\u011b vodiv\u00e9 \/ izola\u010dn\u00ed \u2713 \u0160irok\u00e1 \u0161k\u00e1la \u0159e\u0161en\u00ed na m\u00edru \u2713\" \/>\n<meta property=\"og:url\" content=\"https:\/\/acp-global.net\/cs\/oblasti-pouziti\/elektrotechnicky-prumysl\/\" \/>\n<meta property=\"og:site_name\" content=\"ACP Group\" \/>\n<meta property=\"article:modified_time\" content=\"2024-06-24T12:56:20+00:00\" \/>\n<meta property=\"og:image\" content=\"https:\/\/acp-global.net\/wp-content\/uploads\/acp_elektroindustrie_01.jpg\" \/>\n<meta name=\"twitter:card\" content=\"summary_large_image\" \/>\n<meta name=\"twitter:label1\" content=\"Odhadovan\u00e1 doba \u010dten\u00ed\" \/>\n\t<meta name=\"twitter:data1\" content=\"2 minuty\" \/>\n<script type=\"application\/ld+json\" class=\"yoast-schema-graph\">{\"@context\":\"https:\/\/schema.org\",\"@graph\":[{\"@type\":\"WebPage\",\"@id\":\"https:\/\/acp-global.net\/cs\/oblasti-pouziti\/elektrotechnicky-prumysl\/\",\"url\":\"https:\/\/acp-global.net\/cs\/oblasti-pouziti\/elektrotechnicky-prumysl\/\",\"name\":\"Elektricky vodiv\u00e9 a izola\u010dn\u00ed d\u011brovac\u00ed p\u00e1sky | ACP Group\",\"isPartOf\":{\"@id\":\"https:\/\/acp-global.net\/cs\/#website\"},\"primaryImageOfPage\":{\"@id\":\"https:\/\/acp-global.net\/cs\/oblasti-pouziti\/elektrotechnicky-prumysl\/#primaryimage\"},\"image\":{\"@id\":\"https:\/\/acp-global.net\/cs\/oblasti-pouziti\/elektrotechnicky-prumysl\/#primaryimage\"},\"thumbnailUrl\":\"https:\/\/acp-global.net\/wp-content\/uploads\/acp_elektroindustrie_01.jpg\",\"datePublished\":\"2024-02-01T09:07:16+00:00\",\"dateModified\":\"2024-06-24T12:56:20+00:00\",\"description\":\"Nekone\u010dn\u00e9 d\u011brovan\u00e9 a v\u00e1lcovan\u00e9 kovov\u00e9 p\u00e1sky \u2713 V\u00fdhody d\u011brovan\u00fdch p\u00e1sk\u016f ACP: flexibiln\u00ed \/ obzvl\u00e1\u0161t\u011b vodiv\u00e9 \/ izola\u010dn\u00ed \u2713 \u0160irok\u00e1 \u0161k\u00e1la \u0159e\u0161en\u00ed na m\u00edru \u2713\",\"breadcrumb\":{\"@id\":\"https:\/\/acp-global.net\/cs\/oblasti-pouziti\/elektrotechnicky-prumysl\/#breadcrumb\"},\"inLanguage\":\"cs\",\"potentialAction\":[{\"@type\":\"ReadAction\",\"target\":[\"https:\/\/acp-global.net\/cs\/oblasti-pouziti\/elektrotechnicky-prumysl\/\"]}]},{\"@type\":\"ImageObject\",\"inLanguage\":\"cs\",\"@id\":\"https:\/\/acp-global.net\/cs\/oblasti-pouziti\/elektrotechnicky-prumysl\/#primaryimage\",\"url\":\"https:\/\/acp-global.net\/wp-content\/uploads\/acp_elektroindustrie_01.jpg\",\"contentUrl\":\"https:\/\/acp-global.net\/wp-content\/uploads\/acp_elektroindustrie_01.jpg\"},{\"@type\":\"BreadcrumbList\",\"@id\":\"https:\/\/acp-global.net\/cs\/oblasti-pouziti\/elektrotechnicky-prumysl\/#breadcrumb\",\"itemListElement\":[{\"@type\":\"ListItem\",\"position\":1,\"name\":\"Startseite\",\"item\":\"https:\/\/acp-global.net\/cs\/\"},{\"@type\":\"ListItem\",\"position\":2,\"name\":\"Oblasti pou\u017eit\u00ed\",\"item\":\"https:\/\/acp-global.net\/cs\/oblasti-pouziti\/\"},{\"@type\":\"ListItem\",\"position\":3,\"name\":\"Elektrotechnick\u00fd pr\u016fmysl\"}]},{\"@type\":\"WebSite\",\"@id\":\"https:\/\/acp-global.net\/cs\/#website\",\"url\":\"https:\/\/acp-global.net\/cs\/\",\"name\":\"ACP Group\",\"description\":\"\",\"publisher\":{\"@id\":\"https:\/\/acp-global.net\/cs\/#organization\"},\"potentialAction\":[{\"@type\":\"SearchAction\",\"target\":{\"@type\":\"EntryPoint\",\"urlTemplate\":\"https:\/\/acp-global.net\/cs\/?s={search_term_string}\"},\"query-input\":{\"@type\":\"PropertyValueSpecification\",\"valueRequired\":true,\"valueName\":\"search_term_string\"}}],\"inLanguage\":\"cs\"},{\"@type\":\"Organization\",\"@id\":\"https:\/\/acp-global.net\/cs\/#organization\",\"name\":\"ACP Group\",\"url\":\"https:\/\/acp-global.net\/cs\/\",\"logo\":{\"@type\":\"ImageObject\",\"inLanguage\":\"cs\",\"@id\":\"https:\/\/acp-global.net\/cs\/#\/schema\/logo\/image\/\",\"url\":\"https:\/\/acp-global.net\/wp-content\/uploads\/acp_group.png\",\"contentUrl\":\"https:\/\/acp-global.net\/wp-content\/uploads\/acp_group.png\",\"width\":1232,\"height\":285,\"caption\":\"ACP Group\"},\"image\":{\"@id\":\"https:\/\/acp-global.net\/cs\/#\/schema\/logo\/image\/\"}}]}<\/script>\n<!-- \/ Yoast SEO plugin. -->","yoast_head_json":{"title":"Elektricky vodiv\u00e9 a izola\u010dn\u00ed d\u011brovac\u00ed p\u00e1sky | ACP Group","description":"Nekone\u010dn\u00e9 d\u011brovan\u00e9 a v\u00e1lcovan\u00e9 kovov\u00e9 p\u00e1sky \u2713 V\u00fdhody d\u011brovan\u00fdch p\u00e1sk\u016f ACP: flexibiln\u00ed \/ obzvl\u00e1\u0161t\u011b vodiv\u00e9 \/ izola\u010dn\u00ed \u2713 \u0160irok\u00e1 \u0161k\u00e1la \u0159e\u0161en\u00ed na m\u00edru \u2713","robots":{"index":"index","follow":"follow","max-snippet":"max-snippet:-1","max-image-preview":"max-image-preview:large","max-video-preview":"max-video-preview:-1"},"canonical":"https:\/\/acp-global.net\/cs\/oblasti-pouziti\/elektrotechnicky-prumysl\/","og_locale":"cs_CZ","og_type":"article","og_title":"Elektricky vodiv\u00e9 a izola\u010dn\u00ed d\u011brovac\u00ed p\u00e1sky | ACP Group","og_description":"Nekone\u010dn\u00e9 d\u011brovan\u00e9 a v\u00e1lcovan\u00e9 kovov\u00e9 p\u00e1sky \u2713 V\u00fdhody d\u011brovan\u00fdch p\u00e1sk\u016f ACP: flexibiln\u00ed \/ obzvl\u00e1\u0161t\u011b vodiv\u00e9 \/ izola\u010dn\u00ed \u2713 \u0160irok\u00e1 \u0161k\u00e1la \u0159e\u0161en\u00ed na m\u00edru \u2713","og_url":"https:\/\/acp-global.net\/cs\/oblasti-pouziti\/elektrotechnicky-prumysl\/","og_site_name":"ACP Group","article_modified_time":"2024-06-24T12:56:20+00:00","og_image":[{"url":"https:\/\/acp-global.net\/wp-content\/uploads\/acp_elektroindustrie_01.jpg","type":"","width":"","height":""}],"twitter_card":"summary_large_image","twitter_misc":{"Odhadovan\u00e1 doba \u010dten\u00ed":"2 minuty"},"schema":{"@context":"https:\/\/schema.org","@graph":[{"@type":"WebPage","@id":"https:\/\/acp-global.net\/cs\/oblasti-pouziti\/elektrotechnicky-prumysl\/","url":"https:\/\/acp-global.net\/cs\/oblasti-pouziti\/elektrotechnicky-prumysl\/","name":"Elektricky vodiv\u00e9 a izola\u010dn\u00ed d\u011brovac\u00ed p\u00e1sky | ACP Group","isPartOf":{"@id":"https:\/\/acp-global.net\/cs\/#website"},"primaryImageOfPage":{"@id":"https:\/\/acp-global.net\/cs\/oblasti-pouziti\/elektrotechnicky-prumysl\/#primaryimage"},"image":{"@id":"https:\/\/acp-global.net\/cs\/oblasti-pouziti\/elektrotechnicky-prumysl\/#primaryimage"},"thumbnailUrl":"https:\/\/acp-global.net\/wp-content\/uploads\/acp_elektroindustrie_01.jpg","datePublished":"2024-02-01T09:07:16+00:00","dateModified":"2024-06-24T12:56:20+00:00","description":"Nekone\u010dn\u00e9 d\u011brovan\u00e9 a v\u00e1lcovan\u00e9 kovov\u00e9 p\u00e1sky \u2713 V\u00fdhody d\u011brovan\u00fdch p\u00e1sk\u016f ACP: flexibiln\u00ed \/ obzvl\u00e1\u0161t\u011b vodiv\u00e9 \/ izola\u010dn\u00ed \u2713 \u0160irok\u00e1 \u0161k\u00e1la \u0159e\u0161en\u00ed na m\u00edru \u2713","breadcrumb":{"@id":"https:\/\/acp-global.net\/cs\/oblasti-pouziti\/elektrotechnicky-prumysl\/#breadcrumb"},"inLanguage":"cs","potentialAction":[{"@type":"ReadAction","target":["https:\/\/acp-global.net\/cs\/oblasti-pouziti\/elektrotechnicky-prumysl\/"]}]},{"@type":"ImageObject","inLanguage":"cs","@id":"https:\/\/acp-global.net\/cs\/oblasti-pouziti\/elektrotechnicky-prumysl\/#primaryimage","url":"https:\/\/acp-global.net\/wp-content\/uploads\/acp_elektroindustrie_01.jpg","contentUrl":"https:\/\/acp-global.net\/wp-content\/uploads\/acp_elektroindustrie_01.jpg"},{"@type":"BreadcrumbList","@id":"https:\/\/acp-global.net\/cs\/oblasti-pouziti\/elektrotechnicky-prumysl\/#breadcrumb","itemListElement":[{"@type":"ListItem","position":1,"name":"Startseite","item":"https:\/\/acp-global.net\/cs\/"},{"@type":"ListItem","position":2,"name":"Oblasti pou\u017eit\u00ed","item":"https:\/\/acp-global.net\/cs\/oblasti-pouziti\/"},{"@type":"ListItem","position":3,"name":"Elektrotechnick\u00fd pr\u016fmysl"}]},{"@type":"WebSite","@id":"https:\/\/acp-global.net\/cs\/#website","url":"https:\/\/acp-global.net\/cs\/","name":"ACP Group","description":"","publisher":{"@id":"https:\/\/acp-global.net\/cs\/#organization"},"potentialAction":[{"@type":"SearchAction","target":{"@type":"EntryPoint","urlTemplate":"https:\/\/acp-global.net\/cs\/?s={search_term_string}"},"query-input":{"@type":"PropertyValueSpecification","valueRequired":true,"valueName":"search_term_string"}}],"inLanguage":"cs"},{"@type":"Organization","@id":"https:\/\/acp-global.net\/cs\/#organization","name":"ACP Group","url":"https:\/\/acp-global.net\/cs\/","logo":{"@type":"ImageObject","inLanguage":"cs","@id":"https:\/\/acp-global.net\/cs\/#\/schema\/logo\/image\/","url":"https:\/\/acp-global.net\/wp-content\/uploads\/acp_group.png","contentUrl":"https:\/\/acp-global.net\/wp-content\/uploads\/acp_group.png","width":1232,"height":285,"caption":"ACP Group"},"image":{"@id":"https:\/\/acp-global.net\/cs\/#\/schema\/logo\/image\/"}}]}},"_links":{"self":[{"href":"https:\/\/acp-global.net\/cs\/wp-json\/wp\/v2\/pages\/6783","targetHints":{"allow":["GET"]}}],"collection":[{"href":"https:\/\/acp-global.net\/cs\/wp-json\/wp\/v2\/pages"}],"about":[{"href":"https:\/\/acp-global.net\/cs\/wp-json\/wp\/v2\/types\/page"}],"author":[{"embeddable":true,"href":"https:\/\/acp-global.net\/cs\/wp-json\/wp\/v2\/users\/1"}],"replies":[{"embeddable":true,"href":"https:\/\/acp-global.net\/cs\/wp-json\/wp\/v2\/comments?post=6783"}],"version-history":[{"count":3,"href":"https:\/\/acp-global.net\/cs\/wp-json\/wp\/v2\/pages\/6783\/revisions"}],"predecessor-version":[{"id":7799,"href":"https:\/\/acp-global.net\/cs\/wp-json\/wp\/v2\/pages\/6783\/revisions\/7799"}],"up":[{"embeddable":true,"href":"https:\/\/acp-global.net\/cs\/wp-json\/wp\/v2\/pages\/6726"}],"wp:attachment":[{"href":"https:\/\/acp-global.net\/cs\/wp-json\/wp\/v2\/media?parent=6783"}],"curies":[{"name":"wp","href":"https:\/\/api.w.org\/{rel}","templated":true}]}}