{"id":6798,"date":"2023-07-26T10:03:42","date_gmt":"2023-07-26T08:03:42","guid":{"rendered":"https:\/\/acp.pixel-tal.de\/spolecnost\/kodex-chovani\/"},"modified":"2024-06-24T16:12:06","modified_gmt":"2024-06-24T14:12:06","slug":"kodex-chovani","status":"publish","type":"page","link":"https:\/\/acp-global.net\/cs\/spolecnost\/kodex-chovani\/","title":{"rendered":"Kodex chov\u00e1n\u00ed"},"content":{"rendered":"        \n            <!-- hero -->\n        \n                    \n            <div id=\"hero-cdb7922192fb9a95d93a0066c3b9f54d\" class=\"hero\">\n\t\t\t\t<div class=\"hero-slider\">\t\t\t\t\n        \n            <!-- hero -->\n        \n                    \n            <div  class=\"hero-slide hero-slide-1b3a7256d9e74b171bb7575ddb1c4d48 \">\n\n\t\t\t\t<div class=\"hero-canvas\">\n\t\t\t\t\t<div class=\"hero-content\">\n\t\t\t\t\t\t<span class=\"hero-subheadline subheadline\">Respekt, odvaha, odhodl\u00e1n\u00ed<\/span>\t\t\t\t\t\t<h1 class=\"hero-headline headline\">Na\u0161e vize<\/h1>\t\t\t\t\t\t\t\t\t\t\t<\/div>\n\t\t\t\t<\/div>\n\n                \t\t\t\t\t<div class=\"hero-background\">\n                        <div class=\"hero-overlay\"><\/div>\n\t\t\t\t\t\t<img decoding=\"async\" src=\"https:\/\/acp-global.net\/wp-content\/uploads\/hero-vision.jpg\" \/>\n\t\t\t\t\t<\/div>\n\t\t\t\t\n                \n\t\t\t<\/div>\n        \n                    \n            <!-- end:hero -->\n        \n            \n\n\t\t\t\t<\/div>\t\t\t<\/div>\n        \n                    \n            <!-- end:hero -->\n        \n            <section class=\"gb-container gb-container-91ab36d0 gb-container-section-white\" id=\"intro\">\n<div class=\"gb-container gb-container-2c1e5245\">\n<div class=\"gb-grid-wrapper gb-grid-wrapper-bec5e074\">\n<div class=\"gb-grid-column gb-grid-column-5695831f\"><div class=\"gb-container gb-container-5695831f\" data-aos=\"fade-right\">\n\n<div class=\"wp-block-pixel-headline headlines is-subheadline-top has-text-align-left\"><h2 class=\"headline\" style=\"color:\">Vyr\u00e1b\u00edme produkty, na kter\u00e9 jsme hrd\u00ed<\/h2><span class=\"subheadline\" style=\"color:\">Skupina ACP GROUP sd\u00edl\u00ed hodnoty skupiny HUEHOCO GROUP<\/span><\/div>\n\n<\/div><\/div>\n\n<div class=\"gb-grid-column gb-grid-column-feff83bb\"><div class=\"gb-container gb-container-feff83bb\" data-aos=\"fade-right\">\n\n<p class=\"wp-block-paragraph\">Tato vize vyjad\u0159uje podstatu a jedine\u010dnost na\u0161\u00ed skupiny a vyjad\u0159uje to, co n\u00e1s \u010din\u00ed v\u00fdjime\u010dn\u00fdmi a co budeme d\u011blat i v budoucnu.<\/p>\n\n\n\n<p class=\"wp-block-paragraph\"><strong>Ale&#8230; kdo jsme my? Co jsme? Jac\u00ed jsme?<\/strong><\/p>\n\n\n\n<p class=\"wp-block-paragraph\">Firemn\u00ed filozofie, hodnoty a posl\u00e1n\u00ed &#8211; co o n\u00e1s \u0159\u00edkaj\u00ed? Je n\u00e1m n\u011bco vnucov\u00e1no, nebo \u017eijeme to, co &#8220;bereme za svou v\u011bc&#8221;? Mo\u017en\u00e1 nemus\u00edte v\u017edy a za v\u0161ech okolnost\u00ed spl\u0148ovat v\u0161echny po\u017eadavky. Mus\u00ed v\u0161ak existovat jednotn\u00fd c\u00edl!<\/p>\n\n\n\n<p class=\"wp-block-paragraph\">Spole\u010dn\u00fd kodex chov\u00e1n\u00ed, ke kter\u00e9mu se m\u016f\u017eeme p\u0159ipojit.<\/p>\n\n\n\n<p class=\"wp-block-paragraph\">Jasn\u00e1 vize hodnot a rozhodovac\u00edch proces\u016f, kter\u00e9 budou i v nadch\u00e1zej\u00edc\u00edch letech utv\u00e1\u0159et na\u0161i skupinu HUEHOCO GROUP a prov\u00e1zet n\u00e1s na na\u0161\u00ed cest\u011b do budoucnosti.<\/p>\n\n\n\n<p class=\"has-color-light-color has-text-color wp-block-paragraph\"><strong>R\u00e1di v\u00e1s na tuto cestu vezmeme s sebou.<\/strong><\/p>\n\n<\/div><\/div>\n\n<div class=\"gb-grid-column gb-grid-column-d13f797f\"><div class=\"gb-container gb-container-d13f797f\" data-aos=\"fade-left\">\n\n<figure class=\"wp-block-embed is-type-video is-provider-youtube wp-block-embed-youtube wp-embed-aspect-16-9 wp-has-aspect-ratio\"><div class=\"wp-block-embed__wrapper\">\n <div class=\"brlbs-cmpnt-container brlbs-cmpnt-content-blocker brlbs-cmpnt-with-individual-styles\" data-borlabs-cookie-content-blocker-id=\"youtube-content-blocker\" data-borlabs-cookie-content=\"PGlmcmFtZSB0aXRsZT0iSFVFSE9DTyBXZXJ0ZSIgd2lkdGg9IjE3NzgiIGhlaWdodD0iMTAwMCIgc3JjPSJodHRwczovL3d3dy55b3V0dWJlLW5vY29va2llLmNvbS9lbWJlZC82QTFQZld4Z2RwWT9mZWF0dXJlPW9lbWJlZCIgZnJhbWVib3JkZXI9IjAiIGFsbG93PSJhY2NlbGVyb21ldGVyOyBhdXRvcGxheTsgY2xpcGJvYXJkLXdyaXRlOyBlbmNyeXB0ZWQtbWVkaWE7IGd5cm9zY29wZTsgcGljdHVyZS1pbi1waWN0dXJlOyB3ZWItc2hhcmUiIGFsbG93ZnVsbHNjcmVlbj48L2lmcmFtZT4=\"><div class=\"brlbs-cmpnt-cb-preset-c brlbs-cmpnt-cb-youtube\"> <div class=\"brlbs-cmpnt-cb-thumbnail\" style=\"background-image: url('https:\/\/acp-global.net\/wp-content\/uploads\/borlabs-cookie\/1\/yt_6A1PfWxgdpY_hqdefault.jpg')\"><\/div> <div class=\"brlbs-cmpnt-cb-main\"> <div class=\"brlbs-cmpnt-cb-play-button\"><\/div> <div class=\"brlbs-cmpnt-cb-content\"> <p class=\"brlbs-cmpnt-cb-description\">You are currently viewing a placeholder content from <strong>YouTube<\/strong>. To access the actual content, click the button below. Please note that doing so will share data with third-party providers.<\/p> <a class=\"brlbs-cmpnt-cb-provider-toggle\" href=\"#\" data-borlabs-cookie-show-provider-information role=\"button\" target=\"_blank\">More Information<\/a> <\/div> <div class=\"brlbs-cmpnt-cb-buttons\"> <a class=\"brlbs-cmpnt-cb-btn\" href=\"#\" data-borlabs-cookie-unblock role=\"button\" target=\"_blank\">Unblock content<\/a> <a class=\"brlbs-cmpnt-cb-btn\" href=\"#\" data-borlabs-cookie-accept-service role=\"button\" style=\"display: none\" target=\"_blank\">Accept required service and unblock content<\/a> <\/div> <\/div> <\/div><\/div>\n<\/div><\/figure>\n\n<\/div><\/div>\n<\/div>\n<\/div>\n<\/section><section class=\"gb-container gb-container-cd0a9321 gb-container-section-gradient\" id=\"werte\">\n<div class=\"gb-container gb-container-4469bb1b\">\n<div class=\"gb-grid-wrapper gb-grid-wrapper-722095b5\">\n<div class=\"gb-grid-column gb-grid-column-6c8b95ad\"><div class=\"gb-container gb-container-6c8b95ad\">\n\n<div class=\"wp-block-pixel-headline headlines is-subheadline-bottom has-text-align-left is-gap-sm\"><h2 class=\"headline is-h1\" style=\"color:\">Na\u0161e hodnoty<\/h2><\/div>\n\n\n\n<p class=\"wp-block-paragraph\">Sami sebe a na\u0161e vz\u00e1jemn\u00e9 vztahy definujeme prost\u0159ednictv\u00edm na\u0161ich hodnot &#8211; a\u0165 u\u017e v r\u00e1mci spole\u010dnosti, nebo ve vztahu k na\u0161emu okol\u00ed.<\/p>\n\n<\/div><\/div>\n<\/div>\n<\/div>\n\n<div class=\"gb-container gb-container-70ce0e7a werte-container\">\n<div class=\"gb-grid-wrapper gb-grid-wrapper-559beca1\">\n<div class=\"gb-grid-column gb-grid-column-ed3ef3f9\"><div class=\"gb-container gb-container-ed3ef3f9\">\n\n<figure class=\"gb-block-image gb-block-image-f40d4fe0\"><img loading=\"lazy\" decoding=\"async\" width=\"700\" height=\"700\" class=\"gb-image gb-image-f40d4fe0\" src=\"https:\/\/www.huehoco.com\/wp-content\/uploads\/werte_01.jpg\" alt=\"\" title=\"values_01\" srcset=\"https:\/\/acp-global.net\/wp-content\/uploads\/werte_01.jpg 700w, https:\/\/acp-global.net\/wp-content\/uploads\/werte_01-300x300.jpg 300w, https:\/\/acp-global.net\/wp-content\/uploads\/werte_01-150x150.jpg 150w, https:\/\/acp-global.net\/wp-content\/uploads\/werte_01-75x75.jpg 75w, https:\/\/acp-global.net\/wp-content\/uploads\/werte_01-120x120.jpg 120w\" sizes=\"auto, (max-width: 700px) 100vw, 700px\" \/><\/figure>\n\n<\/div><\/div>\n\n<div class=\"gb-grid-column gb-grid-column-010bf4d1 gb-grid-column-box-fade\"><div class=\"gb-container gb-container-010bf4d1 gb-container-box-fade\">\n\n<div class=\"wp-block-pixel-headline headlines is-subheadline-bottom has-text-align-center is-gap-off\"><h3 class=\"headline\" style=\"color:var(--color-light)\">Respektujte<\/h3><\/div>\n\n\n\n<p class=\"has-text-align-center wp-block-paragraph\">\u00dacta ke v\u0161em tvor\u016fm a zdroj\u016fm na\u0161\u00ed planety.<\/p>\n\n<\/div><\/div>\n\n<div class=\"gb-grid-column gb-grid-column-1cf789a3\"><div class=\"gb-container gb-container-1cf789a3\">\n\n<figure class=\"gb-block-image gb-block-image-befa5142\"><img loading=\"lazy\" decoding=\"async\" width=\"700\" height=\"700\" class=\"gb-image gb-image-befa5142\" src=\"https:\/\/www.huehoco.com\/wp-content\/uploads\/werte_02.jpg\" alt=\"\" title=\"values_02\" srcset=\"https:\/\/acp-global.net\/wp-content\/uploads\/werte_02.jpg 700w, https:\/\/acp-global.net\/wp-content\/uploads\/werte_02-300x300.jpg 300w, https:\/\/acp-global.net\/wp-content\/uploads\/werte_02-150x150.jpg 150w, https:\/\/acp-global.net\/wp-content\/uploads\/werte_02-75x75.jpg 75w, https:\/\/acp-global.net\/wp-content\/uploads\/werte_02-120x120.jpg 120w\" sizes=\"auto, (max-width: 700px) 100vw, 700px\" \/><\/figure>\n\n<\/div><\/div>\n\n<div class=\"gb-grid-column gb-grid-column-57af6006 gb-grid-column-box-fade\"><div class=\"gb-container gb-container-57af6006 gb-container-box-fade\">\n\n<div class=\"wp-block-pixel-headline headlines is-subheadline-bottom has-text-align-center is-gap-off\"><h3 class=\"headline\" style=\"color:var(--color-light)\">Odvaha<\/h3><\/div>\n\n\n\n<p class=\"has-text-align-center wp-block-paragraph\">Aktivn\u011b opou\u0161t\u011bt vy\u0161lapan\u00e9 cesty, p\u0159em\u00fd\u0161let jinak a p\u0159evz\u00edt odpov\u011bdnost za sv\u00e9 \u010diny.<\/p>\n\n<\/div><\/div>\n\n<div class=\"gb-grid-column gb-grid-column-22fdcb60\"><div class=\"gb-container gb-container-22fdcb60\">\n\n<figure class=\"gb-block-image gb-block-image-1b4c3e55\"><img loading=\"lazy\" decoding=\"async\" width=\"700\" height=\"700\" class=\"gb-image gb-image-1b4c3e55\" src=\"https:\/\/www.huehoco.com\/wp-content\/uploads\/werte_03.jpg\" alt=\"\" title=\"values_03\" srcset=\"https:\/\/acp-global.net\/wp-content\/uploads\/werte_03.jpg 700w, https:\/\/acp-global.net\/wp-content\/uploads\/werte_03-300x300.jpg 300w, https:\/\/acp-global.net\/wp-content\/uploads\/werte_03-150x150.jpg 150w, https:\/\/acp-global.net\/wp-content\/uploads\/werte_03-75x75.jpg 75w, https:\/\/acp-global.net\/wp-content\/uploads\/werte_03-120x120.jpg 120w\" sizes=\"auto, (max-width: 700px) 100vw, 700px\" \/><\/figure>\n\n<\/div><\/div>\n\n<div class=\"gb-grid-column gb-grid-column-30ec78b6 gb-grid-column-box-fade\"><div class=\"gb-container gb-container-30ec78b6 gb-container-box-fade\">\n\n<div class=\"wp-block-pixel-headline headlines is-subheadline-bottom has-text-align-center is-gap-off\"><h3 class=\"headline\" style=\"color:var(--color-light)\">Z\u00e1vazky<\/h3><\/div>\n\n\n\n<p class=\"has-text-align-center wp-block-paragraph\">My\u0161len\u00ed zam\u011b\u0159en\u00e9 na \u0159e\u0161en\u00ed, spojen\u00e9 s odhodl\u00e1n\u00edm k pozitivn\u00edmu p\u0159\u00edstupu a nejvy\u0161\u0161\u00ed mo\u017en\u00e9 spolehlivosti.<\/p>\n\n<\/div><\/div>\n\n<div class=\"gb-grid-column gb-grid-column-00318beb\"><div class=\"gb-container gb-container-00318beb\">\n\n<figure class=\"gb-block-image gb-block-image-0d6c756b\"><img loading=\"lazy\" decoding=\"async\" width=\"700\" height=\"700\" class=\"gb-image gb-image-0d6c756b\" src=\"https:\/\/www.huehoco.com\/wp-content\/uploads\/werte_04.jpg\" alt=\"\" title=\"values_04\" srcset=\"https:\/\/acp-global.net\/wp-content\/uploads\/werte_04.jpg 700w, https:\/\/acp-global.net\/wp-content\/uploads\/werte_04-300x300.jpg 300w, https:\/\/acp-global.net\/wp-content\/uploads\/werte_04-150x150.jpg 150w, https:\/\/acp-global.net\/wp-content\/uploads\/werte_04-75x75.jpg 75w, https:\/\/acp-global.net\/wp-content\/uploads\/werte_04-120x120.jpg 120w\" sizes=\"auto, (max-width: 700px) 100vw, 700px\" \/><\/figure>\n\n<\/div><\/div>\n<\/div>\n<\/div>\n<\/section><section class=\"gb-container gb-container-a92f8cce gb-container-section-metal\">\n<div class=\"gb-container gb-container-1acc8506\">\n<div class=\"gb-grid-wrapper gb-grid-wrapper-1b0ff202\">\n<div class=\"gb-grid-column gb-grid-column-9b218cd3\"><div class=\"gb-container gb-container-9b218cd3\" data-aos=\"fade-in\">\n\n<div class=\"wp-block-pixel-headline headlines is-subheadline-bottom has-text-align-left\"><h2 class=\"headline is-h1\" style=\"color:\">Na\u0161e posl\u00e1n\u00ed<\/h2><\/div>\n\n\n\n<p class=\"wp-block-paragraph\"><strong>Jako spole\u010dnost jsme si stanovili c\u00edle, kter\u00e9<\/strong> se odr\u00e1\u017eej\u00ed v na\u0161ich hlavn\u00edch z\u00e1sad\u00e1ch. Odpov\u00eddaj\u00ed na ot\u00e1zku na\u0161\u00ed identity na trhu. Na\u0161e strategick\u00e9 c\u00edle s nimi budou v souladu.<\/p>\n\n\n\n<p class=\"wp-block-paragraph\">Jako rodinn\u00e1, ekonomicky nez\u00e1visl\u00e1 pr\u016fmyslov\u00e1 spole\u010dnost jsme pro na\u0161e z\u00e1kazn\u00edky p\u0159edn\u00edm partnerem. Svou odpov\u011bdnost za jejich \u00fasp\u011bch potvrzujeme bezpodm\u00edne\u010dnou v\u016fl\u00ed \u0159e\u0161it i slo\u017eit\u00e9 probl\u00e9my. Spojujeme podnikatelskou odvahu s profesion\u00e1ln\u00ed rychlost\u00ed a odbornost\u00ed. Takto vytv\u00e1\u0159\u00edme p\u0159idanou hodnotu a d\u016fv\u011bru na na\u0161ich trz\u00edch.<\/p>\n\n\n\n<p class=\"wp-block-paragraph\">Aby ka\u017ed\u00fd z na\u0161ich zam\u011bstnanc\u016f mohl \u0159\u00edci:<\/p>\n\n\n\n<p class=\"wp-block-paragraph\"><mark style=\"background-color:rgba(0, 0, 0, 0)\" class=\"has-inline-color has-color-light-color\"><strong>D\u011aL\u00c1ME LIDI HRD\u00ddMI<\/strong><\/mark><\/p>\n\n<\/div><\/div>\n\n<div class=\"gb-grid-column gb-grid-column-a90d3cfa gb-grid-column-blue-overlay-right\"><div class=\"gb-container gb-container-a90d3cfa gb-container-blue-overlay-right\" data-aos=\"fade-in\">\n\n<figure class=\"gb-block-image gb-block-image-a45d6d80\"><img loading=\"lazy\" decoding=\"async\" width=\"780\" height=\"589\" class=\"gb-image gb-image-a45d6d80\" src=\"https:\/\/www.huehoco.com\/wp-content\/uploads\/unsere_mission.jpg\" alt=\"\" title=\"our_mission\" srcset=\"https:\/\/acp-global.net\/wp-content\/uploads\/unsere_mission.jpg 780w, https:\/\/acp-global.net\/wp-content\/uploads\/unsere_mission-300x227.jpg 300w, https:\/\/acp-global.net\/wp-content\/uploads\/unsere_mission-768x580.jpg 768w, https:\/\/acp-global.net\/wp-content\/uploads\/unsere_mission-99x75.jpg 99w, https:\/\/acp-global.net\/wp-content\/uploads\/unsere_mission-159x120.jpg 159w\" sizes=\"auto, (max-width: 780px) 100vw, 780px\" \/><\/figure>\n\n<\/div><\/div>\n<\/div>\n<\/div>\n<\/section>","protected":false},"excerpt":{"rendered":"","protected":false},"author":1,"featured_media":0,"parent":6733,"menu_order":2,"comment_status":"closed","ping_status":"closed","template":"","meta":{"_acf_changed":false,"_crdt_document":"","footnotes":""},"class_list":["post-6798","page","type-page","status-publish"],"acf":[],"yoast_head":"<!-- This site is optimized with the Yoast SEO plugin v27.2 - https:\/\/yoast.com\/product\/yoast-seo-wordpress\/ -->\n<title>Skupina ACP | N\u00e1\u0161 kodex chov\u00e1n\u00ed<\/title>\n<meta name=\"description\" content=\"Na\u0161e vize: Respekt \u2713 Odvaha \u2713 Z\u00e1vazek \u2713 ACP sd\u00edl\u00ed hodnoty skupiny HUEHOCO \u2713 P\u0159e\u010dt\u011bte si v\u00edce o na\u0161\u00ed firemn\u00ed filozofii, hodnot\u00e1ch a posl\u00e1n\u00ed!\" \/>\n<meta name=\"robots\" content=\"index, follow, max-snippet:-1, max-image-preview:large, max-video-preview:-1\" \/>\n<link rel=\"canonical\" href=\"https:\/\/acp-global.net\/cs\/spolecnost\/kodex-chovani\/\" \/>\n<meta property=\"og:locale\" content=\"cs_CZ\" \/>\n<meta property=\"og:type\" content=\"article\" \/>\n<meta property=\"og:title\" content=\"Skupina ACP | N\u00e1\u0161 kodex chov\u00e1n\u00ed\" \/>\n<meta property=\"og:description\" content=\"Na\u0161e vize: Respekt \u2713 Odvaha \u2713 Z\u00e1vazek \u2713 ACP sd\u00edl\u00ed hodnoty skupiny HUEHOCO \u2713 P\u0159e\u010dt\u011bte si v\u00edce o na\u0161\u00ed firemn\u00ed filozofii, hodnot\u00e1ch a posl\u00e1n\u00ed!\" \/>\n<meta property=\"og:url\" content=\"https:\/\/acp-global.net\/cs\/spolecnost\/kodex-chovani\/\" \/>\n<meta property=\"og:site_name\" content=\"ACP Group\" \/>\n<meta property=\"article:modified_time\" content=\"2024-06-24T14:12:06+00:00\" \/>\n<meta property=\"og:image\" content=\"https:\/\/www.huehoco.com\/wp-content\/uploads\/werte_01.jpg\" \/>\n<meta name=\"twitter:card\" content=\"summary_large_image\" \/>\n<meta name=\"twitter:label1\" content=\"Odhadovan\u00e1 doba \u010dten\u00ed\" \/>\n\t<meta name=\"twitter:data1\" content=\"3 minuty\" \/>\n<script type=\"application\/ld+json\" class=\"yoast-schema-graph\">{\"@context\":\"https:\/\/schema.org\",\"@graph\":[{\"@type\":\"WebPage\",\"@id\":\"https:\/\/acp-global.net\/cs\/spolecnost\/kodex-chovani\/\",\"url\":\"https:\/\/acp-global.net\/cs\/spolecnost\/kodex-chovani\/\",\"name\":\"Skupina ACP | N\u00e1\u0161 kodex chov\u00e1n\u00ed\",\"isPartOf\":{\"@id\":\"https:\/\/acp-global.net\/cs\/#website\"},\"primaryImageOfPage\":{\"@id\":\"https:\/\/acp-global.net\/cs\/spolecnost\/kodex-chovani\/#primaryimage\"},\"image\":{\"@id\":\"https:\/\/acp-global.net\/cs\/spolecnost\/kodex-chovani\/#primaryimage\"},\"thumbnailUrl\":\"https:\/\/www.huehoco.com\/wp-content\/uploads\/werte_01.jpg\",\"datePublished\":\"2023-07-26T08:03:42+00:00\",\"dateModified\":\"2024-06-24T14:12:06+00:00\",\"description\":\"Na\u0161e vize: Respekt \u2713 Odvaha \u2713 Z\u00e1vazek \u2713 ACP sd\u00edl\u00ed hodnoty skupiny HUEHOCO \u2713 P\u0159e\u010dt\u011bte si v\u00edce o na\u0161\u00ed firemn\u00ed filozofii, hodnot\u00e1ch a posl\u00e1n\u00ed!\",\"breadcrumb\":{\"@id\":\"https:\/\/acp-global.net\/cs\/spolecnost\/kodex-chovani\/#breadcrumb\"},\"inLanguage\":\"cs\",\"potentialAction\":[{\"@type\":\"ReadAction\",\"target\":[\"https:\/\/acp-global.net\/cs\/spolecnost\/kodex-chovani\/\"]}]},{\"@type\":\"ImageObject\",\"inLanguage\":\"cs\",\"@id\":\"https:\/\/acp-global.net\/cs\/spolecnost\/kodex-chovani\/#primaryimage\",\"url\":\"https:\/\/www.huehoco.com\/wp-content\/uploads\/werte_01.jpg\",\"contentUrl\":\"https:\/\/www.huehoco.com\/wp-content\/uploads\/werte_01.jpg\"},{\"@type\":\"BreadcrumbList\",\"@id\":\"https:\/\/acp-global.net\/cs\/spolecnost\/kodex-chovani\/#breadcrumb\",\"itemListElement\":[{\"@type\":\"ListItem\",\"position\":1,\"name\":\"Startseite\",\"item\":\"https:\/\/acp-global.net\/cs\/\"},{\"@type\":\"ListItem\",\"position\":2,\"name\":\"Spole\u010dnost\",\"item\":\"https:\/\/acp-global.net\/cs\/spolecnost\/\"},{\"@type\":\"ListItem\",\"position\":3,\"name\":\"Kodex chov\u00e1n\u00ed\"}]},{\"@type\":\"WebSite\",\"@id\":\"https:\/\/acp-global.net\/cs\/#website\",\"url\":\"https:\/\/acp-global.net\/cs\/\",\"name\":\"ACP Group\",\"description\":\"\",\"publisher\":{\"@id\":\"https:\/\/acp-global.net\/cs\/#organization\"},\"potentialAction\":[{\"@type\":\"SearchAction\",\"target\":{\"@type\":\"EntryPoint\",\"urlTemplate\":\"https:\/\/acp-global.net\/cs\/?s={search_term_string}\"},\"query-input\":{\"@type\":\"PropertyValueSpecification\",\"valueRequired\":true,\"valueName\":\"search_term_string\"}}],\"inLanguage\":\"cs\"},{\"@type\":\"Organization\",\"@id\":\"https:\/\/acp-global.net\/cs\/#organization\",\"name\":\"ACP Group\",\"url\":\"https:\/\/acp-global.net\/cs\/\",\"logo\":{\"@type\":\"ImageObject\",\"inLanguage\":\"cs\",\"@id\":\"https:\/\/acp-global.net\/cs\/#\/schema\/logo\/image\/\",\"url\":\"https:\/\/acp-global.net\/wp-content\/uploads\/acp_group.png\",\"contentUrl\":\"https:\/\/acp-global.net\/wp-content\/uploads\/acp_group.png\",\"width\":1232,\"height\":285,\"caption\":\"ACP Group\"},\"image\":{\"@id\":\"https:\/\/acp-global.net\/cs\/#\/schema\/logo\/image\/\"}}]}<\/script>\n<!-- \/ Yoast SEO plugin. -->","yoast_head_json":{"title":"Skupina ACP | N\u00e1\u0161 kodex chov\u00e1n\u00ed","description":"Na\u0161e vize: Respekt \u2713 Odvaha \u2713 Z\u00e1vazek \u2713 ACP sd\u00edl\u00ed hodnoty skupiny HUEHOCO \u2713 P\u0159e\u010dt\u011bte si v\u00edce o na\u0161\u00ed firemn\u00ed filozofii, hodnot\u00e1ch a posl\u00e1n\u00ed!","robots":{"index":"index","follow":"follow","max-snippet":"max-snippet:-1","max-image-preview":"max-image-preview:large","max-video-preview":"max-video-preview:-1"},"canonical":"https:\/\/acp-global.net\/cs\/spolecnost\/kodex-chovani\/","og_locale":"cs_CZ","og_type":"article","og_title":"Skupina ACP | N\u00e1\u0161 kodex chov\u00e1n\u00ed","og_description":"Na\u0161e vize: Respekt \u2713 Odvaha \u2713 Z\u00e1vazek \u2713 ACP sd\u00edl\u00ed hodnoty skupiny HUEHOCO \u2713 P\u0159e\u010dt\u011bte si v\u00edce o na\u0161\u00ed firemn\u00ed filozofii, hodnot\u00e1ch a posl\u00e1n\u00ed!","og_url":"https:\/\/acp-global.net\/cs\/spolecnost\/kodex-chovani\/","og_site_name":"ACP Group","article_modified_time":"2024-06-24T14:12:06+00:00","og_image":[{"url":"https:\/\/www.huehoco.com\/wp-content\/uploads\/werte_01.jpg","type":"","width":"","height":""}],"twitter_card":"summary_large_image","twitter_misc":{"Odhadovan\u00e1 doba \u010dten\u00ed":"3 minuty"},"schema":{"@context":"https:\/\/schema.org","@graph":[{"@type":"WebPage","@id":"https:\/\/acp-global.net\/cs\/spolecnost\/kodex-chovani\/","url":"https:\/\/acp-global.net\/cs\/spolecnost\/kodex-chovani\/","name":"Skupina ACP | N\u00e1\u0161 kodex chov\u00e1n\u00ed","isPartOf":{"@id":"https:\/\/acp-global.net\/cs\/#website"},"primaryImageOfPage":{"@id":"https:\/\/acp-global.net\/cs\/spolecnost\/kodex-chovani\/#primaryimage"},"image":{"@id":"https:\/\/acp-global.net\/cs\/spolecnost\/kodex-chovani\/#primaryimage"},"thumbnailUrl":"https:\/\/www.huehoco.com\/wp-content\/uploads\/werte_01.jpg","datePublished":"2023-07-26T08:03:42+00:00","dateModified":"2024-06-24T14:12:06+00:00","description":"Na\u0161e vize: Respekt \u2713 Odvaha \u2713 Z\u00e1vazek \u2713 ACP sd\u00edl\u00ed hodnoty skupiny HUEHOCO \u2713 P\u0159e\u010dt\u011bte si v\u00edce o na\u0161\u00ed firemn\u00ed filozofii, hodnot\u00e1ch a posl\u00e1n\u00ed!","breadcrumb":{"@id":"https:\/\/acp-global.net\/cs\/spolecnost\/kodex-chovani\/#breadcrumb"},"inLanguage":"cs","potentialAction":[{"@type":"ReadAction","target":["https:\/\/acp-global.net\/cs\/spolecnost\/kodex-chovani\/"]}]},{"@type":"ImageObject","inLanguage":"cs","@id":"https:\/\/acp-global.net\/cs\/spolecnost\/kodex-chovani\/#primaryimage","url":"https:\/\/www.huehoco.com\/wp-content\/uploads\/werte_01.jpg","contentUrl":"https:\/\/www.huehoco.com\/wp-content\/uploads\/werte_01.jpg"},{"@type":"BreadcrumbList","@id":"https:\/\/acp-global.net\/cs\/spolecnost\/kodex-chovani\/#breadcrumb","itemListElement":[{"@type":"ListItem","position":1,"name":"Startseite","item":"https:\/\/acp-global.net\/cs\/"},{"@type":"ListItem","position":2,"name":"Spole\u010dnost","item":"https:\/\/acp-global.net\/cs\/spolecnost\/"},{"@type":"ListItem","position":3,"name":"Kodex chov\u00e1n\u00ed"}]},{"@type":"WebSite","@id":"https:\/\/acp-global.net\/cs\/#website","url":"https:\/\/acp-global.net\/cs\/","name":"ACP Group","description":"","publisher":{"@id":"https:\/\/acp-global.net\/cs\/#organization"},"potentialAction":[{"@type":"SearchAction","target":{"@type":"EntryPoint","urlTemplate":"https:\/\/acp-global.net\/cs\/?s={search_term_string}"},"query-input":{"@type":"PropertyValueSpecification","valueRequired":true,"valueName":"search_term_string"}}],"inLanguage":"cs"},{"@type":"Organization","@id":"https:\/\/acp-global.net\/cs\/#organization","name":"ACP Group","url":"https:\/\/acp-global.net\/cs\/","logo":{"@type":"ImageObject","inLanguage":"cs","@id":"https:\/\/acp-global.net\/cs\/#\/schema\/logo\/image\/","url":"https:\/\/acp-global.net\/wp-content\/uploads\/acp_group.png","contentUrl":"https:\/\/acp-global.net\/wp-content\/uploads\/acp_group.png","width":1232,"height":285,"caption":"ACP Group"},"image":{"@id":"https:\/\/acp-global.net\/cs\/#\/schema\/logo\/image\/"}}]}},"_links":{"self":[{"href":"https:\/\/acp-global.net\/cs\/wp-json\/wp\/v2\/pages\/6798","targetHints":{"allow":["GET"]}}],"collection":[{"href":"https:\/\/acp-global.net\/cs\/wp-json\/wp\/v2\/pages"}],"about":[{"href":"https:\/\/acp-global.net\/cs\/wp-json\/wp\/v2\/types\/page"}],"author":[{"embeddable":true,"href":"https:\/\/acp-global.net\/cs\/wp-json\/wp\/v2\/users\/1"}],"replies":[{"embeddable":true,"href":"https:\/\/acp-global.net\/cs\/wp-json\/wp\/v2\/comments?post=6798"}],"version-history":[{"count":2,"href":"https:\/\/acp-global.net\/cs\/wp-json\/wp\/v2\/pages\/6798\/revisions"}],"predecessor-version":[{"id":7866,"href":"https:\/\/acp-global.net\/cs\/wp-json\/wp\/v2\/pages\/6798\/revisions\/7866"}],"up":[{"embeddable":true,"href":"https:\/\/acp-global.net\/cs\/wp-json\/wp\/v2\/pages\/6733"}],"wp:attachment":[{"href":"https:\/\/acp-global.net\/cs\/wp-json\/wp\/v2\/media?parent=6798"}],"curies":[{"name":"wp","href":"https:\/\/api.w.org\/{rel}","templated":true}]}}