{"id":6875,"date":"2023-04-06T14:34:03","date_gmt":"2023-04-06T12:34:03","guid":{"rendered":"https:\/\/acp.pixel-tal.de\/pravni-zalezitosti\/otisk\/"},"modified":"2024-10-23T12:14:36","modified_gmt":"2024-10-23T10:14:36","slug":"otisk","status":"publish","type":"page","link":"https:\/\/acp-global.net\/cs\/pravni-zalezitosti\/otisk\/","title":{"rendered":"Otisk"},"content":{"rendered":"<section class=\"gb-container gb-container-7f827b1e gb-container-section-white\">\n<div class=\"gb-container gb-container-2e17292b\">\n<div class=\"gb-grid-wrapper gb-grid-wrapper-1edc144c\">\n<div class=\"gb-grid-column gb-grid-column-6b4b95ad\"><div class=\"gb-container gb-container-6b4b95ad\">\n\n<div class=\"wp-block-pixel-headline headlines is-subheadline-bottom has-text-align-left\"><h1 class=\"headline\" style=\"color:\">Otisk<\/h1><\/div>\n\n<\/div><\/div>\n\n<div class=\"gb-grid-column gb-grid-column-ceb59ac7\"><div class=\"gb-container gb-container-ceb59ac7\">\n\n<p class=\"wp-block-paragraph\">ACP Deutschland GmbH &amp; Co. KG<br>Sch\u00e4fergasse 1<br>D &#8211; 36433 Bad Salzungen<\/p>\n\n\n\n<p class=\"wp-block-paragraph\">Obchodn\u00ed rejst\u0159\u00edk: HRA 301509<br>Rejst\u0159\u00edkov\u00fd soud: Rejst\u0159\u00edkov\u00fd soud Jena<br>Da\u0148ov\u00e9 \u010d\u00edslo: 155\/150\/03603<\/p>\n\n\n\n<p class=\"wp-block-paragraph\"><strong>Zastupuje osobn\u011b odpov\u011bdn\u00fd partner:<\/strong><br>ACP Deutschland GmbH &amp; Co. KG<br>Sch\u00e4fergasse 1<br>D &#8211; 36433 Bad Salzungen<\/p>\n\n\n\n<p class=\"wp-block-paragraph\"><strong>V\u00fdkonn\u00fd \u0159editel:<\/strong><br>Michael Koch<\/p>\n\n\n\n<div class=\"wp-block-pixel-headline headlines is-subheadline-bottom has-text-align-left is-gap-xs\"><h5 class=\"headline\" style=\"color:\">Kontaktujte n\u00e1s<\/h5><\/div>\n\n\n\n<p class=\"wp-block-paragraph\">Telefon: <a href=\"tel:+492026477866\" data-type=\"tel\" data-id=\"tel:+492026477866\" target=\"_blank\" rel=\"nofollow\">+49 (0) 202 64778-66<\/a><br>Mobil: +49 (0) 175 43 43-521<br>E-mail: <a href=\"mailto:m.koch@acp-d.com\" target=\"_blank\" rel=\"nofollow\">m.koch@acp-d.com<\/a><\/p>\n\n\n\n<div class=\"wp-block-pixel-headline headlines is-subheadline-bottom has-text-align-left is-gap-xs\"><h5 class=\"headline\" style=\"color:\">ID pro da\u0148 z prodeje<\/h5><\/div>\n\n\n\n<p class=\"wp-block-paragraph\">Identifika\u010dn\u00ed \u010d\u00edslo pro da\u0148 z p\u0159idan\u00e9:<br>DE813527014<\/p>\n\n\n\n<div class=\"wp-block-pixel-headline headlines is-subheadline-bottom has-text-align-left is-gap-xs\"><h5 class=\"headline\" style=\"color:\">Realizace<\/h5><\/div>\n\n\n\n<p class=\"wp-block-paragraph\">Koncepci, design a realizaci t\u011bchto webov\u00fdch str\u00e1nek provedli:<br><a rel=\"noreferrer noopener nofollow\" href=\"https:\/\/pixelproduction.de\/\" target=\"_blank\">PixelProduction, agentura pro koncep\u010dn\u00ed komunikaci ve Wuppertalu<\/a>.<\/p>\n\n<\/div><\/div>\n\n<div class=\"gb-grid-column gb-grid-column-fe327f40\"><div class=\"gb-container gb-container-fe327f40\">\n\n<div class=\"wp-block-pixel-headline headlines is-subheadline-bottom has-text-align-left is-gap-xs\"><h5 class=\"headline\" style=\"color:\">\u0158e\u0161en\u00ed spor\u016f<\/h5><\/div>\n\n\n\n<p class=\"wp-block-paragraph\">Evropsk\u00e1 komise poskytuje platformu pro online \u0159e\u0161en\u00ed spor\u016f (OS):<br><a rel=\"noreferrer noopener nofollow\" href=\"https:\/\/ec.europa.eu\/consumers\/odr\" target=\"_blank\">https:\/\/ec.europa.eu\/consumers\/odr<\/a>.<\/p>\n\n\n\n<p class=\"wp-block-paragraph\">Na\u0161i e-mailovou adresu najdete v pr\u00e1vn\u00edm upozorn\u011bn\u00ed v\u00fd\u0161e.<br>Nejsme ochotni ani povinni \u00fa\u010dastnit se \u0159\u00edzen\u00ed o \u0159e\u0161en\u00ed spor\u016f p\u0159ed spot\u0159ebitelskou rozhod\u010d\u00ed komis\u00ed.<\/p>\n\n\n\n<div class=\"wp-block-pixel-headline headlines is-subheadline-bottom has-text-align-left is-gap-xs\"><h5 class=\"headline\" style=\"color:\">Odpov\u011bdnost za obsah<\/h5><\/div>\n\n\n\n<p class=\"wp-block-paragraph\">Jako poskytovatel slu\u017eeb jsme povinni podle \u00a7 7 odst. 1 DDG za vlastn\u00ed obsah na t\u011bchto str\u00e1nk\u00e1ch v souladu s obecn\u00fdmi pr\u00e1vn\u00edmi p\u0159edpisy. Podle \u00a7\u00a7 8 a\u017e 10 DDG v\u0161ak nejsme jako poskytovatel slu\u017eeb povinni sledovat p\u0159en\u00e1\u0161en\u00e9 nebo ukl\u00e1dan\u00e9 informace t\u0159et\u00edch stran ani vy\u0161et\u0159ovat okolnosti, kter\u00e9 nazna\u010duj\u00ed nez\u00e1konnou \u010dinnost. Povinnosti odstranit nebo zablokovat pou\u017e\u00edv\u00e1n\u00ed informac\u00ed v souladu s obecn\u00fdmi pr\u00e1vn\u00edmi p\u0159edpisy t\u00edm nejsou dot\u010deny. Odpov\u011bdnost v tomto ohledu je v\u0161ak mo\u017en\u00e1 a\u017e od okam\u017eiku, kdy se o konkr\u00e9tn\u00edm poru\u0161en\u00ed dozv\u00edte. Jakmile se o takov\u00e9m poru\u0161en\u00ed dozv\u00edme, okam\u017eit\u011b tento obsah odstran\u00edme.<\/p>\n\n\n\n<div class=\"wp-block-pixel-headline headlines is-subheadline-bottom has-text-align-left is-gap-xs\"><h5 class=\"headline\" style=\"color:\">Odpov\u011bdnost za odkazy<\/h5><\/div>\n\n\n\n<p class=\"wp-block-paragraph\">Na\u0161e webov\u00e9 str\u00e1nky obsahuj\u00ed odkazy na extern\u00ed webov\u00e9 str\u00e1nky t\u0159et\u00edch stran, na jejich\u017e obsah nem\u00e1me \u017e\u00e1dn\u00fd vliv. Proto nem\u016f\u017eeme za tento obsah t\u0159et\u00edch stran p\u0159evz\u00edt \u017e\u00e1dnou odpov\u011bdnost. Za obsah odkazovan\u00fdch str\u00e1nek v\u017edy odpov\u00edd\u00e1 p\u0159\u00edslu\u0161n\u00fd poskytovatel nebo provozovatel str\u00e1nek. Odkazovan\u00e9 str\u00e1nky byly v dob\u011b odkazov\u00e1n\u00ed zkontrolov\u00e1ny z hlediska mo\u017en\u00e9ho poru\u0161en\u00ed pr\u00e1vn\u00edch p\u0159edpis\u016f. Neleg\u00e1ln\u00ed obsah nebyl v dob\u011b propojen\u00ed rozpoznateln\u00fd.<br>Trval\u00e9 sledov\u00e1n\u00ed obsahu odkazovan\u00fdch str\u00e1nek v\u0161ak nen\u00ed bez konkr\u00e9tn\u00edch d\u016fkaz\u016f o protipr\u00e1vn\u00edm jedn\u00e1n\u00ed rozumn\u00e9. Pokud se dozv\u00edme o jak\u00e9mkoli poru\u0161en\u00ed pr\u00e1vn\u00edch p\u0159edpis\u016f, okam\u017eit\u011b takov\u00e9 odkazy odstran\u00edme.<\/p>\n\n\n\n<div class=\"wp-block-pixel-headline headlines is-subheadline-bottom has-text-align-left is-gap-xs\"><h5 class=\"headline\" style=\"color:\">Autorsk\u00e1 pr\u00e1va<\/h5><\/div>\n\n\n\n<p class=\"wp-block-paragraph\">Obsah a d\u00edla vytvo\u0159en\u00e1 provozovateli str\u00e1nek na t\u011bchto str\u00e1nk\u00e1ch podl\u00e9haj\u00ed n\u011bmeck\u00e9mu autorsk\u00e9mu pr\u00e1vu. Reprodukce, \u00fapravy, \u0161\u00ed\u0159en\u00ed a jak\u00fdkoli zp\u016fsob vyu\u017eit\u00ed nad r\u00e1mec autorsk\u00e9ho z\u00e1kona vy\u017eaduj\u00ed p\u00edsemn\u00fd souhlas p\u0159\u00edslu\u0161n\u00e9ho autora nebo tv\u016frce. Stahov\u00e1n\u00ed a kop\u00edrov\u00e1n\u00ed t\u011bchto str\u00e1nek je povoleno pouze pro soukrom\u00e9, nekomer\u010dn\u00ed pou\u017eit\u00ed.<br>Pokud obsah t\u011bchto str\u00e1nek nebyl vytvo\u0159en provozovatelem, jsou respektov\u00e1na autorsk\u00e1 pr\u00e1va t\u0159et\u00edch stran. Zejm\u00e9na obsah t\u0159et\u00edch stran je takto ozna\u010den. Pokud se p\u0159esto dozv\u00edte o poru\u0161en\u00ed autorsk\u00fdch pr\u00e1v, informujte n\u00e1s o tom. Pokud se dozv\u00edme o jak\u00e9mkoli poru\u0161en\u00ed pr\u00e1vn\u00edch p\u0159edpis\u016f, okam\u017eit\u011b takov\u00fd obsah odstran\u00edme.<\/p>\n\n<\/div><\/div>\n<\/div>\n<\/div>\n<\/section>","protected":false},"excerpt":{"rendered":"","protected":false},"author":1,"featured_media":0,"parent":6736,"menu_order":1,"comment_status":"closed","ping_status":"closed","template":"","meta":{"_acf_changed":false,"_crdt_document":"","footnotes":""},"class_list":["post-6875","page","type-page","status-publish"],"acf":[],"yoast_head":"<!-- This site is optimized with the Yoast SEO plugin v27.2 - https:\/\/yoast.com\/product\/yoast-seo-wordpress\/ -->\n<title>Skupina ACP | N\u00e1\u0161 otisk<\/title>\n<meta name=\"description\" content=\"Informace o pr\u00e1vnick\u00fdch osob\u00e1ch \u2713 Opr\u00e1vn\u011bn\u00ed z\u00e1stupci \u2713 Spole\u010dnost \u2713 Pr\u00e1vn\u00ed forma \u2713 \u010c\u00edslo rejst\u0159\u00edku \u2713 Adresa pobo\u010dky \u2713\" \/>\n<meta name=\"robots\" content=\"index, follow, max-snippet:-1, max-image-preview:large, max-video-preview:-1\" \/>\n<link rel=\"canonical\" href=\"https:\/\/acp-global.net\/cs\/pravni-zalezitosti\/otisk\/\" \/>\n<meta property=\"og:locale\" content=\"cs_CZ\" \/>\n<meta property=\"og:type\" content=\"article\" \/>\n<meta property=\"og:title\" content=\"Skupina ACP | N\u00e1\u0161 otisk\" \/>\n<meta property=\"og:description\" content=\"Informace o pr\u00e1vnick\u00fdch osob\u00e1ch \u2713 Opr\u00e1vn\u011bn\u00ed z\u00e1stupci \u2713 Spole\u010dnost \u2713 Pr\u00e1vn\u00ed forma \u2713 \u010c\u00edslo rejst\u0159\u00edku \u2713 Adresa pobo\u010dky \u2713\" \/>\n<meta property=\"og:url\" content=\"https:\/\/acp-global.net\/cs\/pravni-zalezitosti\/otisk\/\" \/>\n<meta property=\"og:site_name\" content=\"ACP Group\" \/>\n<meta property=\"article:modified_time\" content=\"2024-10-23T10:14:36+00:00\" \/>\n<meta name=\"twitter:card\" content=\"summary_large_image\" \/>\n<meta name=\"twitter:label1\" content=\"Odhadovan\u00e1 doba \u010dten\u00ed\" \/>\n\t<meta name=\"twitter:data1\" content=\"3 minuty\" \/>\n<script type=\"application\/ld+json\" class=\"yoast-schema-graph\">{\"@context\":\"https:\/\/schema.org\",\"@graph\":[{\"@type\":\"WebPage\",\"@id\":\"https:\/\/acp-global.net\/cs\/pravni-zalezitosti\/otisk\/\",\"url\":\"https:\/\/acp-global.net\/cs\/pravni-zalezitosti\/otisk\/\",\"name\":\"Skupina ACP | N\u00e1\u0161 otisk\",\"isPartOf\":{\"@id\":\"https:\/\/acp-global.net\/cs\/#website\"},\"datePublished\":\"2023-04-06T12:34:03+00:00\",\"dateModified\":\"2024-10-23T10:14:36+00:00\",\"description\":\"Informace o pr\u00e1vnick\u00fdch osob\u00e1ch \u2713 Opr\u00e1vn\u011bn\u00ed z\u00e1stupci \u2713 Spole\u010dnost \u2713 Pr\u00e1vn\u00ed forma \u2713 \u010c\u00edslo rejst\u0159\u00edku \u2713 Adresa pobo\u010dky \u2713\",\"breadcrumb\":{\"@id\":\"https:\/\/acp-global.net\/cs\/pravni-zalezitosti\/otisk\/#breadcrumb\"},\"inLanguage\":\"cs\",\"potentialAction\":[{\"@type\":\"ReadAction\",\"target\":[\"https:\/\/acp-global.net\/cs\/pravni-zalezitosti\/otisk\/\"]}]},{\"@type\":\"BreadcrumbList\",\"@id\":\"https:\/\/acp-global.net\/cs\/pravni-zalezitosti\/otisk\/#breadcrumb\",\"itemListElement\":[{\"@type\":\"ListItem\",\"position\":1,\"name\":\"Startseite\",\"item\":\"https:\/\/acp-global.net\/cs\/\"},{\"@type\":\"ListItem\",\"position\":2,\"name\":\"Pr\u00e1vn\u00ed z\u00e1le\u017eitosti\",\"item\":\"https:\/\/acp-global.net\/cs\/pravni-zalezitosti\/\"},{\"@type\":\"ListItem\",\"position\":3,\"name\":\"Otisk\"}]},{\"@type\":\"WebSite\",\"@id\":\"https:\/\/acp-global.net\/cs\/#website\",\"url\":\"https:\/\/acp-global.net\/cs\/\",\"name\":\"ACP Group\",\"description\":\"\",\"publisher\":{\"@id\":\"https:\/\/acp-global.net\/cs\/#organization\"},\"potentialAction\":[{\"@type\":\"SearchAction\",\"target\":{\"@type\":\"EntryPoint\",\"urlTemplate\":\"https:\/\/acp-global.net\/cs\/?s={search_term_string}\"},\"query-input\":{\"@type\":\"PropertyValueSpecification\",\"valueRequired\":true,\"valueName\":\"search_term_string\"}}],\"inLanguage\":\"cs\"},{\"@type\":\"Organization\",\"@id\":\"https:\/\/acp-global.net\/cs\/#organization\",\"name\":\"ACP Group\",\"url\":\"https:\/\/acp-global.net\/cs\/\",\"logo\":{\"@type\":\"ImageObject\",\"inLanguage\":\"cs\",\"@id\":\"https:\/\/acp-global.net\/cs\/#\/schema\/logo\/image\/\",\"url\":\"https:\/\/acp-global.net\/wp-content\/uploads\/acp_group.png\",\"contentUrl\":\"https:\/\/acp-global.net\/wp-content\/uploads\/acp_group.png\",\"width\":1232,\"height\":285,\"caption\":\"ACP Group\"},\"image\":{\"@id\":\"https:\/\/acp-global.net\/cs\/#\/schema\/logo\/image\/\"}}]}<\/script>\n<!-- \/ Yoast SEO plugin. -->","yoast_head_json":{"title":"Skupina ACP | N\u00e1\u0161 otisk","description":"Informace o pr\u00e1vnick\u00fdch osob\u00e1ch \u2713 Opr\u00e1vn\u011bn\u00ed z\u00e1stupci \u2713 Spole\u010dnost \u2713 Pr\u00e1vn\u00ed forma \u2713 \u010c\u00edslo rejst\u0159\u00edku \u2713 Adresa pobo\u010dky \u2713","robots":{"index":"index","follow":"follow","max-snippet":"max-snippet:-1","max-image-preview":"max-image-preview:large","max-video-preview":"max-video-preview:-1"},"canonical":"https:\/\/acp-global.net\/cs\/pravni-zalezitosti\/otisk\/","og_locale":"cs_CZ","og_type":"article","og_title":"Skupina ACP | N\u00e1\u0161 otisk","og_description":"Informace o pr\u00e1vnick\u00fdch osob\u00e1ch \u2713 Opr\u00e1vn\u011bn\u00ed z\u00e1stupci \u2713 Spole\u010dnost \u2713 Pr\u00e1vn\u00ed forma \u2713 \u010c\u00edslo rejst\u0159\u00edku \u2713 Adresa pobo\u010dky \u2713","og_url":"https:\/\/acp-global.net\/cs\/pravni-zalezitosti\/otisk\/","og_site_name":"ACP Group","article_modified_time":"2024-10-23T10:14:36+00:00","twitter_card":"summary_large_image","twitter_misc":{"Odhadovan\u00e1 doba \u010dten\u00ed":"3 minuty"},"schema":{"@context":"https:\/\/schema.org","@graph":[{"@type":"WebPage","@id":"https:\/\/acp-global.net\/cs\/pravni-zalezitosti\/otisk\/","url":"https:\/\/acp-global.net\/cs\/pravni-zalezitosti\/otisk\/","name":"Skupina ACP | N\u00e1\u0161 otisk","isPartOf":{"@id":"https:\/\/acp-global.net\/cs\/#website"},"datePublished":"2023-04-06T12:34:03+00:00","dateModified":"2024-10-23T10:14:36+00:00","description":"Informace o pr\u00e1vnick\u00fdch osob\u00e1ch \u2713 Opr\u00e1vn\u011bn\u00ed z\u00e1stupci \u2713 Spole\u010dnost \u2713 Pr\u00e1vn\u00ed forma \u2713 \u010c\u00edslo rejst\u0159\u00edku \u2713 Adresa pobo\u010dky \u2713","breadcrumb":{"@id":"https:\/\/acp-global.net\/cs\/pravni-zalezitosti\/otisk\/#breadcrumb"},"inLanguage":"cs","potentialAction":[{"@type":"ReadAction","target":["https:\/\/acp-global.net\/cs\/pravni-zalezitosti\/otisk\/"]}]},{"@type":"BreadcrumbList","@id":"https:\/\/acp-global.net\/cs\/pravni-zalezitosti\/otisk\/#breadcrumb","itemListElement":[{"@type":"ListItem","position":1,"name":"Startseite","item":"https:\/\/acp-global.net\/cs\/"},{"@type":"ListItem","position":2,"name":"Pr\u00e1vn\u00ed z\u00e1le\u017eitosti","item":"https:\/\/acp-global.net\/cs\/pravni-zalezitosti\/"},{"@type":"ListItem","position":3,"name":"Otisk"}]},{"@type":"WebSite","@id":"https:\/\/acp-global.net\/cs\/#website","url":"https:\/\/acp-global.net\/cs\/","name":"ACP Group","description":"","publisher":{"@id":"https:\/\/acp-global.net\/cs\/#organization"},"potentialAction":[{"@type":"SearchAction","target":{"@type":"EntryPoint","urlTemplate":"https:\/\/acp-global.net\/cs\/?s={search_term_string}"},"query-input":{"@type":"PropertyValueSpecification","valueRequired":true,"valueName":"search_term_string"}}],"inLanguage":"cs"},{"@type":"Organization","@id":"https:\/\/acp-global.net\/cs\/#organization","name":"ACP Group","url":"https:\/\/acp-global.net\/cs\/","logo":{"@type":"ImageObject","inLanguage":"cs","@id":"https:\/\/acp-global.net\/cs\/#\/schema\/logo\/image\/","url":"https:\/\/acp-global.net\/wp-content\/uploads\/acp_group.png","contentUrl":"https:\/\/acp-global.net\/wp-content\/uploads\/acp_group.png","width":1232,"height":285,"caption":"ACP Group"},"image":{"@id":"https:\/\/acp-global.net\/cs\/#\/schema\/logo\/image\/"}}]}},"_links":{"self":[{"href":"https:\/\/acp-global.net\/cs\/wp-json\/wp\/v2\/pages\/6875","targetHints":{"allow":["GET"]}}],"collection":[{"href":"https:\/\/acp-global.net\/cs\/wp-json\/wp\/v2\/pages"}],"about":[{"href":"https:\/\/acp-global.net\/cs\/wp-json\/wp\/v2\/types\/page"}],"author":[{"embeddable":true,"href":"https:\/\/acp-global.net\/cs\/wp-json\/wp\/v2\/users\/1"}],"replies":[{"embeddable":true,"href":"https:\/\/acp-global.net\/cs\/wp-json\/wp\/v2\/comments?post=6875"}],"version-history":[{"count":4,"href":"https:\/\/acp-global.net\/cs\/wp-json\/wp\/v2\/pages\/6875\/revisions"}],"predecessor-version":[{"id":9076,"href":"https:\/\/acp-global.net\/cs\/wp-json\/wp\/v2\/pages\/6875\/revisions\/9076"}],"up":[{"embeddable":true,"href":"https:\/\/acp-global.net\/cs\/wp-json\/wp\/v2\/pages\/6736"}],"wp:attachment":[{"href":"https:\/\/acp-global.net\/cs\/wp-json\/wp\/v2\/media?parent=6875"}],"curies":[{"name":"wp","href":"https:\/\/api.w.org\/{rel}","templated":true}]}}