{"id":6728,"date":"2023-04-06T14:34:03","date_gmt":"2023-04-06T12:34:03","guid":{"rendered":"https:\/\/acp.pixel-tal.de\/blog\/"},"modified":"2024-02-16T15:10:30","modified_gmt":"2024-02-16T14:10:30","slug":"blog","status":"publish","type":"page","link":"https:\/\/acp-global.net\/es\/blog\/","title":{"rendered":"Blog"},"content":{"rendered":"        \n            <!-- hero -->\n        \n                    \n            <div id=\"hero-a39a10d057b8b3d32491c5e290b025df\" class=\"hero\">\n\t\t\t\t<div class=\"hero-slider\">\t\t\t\t\n        \n            <!-- hero -->\n        \n                    \n            <div  class=\"hero-slide hero-slide-1f2f83e3cd9fd17e72b840bb267be161 \">\n\n\t\t\t\t<div class=\"hero-canvas\">\n\t\t\t\t\t<div class=\"hero-content\">\n\t\t\t\t\t\t<span class=\"hero-subheadline subheadline\">Huehoco BLOG<\/span>\t\t\t\t\t\t<h1 class=\"hero-headline headline\">Noticias del grupo<\/h1>\t\t\t\t\t\t\t\t\t\t\t<\/div>\n\t\t\t\t<\/div>\n\n                \t\t\t\t\t<div class=\"hero-background\">\n                        <div class=\"hero-overlay\"><\/div>\n\t\t\t\t\t\t<img decoding=\"async\" src=\"https:\/\/acp-global.net\/wp-content\/uploads\/hero-news.jpg\" \/>\n\t\t\t\t\t<\/div>\n\t\t\t\t\n                \n\t\t\t<\/div>\n        \n                    \n            <!-- end:hero -->\n        \n            \n\n\t\t\t\t<\/div>\t\t\t<\/div>\n        \n                    \n            <!-- end:hero -->\n        \n            <section class=\"gb-container gb-container-7be36c7a gb-container-section-white\">\n<div class=\"gb-container gb-container-3d779c19\">\n<div class=\"gb-grid-wrapper gb-grid-wrapper-ccb60594\">\n<div class=\"gb-grid-column gb-grid-column-e8934591\"><div class=\"gb-container gb-container-e8934591\"><div class=\"gb-inside-container\">\n\n<div class=\"wp-block-pixel-headline headlines is-subheadline-top has-text-align-left\"><h1 class=\"headline\" style=\"color:\">El blog de Huehoco<\/h1><span class=\"subheadline\" style=\"color:\">Siempre al d\u00eda<\/span><\/div>\n\n\n\n<p class=\"wp-block-paragraph\">Queremos seguir teniendo \u00e9xito. Por eso siempre mantenemos los ojos y los o\u00eddos abiertos para estar al d\u00eda de las \u00faltimas informaciones, tendencias e innovaciones. Y son precisamente estas conclusiones las que queremos compartir aqu\u00ed con ustedes. Vis\u00edtenos con regularidad y benef\u00edciese de las \u00faltimas noticias de la industria metal\u00fargica.  <br\/><\/p>\n\n<\/div><\/div><\/div>\n\n<div class=\"gb-grid-column gb-grid-column-3f35f526\"><div class=\"gb-container gb-container-3f35f526\"><div class=\"gb-inside-container\">\n\n\t\t\t \n\t\t\t\t\n\t\t\t\t<p>No se han encontrado contribuciones.<\/p>\n\t\t\t\t\n\t\t\t\t\t\t\t\n\t\t\t\n            <!-- end:grid -->\n        \n            \n<\/div><\/div><\/div>\n<\/div>\n<\/div>\n<\/section>","protected":false},"excerpt":{"rendered":"","protected":false},"author":1,"featured_media":0,"parent":0,"menu_order":4,"comment_status":"closed","ping_status":"closed","template":"","meta":{"_acf_changed":false,"_crdt_document":"","footnotes":""},"class_list":["post-6728","page","type-page","status-publish"],"acf":[],"yoast_head":"<!-- This site is optimized with the Yoast SEO plugin v27.2 - https:\/\/yoast.com\/product\/yoast-seo-wordpress\/ -->\n<title>Blog - ACP Group<\/title>\n<meta name=\"robots\" content=\"index, follow, max-snippet:-1, max-image-preview:large, max-video-preview:-1\" \/>\n<link rel=\"canonical\" href=\"https:\/\/acp-global.net\/es\/blog\/\" \/>\n<meta property=\"og:locale\" content=\"es_ES\" \/>\n<meta property=\"og:type\" content=\"article\" \/>\n<meta property=\"og:title\" content=\"Blog - ACP Group\" \/>\n<meta property=\"og:url\" content=\"https:\/\/acp-global.net\/es\/blog\/\" \/>\n<meta property=\"og:site_name\" content=\"ACP Group\" \/>\n<meta property=\"article:modified_time\" content=\"2024-02-16T14:10:30+00:00\" \/>\n<meta name=\"twitter:card\" content=\"summary_large_image\" \/>\n<script type=\"application\/ld+json\" class=\"yoast-schema-graph\">{\"@context\":\"https:\/\/schema.org\",\"@graph\":[{\"@type\":\"WebPage\",\"@id\":\"https:\/\/acp-global.net\/es\/blog\/\",\"url\":\"https:\/\/acp-global.net\/es\/blog\/\",\"name\":\"Blog - ACP Group\",\"isPartOf\":{\"@id\":\"https:\/\/acp-global.net\/es\/#website\"},\"datePublished\":\"2023-04-06T12:34:03+00:00\",\"dateModified\":\"2024-02-16T14:10:30+00:00\",\"breadcrumb\":{\"@id\":\"https:\/\/acp-global.net\/es\/blog\/#breadcrumb\"},\"inLanguage\":\"es\",\"potentialAction\":[{\"@type\":\"ReadAction\",\"target\":[\"https:\/\/acp-global.net\/es\/blog\/\"]}]},{\"@type\":\"BreadcrumbList\",\"@id\":\"https:\/\/acp-global.net\/es\/blog\/#breadcrumb\",\"itemListElement\":[{\"@type\":\"ListItem\",\"position\":1,\"name\":\"Startseite\",\"item\":\"https:\/\/acp-global.net\/es\/\"},{\"@type\":\"ListItem\",\"position\":2,\"name\":\"Privat: Blog\"}]},{\"@type\":\"WebSite\",\"@id\":\"https:\/\/acp-global.net\/es\/#website\",\"url\":\"https:\/\/acp-global.net\/es\/\",\"name\":\"ACP Group\",\"description\":\"\",\"publisher\":{\"@id\":\"https:\/\/acp-global.net\/es\/#organization\"},\"potentialAction\":[{\"@type\":\"SearchAction\",\"target\":{\"@type\":\"EntryPoint\",\"urlTemplate\":\"https:\/\/acp-global.net\/es\/?s={search_term_string}\"},\"query-input\":{\"@type\":\"PropertyValueSpecification\",\"valueRequired\":true,\"valueName\":\"search_term_string\"}}],\"inLanguage\":\"es\"},{\"@type\":\"Organization\",\"@id\":\"https:\/\/acp-global.net\/es\/#organization\",\"name\":\"ACP Group\",\"url\":\"https:\/\/acp-global.net\/es\/\",\"logo\":{\"@type\":\"ImageObject\",\"inLanguage\":\"es\",\"@id\":\"https:\/\/acp-global.net\/es\/#\/schema\/logo\/image\/\",\"url\":\"https:\/\/acp-global.net\/wp-content\/uploads\/acp_group.png\",\"contentUrl\":\"https:\/\/acp-global.net\/wp-content\/uploads\/acp_group.png\",\"width\":1232,\"height\":285,\"caption\":\"ACP Group\"},\"image\":{\"@id\":\"https:\/\/acp-global.net\/es\/#\/schema\/logo\/image\/\"}}]}<\/script>\n<!-- \/ Yoast SEO plugin. -->","yoast_head_json":{"title":"Blog - ACP Group","robots":{"index":"index","follow":"follow","max-snippet":"max-snippet:-1","max-image-preview":"max-image-preview:large","max-video-preview":"max-video-preview:-1"},"canonical":"https:\/\/acp-global.net\/es\/blog\/","og_locale":"es_ES","og_type":"article","og_title":"Blog - ACP Group","og_url":"https:\/\/acp-global.net\/es\/blog\/","og_site_name":"ACP Group","article_modified_time":"2024-02-16T14:10:30+00:00","twitter_card":"summary_large_image","schema":{"@context":"https:\/\/schema.org","@graph":[{"@type":"WebPage","@id":"https:\/\/acp-global.net\/es\/blog\/","url":"https:\/\/acp-global.net\/es\/blog\/","name":"Blog - ACP Group","isPartOf":{"@id":"https:\/\/acp-global.net\/es\/#website"},"datePublished":"2023-04-06T12:34:03+00:00","dateModified":"2024-02-16T14:10:30+00:00","breadcrumb":{"@id":"https:\/\/acp-global.net\/es\/blog\/#breadcrumb"},"inLanguage":"es","potentialAction":[{"@type":"ReadAction","target":["https:\/\/acp-global.net\/es\/blog\/"]}]},{"@type":"BreadcrumbList","@id":"https:\/\/acp-global.net\/es\/blog\/#breadcrumb","itemListElement":[{"@type":"ListItem","position":1,"name":"Startseite","item":"https:\/\/acp-global.net\/es\/"},{"@type":"ListItem","position":2,"name":"Privat: Blog"}]},{"@type":"WebSite","@id":"https:\/\/acp-global.net\/es\/#website","url":"https:\/\/acp-global.net\/es\/","name":"ACP Group","description":"","publisher":{"@id":"https:\/\/acp-global.net\/es\/#organization"},"potentialAction":[{"@type":"SearchAction","target":{"@type":"EntryPoint","urlTemplate":"https:\/\/acp-global.net\/es\/?s={search_term_string}"},"query-input":{"@type":"PropertyValueSpecification","valueRequired":true,"valueName":"search_term_string"}}],"inLanguage":"es"},{"@type":"Organization","@id":"https:\/\/acp-global.net\/es\/#organization","name":"ACP Group","url":"https:\/\/acp-global.net\/es\/","logo":{"@type":"ImageObject","inLanguage":"es","@id":"https:\/\/acp-global.net\/es\/#\/schema\/logo\/image\/","url":"https:\/\/acp-global.net\/wp-content\/uploads\/acp_group.png","contentUrl":"https:\/\/acp-global.net\/wp-content\/uploads\/acp_group.png","width":1232,"height":285,"caption":"ACP Group"},"image":{"@id":"https:\/\/acp-global.net\/es\/#\/schema\/logo\/image\/"}}]}},"_links":{"self":[{"href":"https:\/\/acp-global.net\/es\/wp-json\/wp\/v2\/pages\/6728","targetHints":{"allow":["GET"]}}],"collection":[{"href":"https:\/\/acp-global.net\/es\/wp-json\/wp\/v2\/pages"}],"about":[{"href":"https:\/\/acp-global.net\/es\/wp-json\/wp\/v2\/types\/page"}],"author":[{"embeddable":true,"href":"https:\/\/acp-global.net\/es\/wp-json\/wp\/v2\/users\/1"}],"replies":[{"embeddable":true,"href":"https:\/\/acp-global.net\/es\/wp-json\/wp\/v2\/comments?post=6728"}],"version-history":[{"count":2,"href":"https:\/\/acp-global.net\/es\/wp-json\/wp\/v2\/pages\/6728\/revisions"}],"predecessor-version":[{"id":7745,"href":"https:\/\/acp-global.net\/es\/wp-json\/wp\/v2\/pages\/6728\/revisions\/7745"}],"wp:attachment":[{"href":"https:\/\/acp-global.net\/es\/wp-json\/wp\/v2\/media?parent=6728"}],"curies":[{"name":"wp","href":"https:\/\/api.w.org\/{rel}","templated":true}]}}