{"id":6761,"date":"2024-01-30T14:41:08","date_gmt":"2024-01-30T13:41:08","guid":{"rendered":"https:\/\/acp.pixel-tal.de\/ambitos-de-aplicacion\/automocion\/"},"modified":"2024-06-24T14:55:15","modified_gmt":"2024-06-24T12:55:15","slug":"automocion","status":"publish","type":"page","link":"https:\/\/acp-global.net\/es\/ambitos-de-aplicacion\/automocion\/","title":{"rendered":"Automoci\u00f3n"},"content":{"rendered":"        \n            <!-- hero -->\n        \n                    \n            <div id=\"hero-2a364a4713b2a320484e69f03c10036a\" class=\"hero\">\n\t\t\t\t<div class=\"hero-slider\">\t\t\t\t\n        \n            <!-- hero -->\n        \n                    \n            <div  class=\"hero-slide hero-slide-22161b6cc95ac28007dea679646de8b9 \">\n\n\t\t\t\t<div class=\"hero-canvas\">\n\t\t\t\t\t<div class=\"hero-content\">\n\t\t\t\t\t\t<span class=\"hero-subheadline subheadline\">Tiras de metal punzonadas y cortadas con rodillo<\/span>\t\t\t\t\t\t<h1 class=\"hero-headline headline\">Mayor moldeabilidad y mejor sujeci\u00f3n de los sistemas de sellado<\/h1>\t\t\t\t\t\t\t\t\t\t\t<\/div>\n\t\t\t\t<\/div>\n\n                \t\t\t\t\t<div class=\"hero-background\">\n                        <div class=\"hero-overlay\"><\/div>\n\t\t\t\t\t\t<img decoding=\"async\" src=\"https:\/\/acp-global.net\/wp-content\/uploads\/hero_automotive.jpg\" \/>\n\t\t\t\t\t<\/div>\n\t\t\t\t\n                \n\t\t\t<\/div>\n        \n                    \n            <!-- end:hero -->\n        \n            \n\n\t\t\t\t<\/div>\t\t\t<\/div>\n        \n                    \n            <!-- end:hero -->\n        \n            <section class=\"gb-container gb-container-5b45f9d8 gb-container-section-white\" id=\"intro\">\n<div class=\"gb-container gb-container-7cb1f658\">\n<div class=\"gb-grid-wrapper gb-grid-wrapper-1f853d8c\">\n<div class=\"gb-grid-column gb-grid-column-9d5895f9\"><div class=\"gb-container gb-container-9d5895f9\" data-aos=\"fade-right\">\n\n<div class=\"wp-block-pixel-headline headlines is-subheadline-top has-text-align-left\"><h2 class=\"headline\" style=\"color:\"><strong> Cintas de<\/strong> corte<strong> y punzonado de perfiles de EPDM y TPE<\/strong><\/h2><span class=\"subheadline\" style=\"color:\">\u00c1rea de aplicaci\u00f3n de automoci\u00f3n<\/span><\/div>\n\n\n\n<p class=\"wp-block-paragraph\">Los perfiles de extrusi\u00f3n de EPDM y TPE se utilizan en diversos tipos de veh\u00edculos, desde turismos y veh\u00edculos comerciales hasta camiones. Estos sistemas de sellado cumplen elevados requisitos funcionales en aplicaciones est\u00e1ticas y din\u00e1micas y tambi\u00e9n contribuyen al aspecto general de los autom\u00f3viles en t\u00e9rminos de dise\u00f1o y tacto. En los perfiles hay correas de andamio ACP para mejorar la moldeabilidad y la fijaci\u00f3n.<\/p>\n\n<\/div><\/div>\n\n<div class=\"gb-grid-column gb-grid-column-c35aa8c3\"><div class=\"gb-container gb-container-c35aa8c3\">\n<div class=\"gb-grid-wrapper gb-grid-wrapper-ee11f909\">\n<div class=\"gb-grid-column gb-grid-column-5591771d\"><div class=\"gb-container gb-container-5591771d\">\n\n<figure class=\"gb-block-image gb-block-image-853d3faf\"><img loading=\"lazy\" decoding=\"async\" width=\"1060\" height=\"359\" class=\"gb-image gb-image-853d3faf\" src=\"https:\/\/acp-global.net\/wp-content\/uploads\/acp_automotive_01.jpg\" alt=\"\" title=\"acp_automotive_01\" srcset=\"https:\/\/acp-global.net\/wp-content\/uploads\/acp_automotive_01.jpg 1060w, https:\/\/acp-global.net\/wp-content\/uploads\/acp_automotive_01-300x102.jpg 300w, https:\/\/acp-global.net\/wp-content\/uploads\/acp_automotive_01-1024x347.jpg 1024w, https:\/\/acp-global.net\/wp-content\/uploads\/acp_automotive_01-768x260.jpg 768w, https:\/\/acp-global.net\/wp-content\/uploads\/acp_automotive_01-221x75.jpg 221w, https:\/\/acp-global.net\/wp-content\/uploads\/acp_automotive_01-354x120.jpg 354w\" sizes=\"auto, (max-width: 1060px) 100vw, 1060px\" \/><\/figure>\n\n<\/div><\/div>\n\n<div class=\"gb-grid-column gb-grid-column-d237cfe1\"><div class=\"gb-container gb-container-d237cfe1\">\n\n<figure class=\"gb-block-image gb-block-image-edc76db2\"><img loading=\"lazy\" decoding=\"async\" width=\"500\" height=\"359\" class=\"gb-image gb-image-edc76db2\" src=\"https:\/\/acp-global.net\/wp-content\/uploads\/acp_automotive_02.jpg\" alt=\"\" title=\"acp_automotive_02\" srcset=\"https:\/\/acp-global.net\/wp-content\/uploads\/acp_automotive_02.jpg 500w, https:\/\/acp-global.net\/wp-content\/uploads\/acp_automotive_02-300x215.jpg 300w, https:\/\/acp-global.net\/wp-content\/uploads\/acp_automotive_02-104x75.jpg 104w, https:\/\/acp-global.net\/wp-content\/uploads\/acp_automotive_02-167x120.jpg 167w\" sizes=\"auto, (max-width: 500px) 100vw, 500px\" \/><\/figure>\n\n<\/div><\/div>\n<\/div>\n<\/div><\/div>\n<\/div>\n<\/div>\n<\/section><section class=\"gb-container gb-container-11d1c095 overflowvisible gb-container-align-left-half-section-alt\">\n<div class=\"gb-container gb-container-c9136177\">\n<div class=\"gb-grid-wrapper gb-grid-wrapper-51e1d11d\">\n<div class=\"gb-grid-column gb-grid-column-91c3c72e gb-grid-column-align-top-left\"><div class=\"gb-container gb-container-91c3c72e gb-container-align-top-left\" data-aos=\"fade-left\">\n\n<figure class=\"gb-block-image gb-block-image-12039d46\"><img loading=\"lazy\" decoding=\"async\" width=\"735\" height=\"560\" class=\"gb-image gb-image-12039d46\" src=\"https:\/\/acp-global.net\/wp-content\/uploads\/acp_automotive_vorteile-der-stahlbaender.png\" alt=\"\" title=\"acp_automotive_ventajas_de_las_correas_de_acero\" srcset=\"https:\/\/acp-global.net\/wp-content\/uploads\/acp_automotive_vorteile-der-stahlbaender.png 735w, https:\/\/acp-global.net\/wp-content\/uploads\/acp_automotive_vorteile-der-stahlbaender-300x229.png 300w, https:\/\/acp-global.net\/wp-content\/uploads\/acp_automotive_vorteile-der-stahlbaender-98x75.png 98w, https:\/\/acp-global.net\/wp-content\/uploads\/acp_automotive_vorteile-der-stahlbaender-158x120.png 158w\" sizes=\"auto, (max-width: 735px) 100vw, 735px\" \/><\/figure>\n\n<\/div><\/div>\n\n<div class=\"gb-grid-column gb-grid-column-232cbe27\"><div class=\"gb-container gb-container-232cbe27\" data-aos=\"fade-left\">\n\n<div class=\"wp-block-pixel-headline headlines is-subheadline-top has-text-align-left\"><h2 class=\"headline\" style=\"color:\">Ventajas de las bandas punzonadoras de acero ACP<\/h2><span class=\"subheadline\" style=\"color:\">Tecnolog\u00eda de sellado<\/span><\/div>\n\n\n\n<p class=\"wp-block-paragraph\">Los perfiles de EPDM y TPE se extruyen sin fin en largas l\u00edneas de producci\u00f3n. En este proceso, el compuesto se coextruye con la cinta de andamiaje. Para reducir los tiempos de inactividad en el proceso del cliente, ofrecemos nuestros productos bobinados sin fin seg\u00fan las especificaciones del cliente.<\/p>\n\n<\/div><\/div>\n<\/div>\n<\/div>\n<\/section><section class=\"gb-container gb-container-bb9b12da gb-container-align-right-third\">\n<div class=\"gb-container gb-container-a7c9f736\">\n<div class=\"gb-grid-wrapper gb-grid-wrapper-2e27c824\">\n<div class=\"gb-grid-column gb-grid-column-c6de5565\"><div class=\"gb-container gb-container-c6de5565\" data-aos=\"fade-left\">\n\n<div class=\"wp-block-pixel-headline headlines is-subheadline-top has-text-align-left\"><h2 class=\"headline\" style=\"color:\">cintas de andamiaje con promotor de adherencia<\/h2><span class=\"subheadline\" style=\"color:\">Revestimiento profesional<\/span><\/div>\n\n\n\n<p class=\"wp-block-paragraph\">Para conseguir una adherencia \u00f3ptima entre el metal y el caucho durante el proceso de extrusi\u00f3n, las bandas de punzonado ACP se recubren con un Promotor de adherencia antes del proceso de punzonado propiamente dicho. Para ello, existen diversos Promotores de adherencia. Los requisitos espec\u00edficos de los clientes pueden comprobarse y probarse con precisi\u00f3n de antemano en nuestros laboratorios de pruebas.<\/p>\n\n<\/div><\/div>\n\n<div class=\"gb-grid-column gb-grid-column-bca42583\"><div class=\"gb-container gb-container-bca42583\" data-aos=\"fade-left\">\n\n<figure class=\"gb-block-image gb-block-image-02e9bc6f\"><img loading=\"lazy\" decoding=\"async\" width=\"650\" height=\"500\" class=\"gb-image gb-image-02e9bc6f\" src=\"https:\/\/acp-global.net\/wp-content\/uploads\/haftvermittler_gummi.png\" alt=\"\" title=\"caucho_adhesivo\" srcset=\"https:\/\/acp-global.net\/wp-content\/uploads\/haftvermittler_gummi.png 650w, https:\/\/acp-global.net\/wp-content\/uploads\/haftvermittler_gummi-300x231.png 300w, https:\/\/acp-global.net\/wp-content\/uploads\/haftvermittler_gummi-98x75.png 98w, https:\/\/acp-global.net\/wp-content\/uploads\/haftvermittler_gummi-156x120.png 156w\" sizes=\"auto, (max-width: 650px) 100vw, 650px\" \/><\/figure>\n\n<\/div><\/div>\n<\/div>\n<\/div>\n<\/section><section class=\"gb-container gb-container-04d57702\" id=\"contact\">\n<div class=\"gb-container gb-container-31e27eda\">\n\t\t\t\t<div id=\"kontakt\" class=\"contact-form is-style-address gb-grid-wrapper\" >\r\n\r\n\t\t\t\t\t\t\t\t\t\t\t<div class=\"contact-form-head gb-grid-column\" style=\"width: 100%;\">\r\n\t\t\t\t\t\t\t<div class=\"wp-block-pixel-headline headlines is-subheadline-top is-h1 has-text-align-left\">\r\n\t\t\t\t\t\t\t\t<h2 class=\"headline is-h1\">P\u00f3ngase en contacto con nosotros<\/h2>\r\n\t\t\t\t\t\t\t\t<span class=\"subheadline\">\u00bfObjetivos, planes, preguntas, deseos?<\/span>\r\n\t\t\t\t\t\t\t<\/div>\r\n\t\t\t\t\t\t<\/div>\r\n                    \r\n\t\t\t\t\t\t\t\t\t\t\t<address class=\"contact-form-side gb-grid-column\">\r\n\t\t\t\t\t\t \r\n\t\t\t<div class=\"card card-location card-location-1190\">\r\n\t\t\t\t<div class=\"card-media\"><img loading=\"lazy\" decoding=\"async\" width=\"1640\" height=\"285\" src=\"https:\/\/acp-global.net\/wp-content\/uploads\/acp_deutschland.png\" class=\"attachment-full size-full\" alt=\"\" srcset=\"https:\/\/acp-global.net\/wp-content\/uploads\/acp_deutschland.png 1640w, https:\/\/acp-global.net\/wp-content\/uploads\/acp_deutschland-300x52.png 300w, https:\/\/acp-global.net\/wp-content\/uploads\/acp_deutschland-1024x178.png 1024w, https:\/\/acp-global.net\/wp-content\/uploads\/acp_deutschland-768x133.png 768w, https:\/\/acp-global.net\/wp-content\/uploads\/acp_deutschland-1536x267.png 1536w, https:\/\/acp-global.net\/wp-content\/uploads\/acp_deutschland-432x75.png 432w, https:\/\/acp-global.net\/wp-content\/uploads\/acp_deutschland-691x120.png 691w\" sizes=\"auto, (max-width: 1640px) 100vw, 1640px\" \/><\/div>\t\t\t\t<div class=\"card-content\">\r\n\t\t\t\t\t<div class=\"card-inner\">\r\n\t\t\t\t\t\t<span class=\"card-headline headline is-h4\">ACP Deutschland<\/span><div class=\"card-copy\"><span class=\"card-line card-line-street\">Sch\u00e4fergasse 1<\/span><span class=\"card-line card-line-city\">36433 Bad Salzungen<\/span><span class=\"card-line card-line-country\">Deutschland<\/span><\/div>\t\t\t\t\t<\/div>\r\n\r\n\t\t\t\t\t<div class=\"card-action\"><span class=\"card-line card-line-phone\"><a href=\"tel:49036956630\" target=\"_blank\" rel=\"nofollow\">+49 (0) 3695 663-0<\/a><\/span><span class=\"card-line card-line-fax\">+49 (0) 3695 663-106<\/span><span class=\"card-line card-line-email\"><a href=\"mailto:info@acp-d.com\" target=\"_blank\" rel=\"nofollow\">info@acp-d.com<\/a><\/span><span class=\"card-line card-line-web\"><a href=\"https:\/\/acp-global.net\/unternehmen\/acp-deutschland\" target=\"_blank\">Al sitio web<\/a><\/span><span class=\"card-line card-line-maps\"><a class=\"gb-button gb-button-dark-blue-outlined is-style-outline\" href=\"https:\/\/www.google.com\/maps\/search\/?api=1&#038;query=ACP Deutschland+Sch\u00e4fergasse 1+36433 Bad Salzungen\" target=\"_blank\"><span class=\"gb-button-text\">Google Maps<\/span><\/span><\/a><\/span><\/div>\t\t\t\t<\/div>\r\n\t\t\t<\/div>\r\n\t\t\t\t\t\t\t\t<\/address>\t\r\n\t\t\t\t\t\r\n\t\t\t\t\t\t\t\r\n\t\t\t\t\t<div class=\"contact-form-main gb-grid-column\">\r\n                        \r\n                        \t\t\t\t\t\t\n<div class=\"wpcf7 no-js\" id=\"wpcf7-f6649-o1\" lang=\"es-ES\" dir=\"ltr\" data-wpcf7-id=\"6649\">\n<div class=\"screen-reader-response\"><p role=\"status\" aria-live=\"polite\" aria-atomic=\"true\"><\/p> <ul><\/ul><\/div>\n<form action=\"\/es\/wp-json\/wp\/v2\/pages\/6761#wpcf7-f6649-o1\" method=\"post\" class=\"wpcf7-form init\" aria-label=\"Formulario de contacto\" novalidate=\"novalidate\" data-status=\"init\">\n<fieldset class=\"hidden-fields-container\"><input type=\"hidden\" name=\"_wpcf7\" value=\"6649\" \/><input type=\"hidden\" name=\"_wpcf7_version\" value=\"6.1.5\" \/><input type=\"hidden\" name=\"_wpcf7_locale\" value=\"es_ES\" \/><input type=\"hidden\" name=\"_wpcf7_unit_tag\" value=\"wpcf7-f6649-o1\" \/><input type=\"hidden\" name=\"_wpcf7_container_post\" value=\"0\" \/><input type=\"hidden\" name=\"_wpcf7_posted_data_hash\" value=\"\" \/>\n<\/fieldset>\n<div class=\"form-fields form-fields-3\">\n<div class=\"form-field recipient-field\"><label>\u00bfCon qu\u00e9 sede de la ACP desea ponerse en contacto?<\/label><span class=\"wpcf7-form-control-wrap\" data-name=\"recipient\"><select class=\"wpcf7-form-control wpcf7-select wpcf7-validates-as-required\" aria-required=\"true\" aria-invalid=\"false\" name=\"recipient\"><option value=\"Deutschland\">Deutschland<\/option><option value=\"France\">France<\/option><option value=\"Canada\">Canada<\/option><option value=\"USA\">USA<\/option><option value=\"Mexico\">Mexico<\/option><option value=\"Brasil\">Brasil<\/option><option value=\"China\">China<\/option><\/select><\/span><\/div>\n<div class=\"form-field\"><label>Nombre<\/label><span class=\"wpcf7-form-control-wrap\" data-name=\"fname\"><input size=\"40\" maxlength=\"400\" class=\"wpcf7-form-control wpcf7-text wpcf7-validates-as-required\" aria-required=\"true\" aria-invalid=\"false\" value=\"\" type=\"text\" name=\"fname\" \/><\/span><\/div>\n<div class=\"form-field\"><label>Nombre<\/label><span class=\"wpcf7-form-control-wrap\" data-name=\"lname\"><input size=\"40\" maxlength=\"400\" class=\"wpcf7-form-control wpcf7-text wpcf7-validates-as-required\" aria-required=\"true\" aria-invalid=\"false\" value=\"\" type=\"text\" name=\"lname\" \/><\/span><\/div>\n<div class=\"form-field\"><label>Posici\u00f3n<\/label><span class=\"wpcf7-form-control-wrap\" data-name=\"position\"><input size=\"40\" maxlength=\"400\" class=\"wpcf7-form-control wpcf7-text\" aria-invalid=\"false\" value=\"\" type=\"text\" name=\"position\" \/><\/span><\/div>\n<div class=\"form-field\"><label>La empresa<\/label><span class=\"wpcf7-form-control-wrap\" data-name=\"company\"><input size=\"40\" maxlength=\"400\" class=\"wpcf7-form-control wpcf7-text\" aria-invalid=\"false\" value=\"\" type=\"text\" name=\"company\" \/><\/span><\/div>\n<div class=\"form-field\"><label>Tel\u00e9fono<\/label><span class=\"wpcf7-form-control-wrap\" data-name=\"phone\"><input size=\"40\" maxlength=\"400\" class=\"wpcf7-form-control wpcf7-text\" aria-invalid=\"false\" value=\"\" type=\"text\" name=\"phone\" \/><\/span><\/div>\n<div class=\"form-field\"><label>e-mail*<\/label><span class=\"wpcf7-form-control-wrap\" data-name=\"mail\"><input size=\"40\" maxlength=\"400\" class=\"wpcf7-form-control wpcf7-email wpcf7-validates-as-required wpcf7-text wpcf7-validates-as-email\" aria-required=\"true\" aria-invalid=\"false\" value=\"\" type=\"email\" name=\"mail\" \/><\/span><\/div>\n<\/div>\n<div class=\"form-field textarea\"><label>Su mensaje<\/label><span class=\"wpcf7-form-control-wrap\" data-name=\"message\"><textarea cols=\"40\" rows=\"10\" maxlength=\"2000\" class=\"wpcf7-form-control wpcf7-textarea\" aria-invalid=\"false\" name=\"message\"><\/textarea><\/span><\/div>\n\n<span class=\"required\">Los campos marcados con * son obligatorios.<\/span>\n<div class=\"form-fields form-footer\">\n<div class=\"form-privacy\"><span class=\"wpcf7-form-control-wrap\" data-name=\"ds\"><span class=\"wpcf7-form-control wpcf7-acceptance\"><span class=\"wpcf7-list-item\"><input type=\"checkbox\" name=\"ds\" value=\"1\" aria-invalid=\"false\" \/><\/span><\/span><\/span><span class=\"privacy-policy-note\">Acepto la <a href=\"\/rechtliches\/datenschutz\/\" target=\"_blank\">pol\u00edtica de privacidad<\/a>.<\/span><\/div>\n<span id=\"wpcf7-69d135b03b0c5-wrapper\" class=\"wpcf7-form-control-wrap email-address-wrap\" style=\"display:none !important; visibility:hidden !important;\"><input type=\"hidden\" name=\"email-address-time-start\" value=\"1775318448\"><input type=\"hidden\" name=\"email-address-time-check\" value=\"2\"><label for=\"wpcf7-69d135b03b0c5-field\" class=\"hp-message\">email-address<\/label><input id=\"wpcf7-69d135b03b0c5-field\"  class=\"wpcf7-form-control wpcf7-text\" type=\"text\" name=\"email-address\" value=\"\" size=\"40\" tabindex=\"-1\" autocomplete=\"off\" \/><\/span>\n<div class=\"form-submit\"><button id=\"submit\" class=\"wpcf7-form-control wpcf7-submit\">Env\u00edo de<\/button><\/div>\n<\/div><div class=\"wpcf7-response-output\" aria-hidden=\"true\"><\/div>\n<\/form>\n<\/div>\n\t\t\t\t\t<\/div> \r\n\t\t\r\n\t\t\t\t<\/div>\r\n\t\t\t\n<\/div>\n<\/section>","protected":false},"excerpt":{"rendered":"","protected":false},"author":1,"featured_media":0,"parent":6743,"menu_order":0,"comment_status":"closed","ping_status":"closed","template":"","meta":{"_acf_changed":false,"_crdt_document":"","footnotes":""},"class_list":["post-6761","page","type-page","status-publish"],"acf":[],"yoast_head":"<!-- This site is optimized with the Yoast SEO plugin v27.2 - https:\/\/yoast.com\/product\/yoast-seo-wordpress\/ -->\n<title>Fabricante de juntas, cintas y perfiles de extrusi\u00f3n para automoci\u00f3n<\/title>\n<meta name=\"description\" content=\"Cintas de corte y punzonado en perfiles de EPDM y TPE \u2713 Perfiles de extrusi\u00f3n para diversos tipos de veh\u00edculos \u2713 Aplicaci\u00f3n est\u00e1tica y din\u00e1mica \u2713 \u00a1M\u00e1s informaci\u00f3n!\" \/>\n<meta name=\"robots\" content=\"index, follow, max-snippet:-1, max-image-preview:large, max-video-preview:-1\" \/>\n<link rel=\"canonical\" href=\"https:\/\/acp-global.net\/es\/ambitos-de-aplicacion\/automocion\/\" \/>\n<meta property=\"og:locale\" content=\"es_ES\" \/>\n<meta property=\"og:type\" content=\"article\" \/>\n<meta property=\"og:title\" content=\"Fabricante de juntas, cintas y perfiles de extrusi\u00f3n para automoci\u00f3n\" \/>\n<meta property=\"og:description\" content=\"Cintas de corte y punzonado en perfiles de EPDM y TPE \u2713 Perfiles de extrusi\u00f3n para diversos tipos de veh\u00edculos \u2713 Aplicaci\u00f3n est\u00e1tica y din\u00e1mica \u2713 \u00a1M\u00e1s informaci\u00f3n!\" \/>\n<meta property=\"og:url\" content=\"https:\/\/acp-global.net\/es\/ambitos-de-aplicacion\/automocion\/\" \/>\n<meta property=\"og:site_name\" content=\"ACP Group\" \/>\n<meta property=\"article:modified_time\" content=\"2024-06-24T12:55:15+00:00\" \/>\n<meta property=\"og:image\" content=\"https:\/\/acp-global.net\/wp-content\/uploads\/acp_automotive_01.jpg\" \/>\n<meta name=\"twitter:card\" content=\"summary_large_image\" \/>\n<meta name=\"twitter:label1\" content=\"Tiempo de lectura\" \/>\n\t<meta name=\"twitter:data1\" content=\"2 minutos\" \/>\n<script type=\"application\/ld+json\" class=\"yoast-schema-graph\">{\"@context\":\"https:\/\/schema.org\",\"@graph\":[{\"@type\":\"WebPage\",\"@id\":\"https:\/\/acp-global.net\/es\/ambitos-de-aplicacion\/automocion\/\",\"url\":\"https:\/\/acp-global.net\/es\/ambitos-de-aplicacion\/automocion\/\",\"name\":\"Fabricante de juntas, cintas y perfiles de extrusi\u00f3n para automoci\u00f3n\",\"isPartOf\":{\"@id\":\"https:\/\/acp-global.net\/es\/#website\"},\"primaryImageOfPage\":{\"@id\":\"https:\/\/acp-global.net\/es\/ambitos-de-aplicacion\/automocion\/#primaryimage\"},\"image\":{\"@id\":\"https:\/\/acp-global.net\/es\/ambitos-de-aplicacion\/automocion\/#primaryimage\"},\"thumbnailUrl\":\"https:\/\/acp-global.net\/wp-content\/uploads\/acp_automotive_01.jpg\",\"datePublished\":\"2024-01-30T13:41:08+00:00\",\"dateModified\":\"2024-06-24T12:55:15+00:00\",\"description\":\"Cintas de corte y punzonado en perfiles de EPDM y TPE \u2713 Perfiles de extrusi\u00f3n para diversos tipos de veh\u00edculos \u2713 Aplicaci\u00f3n est\u00e1tica y din\u00e1mica \u2713 \u00a1M\u00e1s informaci\u00f3n!\",\"breadcrumb\":{\"@id\":\"https:\/\/acp-global.net\/es\/ambitos-de-aplicacion\/automocion\/#breadcrumb\"},\"inLanguage\":\"es\",\"potentialAction\":[{\"@type\":\"ReadAction\",\"target\":[\"https:\/\/acp-global.net\/es\/ambitos-de-aplicacion\/automocion\/\"]}]},{\"@type\":\"ImageObject\",\"inLanguage\":\"es\",\"@id\":\"https:\/\/acp-global.net\/es\/ambitos-de-aplicacion\/automocion\/#primaryimage\",\"url\":\"https:\/\/acp-global.net\/wp-content\/uploads\/acp_automotive_01.jpg\",\"contentUrl\":\"https:\/\/acp-global.net\/wp-content\/uploads\/acp_automotive_01.jpg\"},{\"@type\":\"BreadcrumbList\",\"@id\":\"https:\/\/acp-global.net\/es\/ambitos-de-aplicacion\/automocion\/#breadcrumb\",\"itemListElement\":[{\"@type\":\"ListItem\",\"position\":1,\"name\":\"Startseite\",\"item\":\"https:\/\/acp-global.net\/es\/\"},{\"@type\":\"ListItem\",\"position\":2,\"name\":\"\u00c1mbitos de aplicaci\u00f3n\",\"item\":\"https:\/\/acp-global.net\/es\/ambitos-de-aplicacion\/\"},{\"@type\":\"ListItem\",\"position\":3,\"name\":\"Automoci\u00f3n\"}]},{\"@type\":\"WebSite\",\"@id\":\"https:\/\/acp-global.net\/es\/#website\",\"url\":\"https:\/\/acp-global.net\/es\/\",\"name\":\"ACP Group\",\"description\":\"\",\"publisher\":{\"@id\":\"https:\/\/acp-global.net\/es\/#organization\"},\"potentialAction\":[{\"@type\":\"SearchAction\",\"target\":{\"@type\":\"EntryPoint\",\"urlTemplate\":\"https:\/\/acp-global.net\/es\/?s={search_term_string}\"},\"query-input\":{\"@type\":\"PropertyValueSpecification\",\"valueRequired\":true,\"valueName\":\"search_term_string\"}}],\"inLanguage\":\"es\"},{\"@type\":\"Organization\",\"@id\":\"https:\/\/acp-global.net\/es\/#organization\",\"name\":\"ACP Group\",\"url\":\"https:\/\/acp-global.net\/es\/\",\"logo\":{\"@type\":\"ImageObject\",\"inLanguage\":\"es\",\"@id\":\"https:\/\/acp-global.net\/es\/#\/schema\/logo\/image\/\",\"url\":\"https:\/\/acp-global.net\/wp-content\/uploads\/acp_group.png\",\"contentUrl\":\"https:\/\/acp-global.net\/wp-content\/uploads\/acp_group.png\",\"width\":1232,\"height\":285,\"caption\":\"ACP Group\"},\"image\":{\"@id\":\"https:\/\/acp-global.net\/es\/#\/schema\/logo\/image\/\"}}]}<\/script>\n<!-- \/ Yoast SEO plugin. -->","yoast_head_json":{"title":"Fabricante de juntas, cintas y perfiles de extrusi\u00f3n para automoci\u00f3n","description":"Cintas de corte y punzonado en perfiles de EPDM y TPE \u2713 Perfiles de extrusi\u00f3n para diversos tipos de veh\u00edculos \u2713 Aplicaci\u00f3n est\u00e1tica y din\u00e1mica \u2713 \u00a1M\u00e1s informaci\u00f3n!","robots":{"index":"index","follow":"follow","max-snippet":"max-snippet:-1","max-image-preview":"max-image-preview:large","max-video-preview":"max-video-preview:-1"},"canonical":"https:\/\/acp-global.net\/es\/ambitos-de-aplicacion\/automocion\/","og_locale":"es_ES","og_type":"article","og_title":"Fabricante de juntas, cintas y perfiles de extrusi\u00f3n para automoci\u00f3n","og_description":"Cintas de corte y punzonado en perfiles de EPDM y TPE \u2713 Perfiles de extrusi\u00f3n para diversos tipos de veh\u00edculos \u2713 Aplicaci\u00f3n est\u00e1tica y din\u00e1mica \u2713 \u00a1M\u00e1s informaci\u00f3n!","og_url":"https:\/\/acp-global.net\/es\/ambitos-de-aplicacion\/automocion\/","og_site_name":"ACP Group","article_modified_time":"2024-06-24T12:55:15+00:00","og_image":[{"url":"https:\/\/acp-global.net\/wp-content\/uploads\/acp_automotive_01.jpg","type":"","width":"","height":""}],"twitter_card":"summary_large_image","twitter_misc":{"Tiempo de lectura":"2 minutos"},"schema":{"@context":"https:\/\/schema.org","@graph":[{"@type":"WebPage","@id":"https:\/\/acp-global.net\/es\/ambitos-de-aplicacion\/automocion\/","url":"https:\/\/acp-global.net\/es\/ambitos-de-aplicacion\/automocion\/","name":"Fabricante de juntas, cintas y perfiles de extrusi\u00f3n para automoci\u00f3n","isPartOf":{"@id":"https:\/\/acp-global.net\/es\/#website"},"primaryImageOfPage":{"@id":"https:\/\/acp-global.net\/es\/ambitos-de-aplicacion\/automocion\/#primaryimage"},"image":{"@id":"https:\/\/acp-global.net\/es\/ambitos-de-aplicacion\/automocion\/#primaryimage"},"thumbnailUrl":"https:\/\/acp-global.net\/wp-content\/uploads\/acp_automotive_01.jpg","datePublished":"2024-01-30T13:41:08+00:00","dateModified":"2024-06-24T12:55:15+00:00","description":"Cintas de corte y punzonado en perfiles de EPDM y TPE \u2713 Perfiles de extrusi\u00f3n para diversos tipos de veh\u00edculos \u2713 Aplicaci\u00f3n est\u00e1tica y din\u00e1mica \u2713 \u00a1M\u00e1s informaci\u00f3n!","breadcrumb":{"@id":"https:\/\/acp-global.net\/es\/ambitos-de-aplicacion\/automocion\/#breadcrumb"},"inLanguage":"es","potentialAction":[{"@type":"ReadAction","target":["https:\/\/acp-global.net\/es\/ambitos-de-aplicacion\/automocion\/"]}]},{"@type":"ImageObject","inLanguage":"es","@id":"https:\/\/acp-global.net\/es\/ambitos-de-aplicacion\/automocion\/#primaryimage","url":"https:\/\/acp-global.net\/wp-content\/uploads\/acp_automotive_01.jpg","contentUrl":"https:\/\/acp-global.net\/wp-content\/uploads\/acp_automotive_01.jpg"},{"@type":"BreadcrumbList","@id":"https:\/\/acp-global.net\/es\/ambitos-de-aplicacion\/automocion\/#breadcrumb","itemListElement":[{"@type":"ListItem","position":1,"name":"Startseite","item":"https:\/\/acp-global.net\/es\/"},{"@type":"ListItem","position":2,"name":"\u00c1mbitos de aplicaci\u00f3n","item":"https:\/\/acp-global.net\/es\/ambitos-de-aplicacion\/"},{"@type":"ListItem","position":3,"name":"Automoci\u00f3n"}]},{"@type":"WebSite","@id":"https:\/\/acp-global.net\/es\/#website","url":"https:\/\/acp-global.net\/es\/","name":"ACP Group","description":"","publisher":{"@id":"https:\/\/acp-global.net\/es\/#organization"},"potentialAction":[{"@type":"SearchAction","target":{"@type":"EntryPoint","urlTemplate":"https:\/\/acp-global.net\/es\/?s={search_term_string}"},"query-input":{"@type":"PropertyValueSpecification","valueRequired":true,"valueName":"search_term_string"}}],"inLanguage":"es"},{"@type":"Organization","@id":"https:\/\/acp-global.net\/es\/#organization","name":"ACP Group","url":"https:\/\/acp-global.net\/es\/","logo":{"@type":"ImageObject","inLanguage":"es","@id":"https:\/\/acp-global.net\/es\/#\/schema\/logo\/image\/","url":"https:\/\/acp-global.net\/wp-content\/uploads\/acp_group.png","contentUrl":"https:\/\/acp-global.net\/wp-content\/uploads\/acp_group.png","width":1232,"height":285,"caption":"ACP Group"},"image":{"@id":"https:\/\/acp-global.net\/es\/#\/schema\/logo\/image\/"}}]}},"_links":{"self":[{"href":"https:\/\/acp-global.net\/es\/wp-json\/wp\/v2\/pages\/6761","targetHints":{"allow":["GET"]}}],"collection":[{"href":"https:\/\/acp-global.net\/es\/wp-json\/wp\/v2\/pages"}],"about":[{"href":"https:\/\/acp-global.net\/es\/wp-json\/wp\/v2\/types\/page"}],"author":[{"embeddable":true,"href":"https:\/\/acp-global.net\/es\/wp-json\/wp\/v2\/users\/1"}],"replies":[{"embeddable":true,"href":"https:\/\/acp-global.net\/es\/wp-json\/wp\/v2\/comments?post=6761"}],"version-history":[{"count":3,"href":"https:\/\/acp-global.net\/es\/wp-json\/wp\/v2\/pages\/6761\/revisions"}],"predecessor-version":[{"id":7832,"href":"https:\/\/acp-global.net\/es\/wp-json\/wp\/v2\/pages\/6761\/revisions\/7832"}],"up":[{"embeddable":true,"href":"https:\/\/acp-global.net\/es\/wp-json\/wp\/v2\/pages\/6743"}],"wp:attachment":[{"href":"https:\/\/acp-global.net\/es\/wp-json\/wp\/v2\/media?parent=6761"}],"curies":[{"name":"wp","href":"https:\/\/api.w.org\/{rel}","templated":true}]}}