{"id":6836,"date":"2023-07-26T10:03:42","date_gmt":"2023-07-26T08:03:42","guid":{"rendered":"https:\/\/acp.pixel-tal.de\/empresa\/codigo-de-conducta\/"},"modified":"2024-06-24T16:15:43","modified_gmt":"2024-06-24T14:15:43","slug":"codigo-de-conducta","status":"publish","type":"page","link":"https:\/\/acp-global.net\/es\/empresa\/codigo-de-conducta\/","title":{"rendered":"C\u00f3digo de conducta"},"content":{"rendered":"        \n            <!-- hero -->\n        \n                    \n            <div id=\"hero-1bf8a8746d2ce035e14ef472a872a368\" class=\"hero\">\n\t\t\t\t<div class=\"hero-slider\">\t\t\t\t\n        \n            <!-- hero -->\n        \n                    \n            <div  class=\"hero-slide hero-slide-00429f55e0a949e6f38d7f08ab1333aa \">\n\n\t\t\t\t<div class=\"hero-canvas\">\n\t\t\t\t\t<div class=\"hero-content\">\n\t\t\t\t\t\t<span class=\"hero-subheadline subheadline\">Respeto, valor, compromiso<\/span>\t\t\t\t\t\t<h1 class=\"hero-headline headline\">Nuestra visi\u00f3n<\/h1>\t\t\t\t\t\t\t\t\t\t\t<\/div>\n\t\t\t\t<\/div>\n\n                \t\t\t\t\t<div class=\"hero-background\">\n                        <div class=\"hero-overlay\"><\/div>\n\t\t\t\t\t\t<img decoding=\"async\" src=\"https:\/\/acp-global.net\/wp-content\/uploads\/hero-vision.jpg\" \/>\n\t\t\t\t\t<\/div>\n\t\t\t\t\n                \n\t\t\t<\/div>\n        \n                    \n            <!-- end:hero -->\n        \n            \n\n\t\t\t\t<\/div>\t\t\t<\/div>\n        \n                    \n            <!-- end:hero -->\n        \n            <section class=\"gb-container gb-container-91ab36d0 gb-container-section-white\" id=\"intro\">\n<div class=\"gb-container gb-container-2c1e5245\">\n<div class=\"gb-grid-wrapper gb-grid-wrapper-bec5e074\">\n<div class=\"gb-grid-column gb-grid-column-5695831f\"><div class=\"gb-container gb-container-5695831f\" data-aos=\"fade-right\">\n\n<div class=\"wp-block-pixel-headline headlines is-subheadline-top has-text-align-left\"><h2 class=\"headline\" style=\"color:\">Estamos orgullosos de nuestros productos<\/h2><span class=\"subheadline\" style=\"color:\">EL GRUPO ACP comparte los valores del GRUPO HUEHOCO<\/span><\/div>\n\n<\/div><\/div>\n\n<div class=\"gb-grid-column gb-grid-column-feff83bb\"><div class=\"gb-container gb-container-feff83bb\" data-aos=\"fade-right\">\n\n<p class=\"wp-block-paragraph\">Esta visi\u00f3n expresa la esencia, la singularidad de nuestro Grupo y transmite lo que nos hace especiales y seguir\u00e1 haci\u00e9ndolo en el futuro.<\/p>\n\n\n\n<p class=\"wp-block-paragraph\"><strong>Pero&#8230; \u00bfqui\u00e9nes somos? \u00bfQu\u00e9 somos? \u00bfC\u00f3mo somos?<\/strong><\/p>\n\n\n\n<p class=\"wp-block-paragraph\">Filosof\u00eda, valores y misi\u00f3n de la empresa: \u00bfqu\u00e9 dicen de nosotros? \u00bfSe nos impone algo o vivimos lo que &#8220;asumimos la causa&#8221;? Quiz\u00e1 no siempre tenga que cumplir todos los requisitos en todas las situaciones y en todo momento. Pero debe haber un objetivo unificado.<\/p>\n\n\n\n<p class=\"wp-block-paragraph\">Un c\u00f3digo de conducta com\u00fan al que podamos ajustarnos.<\/p>\n\n\n\n<p class=\"wp-block-paragraph\">Una visi\u00f3n clara de los valores y los procesos de toma de decisiones que seguir\u00e1n dando forma a nuestro GRUPO HUEHOCO en los pr\u00f3ximos a\u00f1os y nos acompa\u00f1ar\u00e1n en nuestro camino hacia el futuro.<\/p>\n\n\n\n<p class=\"has-color-light-color has-text-color wp-block-paragraph\"><strong>Estaremos encantados de acompa\u00f1arle en este viaje.<\/strong><\/p>\n\n<\/div><\/div>\n\n<div class=\"gb-grid-column gb-grid-column-d13f797f\"><div class=\"gb-container gb-container-d13f797f\" data-aos=\"fade-left\">\n\n<figure class=\"wp-block-embed is-type-video is-provider-youtube wp-block-embed-youtube wp-embed-aspect-16-9 wp-has-aspect-ratio\"><div class=\"wp-block-embed__wrapper\">\n <div class=\"brlbs-cmpnt-container brlbs-cmpnt-content-blocker brlbs-cmpnt-with-individual-styles\" data-borlabs-cookie-content-blocker-id=\"youtube-content-blocker\" data-borlabs-cookie-content=\"PGlmcmFtZSB0aXRsZT0iSFVFSE9DTyBXZXJ0ZSIgd2lkdGg9IjE3NzgiIGhlaWdodD0iMTAwMCIgc3JjPSJodHRwczovL3d3dy55b3V0dWJlLW5vY29va2llLmNvbS9lbWJlZC82QTFQZld4Z2RwWT9mZWF0dXJlPW9lbWJlZCIgZnJhbWVib3JkZXI9IjAiIGFsbG93PSJhY2NlbGVyb21ldGVyOyBhdXRvcGxheTsgY2xpcGJvYXJkLXdyaXRlOyBlbmNyeXB0ZWQtbWVkaWE7IGd5cm9zY29wZTsgcGljdHVyZS1pbi1waWN0dXJlOyB3ZWItc2hhcmUiIGFsbG93ZnVsbHNjcmVlbj48L2lmcmFtZT4=\"><div class=\"brlbs-cmpnt-cb-preset-c brlbs-cmpnt-cb-youtube\"> <div class=\"brlbs-cmpnt-cb-thumbnail\" style=\"background-image: url('https:\/\/acp-global.net\/wp-content\/uploads\/borlabs-cookie\/1\/yt_6A1PfWxgdpY_hqdefault.jpg')\"><\/div> <div class=\"brlbs-cmpnt-cb-main\"> <div class=\"brlbs-cmpnt-cb-play-button\"><\/div> <div class=\"brlbs-cmpnt-cb-content\"> <p class=\"brlbs-cmpnt-cb-description\">Est\u00e1s viendo un contenido de marcador de posici\u00f3n de <strong>YouTube<\/strong>. Para acceder al contenido real, haz clic en el siguiente bot\u00f3n. Ten en cuenta que al hacerlo compartir\u00e1s datos con terceros proveedores.<\/p> <a class=\"brlbs-cmpnt-cb-provider-toggle\" href=\"#\" data-borlabs-cookie-show-provider-information role=\"button\" target=\"_blank\">M\u00e1s informaci\u00f3n<\/a> <\/div> <div class=\"brlbs-cmpnt-cb-buttons\"> <a class=\"brlbs-cmpnt-cb-btn\" href=\"#\" data-borlabs-cookie-unblock role=\"button\" target=\"_blank\">Desbloquear contenido<\/a> <a class=\"brlbs-cmpnt-cb-btn\" href=\"#\" data-borlabs-cookie-accept-service role=\"button\" style=\"display: inherit\" target=\"_blank\">Aceptar el servicio requerido y desbloquear los contenidos<\/a> <\/div> <\/div> <\/div><\/div>\n<\/div><\/figure>\n\n<\/div><\/div>\n<\/div>\n<\/div>\n<\/section><section class=\"gb-container gb-container-cd0a9321 gb-container-section-gradient\" id=\"werte\">\n<div class=\"gb-container gb-container-4469bb1b\">\n<div class=\"gb-grid-wrapper gb-grid-wrapper-722095b5\">\n<div class=\"gb-grid-column gb-grid-column-6c8b95ad\"><div class=\"gb-container gb-container-6c8b95ad\">\n\n<div class=\"wp-block-pixel-headline headlines is-subheadline-bottom has-text-align-left is-gap-sm\"><h2 class=\"headline is-h1\" style=\"color:\">Nuestros valores<\/h2><\/div>\n\n\n\n<p class=\"wp-block-paragraph\">Nos definimos a nosotros mismos y nuestro trato con los dem\u00e1s a trav\u00e9s de nuestros valores, ya sea dentro de la empresa o en relaci\u00f3n con nuestro entorno.<\/p>\n\n<\/div><\/div>\n<\/div>\n<\/div>\n\n<div class=\"gb-container gb-container-70ce0e7a werte-container\">\n<div class=\"gb-grid-wrapper gb-grid-wrapper-559beca1\">\n<div class=\"gb-grid-column gb-grid-column-ed3ef3f9\"><div class=\"gb-container gb-container-ed3ef3f9\">\n\n<figure class=\"gb-block-image gb-block-image-f40d4fe0\"><img loading=\"lazy\" decoding=\"async\" width=\"700\" height=\"700\" class=\"gb-image gb-image-f40d4fe0\" src=\"https:\/\/www.huehoco.com\/wp-content\/uploads\/werte_01.jpg\" alt=\"\" title=\"valores_01\" srcset=\"https:\/\/acp-global.net\/wp-content\/uploads\/werte_01.jpg 700w, https:\/\/acp-global.net\/wp-content\/uploads\/werte_01-300x300.jpg 300w, https:\/\/acp-global.net\/wp-content\/uploads\/werte_01-150x150.jpg 150w, https:\/\/acp-global.net\/wp-content\/uploads\/werte_01-75x75.jpg 75w, https:\/\/acp-global.net\/wp-content\/uploads\/werte_01-120x120.jpg 120w\" sizes=\"auto, (max-width: 700px) 100vw, 700px\" \/><\/figure>\n\n<\/div><\/div>\n\n<div class=\"gb-grid-column gb-grid-column-010bf4d1 gb-grid-column-box-fade\"><div class=\"gb-container gb-container-010bf4d1 gb-container-box-fade\">\n\n<div class=\"wp-block-pixel-headline headlines is-subheadline-bottom has-text-align-center is-gap-off\"><h3 class=\"headline\" style=\"color:var(--color-light)\">Respetar<\/h3><\/div>\n\n\n\n<p class=\"has-text-align-center wp-block-paragraph\">Respeto por todas las criaturas y recursos de nuestro planeta.<\/p>\n\n<\/div><\/div>\n\n<div class=\"gb-grid-column gb-grid-column-1cf789a3\"><div class=\"gb-container gb-container-1cf789a3\">\n\n<figure class=\"gb-block-image gb-block-image-befa5142\"><img loading=\"lazy\" decoding=\"async\" width=\"700\" height=\"700\" class=\"gb-image gb-image-befa5142\" src=\"https:\/\/www.huehoco.com\/wp-content\/uploads\/werte_02.jpg\" alt=\"\" title=\"valores_02\" srcset=\"https:\/\/acp-global.net\/wp-content\/uploads\/werte_02.jpg 700w, https:\/\/acp-global.net\/wp-content\/uploads\/werte_02-300x300.jpg 300w, https:\/\/acp-global.net\/wp-content\/uploads\/werte_02-150x150.jpg 150w, https:\/\/acp-global.net\/wp-content\/uploads\/werte_02-75x75.jpg 75w, https:\/\/acp-global.net\/wp-content\/uploads\/werte_02-120x120.jpg 120w\" sizes=\"auto, (max-width: 700px) 100vw, 700px\" \/><\/figure>\n\n<\/div><\/div>\n\n<div class=\"gb-grid-column gb-grid-column-57af6006 gb-grid-column-box-fade\"><div class=\"gb-container gb-container-57af6006 gb-container-box-fade\">\n\n<div class=\"wp-block-pixel-headline headlines is-subheadline-bottom has-text-align-center is-gap-off\"><h3 class=\"headline\" style=\"color:var(--color-light)\">Valor<\/h3><\/div>\n\n\n\n<p class=\"has-text-align-center wp-block-paragraph\">Abandonar activamente los caminos trillados, pensar de forma diferente y asumir la responsabilidad de tus propios actos.<\/p>\n\n<\/div><\/div>\n\n<div class=\"gb-grid-column gb-grid-column-22fdcb60\"><div class=\"gb-container gb-container-22fdcb60\">\n\n<figure class=\"gb-block-image gb-block-image-1b4c3e55\"><img loading=\"lazy\" decoding=\"async\" width=\"700\" height=\"700\" class=\"gb-image gb-image-1b4c3e55\" src=\"https:\/\/www.huehoco.com\/wp-content\/uploads\/werte_03.jpg\" alt=\"\" title=\"valores_03\" srcset=\"https:\/\/acp-global.net\/wp-content\/uploads\/werte_03.jpg 700w, https:\/\/acp-global.net\/wp-content\/uploads\/werte_03-300x300.jpg 300w, https:\/\/acp-global.net\/wp-content\/uploads\/werte_03-150x150.jpg 150w, https:\/\/acp-global.net\/wp-content\/uploads\/werte_03-75x75.jpg 75w, https:\/\/acp-global.net\/wp-content\/uploads\/werte_03-120x120.jpg 120w\" sizes=\"auto, (max-width: 700px) 100vw, 700px\" \/><\/figure>\n\n<\/div><\/div>\n\n<div class=\"gb-grid-column gb-grid-column-30ec78b6 gb-grid-column-box-fade\"><div class=\"gb-container gb-container-30ec78b6 gb-container-box-fade\">\n\n<div class=\"wp-block-pixel-headline headlines is-subheadline-bottom has-text-align-center is-gap-off\"><h3 class=\"headline\" style=\"color:var(--color-light)\">Compromiso<\/h3><\/div>\n\n\n\n<p class=\"has-text-align-center wp-block-paragraph\">Pensamiento orientado a la soluci\u00f3n, unido a determinaci\u00f3n para una actitud positiva y la mayor fiabilidad posible.<\/p>\n\n<\/div><\/div>\n\n<div class=\"gb-grid-column gb-grid-column-00318beb\"><div class=\"gb-container gb-container-00318beb\">\n\n<figure class=\"gb-block-image gb-block-image-0d6c756b\"><img loading=\"lazy\" decoding=\"async\" width=\"700\" height=\"700\" class=\"gb-image gb-image-0d6c756b\" src=\"https:\/\/www.huehoco.com\/wp-content\/uploads\/werte_04.jpg\" alt=\"\" title=\"valores_04\" srcset=\"https:\/\/acp-global.net\/wp-content\/uploads\/werte_04.jpg 700w, https:\/\/acp-global.net\/wp-content\/uploads\/werte_04-300x300.jpg 300w, https:\/\/acp-global.net\/wp-content\/uploads\/werte_04-150x150.jpg 150w, https:\/\/acp-global.net\/wp-content\/uploads\/werte_04-75x75.jpg 75w, https:\/\/acp-global.net\/wp-content\/uploads\/werte_04-120x120.jpg 120w\" sizes=\"auto, (max-width: 700px) 100vw, 700px\" \/><\/figure>\n\n<\/div><\/div>\n<\/div>\n<\/div>\n<\/section><section class=\"gb-container gb-container-a92f8cce gb-container-section-metal\">\n<div class=\"gb-container gb-container-1acc8506\">\n<div class=\"gb-grid-wrapper gb-grid-wrapper-1b0ff202\">\n<div class=\"gb-grid-column gb-grid-column-9b218cd3\"><div class=\"gb-container gb-container-9b218cd3\" data-aos=\"fade-in\">\n\n<div class=\"wp-block-pixel-headline headlines is-subheadline-bottom has-text-align-left\"><h2 class=\"headline is-h1\" style=\"color:\">Nuestra misi\u00f3n<\/h2><\/div>\n\n\n\n<p class=\"wp-block-paragraph\"><strong>Como empresa, nos hemos fijado unos objetivos<\/strong> que se reflejan en nuestros principios rectores. Responden a la pregunta sobre nuestra identidad en el mercado. Nuestros objetivos estrat\u00e9gicos estar\u00e1n en consonancia con ellos.<\/p>\n\n\n\n<p class=\"wp-block-paragraph\">Como empresa industrial familiar y econ\u00f3micamente independiente, somos el principal socio de nuestros clientes. Confirmamos nuestra responsabilidad en su \u00e9xito con nuestra voluntad incondicional de resolver incluso los problemas m\u00e1s complejos. Combinamos el coraje empresarial con la rapidez y la experiencia profesionales. As\u00ed es como creamos valor a\u00f1adido y confianza en nuestros mercados.<\/p>\n\n\n\n<p class=\"wp-block-paragraph\">Para que cada uno de nuestros empleados pueda decir:<\/p>\n\n\n\n<p class=\"wp-block-paragraph\"><mark style=\"background-color:rgba(0, 0, 0, 0)\" class=\"has-inline-color has-color-light-color\"><strong>HACEMOS QUE LA GENTE SE SIENTA ORGULLOSA<\/strong><\/mark><\/p>\n\n<\/div><\/div>\n\n<div class=\"gb-grid-column gb-grid-column-a90d3cfa gb-grid-column-blue-overlay-right\"><div class=\"gb-container gb-container-a90d3cfa gb-container-blue-overlay-right\" data-aos=\"fade-in\">\n\n<figure class=\"gb-block-image gb-block-image-a45d6d80\"><img loading=\"lazy\" decoding=\"async\" width=\"780\" height=\"589\" class=\"gb-image gb-image-a45d6d80\" src=\"https:\/\/www.huehoco.com\/wp-content\/uploads\/unsere_mission.jpg\" alt=\"\" title=\"nuestra_misi\u00f3n\" srcset=\"https:\/\/acp-global.net\/wp-content\/uploads\/unsere_mission.jpg 780w, https:\/\/acp-global.net\/wp-content\/uploads\/unsere_mission-300x227.jpg 300w, https:\/\/acp-global.net\/wp-content\/uploads\/unsere_mission-768x580.jpg 768w, https:\/\/acp-global.net\/wp-content\/uploads\/unsere_mission-99x75.jpg 99w, https:\/\/acp-global.net\/wp-content\/uploads\/unsere_mission-159x120.jpg 159w\" sizes=\"auto, (max-width: 780px) 100vw, 780px\" \/><\/figure>\n\n<\/div><\/div>\n<\/div>\n<\/div>\n<\/section>","protected":false},"excerpt":{"rendered":"","protected":false},"author":1,"featured_media":0,"parent":6734,"menu_order":2,"comment_status":"closed","ping_status":"closed","template":"","meta":{"_acf_changed":false,"_crdt_document":"","footnotes":""},"class_list":["post-6836","page","type-page","status-publish"],"acf":[],"yoast_head":"<!-- This site is optimized with the Yoast SEO plugin v27.2 - https:\/\/yoast.com\/product\/yoast-seo-wordpress\/ -->\n<title>Grupo ACP | Nuestro c\u00f3digo de conducta<\/title>\n<meta name=\"description\" content=\"Nuestra visi\u00f3n: Respeto \u2713 Valent\u00eda \u2713 Compromiso \u2713 ACP comparte los valores del Grupo HUEHOCO \u2713 \u00a1Conoce m\u00e1s sobre nuestra filosof\u00eda corporativa, valores y declaraciones de misi\u00f3n!\" \/>\n<meta name=\"robots\" content=\"index, follow, max-snippet:-1, max-image-preview:large, max-video-preview:-1\" \/>\n<link rel=\"canonical\" href=\"https:\/\/acp-global.net\/es\/empresa\/codigo-de-conducta\/\" \/>\n<meta property=\"og:locale\" content=\"es_ES\" \/>\n<meta property=\"og:type\" content=\"article\" \/>\n<meta property=\"og:title\" content=\"Grupo ACP | Nuestro c\u00f3digo de conducta\" \/>\n<meta property=\"og:description\" content=\"Nuestra visi\u00f3n: Respeto \u2713 Valent\u00eda \u2713 Compromiso \u2713 ACP comparte los valores del Grupo HUEHOCO \u2713 \u00a1Conoce m\u00e1s sobre nuestra filosof\u00eda corporativa, valores y declaraciones de misi\u00f3n!\" \/>\n<meta property=\"og:url\" content=\"https:\/\/acp-global.net\/es\/empresa\/codigo-de-conducta\/\" \/>\n<meta property=\"og:site_name\" content=\"ACP Group\" \/>\n<meta property=\"article:modified_time\" content=\"2024-06-24T14:15:43+00:00\" \/>\n<meta property=\"og:image\" content=\"https:\/\/www.huehoco.com\/wp-content\/uploads\/werte_01.jpg\" \/>\n<meta name=\"twitter:card\" content=\"summary_large_image\" \/>\n<meta name=\"twitter:label1\" content=\"Tiempo de lectura\" \/>\n\t<meta name=\"twitter:data1\" content=\"3 minutos\" \/>\n<script type=\"application\/ld+json\" class=\"yoast-schema-graph\">{\"@context\":\"https:\/\/schema.org\",\"@graph\":[{\"@type\":\"WebPage\",\"@id\":\"https:\/\/acp-global.net\/es\/empresa\/codigo-de-conducta\/\",\"url\":\"https:\/\/acp-global.net\/es\/empresa\/codigo-de-conducta\/\",\"name\":\"Grupo ACP | Nuestro c\u00f3digo de conducta\",\"isPartOf\":{\"@id\":\"https:\/\/acp-global.net\/es\/#website\"},\"primaryImageOfPage\":{\"@id\":\"https:\/\/acp-global.net\/es\/empresa\/codigo-de-conducta\/#primaryimage\"},\"image\":{\"@id\":\"https:\/\/acp-global.net\/es\/empresa\/codigo-de-conducta\/#primaryimage\"},\"thumbnailUrl\":\"https:\/\/www.huehoco.com\/wp-content\/uploads\/werte_01.jpg\",\"datePublished\":\"2023-07-26T08:03:42+00:00\",\"dateModified\":\"2024-06-24T14:15:43+00:00\",\"description\":\"Nuestra visi\u00f3n: Respeto \u2713 Valent\u00eda \u2713 Compromiso \u2713 ACP comparte los valores del Grupo HUEHOCO \u2713 \u00a1Conoce m\u00e1s sobre nuestra filosof\u00eda corporativa, valores y declaraciones de misi\u00f3n!\",\"breadcrumb\":{\"@id\":\"https:\/\/acp-global.net\/es\/empresa\/codigo-de-conducta\/#breadcrumb\"},\"inLanguage\":\"es\",\"potentialAction\":[{\"@type\":\"ReadAction\",\"target\":[\"https:\/\/acp-global.net\/es\/empresa\/codigo-de-conducta\/\"]}]},{\"@type\":\"ImageObject\",\"inLanguage\":\"es\",\"@id\":\"https:\/\/acp-global.net\/es\/empresa\/codigo-de-conducta\/#primaryimage\",\"url\":\"https:\/\/www.huehoco.com\/wp-content\/uploads\/werte_01.jpg\",\"contentUrl\":\"https:\/\/www.huehoco.com\/wp-content\/uploads\/werte_01.jpg\"},{\"@type\":\"BreadcrumbList\",\"@id\":\"https:\/\/acp-global.net\/es\/empresa\/codigo-de-conducta\/#breadcrumb\",\"itemListElement\":[{\"@type\":\"ListItem\",\"position\":1,\"name\":\"Startseite\",\"item\":\"https:\/\/acp-global.net\/es\/\"},{\"@type\":\"ListItem\",\"position\":2,\"name\":\"La empresa\",\"item\":\"https:\/\/acp-global.net\/es\/empresa\/\"},{\"@type\":\"ListItem\",\"position\":3,\"name\":\"C\u00f3digo de conducta\"}]},{\"@type\":\"WebSite\",\"@id\":\"https:\/\/acp-global.net\/es\/#website\",\"url\":\"https:\/\/acp-global.net\/es\/\",\"name\":\"ACP Group\",\"description\":\"\",\"publisher\":{\"@id\":\"https:\/\/acp-global.net\/es\/#organization\"},\"potentialAction\":[{\"@type\":\"SearchAction\",\"target\":{\"@type\":\"EntryPoint\",\"urlTemplate\":\"https:\/\/acp-global.net\/es\/?s={search_term_string}\"},\"query-input\":{\"@type\":\"PropertyValueSpecification\",\"valueRequired\":true,\"valueName\":\"search_term_string\"}}],\"inLanguage\":\"es\"},{\"@type\":\"Organization\",\"@id\":\"https:\/\/acp-global.net\/es\/#organization\",\"name\":\"ACP Group\",\"url\":\"https:\/\/acp-global.net\/es\/\",\"logo\":{\"@type\":\"ImageObject\",\"inLanguage\":\"es\",\"@id\":\"https:\/\/acp-global.net\/es\/#\/schema\/logo\/image\/\",\"url\":\"https:\/\/acp-global.net\/wp-content\/uploads\/acp_group.png\",\"contentUrl\":\"https:\/\/acp-global.net\/wp-content\/uploads\/acp_group.png\",\"width\":1232,\"height\":285,\"caption\":\"ACP Group\"},\"image\":{\"@id\":\"https:\/\/acp-global.net\/es\/#\/schema\/logo\/image\/\"}}]}<\/script>\n<!-- \/ Yoast SEO plugin. -->","yoast_head_json":{"title":"Grupo ACP | Nuestro c\u00f3digo de conducta","description":"Nuestra visi\u00f3n: Respeto \u2713 Valent\u00eda \u2713 Compromiso \u2713 ACP comparte los valores del Grupo HUEHOCO \u2713 \u00a1Conoce m\u00e1s sobre nuestra filosof\u00eda corporativa, valores y declaraciones de misi\u00f3n!","robots":{"index":"index","follow":"follow","max-snippet":"max-snippet:-1","max-image-preview":"max-image-preview:large","max-video-preview":"max-video-preview:-1"},"canonical":"https:\/\/acp-global.net\/es\/empresa\/codigo-de-conducta\/","og_locale":"es_ES","og_type":"article","og_title":"Grupo ACP | Nuestro c\u00f3digo de conducta","og_description":"Nuestra visi\u00f3n: Respeto \u2713 Valent\u00eda \u2713 Compromiso \u2713 ACP comparte los valores del Grupo HUEHOCO \u2713 \u00a1Conoce m\u00e1s sobre nuestra filosof\u00eda corporativa, valores y declaraciones de misi\u00f3n!","og_url":"https:\/\/acp-global.net\/es\/empresa\/codigo-de-conducta\/","og_site_name":"ACP Group","article_modified_time":"2024-06-24T14:15:43+00:00","og_image":[{"url":"https:\/\/www.huehoco.com\/wp-content\/uploads\/werte_01.jpg","type":"","width":"","height":""}],"twitter_card":"summary_large_image","twitter_misc":{"Tiempo de lectura":"3 minutos"},"schema":{"@context":"https:\/\/schema.org","@graph":[{"@type":"WebPage","@id":"https:\/\/acp-global.net\/es\/empresa\/codigo-de-conducta\/","url":"https:\/\/acp-global.net\/es\/empresa\/codigo-de-conducta\/","name":"Grupo ACP | Nuestro c\u00f3digo de conducta","isPartOf":{"@id":"https:\/\/acp-global.net\/es\/#website"},"primaryImageOfPage":{"@id":"https:\/\/acp-global.net\/es\/empresa\/codigo-de-conducta\/#primaryimage"},"image":{"@id":"https:\/\/acp-global.net\/es\/empresa\/codigo-de-conducta\/#primaryimage"},"thumbnailUrl":"https:\/\/www.huehoco.com\/wp-content\/uploads\/werte_01.jpg","datePublished":"2023-07-26T08:03:42+00:00","dateModified":"2024-06-24T14:15:43+00:00","description":"Nuestra visi\u00f3n: Respeto \u2713 Valent\u00eda \u2713 Compromiso \u2713 ACP comparte los valores del Grupo HUEHOCO \u2713 \u00a1Conoce m\u00e1s sobre nuestra filosof\u00eda corporativa, valores y declaraciones de misi\u00f3n!","breadcrumb":{"@id":"https:\/\/acp-global.net\/es\/empresa\/codigo-de-conducta\/#breadcrumb"},"inLanguage":"es","potentialAction":[{"@type":"ReadAction","target":["https:\/\/acp-global.net\/es\/empresa\/codigo-de-conducta\/"]}]},{"@type":"ImageObject","inLanguage":"es","@id":"https:\/\/acp-global.net\/es\/empresa\/codigo-de-conducta\/#primaryimage","url":"https:\/\/www.huehoco.com\/wp-content\/uploads\/werte_01.jpg","contentUrl":"https:\/\/www.huehoco.com\/wp-content\/uploads\/werte_01.jpg"},{"@type":"BreadcrumbList","@id":"https:\/\/acp-global.net\/es\/empresa\/codigo-de-conducta\/#breadcrumb","itemListElement":[{"@type":"ListItem","position":1,"name":"Startseite","item":"https:\/\/acp-global.net\/es\/"},{"@type":"ListItem","position":2,"name":"La empresa","item":"https:\/\/acp-global.net\/es\/empresa\/"},{"@type":"ListItem","position":3,"name":"C\u00f3digo de conducta"}]},{"@type":"WebSite","@id":"https:\/\/acp-global.net\/es\/#website","url":"https:\/\/acp-global.net\/es\/","name":"ACP Group","description":"","publisher":{"@id":"https:\/\/acp-global.net\/es\/#organization"},"potentialAction":[{"@type":"SearchAction","target":{"@type":"EntryPoint","urlTemplate":"https:\/\/acp-global.net\/es\/?s={search_term_string}"},"query-input":{"@type":"PropertyValueSpecification","valueRequired":true,"valueName":"search_term_string"}}],"inLanguage":"es"},{"@type":"Organization","@id":"https:\/\/acp-global.net\/es\/#organization","name":"ACP Group","url":"https:\/\/acp-global.net\/es\/","logo":{"@type":"ImageObject","inLanguage":"es","@id":"https:\/\/acp-global.net\/es\/#\/schema\/logo\/image\/","url":"https:\/\/acp-global.net\/wp-content\/uploads\/acp_group.png","contentUrl":"https:\/\/acp-global.net\/wp-content\/uploads\/acp_group.png","width":1232,"height":285,"caption":"ACP Group"},"image":{"@id":"https:\/\/acp-global.net\/es\/#\/schema\/logo\/image\/"}}]}},"_links":{"self":[{"href":"https:\/\/acp-global.net\/es\/wp-json\/wp\/v2\/pages\/6836","targetHints":{"allow":["GET"]}}],"collection":[{"href":"https:\/\/acp-global.net\/es\/wp-json\/wp\/v2\/pages"}],"about":[{"href":"https:\/\/acp-global.net\/es\/wp-json\/wp\/v2\/types\/page"}],"author":[{"embeddable":true,"href":"https:\/\/acp-global.net\/es\/wp-json\/wp\/v2\/users\/1"}],"replies":[{"embeddable":true,"href":"https:\/\/acp-global.net\/es\/wp-json\/wp\/v2\/comments?post=6836"}],"version-history":[{"count":3,"href":"https:\/\/acp-global.net\/es\/wp-json\/wp\/v2\/pages\/6836\/revisions"}],"predecessor-version":[{"id":7722,"href":"https:\/\/acp-global.net\/es\/wp-json\/wp\/v2\/pages\/6836\/revisions\/7722"}],"up":[{"embeddable":true,"href":"https:\/\/acp-global.net\/es\/wp-json\/wp\/v2\/pages\/6734"}],"wp:attachment":[{"href":"https:\/\/acp-global.net\/es\/wp-json\/wp\/v2\/media?parent=6836"}],"curies":[{"name":"wp","href":"https:\/\/api.w.org\/{rel}","templated":true}]}}