{"id":6847,"date":"2023-04-06T14:34:03","date_gmt":"2023-04-06T12:34:03","guid":{"rendered":"https:\/\/acp.pixel-tal.de\/legal\/pie-de-imprenta\/"},"modified":"2024-10-23T12:38:51","modified_gmt":"2024-10-23T10:38:51","slug":"pie-de-imprenta","status":"publish","type":"page","link":"https:\/\/acp-global.net\/es\/legal\/pie-de-imprenta\/","title":{"rendered":"Pie de imprenta"},"content":{"rendered":"<section class=\"gb-container gb-container-7f827b1e gb-container-section-white\">\n<div class=\"gb-container gb-container-2e17292b\">\n<div class=\"gb-grid-wrapper gb-grid-wrapper-1edc144c\">\n<div class=\"gb-grid-column gb-grid-column-6b4b95ad\"><div class=\"gb-container gb-container-6b4b95ad\">\n\n<div class=\"wp-block-pixel-headline headlines is-subheadline-bottom has-text-align-left\"><h1 class=\"headline\" style=\"color:\">Pie de imprenta<\/h1><\/div>\n\n<\/div><\/div>\n\n<div class=\"gb-grid-column gb-grid-column-ceb59ac7\"><div class=\"gb-container gb-container-ceb59ac7\">\n\n<p class=\"wp-block-paragraph\">ACP Deutschland GmbH &amp; Co. KG<br>Sch\u00e4fergasse 1<br>D &#8211; 36433 Bad Salzungen<\/p>\n\n\n\n<p class=\"wp-block-paragraph\">Registro mercantil: HRA 301509<br>Tribunal de registro: Tribunal de registro de Jena<br>N\u00famero de identificaci\u00f3n fiscal: 155\/150\/03603<\/p>\n\n\n\n<p class=\"wp-block-paragraph\"><strong>Representado por el socio personalmente responsable:<\/strong><br>ACP Deutschland GmbH &amp; Co. KG<br>Sch\u00e4fergasse 1<br>D &#8211; 36433 Bad Salzungen<\/p>\n\n\n\n<p class=\"wp-block-paragraph\"><strong>Director General:<\/strong><br>Michael Koch<\/p>\n\n\n\n<div class=\"wp-block-pixel-headline headlines is-subheadline-bottom has-text-align-left is-gap-xs\"><h5 class=\"headline\" style=\"color:\">P\u00f3ngase en contacto con nosotros<\/h5><\/div>\n\n\n\n<p class=\"wp-block-paragraph\">Tel\u00e9fono: <a href=\"tel:+492026477866\" data-type=\"tel\" data-id=\"tel:+492026477866\" target=\"_blank\" rel=\"nofollow\">+49 (0) 202 64778-66<\/a><br>M\u00f3vil: +49 (0) 175 43 43-521<br>Correo electr\u00f3nico: <a href=\"mailto:m.koch@acp-d.com\" target=\"_blank\" rel=\"nofollow\">m.koch@acp-d.com<\/a><\/p>\n\n\n\n<div class=\"wp-block-pixel-headline headlines is-subheadline-bottom has-text-align-left is-gap-xs\"><h5 class=\"headline\" style=\"color:\">N\u00famero de identificaci\u00f3n fiscal<\/h5><\/div>\n\n\n\n<p class=\"wp-block-paragraph\">N\u00famero de identificaci\u00f3n del impuesto sobre el valor a\u00f1adido:<br>DE813527014<\/p>\n\n\n\n<div class=\"wp-block-pixel-headline headlines is-subheadline-bottom has-text-align-left is-gap-xs\"><h5 class=\"headline\" style=\"color:\">Realizaci\u00f3n<\/h5><\/div>\n\n\n\n<p class=\"wp-block-paragraph\">El concepto, dise\u00f1o y realizaci\u00f3n de este sitio web han corrido a cargo de:<br><a rel=\"noreferrer noopener nofollow\" href=\"https:\/\/pixelproduction.de\/\" target=\"_blank\">PixelProduction, agencia de comunicaci\u00f3n conceptual en Wuppertal<\/a>.<\/p>\n\n<\/div><\/div>\n\n<div class=\"gb-grid-column gb-grid-column-fe327f40\"><div class=\"gb-container gb-container-fe327f40\">\n\n<div class=\"wp-block-pixel-headline headlines is-subheadline-bottom has-text-align-left is-gap-xs\"><h5 class=\"headline\" style=\"color:\">Resoluci\u00f3n de litigios<\/h5><\/div>\n\n\n\n<p class=\"wp-block-paragraph\">La Comisi\u00f3n Europea ofrece una plataforma para la resoluci\u00f3n de litigios en l\u00ednea (OS):<br><a rel=\"noreferrer noopener nofollow\" href=\"https:\/\/ec.europa.eu\/consumers\/odr\" target=\"_blank\">https:\/\/ec.europa.eu\/consumers\/odr.<\/a><\/p>\n\n\n\n<p class=\"wp-block-paragraph\">Encontrar\u00e1 nuestra direcci\u00f3n de correo electr\u00f3nico en el aviso legal anterior.<br>No estamos dispuestos ni obligados a participar en un procedimiento de resoluci\u00f3n de litigios ante una junta arbitral de consumo.<\/p>\n\n\n\n<div class=\"wp-block-pixel-headline headlines is-subheadline-bottom has-text-align-left is-gap-xs\"><h5 class=\"headline\" style=\"color:\">Responsabilidad por los contenidos<\/h5><\/div>\n\n\n\n<p class=\"wp-block-paragraph\">Como proveedor de servicios, estamos obligados seg\u00fan el \u00a7 7 p\u00e1rr. 1 DDG para contenidos propios en estas p\u00e1ginas de acuerdo con las leyes generales. Sin embargo, seg\u00fan los art\u00edculos 8 a 10 de la DDG, como proveedores de servicios no estamos obligados a supervisar la informaci\u00f3n de terceros transmitida o almacenada ni a investigar circunstancias que indiquen una actividad ilegal. Esto no afecta a las obligaciones de eliminar o bloquear el uso de informaci\u00f3n de conformidad con las leyes generales. Sin embargo, la responsabilidad a este respecto s\u00f3lo es posible a partir del momento en que se tiene conocimiento de una infracci\u00f3n concreta. En cuanto tengamos conocimiento de tales infracciones, eliminaremos inmediatamente estos contenidos.<\/p>\n\n\n\n<div class=\"wp-block-pixel-headline headlines is-subheadline-bottom has-text-align-left is-gap-xs\"><h5 class=\"headline\" style=\"color:\">Responsabilidad de los enlaces<\/h5><\/div>\n\n\n\n<p class=\"wp-block-paragraph\">Nuestro sitio web contiene enlaces a sitios web externos de terceros sobre cuyo contenido no tenemos ninguna influencia. Por lo tanto, no podemos aceptar ninguna responsabilidad por este contenido de terceros. El respectivo proveedor u operador de las p\u00e1ginas es siempre responsable del contenido de las p\u00e1ginas enlazadas. En el momento de establecer el enlace, se comprob\u00f3 que las p\u00e1ginas enlazadas no infringieran la ley. Los contenidos ilegales no eran reconocibles en el momento del enlace.<br>Sin embargo, el control permanente del contenido de las p\u00e1ginas enlazadas no es razonable sin pruebas concretas de una infracci\u00f3n. Si tenemos conocimiento de alguna infracci\u00f3n legal, eliminaremos dichos enlaces inmediatamente.<\/p>\n\n\n\n<div class=\"wp-block-pixel-headline headlines is-subheadline-bottom has-text-align-left is-gap-xs\"><h5 class=\"headline\" style=\"color:\">Copyright<\/h5><\/div>\n\n\n\n<p class=\"wp-block-paragraph\">El contenido y las obras creadas por los operadores del sitio en estas p\u00e1ginas est\u00e1n sujetos a la legislaci\u00f3n alemana sobre derechos de autor. La reproducci\u00f3n, edici\u00f3n, distribuci\u00f3n y cualquier tipo de utilizaci\u00f3n fuera de los l\u00edmites de la legislaci\u00f3n sobre derechos de autor requieren el consentimiento por escrito del autor o creador correspondiente. Las descargas y copias de este sitio s\u00f3lo est\u00e1n permitidas para uso privado y no comercial.<br>En la medida en que el contenido de este sitio no haya sido creado por el operador, se respetan los derechos de autor de terceros. En particular, los contenidos de terceros se etiquetan como tales. No obstante, si tiene conocimiento de una infracci\u00f3n de los derechos de autor, le rogamos que nos lo comunique. Si tenemos conocimiento de alguna infracci\u00f3n legal, eliminaremos dicho contenido inmediatamente.<\/p>\n\n<\/div><\/div>\n<\/div>\n<\/div>\n<\/section>","protected":false},"excerpt":{"rendered":"","protected":false},"author":1,"featured_media":0,"parent":6721,"menu_order":1,"comment_status":"closed","ping_status":"closed","template":"","meta":{"_acf_changed":false,"_crdt_document":"","footnotes":""},"class_list":["post-6847","page","type-page","status-publish"],"acf":[],"yoast_head":"<!-- This site is optimized with the Yoast SEO plugin v27.2 - https:\/\/yoast.com\/product\/yoast-seo-wordpress\/ -->\n<title>Grupo ACP | Nuestro sello<\/title>\n<meta name=\"description\" content=\"Informaci\u00f3n sobre personas jur\u00eddicas \u2713 Representantes autorizados \u2713 Empresa \u2713 Forma jur\u00eddica \u2713 N\u00famero de registro \u2713 Direcci\u00f3n de la sucursal \u2713\" \/>\n<meta name=\"robots\" content=\"index, follow, max-snippet:-1, max-image-preview:large, max-video-preview:-1\" \/>\n<link rel=\"canonical\" href=\"https:\/\/acp-global.net\/es\/legal\/pie-de-imprenta\/\" \/>\n<meta property=\"og:locale\" content=\"es_ES\" \/>\n<meta property=\"og:type\" content=\"article\" \/>\n<meta property=\"og:title\" content=\"Grupo ACP | Nuestro sello\" \/>\n<meta property=\"og:description\" content=\"Informaci\u00f3n sobre personas jur\u00eddicas \u2713 Representantes autorizados \u2713 Empresa \u2713 Forma jur\u00eddica \u2713 N\u00famero de registro \u2713 Direcci\u00f3n de la sucursal \u2713\" \/>\n<meta property=\"og:url\" content=\"https:\/\/acp-global.net\/es\/legal\/pie-de-imprenta\/\" \/>\n<meta property=\"og:site_name\" content=\"ACP Group\" \/>\n<meta property=\"article:modified_time\" content=\"2024-10-23T10:38:51+00:00\" \/>\n<meta name=\"twitter:card\" content=\"summary_large_image\" \/>\n<meta name=\"twitter:label1\" content=\"Tiempo de lectura\" \/>\n\t<meta name=\"twitter:data1\" content=\"3 minutos\" \/>\n<script type=\"application\/ld+json\" class=\"yoast-schema-graph\">{\"@context\":\"https:\/\/schema.org\",\"@graph\":[{\"@type\":\"WebPage\",\"@id\":\"https:\/\/acp-global.net\/es\/legal\/pie-de-imprenta\/\",\"url\":\"https:\/\/acp-global.net\/es\/legal\/pie-de-imprenta\/\",\"name\":\"Grupo ACP | Nuestro sello\",\"isPartOf\":{\"@id\":\"https:\/\/acp-global.net\/es\/#website\"},\"datePublished\":\"2023-04-06T12:34:03+00:00\",\"dateModified\":\"2024-10-23T10:38:51+00:00\",\"description\":\"Informaci\u00f3n sobre personas jur\u00eddicas \u2713 Representantes autorizados \u2713 Empresa \u2713 Forma jur\u00eddica \u2713 N\u00famero de registro \u2713 Direcci\u00f3n de la sucursal \u2713\",\"breadcrumb\":{\"@id\":\"https:\/\/acp-global.net\/es\/legal\/pie-de-imprenta\/#breadcrumb\"},\"inLanguage\":\"es\",\"potentialAction\":[{\"@type\":\"ReadAction\",\"target\":[\"https:\/\/acp-global.net\/es\/legal\/pie-de-imprenta\/\"]}]},{\"@type\":\"BreadcrumbList\",\"@id\":\"https:\/\/acp-global.net\/es\/legal\/pie-de-imprenta\/#breadcrumb\",\"itemListElement\":[{\"@type\":\"ListItem\",\"position\":1,\"name\":\"Startseite\",\"item\":\"https:\/\/acp-global.net\/es\/\"},{\"@type\":\"ListItem\",\"position\":2,\"name\":\"Asuntos jur\u00eddicos\",\"item\":\"https:\/\/acp-global.net\/es\/legal\/\"},{\"@type\":\"ListItem\",\"position\":3,\"name\":\"Pie de imprenta\"}]},{\"@type\":\"WebSite\",\"@id\":\"https:\/\/acp-global.net\/es\/#website\",\"url\":\"https:\/\/acp-global.net\/es\/\",\"name\":\"ACP Group\",\"description\":\"\",\"publisher\":{\"@id\":\"https:\/\/acp-global.net\/es\/#organization\"},\"potentialAction\":[{\"@type\":\"SearchAction\",\"target\":{\"@type\":\"EntryPoint\",\"urlTemplate\":\"https:\/\/acp-global.net\/es\/?s={search_term_string}\"},\"query-input\":{\"@type\":\"PropertyValueSpecification\",\"valueRequired\":true,\"valueName\":\"search_term_string\"}}],\"inLanguage\":\"es\"},{\"@type\":\"Organization\",\"@id\":\"https:\/\/acp-global.net\/es\/#organization\",\"name\":\"ACP Group\",\"url\":\"https:\/\/acp-global.net\/es\/\",\"logo\":{\"@type\":\"ImageObject\",\"inLanguage\":\"es\",\"@id\":\"https:\/\/acp-global.net\/es\/#\/schema\/logo\/image\/\",\"url\":\"https:\/\/acp-global.net\/wp-content\/uploads\/acp_group.png\",\"contentUrl\":\"https:\/\/acp-global.net\/wp-content\/uploads\/acp_group.png\",\"width\":1232,\"height\":285,\"caption\":\"ACP Group\"},\"image\":{\"@id\":\"https:\/\/acp-global.net\/es\/#\/schema\/logo\/image\/\"}}]}<\/script>\n<!-- \/ Yoast SEO plugin. -->","yoast_head_json":{"title":"Grupo ACP | Nuestro sello","description":"Informaci\u00f3n sobre personas jur\u00eddicas \u2713 Representantes autorizados \u2713 Empresa \u2713 Forma jur\u00eddica \u2713 N\u00famero de registro \u2713 Direcci\u00f3n de la sucursal \u2713","robots":{"index":"index","follow":"follow","max-snippet":"max-snippet:-1","max-image-preview":"max-image-preview:large","max-video-preview":"max-video-preview:-1"},"canonical":"https:\/\/acp-global.net\/es\/legal\/pie-de-imprenta\/","og_locale":"es_ES","og_type":"article","og_title":"Grupo ACP | Nuestro sello","og_description":"Informaci\u00f3n sobre personas jur\u00eddicas \u2713 Representantes autorizados \u2713 Empresa \u2713 Forma jur\u00eddica \u2713 N\u00famero de registro \u2713 Direcci\u00f3n de la sucursal \u2713","og_url":"https:\/\/acp-global.net\/es\/legal\/pie-de-imprenta\/","og_site_name":"ACP Group","article_modified_time":"2024-10-23T10:38:51+00:00","twitter_card":"summary_large_image","twitter_misc":{"Tiempo de lectura":"3 minutos"},"schema":{"@context":"https:\/\/schema.org","@graph":[{"@type":"WebPage","@id":"https:\/\/acp-global.net\/es\/legal\/pie-de-imprenta\/","url":"https:\/\/acp-global.net\/es\/legal\/pie-de-imprenta\/","name":"Grupo ACP | Nuestro sello","isPartOf":{"@id":"https:\/\/acp-global.net\/es\/#website"},"datePublished":"2023-04-06T12:34:03+00:00","dateModified":"2024-10-23T10:38:51+00:00","description":"Informaci\u00f3n sobre personas jur\u00eddicas \u2713 Representantes autorizados \u2713 Empresa \u2713 Forma jur\u00eddica \u2713 N\u00famero de registro \u2713 Direcci\u00f3n de la sucursal \u2713","breadcrumb":{"@id":"https:\/\/acp-global.net\/es\/legal\/pie-de-imprenta\/#breadcrumb"},"inLanguage":"es","potentialAction":[{"@type":"ReadAction","target":["https:\/\/acp-global.net\/es\/legal\/pie-de-imprenta\/"]}]},{"@type":"BreadcrumbList","@id":"https:\/\/acp-global.net\/es\/legal\/pie-de-imprenta\/#breadcrumb","itemListElement":[{"@type":"ListItem","position":1,"name":"Startseite","item":"https:\/\/acp-global.net\/es\/"},{"@type":"ListItem","position":2,"name":"Asuntos jur\u00eddicos","item":"https:\/\/acp-global.net\/es\/legal\/"},{"@type":"ListItem","position":3,"name":"Pie de imprenta"}]},{"@type":"WebSite","@id":"https:\/\/acp-global.net\/es\/#website","url":"https:\/\/acp-global.net\/es\/","name":"ACP Group","description":"","publisher":{"@id":"https:\/\/acp-global.net\/es\/#organization"},"potentialAction":[{"@type":"SearchAction","target":{"@type":"EntryPoint","urlTemplate":"https:\/\/acp-global.net\/es\/?s={search_term_string}"},"query-input":{"@type":"PropertyValueSpecification","valueRequired":true,"valueName":"search_term_string"}}],"inLanguage":"es"},{"@type":"Organization","@id":"https:\/\/acp-global.net\/es\/#organization","name":"ACP Group","url":"https:\/\/acp-global.net\/es\/","logo":{"@type":"ImageObject","inLanguage":"es","@id":"https:\/\/acp-global.net\/es\/#\/schema\/logo\/image\/","url":"https:\/\/acp-global.net\/wp-content\/uploads\/acp_group.png","contentUrl":"https:\/\/acp-global.net\/wp-content\/uploads\/acp_group.png","width":1232,"height":285,"caption":"ACP Group"},"image":{"@id":"https:\/\/acp-global.net\/es\/#\/schema\/logo\/image\/"}}]}},"_links":{"self":[{"href":"https:\/\/acp-global.net\/es\/wp-json\/wp\/v2\/pages\/6847","targetHints":{"allow":["GET"]}}],"collection":[{"href":"https:\/\/acp-global.net\/es\/wp-json\/wp\/v2\/pages"}],"about":[{"href":"https:\/\/acp-global.net\/es\/wp-json\/wp\/v2\/types\/page"}],"author":[{"embeddable":true,"href":"https:\/\/acp-global.net\/es\/wp-json\/wp\/v2\/users\/1"}],"replies":[{"embeddable":true,"href":"https:\/\/acp-global.net\/es\/wp-json\/wp\/v2\/comments?post=6847"}],"version-history":[{"count":4,"href":"https:\/\/acp-global.net\/es\/wp-json\/wp\/v2\/pages\/6847\/revisions"}],"predecessor-version":[{"id":9086,"href":"https:\/\/acp-global.net\/es\/wp-json\/wp\/v2\/pages\/6847\/revisions\/9086"}],"up":[{"embeddable":true,"href":"https:\/\/acp-global.net\/es\/wp-json\/wp\/v2\/pages\/6721"}],"wp:attachment":[{"href":"https:\/\/acp-global.net\/es\/wp-json\/wp\/v2\/media?parent=6847"}],"curies":[{"name":"wp","href":"https:\/\/api.w.org\/{rel}","templated":true}]}}