{"id":6729,"date":"2023-04-06T14:34:03","date_gmt":"2023-04-06T12:34:03","guid":{"rendered":"https:\/\/acp.pixel-tal.de\/blog\/"},"modified":"2024-02-16T15:10:30","modified_gmt":"2024-02-16T14:10:30","slug":"blog","status":"publish","type":"page","link":"https:\/\/acp-global.net\/fr\/blog\/","title":{"rendered":"Blog"},"content":{"rendered":"        \n            <!-- hero -->\n        \n                    \n            <div id=\"hero-99d168462ab3340dcafb3cff0f757882\" class=\"hero\">\n\t\t\t\t<div class=\"hero-slider\">\t\t\t\t\n        \n            <!-- hero -->\n        \n                    \n            <div  class=\"hero-slide hero-slide-376647a6c24d702f024c63d98c76091a \">\n\n\t\t\t\t<div class=\"hero-canvas\">\n\t\t\t\t\t<div class=\"hero-content\">\n\t\t\t\t\t\t<span class=\"hero-subheadline subheadline\">Huehoco BLOG<\/span>\t\t\t\t\t\t<h1 class=\"hero-headline headline\">Actualit\u00e9s du groupe<\/h1>\t\t\t\t\t\t\t\t\t\t\t<\/div>\n\t\t\t\t<\/div>\n\n                \t\t\t\t\t<div class=\"hero-background\">\n                        <div class=\"hero-overlay\"><\/div>\n\t\t\t\t\t\t<img decoding=\"async\" src=\"https:\/\/acp-global.net\/wp-content\/uploads\/hero-news.jpg\" \/>\n\t\t\t\t\t<\/div>\n\t\t\t\t\n                \n\t\t\t<\/div>\n        \n                    \n            <!-- end:hero -->\n        \n            \n\n\t\t\t\t<\/div>\t\t\t<\/div>\n        \n                    \n            <!-- end:hero -->\n        \n            <section class=\"gb-container gb-container-7be36c7a gb-container-section-white\">\n<div class=\"gb-container gb-container-3d779c19\">\n<div class=\"gb-grid-wrapper gb-grid-wrapper-ccb60594\">\n<div class=\"gb-grid-column gb-grid-column-e8934591\"><div class=\"gb-container gb-container-e8934591\"><div class=\"gb-inside-container\">\n\n<div class=\"wp-block-pixel-headline headlines is-subheadline-top has-text-align-left\"><h1 class=\"headline\" style=\"color:\">Le blog de Huehoco<\/h1><span class=\"subheadline\" style=\"color:\">Toujours au courant<\/span><\/div>\n\n\n\n<p class=\"wp-block-paragraph\">Nous voulons continuer \u00e0 avoir du succ\u00e8s. C&#8217;est pourquoi nous gardons toujours les yeux et les oreilles ouverts pour nous tenir au courant des derni\u00e8res informations, tendances et innovations. Et c&#8217;est pr\u00e9cis\u00e9ment ces conclusions que nous souhaitons partager avec vous ici. N&#8217;h\u00e9sitez pas \u00e0 consulter r\u00e9guli\u00e8rement cette page et \u00e0 profiter des derni\u00e8res nouvelles concernant le secteur de la m\u00e9tallurgie.  <br\/><\/p>\n\n<\/div><\/div><\/div>\n\n<div class=\"gb-grid-column gb-grid-column-3f35f526\"><div class=\"gb-container gb-container-3f35f526\"><div class=\"gb-inside-container\">\n\n\t\t\t        \n                    \n            <div id=\"\" class=\"grid grid-dfc3d9db grid-post grid-columns-2 facetwp-template\" >\n\t\t\t\t<div class=\"grid-inner\">\n\n\t\t\t\t\t\t\t\t\t\t\t<div class=\"grid-item\">\n\t\t\t\t\t\t\t \r\n\t\t\t<div class=\"card card-post\">\r\n\t\t\t\t<div class=\"card-media\"><a class=\"card-image\" href=\"https:\/\/acp-global.net\/fr\/blog\/acp-devient-le-partenaire-officiel-de-lequipe-nationale-allemande-de-ski-alpin\/\"><img loading=\"lazy\" decoding=\"async\" width=\"1724\" height=\"1220\" src=\"https:\/\/acp-global.net\/wp-content\/uploads\/ACP-DSV-Team.jpg\" class=\"attachment-post-thumbnail size-post-thumbnail wp-post-image\" alt=\"\" srcset=\"https:\/\/acp-global.net\/wp-content\/uploads\/ACP-DSV-Team.jpg 1724w, https:\/\/acp-global.net\/wp-content\/uploads\/ACP-DSV-Team-300x212.jpg 300w, https:\/\/acp-global.net\/wp-content\/uploads\/ACP-DSV-Team-1024x725.jpg 1024w, https:\/\/acp-global.net\/wp-content\/uploads\/ACP-DSV-Team-768x543.jpg 768w, https:\/\/acp-global.net\/wp-content\/uploads\/ACP-DSV-Team-1536x1087.jpg 1536w, https:\/\/acp-global.net\/wp-content\/uploads\/ACP-DSV-Team-106x75.jpg 106w, https:\/\/acp-global.net\/wp-content\/uploads\/ACP-DSV-Team-170x120.jpg 170w\" sizes=\"auto, (max-width: 1724px) 100vw, 1724px\" \/><\/a><\/div>\t\t\t\t<div class=\"card-content\">\r\n\t\t\t\t\t<div class=\"card-inner\">\r\n\t\t\t\t\t\t<span class=\"card-subheadline\">d\u00e9cembre 2024<\/span><a class=\"card-headline headline is-h3\" href=\"https:\/\/acp-global.net\/fr\/blog\/acp-devient-le-partenaire-officiel-de-lequipe-nationale-allemande-de-ski-alpin\/\">ACP devient le partenaire officiel de l&#8217;\u00e9quipe nationale allemande de ski alpin<\/a><div class=\"card-copy\">\nEnsemble au sommet gr\u00e2ce \u00e0 l&#8217;exp\u00e9rience et au savoir-faire\n\nPlanegg (dsv) : La F\u00e9d\u00e9ration allemande de ski (DSV) entame un nouveau&#8230;<\/div>\t\t\t\t\t<\/div>\r\n\r\n\t\t\t\t\t<div class=\"card-action\"><a class=\"card-link\" href=\"https:\/\/acp-global.net\/fr\/blog\/acp-devient-le-partenaire-officiel-de-lequipe-nationale-allemande-de-ski-alpin\/\"><span>Lire la suite<\/span><?xml version=\"1.0\" encoding=\"UTF-8\"?> <svg xmlns=\"http:\/\/www.w3.org\/2000\/svg\" xmlns:xlink=\"http:\/\/www.w3.org\/1999\/xlink\" version=\"1.1\" id=\"Layer_1\" x=\"0px\" y=\"0px\" viewBox=\"0 0 20.45 12.23\" style=\"enable-background:new 0 0 20.45 12.23;\" xml:space=\"preserve\"> <g id=\"Gruppe_15\" transform=\"translate(-261.094 -3499.522)\"> <rect x=\"261.09\" y=\"3504.89\" style=\"fill:#005797;\" width=\"19.46\" height=\"1.5\"><\/rect> <polygon style=\"fill:#005797;\" points=\"276.29,3511.76 275.15,3510.78 279.57,3505.64 275.15,3500.5 276.29,3499.52 281.54,3505.64 \"><\/polygon> <\/g> <\/svg> <\/a><\/div>\t\t\t\t<\/div>\r\n\t\t\t<\/div>\r\n\t\t\t\t\t\t\t\t<\/div>\n\t\t\t\t\t\t\t\t\t\t\t<div class=\"grid-item\">\n\t\t\t\t\t\t\t \r\n\t\t\t<div class=\"card card-post\">\r\n\t\t\t\t<div class=\"card-media\"><a class=\"card-image\" href=\"https:\/\/acp-global.net\/fr\/blog\/prix-top-100\/\"><img loading=\"lazy\" decoding=\"async\" width=\"800\" height=\"800\" src=\"https:\/\/acp-global.net\/wp-content\/uploads\/top100award_ranga-yogeshwar.jpg\" class=\"attachment-post-thumbnail size-post-thumbnail wp-post-image\" alt=\"\" srcset=\"https:\/\/acp-global.net\/wp-content\/uploads\/top100award_ranga-yogeshwar.jpg 800w, https:\/\/acp-global.net\/wp-content\/uploads\/top100award_ranga-yogeshwar-300x300.jpg 300w, https:\/\/acp-global.net\/wp-content\/uploads\/top100award_ranga-yogeshwar-150x150.jpg 150w, https:\/\/acp-global.net\/wp-content\/uploads\/top100award_ranga-yogeshwar-768x768.jpg 768w, https:\/\/acp-global.net\/wp-content\/uploads\/top100award_ranga-yogeshwar-75x75.jpg 75w, https:\/\/acp-global.net\/wp-content\/uploads\/top100award_ranga-yogeshwar-120x120.jpg 120w\" sizes=\"auto, (max-width: 800px) 100vw, 800px\" \/><\/a><\/div>\t\t\t\t<div class=\"card-content\">\r\n\t\t\t\t\t<div class=\"card-inner\">\r\n\t\t\t\t\t\t<span class=\"card-subheadline\">ao\u00fbt 2024<\/span><a class=\"card-headline headline is-h3\" href=\"https:\/\/acp-global.net\/fr\/blog\/prix-top-100\/\">Prix TOP 100<\/a><div class=\"card-copy\">\nRanga Yogeshwar rend hommage \u00e0 ACP Allemagne pour ses r\u00e9alisations en mati\u00e8re d&#8217;innovation\n\n\u00dcberlingen  &#8211; Hommage lors du Sommet allemand&#8230;<\/div>\t\t\t\t\t<\/div>\r\n\r\n\t\t\t\t\t<div class=\"card-action\"><a class=\"card-link\" href=\"https:\/\/acp-global.net\/fr\/blog\/prix-top-100\/\"><span>Lire la suite<\/span><?xml version=\"1.0\" encoding=\"UTF-8\"?> <svg xmlns=\"http:\/\/www.w3.org\/2000\/svg\" xmlns:xlink=\"http:\/\/www.w3.org\/1999\/xlink\" version=\"1.1\" id=\"Layer_1\" x=\"0px\" y=\"0px\" viewBox=\"0 0 20.45 12.23\" style=\"enable-background:new 0 0 20.45 12.23;\" xml:space=\"preserve\"> <g id=\"Gruppe_15\" transform=\"translate(-261.094 -3499.522)\"> <rect x=\"261.09\" y=\"3504.89\" style=\"fill:#005797;\" width=\"19.46\" height=\"1.5\"><\/rect> <polygon style=\"fill:#005797;\" points=\"276.29,3511.76 275.15,3510.78 279.57,3505.64 275.15,3500.5 276.29,3499.52 281.54,3505.64 \"><\/polygon> <\/g> <\/svg> <\/a><\/div>\t\t\t\t<\/div>\r\n\t\t\t<\/div>\r\n\t\t\t\t\t\t\t\t<\/div>\n\t\t\t\t\t\t\t\t\t<\/div>\n            <\/div>\n\t\t\t\n\t\t\t\t\t\t\t\n\t\t\t\n            <!-- end:grid -->\n        \n            \n<\/div><\/div><\/div>\n<\/div>\n<\/div>\n<\/section>","protected":false},"excerpt":{"rendered":"","protected":false},"author":1,"featured_media":0,"parent":0,"menu_order":4,"comment_status":"closed","ping_status":"closed","template":"","meta":{"_acf_changed":false,"_crdt_document":"","footnotes":""},"class_list":["post-6729","page","type-page","status-publish"],"acf":[],"yoast_head":"<!-- This site is optimized with the Yoast SEO plugin v27.2 - https:\/\/yoast.com\/product\/yoast-seo-wordpress\/ -->\n<title>Blog - ACP Group<\/title>\n<meta name=\"robots\" content=\"index, follow, max-snippet:-1, max-image-preview:large, max-video-preview:-1\" \/>\n<link rel=\"canonical\" href=\"https:\/\/acp-global.net\/fr\/blog\/\" \/>\n<meta property=\"og:locale\" content=\"fr_FR\" \/>\n<meta property=\"og:type\" content=\"article\" \/>\n<meta property=\"og:title\" content=\"Blog - ACP Group\" \/>\n<meta property=\"og:url\" content=\"https:\/\/acp-global.net\/fr\/blog\/\" \/>\n<meta property=\"og:site_name\" content=\"ACP Group\" \/>\n<meta property=\"article:modified_time\" content=\"2024-02-16T14:10:30+00:00\" \/>\n<meta name=\"twitter:card\" content=\"summary_large_image\" \/>\n<script type=\"application\/ld+json\" class=\"yoast-schema-graph\">{\"@context\":\"https:\/\/schema.org\",\"@graph\":[{\"@type\":\"WebPage\",\"@id\":\"https:\/\/acp-global.net\/fr\/blog\/\",\"url\":\"https:\/\/acp-global.net\/fr\/blog\/\",\"name\":\"Blog - ACP Group\",\"isPartOf\":{\"@id\":\"https:\/\/acp-global.net\/fr\/#website\"},\"datePublished\":\"2023-04-06T12:34:03+00:00\",\"dateModified\":\"2024-02-16T14:10:30+00:00\",\"breadcrumb\":{\"@id\":\"https:\/\/acp-global.net\/fr\/blog\/#breadcrumb\"},\"inLanguage\":\"fr-FR\",\"potentialAction\":[{\"@type\":\"ReadAction\",\"target\":[\"https:\/\/acp-global.net\/fr\/blog\/\"]}]},{\"@type\":\"BreadcrumbList\",\"@id\":\"https:\/\/acp-global.net\/fr\/blog\/#breadcrumb\",\"itemListElement\":[{\"@type\":\"ListItem\",\"position\":1,\"name\":\"Startseite\",\"item\":\"https:\/\/acp-global.net\/fr\/\"},{\"@type\":\"ListItem\",\"position\":2,\"name\":\"Privat: Blog\"}]},{\"@type\":\"WebSite\",\"@id\":\"https:\/\/acp-global.net\/fr\/#website\",\"url\":\"https:\/\/acp-global.net\/fr\/\",\"name\":\"ACP Group\",\"description\":\"\",\"publisher\":{\"@id\":\"https:\/\/acp-global.net\/fr\/#organization\"},\"potentialAction\":[{\"@type\":\"SearchAction\",\"target\":{\"@type\":\"EntryPoint\",\"urlTemplate\":\"https:\/\/acp-global.net\/fr\/?s={search_term_string}\"},\"query-input\":{\"@type\":\"PropertyValueSpecification\",\"valueRequired\":true,\"valueName\":\"search_term_string\"}}],\"inLanguage\":\"fr-FR\"},{\"@type\":\"Organization\",\"@id\":\"https:\/\/acp-global.net\/fr\/#organization\",\"name\":\"ACP Group\",\"url\":\"https:\/\/acp-global.net\/fr\/\",\"logo\":{\"@type\":\"ImageObject\",\"inLanguage\":\"fr-FR\",\"@id\":\"https:\/\/acp-global.net\/fr\/#\/schema\/logo\/image\/\",\"url\":\"https:\/\/acp-global.net\/wp-content\/uploads\/acp_group.png\",\"contentUrl\":\"https:\/\/acp-global.net\/wp-content\/uploads\/acp_group.png\",\"width\":1232,\"height\":285,\"caption\":\"ACP Group\"},\"image\":{\"@id\":\"https:\/\/acp-global.net\/fr\/#\/schema\/logo\/image\/\"}}]}<\/script>\n<!-- \/ Yoast SEO plugin. -->","yoast_head_json":{"title":"Blog - ACP Group","robots":{"index":"index","follow":"follow","max-snippet":"max-snippet:-1","max-image-preview":"max-image-preview:large","max-video-preview":"max-video-preview:-1"},"canonical":"https:\/\/acp-global.net\/fr\/blog\/","og_locale":"fr_FR","og_type":"article","og_title":"Blog - ACP Group","og_url":"https:\/\/acp-global.net\/fr\/blog\/","og_site_name":"ACP Group","article_modified_time":"2024-02-16T14:10:30+00:00","twitter_card":"summary_large_image","schema":{"@context":"https:\/\/schema.org","@graph":[{"@type":"WebPage","@id":"https:\/\/acp-global.net\/fr\/blog\/","url":"https:\/\/acp-global.net\/fr\/blog\/","name":"Blog - ACP Group","isPartOf":{"@id":"https:\/\/acp-global.net\/fr\/#website"},"datePublished":"2023-04-06T12:34:03+00:00","dateModified":"2024-02-16T14:10:30+00:00","breadcrumb":{"@id":"https:\/\/acp-global.net\/fr\/blog\/#breadcrumb"},"inLanguage":"fr-FR","potentialAction":[{"@type":"ReadAction","target":["https:\/\/acp-global.net\/fr\/blog\/"]}]},{"@type":"BreadcrumbList","@id":"https:\/\/acp-global.net\/fr\/blog\/#breadcrumb","itemListElement":[{"@type":"ListItem","position":1,"name":"Startseite","item":"https:\/\/acp-global.net\/fr\/"},{"@type":"ListItem","position":2,"name":"Privat: Blog"}]},{"@type":"WebSite","@id":"https:\/\/acp-global.net\/fr\/#website","url":"https:\/\/acp-global.net\/fr\/","name":"ACP Group","description":"","publisher":{"@id":"https:\/\/acp-global.net\/fr\/#organization"},"potentialAction":[{"@type":"SearchAction","target":{"@type":"EntryPoint","urlTemplate":"https:\/\/acp-global.net\/fr\/?s={search_term_string}"},"query-input":{"@type":"PropertyValueSpecification","valueRequired":true,"valueName":"search_term_string"}}],"inLanguage":"fr-FR"},{"@type":"Organization","@id":"https:\/\/acp-global.net\/fr\/#organization","name":"ACP Group","url":"https:\/\/acp-global.net\/fr\/","logo":{"@type":"ImageObject","inLanguage":"fr-FR","@id":"https:\/\/acp-global.net\/fr\/#\/schema\/logo\/image\/","url":"https:\/\/acp-global.net\/wp-content\/uploads\/acp_group.png","contentUrl":"https:\/\/acp-global.net\/wp-content\/uploads\/acp_group.png","width":1232,"height":285,"caption":"ACP Group"},"image":{"@id":"https:\/\/acp-global.net\/fr\/#\/schema\/logo\/image\/"}}]}},"_links":{"self":[{"href":"https:\/\/acp-global.net\/fr\/wp-json\/wp\/v2\/pages\/6729","targetHints":{"allow":["GET"]}}],"collection":[{"href":"https:\/\/acp-global.net\/fr\/wp-json\/wp\/v2\/pages"}],"about":[{"href":"https:\/\/acp-global.net\/fr\/wp-json\/wp\/v2\/types\/page"}],"author":[{"embeddable":true,"href":"https:\/\/acp-global.net\/fr\/wp-json\/wp\/v2\/users\/1"}],"replies":[{"embeddable":true,"href":"https:\/\/acp-global.net\/fr\/wp-json\/wp\/v2\/comments?post=6729"}],"version-history":[{"count":2,"href":"https:\/\/acp-global.net\/fr\/wp-json\/wp\/v2\/pages\/6729\/revisions"}],"predecessor-version":[{"id":7751,"href":"https:\/\/acp-global.net\/fr\/wp-json\/wp\/v2\/pages\/6729\/revisions\/7751"}],"wp:attachment":[{"href":"https:\/\/acp-global.net\/fr\/wp-json\/wp\/v2\/media?parent=6729"}],"curies":[{"name":"wp","href":"https:\/\/api.w.org\/{rel}","templated":true}]}}