{"id":6805,"date":"2024-02-01T10:07:16","date_gmt":"2024-02-01T09:07:16","guid":{"rendered":"https:\/\/acp.pixel-tal.de\/domaines-dapplication\/industrie-electrique\/"},"modified":"2024-08-16T10:19:35","modified_gmt":"2024-08-16T08:19:35","slug":"industrie-electrique","status":"publish","type":"page","link":"https:\/\/acp-global.net\/fr\/domaines-dapplication\/industrie-electrique\/","title":{"rendered":"Industrie \u00e9lectrique"},"content":{"rendered":"        \n            <!-- hero -->\n        \n                    \n            <div id=\"hero-2036c8458f683addf609504bb8c442c0\" class=\"hero\">\n\t\t\t\t<div class=\"hero-slider\">\t\t\t\t\n        \n            <!-- hero -->\n        \n                    \n            <div  class=\"hero-slide hero-slide-d8db20ce627f9c6d075bbd96914a21c9 \">\n\n\t\t\t\t<div class=\"hero-canvas\">\n\t\t\t\t\t<div class=\"hero-content\">\n\t\t\t\t\t\t<span class=\"hero-subheadline subheadline\">Bandes m\u00e9talliques d\u00e9coup\u00e9es estamp\u00e9es et cisaill\u00e9es<\/span>\t\t\t\t\t\t<h1 class=\"hero-headline headline\">Pour de nombreux domaines de l&#8217;industrie \u00e9lectrique<\/h1>\t\t\t\t\t\t\t\t\t\t\t<\/div>\n\t\t\t\t<\/div>\n\n                \t\t\t\t\t<div class=\"hero-background\">\n                        <div class=\"hero-overlay\"><\/div>\n\t\t\t\t\t\t<img decoding=\"async\" src=\"https:\/\/acp-global.net\/wp-content\/uploads\/acp_header_elektro.jpg\" \/>\n\t\t\t\t\t<\/div>\n\t\t\t\t\n                \n\t\t\t<\/div>\n        \n                    \n            <!-- end:hero -->\n        \n            \n\n\t\t\t\t<\/div>\t\t\t<\/div>\n        \n                    \n            <!-- end:hero -->\n        \n            \n\n<section class=\"gb-container gb-container-5b45f9d8 gb-container-section-white\" id=\"intro\">\n<div class=\"gb-container gb-container-7cb1f658\">\n<div class=\"gb-grid-wrapper gb-grid-wrapper-1f853d8c\">\n<div class=\"gb-grid-column gb-grid-column-9d5895f9\"><div class=\"gb-container gb-container-9d5895f9\" data-aos=\"fade-right\">\n<div class=\"gb-grid-wrapper gb-grid-wrapper-b144462a\">\n<div class=\"gb-grid-column gb-grid-column-77b6296d\"><div class=\"gb-container gb-container-77b6296d\">\n\n<div class=\"wp-block-pixel-headline headlines is-subheadline-top has-text-align-left\"><h2 class=\"headline\" style=\"color:\"><strong>Flexible, particuli\u00e8rement conducteur ou encore isolant<\/strong><\/h2><span class=\"subheadline\" style=\"color:\">DOMAINE D&#8217;APPLICATION INDUSTRIE \u00c9LECTRIQUE<\/span><\/div>\n\n\n\n<p class=\"wp-block-paragraph\">ACP fournit des bandes m\u00e9talliques en continues estamp\u00e9es ou en rouleaux pour l&#8217;industrie \u00e9lectrique. Nos produits jouent souvent un r\u00f4le crucial dans la fourniture de petites pi\u00e8ces m\u00e9talliques flexibles, indispensables dans ce secteur.<\/p>\n\n<\/div><\/div>\n<\/div>\n<\/div><\/div>\n\n<div class=\"gb-grid-column gb-grid-column-c35aa8c3\"><div class=\"gb-container gb-container-c35aa8c3\">\n\n<figure class=\"gb-block-image gb-block-image-9470b013\"><img loading=\"lazy\" decoding=\"async\" width=\"640\" height=\"327\" class=\"gb-image gb-image-9470b013\" src=\"https:\/\/acp-global.net\/wp-content\/uploads\/acp_elektroindustrie_01.jpg\" alt=\"\" title=\"acp_elektroindustrie_01\" srcset=\"https:\/\/acp-global.net\/wp-content\/uploads\/acp_elektroindustrie_01.jpg 640w, https:\/\/acp-global.net\/wp-content\/uploads\/acp_elektroindustrie_01-300x153.jpg 300w, https:\/\/acp-global.net\/wp-content\/uploads\/acp_elektroindustrie_01-147x75.jpg 147w, https:\/\/acp-global.net\/wp-content\/uploads\/acp_elektroindustrie_01-235x120.jpg 235w\" sizes=\"auto, (max-width: 640px) 100vw, 640px\" \/><\/figure>\n\n<\/div><\/div>\n<\/div>\n<\/div>\n<\/section>\n\n<section class=\"gb-container gb-container-11d1c095 overflowvisible gb-container-align-left-half-section-alt\">\n<div class=\"gb-container gb-container-c9136177\">\n<div class=\"gb-grid-wrapper gb-grid-wrapper-51e1d11d\">\n<div class=\"gb-grid-column gb-grid-column-91c3c72e gb-grid-column-align-top-left\"><div class=\"gb-container gb-container-91c3c72e gb-container-align-top-left\" data-aos=\"fade-left\">\n\n<figure class=\"gb-block-image gb-block-image-6f09a910\"><img loading=\"lazy\" decoding=\"async\" width=\"930\" height=\"650\" class=\"gb-image gb-image-6f09a910\" src=\"https:\/\/acp-global.net\/wp-content\/uploads\/acp_elektroindustrie_vorteile-der-stahlbaender.png\" alt=\"\" title=\"acp_industrie_\u00e9lectrique_avantages_des_bandes_d'acier\" srcset=\"https:\/\/acp-global.net\/wp-content\/uploads\/acp_elektroindustrie_vorteile-der-stahlbaender.png 930w, https:\/\/acp-global.net\/wp-content\/uploads\/acp_elektroindustrie_vorteile-der-stahlbaender-300x210.png 300w, https:\/\/acp-global.net\/wp-content\/uploads\/acp_elektroindustrie_vorteile-der-stahlbaender-768x537.png 768w, https:\/\/acp-global.net\/wp-content\/uploads\/acp_elektroindustrie_vorteile-der-stahlbaender-107x75.png 107w, https:\/\/acp-global.net\/wp-content\/uploads\/acp_elektroindustrie_vorteile-der-stahlbaender-172x120.png 172w\" sizes=\"auto, (max-width: 930px) 100vw, 930px\" \/><\/figure>\n\n<\/div><\/div>\n\n<div class=\"gb-grid-column gb-grid-column-232cbe27\"><div class=\"gb-container gb-container-232cbe27\" data-aos=\"fade-left\">\n\n<div class=\"wp-block-pixel-headline headlines is-subheadline-top has-text-align-left\"><h2 class=\"headline\" style=\"color:\">Avantages des bandes de d\u00e9coupe ACP<\/h2><span class=\"subheadline\" style=\"color:\">Mat\u00e9riau et rev\u00eatement<\/span><\/div>\n\n\n\n<p class=\"wp-block-paragraph\">Pour les composants \u00e9lectroniques, il s&#8217;agit souvent de la conductivit\u00e9. Ici, nous pouvons d\u00e9velopper une multitude de solutions individuelles en combinant le mat\u00e9riau de base et le rev\u00eatement. Les rev\u00eatements antiadh\u00e9sifs permettent d&#8217;\u00e9viter que les composants ne se salissent ou ne prennent la poussi\u00e8re. Et l&#8217;utilisation de rev\u00eatements en caoutchouc permet \u00e9galement de cr\u00e9er des propri\u00e9t\u00e9s isolantes ou d&#8217;amortissement des vibrations pour les bandes de d\u00e9coupe. Les possibilit\u00e9s sont donc quasiment illimit\u00e9es.<\/p>\n\n\n\n<p class=\"wp-block-paragraph\">Vous trouverez plus d&#8217;informations sur nos mat\u00e9riaux et nos possibilit\u00e9s de rev\u00eatement sur nos pages produits.<\/p>\n\n<\/div><\/div>\n<\/div>\n<\/div>\n<\/section>\n\n<section class=\"gb-container gb-container-04d57702 gb-container-section-white\" id=\"contact\">\n<div class=\"gb-container gb-container-31e27eda\">\n\t\t\t\t<div id=\"kontakt\" class=\"contact-form is-style-address gb-grid-wrapper\" >\r\n\r\n\t\t\t\t\t\t\t\t\t\t\t<div class=\"contact-form-head gb-grid-column\" style=\"width: 100%;\">\r\n\t\t\t\t\t\t\t<div class=\"wp-block-pixel-headline headlines is-subheadline-top is-h1 has-text-align-left\">\r\n\t\t\t\t\t\t\t\t<h2 class=\"headline is-h1\">Contactez-nous<\/h2>\r\n\t\t\t\t\t\t\t\t<span class=\"subheadline\">Objectifs, projets, questions, souhaits ?<\/span>\r\n\t\t\t\t\t\t\t<\/div>\r\n\t\t\t\t\t\t<\/div>\r\n                    \r\n\t\t\t\t\t\t\t\t\t\t\t<address class=\"contact-form-side gb-grid-column\">\r\n\t\t\t\t\t\t \r\n\t\t\t<div class=\"card card-location card-location-1190\">\r\n\t\t\t\t<div class=\"card-media\"><img loading=\"lazy\" decoding=\"async\" width=\"1640\" height=\"285\" src=\"https:\/\/acp-global.net\/wp-content\/uploads\/acp_deutschland.png\" class=\"attachment-full size-full\" alt=\"\" srcset=\"https:\/\/acp-global.net\/wp-content\/uploads\/acp_deutschland.png 1640w, https:\/\/acp-global.net\/wp-content\/uploads\/acp_deutschland-300x52.png 300w, https:\/\/acp-global.net\/wp-content\/uploads\/acp_deutschland-1024x178.png 1024w, https:\/\/acp-global.net\/wp-content\/uploads\/acp_deutschland-768x133.png 768w, https:\/\/acp-global.net\/wp-content\/uploads\/acp_deutschland-1536x267.png 1536w, https:\/\/acp-global.net\/wp-content\/uploads\/acp_deutschland-432x75.png 432w, https:\/\/acp-global.net\/wp-content\/uploads\/acp_deutschland-691x120.png 691w\" sizes=\"auto, (max-width: 1640px) 100vw, 1640px\" \/><\/div>\t\t\t\t<div class=\"card-content\">\r\n\t\t\t\t\t<div class=\"card-inner\">\r\n\t\t\t\t\t\t<span class=\"card-headline headline is-h4\">ACP Deutschland<\/span><div class=\"card-copy\"><span class=\"card-line card-line-street\">Sch\u00e4fergasse 1<\/span><span class=\"card-line card-line-city\">36433 Bad Salzungen<\/span><span class=\"card-line card-line-country\">Deutschland<\/span><\/div>\t\t\t\t\t<\/div>\r\n\r\n\t\t\t\t\t<div class=\"card-action\"><span class=\"card-line card-line-phone\"><a href=\"tel:49036956630\" target=\"_blank\" rel=\"nofollow\">+49 (0) 3695 663-0<\/a><\/span><span class=\"card-line card-line-fax\">+49 (0) 3695 663-106<\/span><span class=\"card-line card-line-email\"><a href=\"mailto:info@acp-d.com\" target=\"_blank\" rel=\"nofollow\">info@acp-d.com<\/a><\/span><span class=\"card-line card-line-web\"><a href=\"https:\/\/acp-global.net\/unternehmen\/acp-deutschland\" target=\"_blank\">Vers le site<\/a><\/span><span class=\"card-line card-line-maps\"><a class=\"gb-button gb-button-dark-blue-outlined is-style-outline\" href=\"https:\/\/www.google.com\/maps\/search\/?api=1&#038;query=ACP Deutschland+Sch\u00e4fergasse 1+36433 Bad Salzungen\" target=\"_blank\"><span class=\"gb-button-text\">Google Maps<\/span><\/span><\/a><\/span><\/div>\t\t\t\t<\/div>\r\n\t\t\t<\/div>\r\n\t\t\t\t\t\t\t\t<\/address>\t\r\n\t\t\t\t\t\r\n\t\t\t\t\t\t\t\r\n\t\t\t\t\t<div class=\"contact-form-main gb-grid-column\">\r\n                        \r\n                        \t\t\t\t\t\t\n<div class=\"wpcf7 no-js\" id=\"wpcf7-f6651-o1\" lang=\"fr-FR\" dir=\"ltr\" data-wpcf7-id=\"6651\">\n<div class=\"screen-reader-response\"><p role=\"status\" aria-live=\"polite\" aria-atomic=\"true\"><\/p> <ul><\/ul><\/div>\n<form action=\"\/fr\/wp-json\/wp\/v2\/pages\/6805#wpcf7-f6651-o1\" method=\"post\" class=\"wpcf7-form init\" aria-label=\"Formulaire de contact\" novalidate=\"novalidate\" data-status=\"init\">\n<fieldset class=\"hidden-fields-container\"><input type=\"hidden\" name=\"_wpcf7\" value=\"6651\" \/><input type=\"hidden\" name=\"_wpcf7_version\" value=\"6.1.5\" \/><input type=\"hidden\" name=\"_wpcf7_locale\" value=\"fr_FR\" \/><input type=\"hidden\" name=\"_wpcf7_unit_tag\" value=\"wpcf7-f6651-o1\" \/><input type=\"hidden\" name=\"_wpcf7_container_post\" value=\"0\" \/><input type=\"hidden\" name=\"_wpcf7_posted_data_hash\" value=\"\" \/>\n<\/fieldset>\n<div class=\"form-fields form-fields-3\">\n<div class=\"form-field recipient-field\"><label>Quel si\u00e8ge de l&#8217;ACP souhaitez-vous contacter ?<\/label><span class=\"wpcf7-form-control-wrap\" data-name=\"recipient\"><select class=\"wpcf7-form-control wpcf7-select wpcf7-validates-as-required\" aria-required=\"true\" aria-invalid=\"false\" name=\"recipient\"><option value=\"Deutschland\">Deutschland<\/option><option value=\"France\">France<\/option><option value=\"Canada\">Canada<\/option><option value=\"USA\">USA<\/option><option value=\"Mexico\">Mexico<\/option><option value=\"Brasil\">Brasil<\/option><option value=\"China\">China<\/option><\/select><\/span><\/div>\n<div class=\"form-field\"><label>Pr\u00e9nom*<\/label><span class=\"wpcf7-form-control-wrap\" data-name=\"fname\"><input size=\"40\" maxlength=\"400\" class=\"wpcf7-form-control wpcf7-text wpcf7-validates-as-required\" aria-required=\"true\" aria-invalid=\"false\" value=\"\" type=\"text\" name=\"fname\" \/><\/span><\/div>\n<div class=\"form-field\"><label>Nom*<\/label><span class=\"wpcf7-form-control-wrap\" data-name=\"lname\"><input size=\"40\" maxlength=\"400\" class=\"wpcf7-form-control wpcf7-text wpcf7-validates-as-required\" aria-required=\"true\" aria-invalid=\"false\" value=\"\" type=\"text\" name=\"lname\" \/><\/span><\/div>\n<div class=\"form-field\"><label>Position<\/label><span class=\"wpcf7-form-control-wrap\" data-name=\"position\"><input size=\"40\" maxlength=\"400\" class=\"wpcf7-form-control wpcf7-text\" aria-invalid=\"false\" value=\"\" type=\"text\" name=\"position\" \/><\/span><\/div>\n<div class=\"form-field\"><label>Entreprise<\/label><span class=\"wpcf7-form-control-wrap\" data-name=\"company\"><input size=\"40\" maxlength=\"400\" class=\"wpcf7-form-control wpcf7-text\" aria-invalid=\"false\" value=\"\" type=\"text\" name=\"company\" \/><\/span><\/div>\n<div class=\"form-field\"><label>T\u00e9l\u00e9phone<\/label><span class=\"wpcf7-form-control-wrap\" data-name=\"phone\"><input size=\"40\" maxlength=\"400\" class=\"wpcf7-form-control wpcf7-text\" aria-invalid=\"false\" value=\"\" type=\"text\" name=\"phone\" \/><\/span><\/div>\n<div class=\"form-field\"><label>E-mail*<\/label><span class=\"wpcf7-form-control-wrap\" data-name=\"mail\"><input size=\"40\" maxlength=\"400\" class=\"wpcf7-form-control wpcf7-email wpcf7-validates-as-required wpcf7-text wpcf7-validates-as-email\" aria-required=\"true\" aria-invalid=\"false\" value=\"\" type=\"email\" name=\"mail\" \/><\/span><\/div>\n<\/div>\n<div class=\"form-field textarea\"><label>Votre message<\/label><span class=\"wpcf7-form-control-wrap\" data-name=\"message\"><textarea cols=\"40\" rows=\"10\" maxlength=\"2000\" class=\"wpcf7-form-control wpcf7-textarea\" aria-invalid=\"false\" name=\"message\"><\/textarea><\/span><\/div>\n\n<span class=\"required\">Les champs marqu\u00e9s d&#8217;un * sont obligatoires.<\/span>\n<div class=\"form-fields form-footer\">\n<div class=\"form-privacy\"><span class=\"wpcf7-form-control-wrap\" data-name=\"ds\"><span class=\"wpcf7-form-control wpcf7-acceptance\"><span class=\"wpcf7-list-item\"><input type=\"checkbox\" name=\"ds\" value=\"1\" aria-invalid=\"false\" \/><\/span><\/span><\/span><span class=\"privacy-policy-note\">J&#8217;accepte les <a href=\"\/rechtliches\/datenschutz\/\" target=\"_blank\">dispositions relatives \u00e0 la protection des donn\u00e9es<\/a>.<\/span><\/div>\n<span id=\"wpcf7-69d7a00e79821-wrapper\" class=\"wpcf7-form-control-wrap email-address-wrap\" style=\"display:none !important; visibility:hidden !important;\"><input type=\"hidden\" name=\"email-address-time-start\" value=\"1775738894\"><input type=\"hidden\" name=\"email-address-time-check\" value=\"2\"><label for=\"wpcf7-69d7a00e79821-field\" class=\"hp-message\">email-address<\/label><input id=\"wpcf7-69d7a00e79821-field\"  class=\"wpcf7-form-control wpcf7-text\" type=\"text\" name=\"email-address\" value=\"\" size=\"40\" tabindex=\"-1\" autocomplete=\"off\" \/><\/span>\n<div class=\"form-submit\"><button id=\"submit\" class=\"wpcf7-form-control wpcf7-submit\">Envoyer<\/button><\/div>\n<\/div><div class=\"wpcf7-response-output\" aria-hidden=\"true\"><\/div>\n<\/form>\n<\/div>\n\t\t\t\t\t<\/div> \r\n\t\t\r\n\t\t\t\t<\/div>\r\n\t\t\t\n<\/div>\n<\/section>","protected":false},"excerpt":{"rendered":"","protected":false},"author":1,"featured_media":0,"parent":6735,"menu_order":2,"comment_status":"closed","ping_status":"closed","template":"","meta":{"_acf_changed":false,"_crdt_document":"","footnotes":""},"class_list":["post-6805","page","type-page","status-publish"],"acf":[],"yoast_head":"<!-- This site is optimized with the Yoast SEO plugin v27.2 - https:\/\/yoast.com\/product\/yoast-seo-wordpress\/ -->\n<title>Bandes de d\u00e9coupe \u00e9lectriquement conductrices &amp; isolantes | Groupe ACP<\/title>\n<meta name=\"description\" content=\"Bandes m\u00e9talliques d\u00e9coup\u00e9es \u00e0 l&#039;emporte-pi\u00e8ce &amp; au rouleau sans fin \u2713 Avantages des bandes d\u00e9coup\u00e9es ACP : flexibles\/ particuli\u00e8rement conductrices \/ isolantes \u2713 Nombreuses solutions individuelles \u2713\" \/>\n<meta name=\"robots\" content=\"index, follow, max-snippet:-1, max-image-preview:large, max-video-preview:-1\" \/>\n<link rel=\"canonical\" href=\"https:\/\/acp-global.net\/fr\/domaines-dapplication\/industrie-electrique\/\" \/>\n<meta property=\"og:locale\" content=\"fr_FR\" \/>\n<meta property=\"og:type\" content=\"article\" \/>\n<meta property=\"og:title\" content=\"Bandes de d\u00e9coupe \u00e9lectriquement conductrices &amp; isolantes | Groupe ACP\" \/>\n<meta property=\"og:description\" content=\"Bandes m\u00e9talliques d\u00e9coup\u00e9es \u00e0 l&#039;emporte-pi\u00e8ce &amp; au rouleau sans fin \u2713 Avantages des bandes d\u00e9coup\u00e9es ACP : flexibles\/ particuli\u00e8rement conductrices \/ isolantes \u2713 Nombreuses solutions individuelles \u2713\" \/>\n<meta property=\"og:url\" content=\"https:\/\/acp-global.net\/fr\/domaines-dapplication\/industrie-electrique\/\" \/>\n<meta property=\"og:site_name\" content=\"ACP Group\" \/>\n<meta property=\"article:modified_time\" content=\"2024-08-16T08:19:35+00:00\" \/>\n<meta property=\"og:image\" content=\"https:\/\/acp-global.net\/wp-content\/uploads\/acp_elektroindustrie_01.jpg\" \/>\n<meta name=\"twitter:card\" content=\"summary_large_image\" \/>\n<meta name=\"twitter:label1\" content=\"Dur\u00e9e de lecture estim\u00e9e\" \/>\n\t<meta name=\"twitter:data1\" content=\"2 minutes\" \/>\n<script type=\"application\/ld+json\" class=\"yoast-schema-graph\">{\"@context\":\"https:\/\/schema.org\",\"@graph\":[{\"@type\":\"WebPage\",\"@id\":\"https:\/\/acp-global.net\/fr\/domaines-dapplication\/industrie-electrique\/\",\"url\":\"https:\/\/acp-global.net\/fr\/domaines-dapplication\/industrie-electrique\/\",\"name\":\"Bandes de d\u00e9coupe \u00e9lectriquement conductrices & isolantes | Groupe ACP\",\"isPartOf\":{\"@id\":\"https:\/\/acp-global.net\/fr\/#website\"},\"primaryImageOfPage\":{\"@id\":\"https:\/\/acp-global.net\/fr\/domaines-dapplication\/industrie-electrique\/#primaryimage\"},\"image\":{\"@id\":\"https:\/\/acp-global.net\/fr\/domaines-dapplication\/industrie-electrique\/#primaryimage\"},\"thumbnailUrl\":\"https:\/\/acp-global.net\/wp-content\/uploads\/acp_elektroindustrie_01.jpg\",\"datePublished\":\"2024-02-01T09:07:16+00:00\",\"dateModified\":\"2024-08-16T08:19:35+00:00\",\"description\":\"Bandes m\u00e9talliques d\u00e9coup\u00e9es \u00e0 l'emporte-pi\u00e8ce & au rouleau sans fin \u2713 Avantages des bandes d\u00e9coup\u00e9es ACP : flexibles\/ particuli\u00e8rement conductrices \/ isolantes \u2713 Nombreuses solutions individuelles \u2713\",\"breadcrumb\":{\"@id\":\"https:\/\/acp-global.net\/fr\/domaines-dapplication\/industrie-electrique\/#breadcrumb\"},\"inLanguage\":\"fr-FR\",\"potentialAction\":[{\"@type\":\"ReadAction\",\"target\":[\"https:\/\/acp-global.net\/fr\/domaines-dapplication\/industrie-electrique\/\"]}]},{\"@type\":\"ImageObject\",\"inLanguage\":\"fr-FR\",\"@id\":\"https:\/\/acp-global.net\/fr\/domaines-dapplication\/industrie-electrique\/#primaryimage\",\"url\":\"https:\/\/acp-global.net\/wp-content\/uploads\/acp_elektroindustrie_01.jpg\",\"contentUrl\":\"https:\/\/acp-global.net\/wp-content\/uploads\/acp_elektroindustrie_01.jpg\"},{\"@type\":\"BreadcrumbList\",\"@id\":\"https:\/\/acp-global.net\/fr\/domaines-dapplication\/industrie-electrique\/#breadcrumb\",\"itemListElement\":[{\"@type\":\"ListItem\",\"position\":1,\"name\":\"Startseite\",\"item\":\"https:\/\/acp-global.net\/fr\/\"},{\"@type\":\"ListItem\",\"position\":2,\"name\":\"Domaines d&#8217;application\",\"item\":\"https:\/\/acp-global.net\/fr\/domaines-dapplication\/\"},{\"@type\":\"ListItem\",\"position\":3,\"name\":\"Industrie \u00e9lectrique\"}]},{\"@type\":\"WebSite\",\"@id\":\"https:\/\/acp-global.net\/fr\/#website\",\"url\":\"https:\/\/acp-global.net\/fr\/\",\"name\":\"ACP Group\",\"description\":\"\",\"publisher\":{\"@id\":\"https:\/\/acp-global.net\/fr\/#organization\"},\"potentialAction\":[{\"@type\":\"SearchAction\",\"target\":{\"@type\":\"EntryPoint\",\"urlTemplate\":\"https:\/\/acp-global.net\/fr\/?s={search_term_string}\"},\"query-input\":{\"@type\":\"PropertyValueSpecification\",\"valueRequired\":true,\"valueName\":\"search_term_string\"}}],\"inLanguage\":\"fr-FR\"},{\"@type\":\"Organization\",\"@id\":\"https:\/\/acp-global.net\/fr\/#organization\",\"name\":\"ACP Group\",\"url\":\"https:\/\/acp-global.net\/fr\/\",\"logo\":{\"@type\":\"ImageObject\",\"inLanguage\":\"fr-FR\",\"@id\":\"https:\/\/acp-global.net\/fr\/#\/schema\/logo\/image\/\",\"url\":\"https:\/\/acp-global.net\/wp-content\/uploads\/acp_group.png\",\"contentUrl\":\"https:\/\/acp-global.net\/wp-content\/uploads\/acp_group.png\",\"width\":1232,\"height\":285,\"caption\":\"ACP Group\"},\"image\":{\"@id\":\"https:\/\/acp-global.net\/fr\/#\/schema\/logo\/image\/\"}}]}<\/script>\n<!-- \/ Yoast SEO plugin. -->","yoast_head_json":{"title":"Bandes de d\u00e9coupe \u00e9lectriquement conductrices & isolantes | Groupe ACP","description":"Bandes m\u00e9talliques d\u00e9coup\u00e9es \u00e0 l'emporte-pi\u00e8ce & au rouleau sans fin \u2713 Avantages des bandes d\u00e9coup\u00e9es ACP : flexibles\/ particuli\u00e8rement conductrices \/ isolantes \u2713 Nombreuses solutions individuelles \u2713","robots":{"index":"index","follow":"follow","max-snippet":"max-snippet:-1","max-image-preview":"max-image-preview:large","max-video-preview":"max-video-preview:-1"},"canonical":"https:\/\/acp-global.net\/fr\/domaines-dapplication\/industrie-electrique\/","og_locale":"fr_FR","og_type":"article","og_title":"Bandes de d\u00e9coupe \u00e9lectriquement conductrices & isolantes | Groupe ACP","og_description":"Bandes m\u00e9talliques d\u00e9coup\u00e9es \u00e0 l'emporte-pi\u00e8ce & au rouleau sans fin \u2713 Avantages des bandes d\u00e9coup\u00e9es ACP : flexibles\/ particuli\u00e8rement conductrices \/ isolantes \u2713 Nombreuses solutions individuelles \u2713","og_url":"https:\/\/acp-global.net\/fr\/domaines-dapplication\/industrie-electrique\/","og_site_name":"ACP Group","article_modified_time":"2024-08-16T08:19:35+00:00","og_image":[{"url":"https:\/\/acp-global.net\/wp-content\/uploads\/acp_elektroindustrie_01.jpg","type":"","width":"","height":""}],"twitter_card":"summary_large_image","twitter_misc":{"Dur\u00e9e de lecture estim\u00e9e":"2 minutes"},"schema":{"@context":"https:\/\/schema.org","@graph":[{"@type":"WebPage","@id":"https:\/\/acp-global.net\/fr\/domaines-dapplication\/industrie-electrique\/","url":"https:\/\/acp-global.net\/fr\/domaines-dapplication\/industrie-electrique\/","name":"Bandes de d\u00e9coupe \u00e9lectriquement conductrices & isolantes | Groupe ACP","isPartOf":{"@id":"https:\/\/acp-global.net\/fr\/#website"},"primaryImageOfPage":{"@id":"https:\/\/acp-global.net\/fr\/domaines-dapplication\/industrie-electrique\/#primaryimage"},"image":{"@id":"https:\/\/acp-global.net\/fr\/domaines-dapplication\/industrie-electrique\/#primaryimage"},"thumbnailUrl":"https:\/\/acp-global.net\/wp-content\/uploads\/acp_elektroindustrie_01.jpg","datePublished":"2024-02-01T09:07:16+00:00","dateModified":"2024-08-16T08:19:35+00:00","description":"Bandes m\u00e9talliques d\u00e9coup\u00e9es \u00e0 l'emporte-pi\u00e8ce & au rouleau sans fin \u2713 Avantages des bandes d\u00e9coup\u00e9es ACP : flexibles\/ particuli\u00e8rement conductrices \/ isolantes \u2713 Nombreuses solutions individuelles \u2713","breadcrumb":{"@id":"https:\/\/acp-global.net\/fr\/domaines-dapplication\/industrie-electrique\/#breadcrumb"},"inLanguage":"fr-FR","potentialAction":[{"@type":"ReadAction","target":["https:\/\/acp-global.net\/fr\/domaines-dapplication\/industrie-electrique\/"]}]},{"@type":"ImageObject","inLanguage":"fr-FR","@id":"https:\/\/acp-global.net\/fr\/domaines-dapplication\/industrie-electrique\/#primaryimage","url":"https:\/\/acp-global.net\/wp-content\/uploads\/acp_elektroindustrie_01.jpg","contentUrl":"https:\/\/acp-global.net\/wp-content\/uploads\/acp_elektroindustrie_01.jpg"},{"@type":"BreadcrumbList","@id":"https:\/\/acp-global.net\/fr\/domaines-dapplication\/industrie-electrique\/#breadcrumb","itemListElement":[{"@type":"ListItem","position":1,"name":"Startseite","item":"https:\/\/acp-global.net\/fr\/"},{"@type":"ListItem","position":2,"name":"Domaines d&#8217;application","item":"https:\/\/acp-global.net\/fr\/domaines-dapplication\/"},{"@type":"ListItem","position":3,"name":"Industrie \u00e9lectrique"}]},{"@type":"WebSite","@id":"https:\/\/acp-global.net\/fr\/#website","url":"https:\/\/acp-global.net\/fr\/","name":"ACP Group","description":"","publisher":{"@id":"https:\/\/acp-global.net\/fr\/#organization"},"potentialAction":[{"@type":"SearchAction","target":{"@type":"EntryPoint","urlTemplate":"https:\/\/acp-global.net\/fr\/?s={search_term_string}"},"query-input":{"@type":"PropertyValueSpecification","valueRequired":true,"valueName":"search_term_string"}}],"inLanguage":"fr-FR"},{"@type":"Organization","@id":"https:\/\/acp-global.net\/fr\/#organization","name":"ACP Group","url":"https:\/\/acp-global.net\/fr\/","logo":{"@type":"ImageObject","inLanguage":"fr-FR","@id":"https:\/\/acp-global.net\/fr\/#\/schema\/logo\/image\/","url":"https:\/\/acp-global.net\/wp-content\/uploads\/acp_group.png","contentUrl":"https:\/\/acp-global.net\/wp-content\/uploads\/acp_group.png","width":1232,"height":285,"caption":"ACP Group"},"image":{"@id":"https:\/\/acp-global.net\/fr\/#\/schema\/logo\/image\/"}}]}},"_links":{"self":[{"href":"https:\/\/acp-global.net\/fr\/wp-json\/wp\/v2\/pages\/6805","targetHints":{"allow":["GET"]}}],"collection":[{"href":"https:\/\/acp-global.net\/fr\/wp-json\/wp\/v2\/pages"}],"about":[{"href":"https:\/\/acp-global.net\/fr\/wp-json\/wp\/v2\/types\/page"}],"author":[{"embeddable":true,"href":"https:\/\/acp-global.net\/fr\/wp-json\/wp\/v2\/users\/1"}],"replies":[{"embeddable":true,"href":"https:\/\/acp-global.net\/fr\/wp-json\/wp\/v2\/comments?post=6805"}],"version-history":[{"count":3,"href":"https:\/\/acp-global.net\/fr\/wp-json\/wp\/v2\/pages\/6805\/revisions"}],"predecessor-version":[{"id":9012,"href":"https:\/\/acp-global.net\/fr\/wp-json\/wp\/v2\/pages\/6805\/revisions\/9012"}],"up":[{"embeddable":true,"href":"https:\/\/acp-global.net\/fr\/wp-json\/wp\/v2\/pages\/6735"}],"wp:attachment":[{"href":"https:\/\/acp-global.net\/fr\/wp-json\/wp\/v2\/media?parent=6805"}],"curies":[{"name":"wp","href":"https:\/\/api.w.org\/{rel}","templated":true}]}}