{"id":6821,"date":"2023-07-26T10:03:42","date_gmt":"2023-07-26T08:03:42","guid":{"rendered":"https:\/\/acp.pixel-tal.de\/entreprise\/code-de-conduite\/"},"modified":"2024-06-24T16:14:01","modified_gmt":"2024-06-24T14:14:01","slug":"code-de-conduite","status":"publish","type":"page","link":"https:\/\/acp-global.net\/fr\/entreprise\/code-de-conduite\/","title":{"rendered":"Code de conduite"},"content":{"rendered":"        \n            <!-- hero -->\n        \n                    \n            <div id=\"hero-5b79a7ee23c93a2683bcefddd5ea3139\" class=\"hero\">\n\t\t\t\t<div class=\"hero-slider\">\t\t\t\t\n        \n            <!-- hero -->\n        \n                    \n            <div  class=\"hero-slide hero-slide-d2a780d3430093b3ae0f6bcc8cfdb9a0 \">\n\n\t\t\t\t<div class=\"hero-canvas\">\n\t\t\t\t\t<div class=\"hero-content\">\n\t\t\t\t\t\t<span class=\"hero-subheadline subheadline\">Respect, courage, engagement<\/span>\t\t\t\t\t\t<h1 class=\"hero-headline headline\">Notre vision<\/h1>\t\t\t\t\t\t\t\t\t\t\t<\/div>\n\t\t\t\t<\/div>\n\n                \t\t\t\t\t<div class=\"hero-background\">\n                        <div class=\"hero-overlay\"><\/div>\n\t\t\t\t\t\t<img decoding=\"async\" src=\"https:\/\/acp-global.net\/wp-content\/uploads\/hero-vision.jpg\" \/>\n\t\t\t\t\t<\/div>\n\t\t\t\t\n                \n\t\t\t<\/div>\n        \n                    \n            <!-- end:hero -->\n        \n            \n\n\t\t\t\t<\/div>\t\t\t<\/div>\n        \n                    \n            <!-- end:hero -->\n        \n            <section class=\"gb-container gb-container-91ab36d0 gb-container-section-white\" id=\"intro\">\n<div class=\"gb-container gb-container-2c1e5245\">\n<div class=\"gb-grid-wrapper gb-grid-wrapper-bec5e074\">\n<div class=\"gb-grid-column gb-grid-column-5695831f\"><div class=\"gb-container gb-container-5695831f\" data-aos=\"fade-right\">\n\n<div class=\"wp-block-pixel-headline headlines is-subheadline-top has-text-align-left\"><h2 class=\"headline\" style=\"color:\">Nous rendons les produits fiers<\/h2><span class=\"subheadline\" style=\"color:\">L&#8217;ACP GROUP partage les valeurs du HUEHOCO GROUP<\/span><\/div>\n\n<\/div><\/div>\n\n<div class=\"gb-grid-column gb-grid-column-feff83bb\"><div class=\"gb-container gb-container-feff83bb\" data-aos=\"fade-right\">\n\n<p class=\"wp-block-paragraph\">Cette vision exprime l&#8217;essence, l&#8217;unicit\u00e9 de notre groupe et transmet ce qui nous d\u00e9finit et nous d\u00e9finira \u00e0 l&#8217;avenir.<\/p>\n\n\n\n<p class=\"wp-block-paragraph\"><strong>Mais &#8230; qui sommes-nous ? Que sommes-nous ? Comment sommes-nous ?<\/strong><\/p>\n\n\n\n<p class=\"wp-block-paragraph\">Philosophie d&#8217;entreprise, valeurs et principes directeurs &#8211; que disent-ils de nous ? Est-ce qu&#8217;on nous impose quelque chose ou est-ce que nous vivons ce que nous &#8220;mettons en avant&#8221; ? Il n&#8217;est peut-\u00eatre pas non plus n\u00e9cessaire de r\u00e9pondre \u00e0 tous les crit\u00e8res \u00e0 tout moment et dans toutes les situations. Mais il doit y avoir un objectif unifi\u00e9 !<\/p>\n\n\n\n<p class=\"wp-block-paragraph\">Un code de conduite commun auquel nous pouvons nous r\u00e9f\u00e9rer.<\/p>\n\n\n\n<p class=\"wp-block-paragraph\">Une vision claire des valeurs, des prises de d\u00e9cision qui continueront \u00e0 fa\u00e7onner notre HUEHOCO GROUP dans les ann\u00e9es \u00e0 venir et \u00e0 l&#8217;accompagner dans sa marche vers l&#8217;avenir.<\/p>\n\n\n\n<p class=\"has-color-light-color has-text-color wp-block-paragraph\"><strong>Nous vous emmenons volontiers sur ce chemin.<\/strong><\/p>\n\n<\/div><\/div>\n\n<div class=\"gb-grid-column gb-grid-column-d13f797f\"><div class=\"gb-container gb-container-d13f797f\" data-aos=\"fade-left\">\n\n<figure class=\"wp-block-embed is-type-video is-provider-youtube wp-block-embed-youtube wp-embed-aspect-16-9 wp-has-aspect-ratio\"><div class=\"wp-block-embed__wrapper\">\n <div class=\"brlbs-cmpnt-container brlbs-cmpnt-content-blocker brlbs-cmpnt-with-individual-styles\" data-borlabs-cookie-content-blocker-id=\"youtube-content-blocker\" data-borlabs-cookie-content=\"PGlmcmFtZSB0aXRsZT0iSFVFSE9DTyBXZXJ0ZSIgd2lkdGg9IjE3NzgiIGhlaWdodD0iMTAwMCIgc3JjPSJodHRwczovL3d3dy55b3V0dWJlLW5vY29va2llLmNvbS9lbWJlZC82QTFQZld4Z2RwWT9mZWF0dXJlPW9lbWJlZCIgZnJhbWVib3JkZXI9IjAiIGFsbG93PSJhY2NlbGVyb21ldGVyOyBhdXRvcGxheTsgY2xpcGJvYXJkLXdyaXRlOyBlbmNyeXB0ZWQtbWVkaWE7IGd5cm9zY29wZTsgcGljdHVyZS1pbi1waWN0dXJlOyB3ZWItc2hhcmUiIGFsbG93ZnVsbHNjcmVlbj48L2lmcmFtZT4=\"><div class=\"brlbs-cmpnt-cb-preset-c brlbs-cmpnt-cb-youtube\"> <div class=\"brlbs-cmpnt-cb-thumbnail\" style=\"background-image: url('https:\/\/acp-global.net\/wp-content\/uploads\/borlabs-cookie\/1\/yt_6A1PfWxgdpY_hqdefault.jpg')\"><\/div> <div class=\"brlbs-cmpnt-cb-main\"> <div class=\"brlbs-cmpnt-cb-play-button\"><\/div> <div class=\"brlbs-cmpnt-cb-content\"> <p class=\"brlbs-cmpnt-cb-description\">Vous \u00eates actuellement en train de consulter le contenu d&#8217;un espace r\u00e9serv\u00e9 de <strong>YouTube<\/strong>. Pour acc\u00e9der au contenu r\u00e9el, cliquez sur le bouton ci-dessous. Veuillez noter que ce faisant, des donn\u00e9es seront partag\u00e9es avec des providers tiers.<\/p> <a class=\"brlbs-cmpnt-cb-provider-toggle\" href=\"#\" data-borlabs-cookie-show-provider-information role=\"button\" target=\"_blank\">Plus d&#8217;informations<\/a> <\/div> <div class=\"brlbs-cmpnt-cb-buttons\"> <a class=\"brlbs-cmpnt-cb-btn\" href=\"#\" data-borlabs-cookie-unblock role=\"button\" target=\"_blank\">D\u00e9bloquer le contenu<\/a> <a class=\"brlbs-cmpnt-cb-btn\" href=\"#\" data-borlabs-cookie-accept-service role=\"button\" style=\"display: inherit\" target=\"_blank\">Accepter le service requis et d\u00e9bloquer les contenus<\/a> <\/div> <\/div> <\/div><\/div>\n<\/div><\/figure>\n\n<\/div><\/div>\n<\/div>\n<\/div>\n<\/section><section class=\"gb-container gb-container-cd0a9321 gb-container-section-gradient\" id=\"werte\">\n<div class=\"gb-container gb-container-4469bb1b\">\n<div class=\"gb-grid-wrapper gb-grid-wrapper-722095b5\">\n<div class=\"gb-grid-column gb-grid-column-6c8b95ad\"><div class=\"gb-container gb-container-6c8b95ad\">\n\n<div class=\"wp-block-pixel-headline headlines is-subheadline-bottom has-text-align-left is-gap-sm\"><h2 class=\"headline is-h1\" style=\"color:\">Nos valeurs<\/h2><\/div>\n\n\n\n<p class=\"wp-block-paragraph\">C&#8217;est par nos valeurs que nous nous d\u00e9finissons et que nous nous comportons les uns avec les autres, que ce soit au sein de l&#8217;entreprise ou en relation avec notre environnement.<\/p>\n\n<\/div><\/div>\n<\/div>\n<\/div>\n\n<div class=\"gb-container gb-container-70ce0e7a werte-container\">\n<div class=\"gb-grid-wrapper gb-grid-wrapper-559beca1\">\n<div class=\"gb-grid-column gb-grid-column-ed3ef3f9\"><div class=\"gb-container gb-container-ed3ef3f9\">\n\n<figure class=\"gb-block-image gb-block-image-f40d4fe0\"><img loading=\"lazy\" decoding=\"async\" width=\"700\" height=\"700\" class=\"gb-image gb-image-f40d4fe0\" src=\"https:\/\/www.huehoco.com\/wp-content\/uploads\/werte_01.jpg\" alt=\"\" title=\"valeurs_01\" srcset=\"https:\/\/acp-global.net\/wp-content\/uploads\/werte_01.jpg 700w, https:\/\/acp-global.net\/wp-content\/uploads\/werte_01-300x300.jpg 300w, https:\/\/acp-global.net\/wp-content\/uploads\/werte_01-150x150.jpg 150w, https:\/\/acp-global.net\/wp-content\/uploads\/werte_01-75x75.jpg 75w, https:\/\/acp-global.net\/wp-content\/uploads\/werte_01-120x120.jpg 120w\" sizes=\"auto, (max-width: 700px) 100vw, 700px\" \/><\/figure>\n\n<\/div><\/div>\n\n<div class=\"gb-grid-column gb-grid-column-010bf4d1 gb-grid-column-box-fade\"><div class=\"gb-container gb-container-010bf4d1 gb-container-box-fade\">\n\n<div class=\"wp-block-pixel-headline headlines is-subheadline-bottom has-text-align-center is-gap-off\"><h3 class=\"headline\" style=\"color:var(--color-light)\">Respect<\/h3><\/div>\n\n\n\n<p class=\"has-text-align-center wp-block-paragraph\">Respect de toutes les cr\u00e9atures et ressources de notre plan\u00e8te.<\/p>\n\n<\/div><\/div>\n\n<div class=\"gb-grid-column gb-grid-column-1cf789a3\"><div class=\"gb-container gb-container-1cf789a3\">\n\n<figure class=\"gb-block-image gb-block-image-befa5142\"><img loading=\"lazy\" decoding=\"async\" width=\"700\" height=\"700\" class=\"gb-image gb-image-befa5142\" src=\"https:\/\/www.huehoco.com\/wp-content\/uploads\/werte_02.jpg\" alt=\"\" title=\"valeurs_02\" srcset=\"https:\/\/acp-global.net\/wp-content\/uploads\/werte_02.jpg 700w, https:\/\/acp-global.net\/wp-content\/uploads\/werte_02-300x300.jpg 300w, https:\/\/acp-global.net\/wp-content\/uploads\/werte_02-150x150.jpg 150w, https:\/\/acp-global.net\/wp-content\/uploads\/werte_02-75x75.jpg 75w, https:\/\/acp-global.net\/wp-content\/uploads\/werte_02-120x120.jpg 120w\" sizes=\"auto, (max-width: 700px) 100vw, 700px\" \/><\/figure>\n\n<\/div><\/div>\n\n<div class=\"gb-grid-column gb-grid-column-57af6006 gb-grid-column-box-fade\"><div class=\"gb-container gb-container-57af6006 gb-container-box-fade\">\n\n<div class=\"wp-block-pixel-headline headlines is-subheadline-bottom has-text-align-center is-gap-off\"><h3 class=\"headline\" style=\"color:var(--color-light)\">Courage<\/h3><\/div>\n\n\n\n<p class=\"has-text-align-center wp-block-paragraph\">Sortir activement des sentiers battus, penser diff\u00e9remment et assumer la responsabilit\u00e9 de ses propres actions.<\/p>\n\n<\/div><\/div>\n\n<div class=\"gb-grid-column gb-grid-column-22fdcb60\"><div class=\"gb-container gb-container-22fdcb60\">\n\n<figure class=\"gb-block-image gb-block-image-1b4c3e55\"><img loading=\"lazy\" decoding=\"async\" width=\"700\" height=\"700\" class=\"gb-image gb-image-1b4c3e55\" src=\"https:\/\/www.huehoco.com\/wp-content\/uploads\/werte_03.jpg\" alt=\"\" title=\"valeurs_03\" srcset=\"https:\/\/acp-global.net\/wp-content\/uploads\/werte_03.jpg 700w, https:\/\/acp-global.net\/wp-content\/uploads\/werte_03-300x300.jpg 300w, https:\/\/acp-global.net\/wp-content\/uploads\/werte_03-150x150.jpg 150w, https:\/\/acp-global.net\/wp-content\/uploads\/werte_03-75x75.jpg 75w, https:\/\/acp-global.net\/wp-content\/uploads\/werte_03-120x120.jpg 120w\" sizes=\"auto, (max-width: 700px) 100vw, 700px\" \/><\/figure>\n\n<\/div><\/div>\n\n<div class=\"gb-grid-column gb-grid-column-30ec78b6 gb-grid-column-box-fade\"><div class=\"gb-container gb-container-30ec78b6 gb-container-box-fade\">\n\n<div class=\"wp-block-pixel-headline headlines is-subheadline-bottom has-text-align-center is-gap-off\"><h3 class=\"headline\" style=\"color:var(--color-light)\">Engagement<\/h3><\/div>\n\n\n\n<p class=\"has-text-align-center wp-block-paragraph\">Une pens\u00e9e orient\u00e9e vers les solutions, associ\u00e9e \u00e0 une d\u00e9termination \u00e0 adopter une attitude positive et \u00e0 la plus grande fiabilit\u00e9 possible.<\/p>\n\n<\/div><\/div>\n\n<div class=\"gb-grid-column gb-grid-column-00318beb\"><div class=\"gb-container gb-container-00318beb\">\n\n<figure class=\"gb-block-image gb-block-image-0d6c756b\"><img loading=\"lazy\" decoding=\"async\" width=\"700\" height=\"700\" class=\"gb-image gb-image-0d6c756b\" src=\"https:\/\/www.huehoco.com\/wp-content\/uploads\/werte_04.jpg\" alt=\"\" title=\"valeurs_04\" srcset=\"https:\/\/acp-global.net\/wp-content\/uploads\/werte_04.jpg 700w, https:\/\/acp-global.net\/wp-content\/uploads\/werte_04-300x300.jpg 300w, https:\/\/acp-global.net\/wp-content\/uploads\/werte_04-150x150.jpg 150w, https:\/\/acp-global.net\/wp-content\/uploads\/werte_04-75x75.jpg 75w, https:\/\/acp-global.net\/wp-content\/uploads\/werte_04-120x120.jpg 120w\" sizes=\"auto, (max-width: 700px) 100vw, 700px\" \/><\/figure>\n\n<\/div><\/div>\n<\/div>\n<\/div>\n<\/section><section class=\"gb-container gb-container-a92f8cce gb-container-section-metal\">\n<div class=\"gb-container gb-container-1acc8506\">\n<div class=\"gb-grid-wrapper gb-grid-wrapper-1b0ff202\">\n<div class=\"gb-grid-column gb-grid-column-9b218cd3\"><div class=\"gb-container gb-container-9b218cd3\" data-aos=\"fade-in\">\n\n<div class=\"wp-block-pixel-headline headlines is-subheadline-bottom has-text-align-left\"><h2 class=\"headline is-h1\" style=\"color:\">Notre mission<\/h2><\/div>\n\n\n\n<p class=\"wp-block-paragraph\"><strong>En tant qu&#8217;entreprise, nous nous sommes fix\u00e9 des objectifs<\/strong> qui se refl\u00e8tent dans nos principes directeurs. Ils r\u00e9pondent \u00e0 la question de notre identit\u00e9 sur le march\u00e9. Nos objectifs strat\u00e9giques s&#8217;aligneront sur eux.<\/p>\n\n\n\n<p class=\"wp-block-paragraph\">En tant qu&#8217;entreprise industrielle familiale et \u00e9conomiquement ind\u00e9pendante, nous sommes le partenaire leader de nos clients. Nous confirmons notre responsabilit\u00e9 dans leur r\u00e9ussite par notre volont\u00e9 absolue de r\u00e9soudre les probl\u00e8mes, m\u00eame les plus complexes. Nous combinons l&#8217;audace entrepreneuriale avec la rapidit\u00e9 et la comp\u00e9tence professionnelles. C&#8217;est ainsi que nous cr\u00e9ons de la valeur ajout\u00e9e et de la confiance sur nos march\u00e9s.<\/p>\n\n\n\n<p class=\"wp-block-paragraph\">Pour que chacun de nos collaborateurs puisse dire<\/p>\n\n\n\n<p class=\"wp-block-paragraph\"><mark style=\"background-color:rgba(0, 0, 0, 0)\" class=\"has-inline-color has-color-light-color\"><strong>NOUS FAISONS LA FIERT\u00c9 DES GENS<\/strong><\/mark><\/p>\n\n<\/div><\/div>\n\n<div class=\"gb-grid-column gb-grid-column-a90d3cfa gb-grid-column-blue-overlay-right\"><div class=\"gb-container gb-container-a90d3cfa gb-container-blue-overlay-right\" data-aos=\"fade-in\">\n\n<figure class=\"gb-block-image gb-block-image-a45d6d80\"><img loading=\"lazy\" decoding=\"async\" width=\"780\" height=\"589\" class=\"gb-image gb-image-a45d6d80\" src=\"https:\/\/www.huehoco.com\/wp-content\/uploads\/unsere_mission.jpg\" alt=\"\" title=\"notre_mission\" srcset=\"https:\/\/acp-global.net\/wp-content\/uploads\/unsere_mission.jpg 780w, https:\/\/acp-global.net\/wp-content\/uploads\/unsere_mission-300x227.jpg 300w, https:\/\/acp-global.net\/wp-content\/uploads\/unsere_mission-768x580.jpg 768w, https:\/\/acp-global.net\/wp-content\/uploads\/unsere_mission-99x75.jpg 99w, https:\/\/acp-global.net\/wp-content\/uploads\/unsere_mission-159x120.jpg 159w\" sizes=\"auto, (max-width: 780px) 100vw, 780px\" \/><\/figure>\n\n<\/div><\/div>\n<\/div>\n<\/div>\n<\/section>","protected":false},"excerpt":{"rendered":"","protected":false},"author":1,"featured_media":0,"parent":6714,"menu_order":2,"comment_status":"closed","ping_status":"closed","template":"","meta":{"_acf_changed":false,"_crdt_document":"","footnotes":""},"class_list":["post-6821","page","type-page","status-publish"],"acf":[],"yoast_head":"<!-- This site is optimized with the Yoast SEO plugin v27.2 - https:\/\/yoast.com\/product\/yoast-seo-wordpress\/ -->\n<title>ACP Group | Notre code de conduite<\/title>\n<meta name=\"description\" content=\"Notre vision : Respect \u2713 Courage \u2713 Engagement \u2713 ACP partage les valeurs du HUEHOCO Group \u2713 En savoir plus sur notre philosophie d&#039;entreprise, nos valeurs &amp; notre mission !\" \/>\n<meta name=\"robots\" content=\"index, follow, max-snippet:-1, max-image-preview:large, max-video-preview:-1\" \/>\n<link rel=\"canonical\" href=\"https:\/\/acp-global.net\/fr\/entreprise\/code-de-conduite\/\" \/>\n<meta property=\"og:locale\" content=\"fr_FR\" \/>\n<meta property=\"og:type\" content=\"article\" \/>\n<meta property=\"og:title\" content=\"ACP Group | Notre code de conduite\" \/>\n<meta property=\"og:description\" content=\"Notre vision : Respect \u2713 Courage \u2713 Engagement \u2713 ACP partage les valeurs du HUEHOCO Group \u2713 En savoir plus sur notre philosophie d&#039;entreprise, nos valeurs &amp; notre mission !\" \/>\n<meta property=\"og:url\" content=\"https:\/\/acp-global.net\/fr\/entreprise\/code-de-conduite\/\" \/>\n<meta property=\"og:site_name\" content=\"ACP Group\" \/>\n<meta property=\"article:modified_time\" content=\"2024-06-24T14:14:01+00:00\" \/>\n<meta property=\"og:image\" content=\"https:\/\/www.huehoco.com\/wp-content\/uploads\/werte_01.jpg\" \/>\n<meta name=\"twitter:card\" content=\"summary_large_image\" \/>\n<meta name=\"twitter:label1\" content=\"Dur\u00e9e de lecture estim\u00e9e\" \/>\n\t<meta name=\"twitter:data1\" content=\"3 minutes\" \/>\n<script type=\"application\/ld+json\" class=\"yoast-schema-graph\">{\"@context\":\"https:\/\/schema.org\",\"@graph\":[{\"@type\":\"WebPage\",\"@id\":\"https:\/\/acp-global.net\/fr\/entreprise\/code-de-conduite\/\",\"url\":\"https:\/\/acp-global.net\/fr\/entreprise\/code-de-conduite\/\",\"name\":\"ACP Group | Notre code de conduite\",\"isPartOf\":{\"@id\":\"https:\/\/acp-global.net\/fr\/#website\"},\"primaryImageOfPage\":{\"@id\":\"https:\/\/acp-global.net\/fr\/entreprise\/code-de-conduite\/#primaryimage\"},\"image\":{\"@id\":\"https:\/\/acp-global.net\/fr\/entreprise\/code-de-conduite\/#primaryimage\"},\"thumbnailUrl\":\"https:\/\/www.huehoco.com\/wp-content\/uploads\/werte_01.jpg\",\"datePublished\":\"2023-07-26T08:03:42+00:00\",\"dateModified\":\"2024-06-24T14:14:01+00:00\",\"description\":\"Notre vision : Respect \u2713 Courage \u2713 Engagement \u2713 ACP partage les valeurs du HUEHOCO Group \u2713 En savoir plus sur notre philosophie d'entreprise, nos valeurs & notre mission !\",\"breadcrumb\":{\"@id\":\"https:\/\/acp-global.net\/fr\/entreprise\/code-de-conduite\/#breadcrumb\"},\"inLanguage\":\"fr-FR\",\"potentialAction\":[{\"@type\":\"ReadAction\",\"target\":[\"https:\/\/acp-global.net\/fr\/entreprise\/code-de-conduite\/\"]}]},{\"@type\":\"ImageObject\",\"inLanguage\":\"fr-FR\",\"@id\":\"https:\/\/acp-global.net\/fr\/entreprise\/code-de-conduite\/#primaryimage\",\"url\":\"https:\/\/www.huehoco.com\/wp-content\/uploads\/werte_01.jpg\",\"contentUrl\":\"https:\/\/www.huehoco.com\/wp-content\/uploads\/werte_01.jpg\"},{\"@type\":\"BreadcrumbList\",\"@id\":\"https:\/\/acp-global.net\/fr\/entreprise\/code-de-conduite\/#breadcrumb\",\"itemListElement\":[{\"@type\":\"ListItem\",\"position\":1,\"name\":\"Startseite\",\"item\":\"https:\/\/acp-global.net\/fr\/\"},{\"@type\":\"ListItem\",\"position\":2,\"name\":\"Entreprise\",\"item\":\"https:\/\/acp-global.net\/fr\/entreprise\/\"},{\"@type\":\"ListItem\",\"position\":3,\"name\":\"Code de conduite\"}]},{\"@type\":\"WebSite\",\"@id\":\"https:\/\/acp-global.net\/fr\/#website\",\"url\":\"https:\/\/acp-global.net\/fr\/\",\"name\":\"ACP Group\",\"description\":\"\",\"publisher\":{\"@id\":\"https:\/\/acp-global.net\/fr\/#organization\"},\"potentialAction\":[{\"@type\":\"SearchAction\",\"target\":{\"@type\":\"EntryPoint\",\"urlTemplate\":\"https:\/\/acp-global.net\/fr\/?s={search_term_string}\"},\"query-input\":{\"@type\":\"PropertyValueSpecification\",\"valueRequired\":true,\"valueName\":\"search_term_string\"}}],\"inLanguage\":\"fr-FR\"},{\"@type\":\"Organization\",\"@id\":\"https:\/\/acp-global.net\/fr\/#organization\",\"name\":\"ACP Group\",\"url\":\"https:\/\/acp-global.net\/fr\/\",\"logo\":{\"@type\":\"ImageObject\",\"inLanguage\":\"fr-FR\",\"@id\":\"https:\/\/acp-global.net\/fr\/#\/schema\/logo\/image\/\",\"url\":\"https:\/\/acp-global.net\/wp-content\/uploads\/acp_group.png\",\"contentUrl\":\"https:\/\/acp-global.net\/wp-content\/uploads\/acp_group.png\",\"width\":1232,\"height\":285,\"caption\":\"ACP Group\"},\"image\":{\"@id\":\"https:\/\/acp-global.net\/fr\/#\/schema\/logo\/image\/\"}}]}<\/script>\n<!-- \/ Yoast SEO plugin. -->","yoast_head_json":{"title":"ACP Group | Notre code de conduite","description":"Notre vision : Respect \u2713 Courage \u2713 Engagement \u2713 ACP partage les valeurs du HUEHOCO Group \u2713 En savoir plus sur notre philosophie d'entreprise, nos valeurs & notre mission !","robots":{"index":"index","follow":"follow","max-snippet":"max-snippet:-1","max-image-preview":"max-image-preview:large","max-video-preview":"max-video-preview:-1"},"canonical":"https:\/\/acp-global.net\/fr\/entreprise\/code-de-conduite\/","og_locale":"fr_FR","og_type":"article","og_title":"ACP Group | Notre code de conduite","og_description":"Notre vision : Respect \u2713 Courage \u2713 Engagement \u2713 ACP partage les valeurs du HUEHOCO Group \u2713 En savoir plus sur notre philosophie d'entreprise, nos valeurs & notre mission !","og_url":"https:\/\/acp-global.net\/fr\/entreprise\/code-de-conduite\/","og_site_name":"ACP Group","article_modified_time":"2024-06-24T14:14:01+00:00","og_image":[{"url":"https:\/\/www.huehoco.com\/wp-content\/uploads\/werte_01.jpg","type":"","width":"","height":""}],"twitter_card":"summary_large_image","twitter_misc":{"Dur\u00e9e de lecture estim\u00e9e":"3 minutes"},"schema":{"@context":"https:\/\/schema.org","@graph":[{"@type":"WebPage","@id":"https:\/\/acp-global.net\/fr\/entreprise\/code-de-conduite\/","url":"https:\/\/acp-global.net\/fr\/entreprise\/code-de-conduite\/","name":"ACP Group | Notre code de conduite","isPartOf":{"@id":"https:\/\/acp-global.net\/fr\/#website"},"primaryImageOfPage":{"@id":"https:\/\/acp-global.net\/fr\/entreprise\/code-de-conduite\/#primaryimage"},"image":{"@id":"https:\/\/acp-global.net\/fr\/entreprise\/code-de-conduite\/#primaryimage"},"thumbnailUrl":"https:\/\/www.huehoco.com\/wp-content\/uploads\/werte_01.jpg","datePublished":"2023-07-26T08:03:42+00:00","dateModified":"2024-06-24T14:14:01+00:00","description":"Notre vision : Respect \u2713 Courage \u2713 Engagement \u2713 ACP partage les valeurs du HUEHOCO Group \u2713 En savoir plus sur notre philosophie d'entreprise, nos valeurs & notre mission !","breadcrumb":{"@id":"https:\/\/acp-global.net\/fr\/entreprise\/code-de-conduite\/#breadcrumb"},"inLanguage":"fr-FR","potentialAction":[{"@type":"ReadAction","target":["https:\/\/acp-global.net\/fr\/entreprise\/code-de-conduite\/"]}]},{"@type":"ImageObject","inLanguage":"fr-FR","@id":"https:\/\/acp-global.net\/fr\/entreprise\/code-de-conduite\/#primaryimage","url":"https:\/\/www.huehoco.com\/wp-content\/uploads\/werte_01.jpg","contentUrl":"https:\/\/www.huehoco.com\/wp-content\/uploads\/werte_01.jpg"},{"@type":"BreadcrumbList","@id":"https:\/\/acp-global.net\/fr\/entreprise\/code-de-conduite\/#breadcrumb","itemListElement":[{"@type":"ListItem","position":1,"name":"Startseite","item":"https:\/\/acp-global.net\/fr\/"},{"@type":"ListItem","position":2,"name":"Entreprise","item":"https:\/\/acp-global.net\/fr\/entreprise\/"},{"@type":"ListItem","position":3,"name":"Code de conduite"}]},{"@type":"WebSite","@id":"https:\/\/acp-global.net\/fr\/#website","url":"https:\/\/acp-global.net\/fr\/","name":"ACP Group","description":"","publisher":{"@id":"https:\/\/acp-global.net\/fr\/#organization"},"potentialAction":[{"@type":"SearchAction","target":{"@type":"EntryPoint","urlTemplate":"https:\/\/acp-global.net\/fr\/?s={search_term_string}"},"query-input":{"@type":"PropertyValueSpecification","valueRequired":true,"valueName":"search_term_string"}}],"inLanguage":"fr-FR"},{"@type":"Organization","@id":"https:\/\/acp-global.net\/fr\/#organization","name":"ACP Group","url":"https:\/\/acp-global.net\/fr\/","logo":{"@type":"ImageObject","inLanguage":"fr-FR","@id":"https:\/\/acp-global.net\/fr\/#\/schema\/logo\/image\/","url":"https:\/\/acp-global.net\/wp-content\/uploads\/acp_group.png","contentUrl":"https:\/\/acp-global.net\/wp-content\/uploads\/acp_group.png","width":1232,"height":285,"caption":"ACP Group"},"image":{"@id":"https:\/\/acp-global.net\/fr\/#\/schema\/logo\/image\/"}}]}},"_links":{"self":[{"href":"https:\/\/acp-global.net\/fr\/wp-json\/wp\/v2\/pages\/6821","targetHints":{"allow":["GET"]}}],"collection":[{"href":"https:\/\/acp-global.net\/fr\/wp-json\/wp\/v2\/pages"}],"about":[{"href":"https:\/\/acp-global.net\/fr\/wp-json\/wp\/v2\/types\/page"}],"author":[{"embeddable":true,"href":"https:\/\/acp-global.net\/fr\/wp-json\/wp\/v2\/users\/1"}],"replies":[{"embeddable":true,"href":"https:\/\/acp-global.net\/fr\/wp-json\/wp\/v2\/comments?post=6821"}],"version-history":[{"count":3,"href":"https:\/\/acp-global.net\/fr\/wp-json\/wp\/v2\/pages\/6821\/revisions"}],"predecessor-version":[{"id":7727,"href":"https:\/\/acp-global.net\/fr\/wp-json\/wp\/v2\/pages\/6821\/revisions\/7727"}],"up":[{"embeddable":true,"href":"https:\/\/acp-global.net\/fr\/wp-json\/wp\/v2\/pages\/6714"}],"wp:attachment":[{"href":"https:\/\/acp-global.net\/fr\/wp-json\/wp\/v2\/media?parent=6821"}],"curies":[{"name":"wp","href":"https:\/\/api.w.org\/{rel}","templated":true}]}}