{"id":6857,"date":"2023-04-06T14:34:03","date_gmt":"2023-04-06T12:34:03","guid":{"rendered":"https:\/\/acp.pixel-tal.de\/mentions-legales\/mentions-legales\/"},"modified":"2024-10-25T13:27:40","modified_gmt":"2024-10-25T11:27:40","slug":"mentions-legales","status":"publish","type":"page","link":"https:\/\/acp-global.net\/fr\/mentions-legales\/mentions-legales\/","title":{"rendered":"Mentions l\u00e9gales"},"content":{"rendered":"<section class=\"gb-container gb-container-7f827b1e gb-container-section-white\">\n<div class=\"gb-container gb-container-2e17292b\">\n<div class=\"gb-grid-wrapper gb-grid-wrapper-1edc144c\">\n<div class=\"gb-grid-column gb-grid-column-6b4b95ad\"><div class=\"gb-container gb-container-6b4b95ad\">\n\n<div class=\"wp-block-pixel-headline headlines is-subheadline-bottom has-text-align-left\"><h1 class=\"headline\" style=\"color:\">Mentions l\u00e9gales<\/h1><\/div>\n\n<\/div><\/div>\n\n<div class=\"gb-grid-column gb-grid-column-ceb59ac7\"><div class=\"gb-container gb-container-ceb59ac7\">\n\n<p class=\"wp-block-paragraph\">ACP Deutschland GmbH &amp; Co. KG<br>Sch\u00e4fergasse 1<br>D &#8211; 36433 Bad Salzungen<\/p>\n\n\n\n<p class=\"wp-block-paragraph\">Registre du commerce : HRA 301509<br>Tribunal d&#8217;enregistrement : Tribunal d&#8217;enregistrement de Jena<br>Num\u00e9ro d&#8217;identification fiscale : 155\/150\/03603<\/p>\n\n\n\n<p class=\"wp-block-paragraph\"><strong>Repr\u00e9sent\u00e9 par l&#8217;associ\u00e9 personnellement responsable :<\/strong><br>ACP Deutschland GmbH &amp; Co. KG<br>Sch\u00e4fergasse 1<br>D &#8211; 36433 Bad Salzungen<\/p>\n\n\n\n<p class=\"wp-block-paragraph\"><strong>Directeur g\u00e9n\u00e9ral :<\/strong><br>Michael Koch<\/p>\n\n\n\n<div class=\"wp-block-pixel-headline headlines is-subheadline-bottom has-text-align-left is-gap-xs\"><h5 class=\"headline\" style=\"color:\">Contact<\/h5><\/div>\n\n\n\n<p class=\"wp-block-paragraph\">T\u00e9l\u00e9phone : <a href=\"tel:+492026477866\" data-type=\"tel\" data-id=\"tel:+492026477866\" target=\"_blank\" rel=\"nofollow\">+49 (0) 202 64778-66<\/a><br>Mobile : +49 (0) 175 43 43-521<br>Courrier \u00e9lectronique : <a href=\"mailto:m.koch@acp-d.com\" target=\"_blank\" rel=\"nofollow\">m.koch@acp-d.com<\/a><\/p>\n\n\n\n<div class=\"wp-block-pixel-headline headlines is-subheadline-bottom has-text-align-left is-gap-xs\"><h5 class=\"headline\" style=\"color:\">Num\u00e9ro d&#8217;identification de la taxe sur le chiffre d&#8217;affaires<\/h5><\/div>\n\n\n\n<p class=\"wp-block-paragraph\">Num\u00e9ro d&#8217;identification de la taxe sur le chiffre d&#8217;affaires:<br>DE813527014<\/p>\n\n\n\n<div class=\"wp-block-pixel-headline headlines is-subheadline-bottom has-text-align-left is-gap-xs\"><h5 class=\"headline\" style=\"color:\">R\u00e9alisation<\/h5><\/div>\n\n\n\n<p class=\"wp-block-paragraph\">Le concept, le design et la r\u00e9alisation de ce site web ont \u00e9t\u00e9 r\u00e9alis\u00e9s par :<br><a rel=\"noreferrer noopener nofollow\" href=\"https:\/\/pixelproduction.de\/\" target=\"_blank\">PixelProduction, agence de communication conceptuelle \u00e0 Wuppertal<\/a>.<\/p>\n\n<\/div><\/div>\n\n<div class=\"gb-grid-column gb-grid-column-fe327f40\"><div class=\"gb-container gb-container-fe327f40\">\n\n<div class=\"wp-block-pixel-headline headlines is-subheadline-bottom has-text-align-left is-gap-xs\"><h5 class=\"headline\" style=\"color:\">R\u00e8glement des litiges<\/h5><\/div>\n\n\n\n<p class=\"wp-block-paragraph\">La Commission europ\u00e9enne met \u00e0 disposition une plateforme de r\u00e8glement en ligne des litiges (RLL) :<br><a rel=\"noreferrer noopener nofollow\" href=\"https:\/\/ec.europa.eu\/consumers\/odr\" target=\"_blank\">https:\/\/ec.europa.eu\/consumers\/odr.<\/a><\/p>\n\n\n\n<p class=\"wp-block-paragraph\">Vous trouverez notre adresse e-mail en haut dans les mentions l\u00e9gales.<br>Nous ne sommes pas pr\u00eats ou oblig\u00e9s de participer \u00e0 des proc\u00e9dures de r\u00e8glement des litiges devant un organisme de conciliation des consommateurs.<\/p>\n\n\n\n<div class=\"wp-block-pixel-headline headlines is-subheadline-bottom has-text-align-left is-gap-xs\"><h5 class=\"headline\" style=\"color:\">Responsabilit\u00e9 du contenu<\/h5><\/div>\n\n\n\n<p class=\"wp-block-paragraph\">En tant que prestataire de services, nous sommes tenus, conform\u00e9ment au \u00a7 7 alin\u00e9a. 1 DDG pour ses propres contenus sur ces pages selon les lois g\u00e9n\u00e9rales. Conform\u00e9ment aux \u00a7\u00a7 8 \u00e0 10 de la loi allemande sur les services num\u00e9riques (DDG), nous ne sommes toutefois pas tenus, en tant que prestataire de services, de surveiller les informations externes transmises ou enregistr\u00e9es ou de rechercher des circonstances indiquant une activit\u00e9 ill\u00e9gale. Les obligations de supprimer ou de bloquer l&#8217;utilisation d&#8217;informations conform\u00e9ment aux lois g\u00e9n\u00e9rales restent inchang\u00e9es. Une responsabilit\u00e9 \u00e0 cet \u00e9gard n&#8217;est toutefois possible qu&#8217;\u00e0 partir du moment o\u00f9 une violation concr\u00e8te de la loi est connue. D\u00e8s que nous aurons connaissance de telles violations, nous retirerons imm\u00e9diatement ces contenus.<\/p>\n\n\n\n<div class=\"wp-block-pixel-headline headlines is-subheadline-bottom has-text-align-left is-gap-xs\"><h5 class=\"headline\" style=\"color:\">Responsabilit\u00e9 pour les liens<\/h5><\/div>\n\n\n\n<p class=\"wp-block-paragraph\">Notre offre contient des liens vers des sites web externes de tiers, sur le contenu desquels nous n&#8217;avons aucune influence. C&#8217;est pourquoi nous ne pouvons pas non plus nous porter garants de ces contenus \u00e9trangers. Le fournisseur ou l&#8217;exploitant des pages li\u00e9es est toujours responsable du contenu de ces pages. Les pages li\u00e9es ont \u00e9t\u00e9 contr\u00f4l\u00e9es au moment de la mise en place des liens afin de v\u00e9rifier qu&#8217;elles n&#8217;enfreignaient pas la loi. Aucun contenu ill\u00e9gal n&#8217;a \u00e9t\u00e9 identifi\u00e9 au moment de la cr\u00e9ation des liens.<br>Un contr\u00f4le permanent du contenu des pages li\u00e9es n&#8217;est toutefois pas exigible sans indices concrets d&#8217;une violation de la loi. D\u00e8s que nous aurons connaissance de violations de la loi, nous supprimerons imm\u00e9diatement de tels liens.<\/p>\n\n\n\n<div class=\"wp-block-pixel-headline headlines is-subheadline-bottom has-text-align-left is-gap-xs\"><h5 class=\"headline\" style=\"color:\">Droit d&#8217;auteur<\/h5><\/div>\n\n\n\n<p class=\"wp-block-paragraph\">Les contenus et \u0153uvres cr\u00e9\u00e9s par les exploitants de ces pages sont soumis au droit d&#8217;auteur allemand. La reproduction, le traitement, la diffusion et toute forme d&#8217;exploitation en dehors des limites du droit d&#8217;auteur requi\u00e8rent l&#8217;accord \u00e9crit de l&#8217;auteur ou du cr\u00e9ateur concern\u00e9. Les t\u00e9l\u00e9chargements et les copies de cette page ne sont autoris\u00e9s que pour un usage priv\u00e9 et non commercial.<br>Dans la mesure o\u00f9 les contenus de ce site n&#8217;ont pas \u00e9t\u00e9 cr\u00e9\u00e9s par l&#8217;exploitant, les droits d&#8217;auteur de tiers sont respect\u00e9s. En particulier, les contenus de tiers sont identifi\u00e9s comme tels. Si vous deviez n\u00e9anmoins constater une violation des droits d&#8217;auteur, nous vous prions de nous en informer. D\u00e8s que nous aurons connaissance d&#8217;une violation de la loi, nous supprimerons imm\u00e9diatement de tels contenus.<\/p>\n\n<\/div><\/div>\n<\/div>\n<\/div>\n<\/section>","protected":false},"excerpt":{"rendered":"","protected":false},"author":1,"featured_media":0,"parent":6739,"menu_order":1,"comment_status":"closed","ping_status":"closed","template":"","meta":{"_acf_changed":false,"_crdt_document":"","footnotes":""},"class_list":["post-6857","page","type-page","status-publish"],"acf":[],"yoast_head":"<!-- This site is optimized with the Yoast SEO plugin v27.2 - https:\/\/yoast.com\/product\/yoast-seo-wordpress\/ -->\n<title>ACP Group | Nos mentions l\u00e9gales<\/title>\n<meta name=\"description\" content=\"Informations sur les personnes morales \u2713 Repr\u00e9sentants autoris\u00e9s \u2713 Soci\u00e9t\u00e9 \u2713 Forme juridique \u2713 Num\u00e9ro d&#039;enregistrement \u2713 Adresse de l&#039;\u00e9tablissement \u2713\" \/>\n<meta name=\"robots\" content=\"index, follow, max-snippet:-1, max-image-preview:large, max-video-preview:-1\" \/>\n<link rel=\"canonical\" href=\"https:\/\/acp-global.net\/fr\/mentions-legales\/mentions-legales\/\" \/>\n<meta property=\"og:locale\" content=\"fr_FR\" \/>\n<meta property=\"og:type\" content=\"article\" \/>\n<meta property=\"og:title\" content=\"ACP Group | Nos mentions l\u00e9gales\" \/>\n<meta property=\"og:description\" content=\"Informations sur les personnes morales \u2713 Repr\u00e9sentants autoris\u00e9s \u2713 Soci\u00e9t\u00e9 \u2713 Forme juridique \u2713 Num\u00e9ro d&#039;enregistrement \u2713 Adresse de l&#039;\u00e9tablissement \u2713\" \/>\n<meta property=\"og:url\" content=\"https:\/\/acp-global.net\/fr\/mentions-legales\/mentions-legales\/\" \/>\n<meta property=\"og:site_name\" content=\"ACP Group\" \/>\n<meta property=\"article:modified_time\" content=\"2024-10-25T11:27:40+00:00\" \/>\n<meta name=\"twitter:card\" content=\"summary_large_image\" \/>\n<meta name=\"twitter:label1\" content=\"Dur\u00e9e de lecture estim\u00e9e\" \/>\n\t<meta name=\"twitter:data1\" content=\"3 minutes\" \/>\n<script type=\"application\/ld+json\" class=\"yoast-schema-graph\">{\"@context\":\"https:\/\/schema.org\",\"@graph\":[{\"@type\":\"WebPage\",\"@id\":\"https:\/\/acp-global.net\/fr\/mentions-legales\/mentions-legales\/\",\"url\":\"https:\/\/acp-global.net\/fr\/mentions-legales\/mentions-legales\/\",\"name\":\"ACP Group | Nos mentions l\u00e9gales\",\"isPartOf\":{\"@id\":\"https:\/\/acp-global.net\/fr\/#website\"},\"datePublished\":\"2023-04-06T12:34:03+00:00\",\"dateModified\":\"2024-10-25T11:27:40+00:00\",\"description\":\"Informations sur les personnes morales \u2713 Repr\u00e9sentants autoris\u00e9s \u2713 Soci\u00e9t\u00e9 \u2713 Forme juridique \u2713 Num\u00e9ro d'enregistrement \u2713 Adresse de l'\u00e9tablissement \u2713\",\"breadcrumb\":{\"@id\":\"https:\/\/acp-global.net\/fr\/mentions-legales\/mentions-legales\/#breadcrumb\"},\"inLanguage\":\"fr-FR\",\"potentialAction\":[{\"@type\":\"ReadAction\",\"target\":[\"https:\/\/acp-global.net\/fr\/mentions-legales\/mentions-legales\/\"]}]},{\"@type\":\"BreadcrumbList\",\"@id\":\"https:\/\/acp-global.net\/fr\/mentions-legales\/mentions-legales\/#breadcrumb\",\"itemListElement\":[{\"@type\":\"ListItem\",\"position\":1,\"name\":\"Startseite\",\"item\":\"https:\/\/acp-global.net\/fr\/\"},{\"@type\":\"ListItem\",\"position\":2,\"name\":\"Mentions l\u00e9gales\",\"item\":\"https:\/\/acp-global.net\/fr\/mentions-legales\/\"},{\"@type\":\"ListItem\",\"position\":3,\"name\":\"Mentions l\u00e9gales\"}]},{\"@type\":\"WebSite\",\"@id\":\"https:\/\/acp-global.net\/fr\/#website\",\"url\":\"https:\/\/acp-global.net\/fr\/\",\"name\":\"ACP Group\",\"description\":\"\",\"publisher\":{\"@id\":\"https:\/\/acp-global.net\/fr\/#organization\"},\"potentialAction\":[{\"@type\":\"SearchAction\",\"target\":{\"@type\":\"EntryPoint\",\"urlTemplate\":\"https:\/\/acp-global.net\/fr\/?s={search_term_string}\"},\"query-input\":{\"@type\":\"PropertyValueSpecification\",\"valueRequired\":true,\"valueName\":\"search_term_string\"}}],\"inLanguage\":\"fr-FR\"},{\"@type\":\"Organization\",\"@id\":\"https:\/\/acp-global.net\/fr\/#organization\",\"name\":\"ACP Group\",\"url\":\"https:\/\/acp-global.net\/fr\/\",\"logo\":{\"@type\":\"ImageObject\",\"inLanguage\":\"fr-FR\",\"@id\":\"https:\/\/acp-global.net\/fr\/#\/schema\/logo\/image\/\",\"url\":\"https:\/\/acp-global.net\/wp-content\/uploads\/acp_group.png\",\"contentUrl\":\"https:\/\/acp-global.net\/wp-content\/uploads\/acp_group.png\",\"width\":1232,\"height\":285,\"caption\":\"ACP Group\"},\"image\":{\"@id\":\"https:\/\/acp-global.net\/fr\/#\/schema\/logo\/image\/\"}}]}<\/script>\n<!-- \/ Yoast SEO plugin. -->","yoast_head_json":{"title":"ACP Group | Nos mentions l\u00e9gales","description":"Informations sur les personnes morales \u2713 Repr\u00e9sentants autoris\u00e9s \u2713 Soci\u00e9t\u00e9 \u2713 Forme juridique \u2713 Num\u00e9ro d'enregistrement \u2713 Adresse de l'\u00e9tablissement \u2713","robots":{"index":"index","follow":"follow","max-snippet":"max-snippet:-1","max-image-preview":"max-image-preview:large","max-video-preview":"max-video-preview:-1"},"canonical":"https:\/\/acp-global.net\/fr\/mentions-legales\/mentions-legales\/","og_locale":"fr_FR","og_type":"article","og_title":"ACP Group | Nos mentions l\u00e9gales","og_description":"Informations sur les personnes morales \u2713 Repr\u00e9sentants autoris\u00e9s \u2713 Soci\u00e9t\u00e9 \u2713 Forme juridique \u2713 Num\u00e9ro d'enregistrement \u2713 Adresse de l'\u00e9tablissement \u2713","og_url":"https:\/\/acp-global.net\/fr\/mentions-legales\/mentions-legales\/","og_site_name":"ACP Group","article_modified_time":"2024-10-25T11:27:40+00:00","twitter_card":"summary_large_image","twitter_misc":{"Dur\u00e9e de lecture estim\u00e9e":"3 minutes"},"schema":{"@context":"https:\/\/schema.org","@graph":[{"@type":"WebPage","@id":"https:\/\/acp-global.net\/fr\/mentions-legales\/mentions-legales\/","url":"https:\/\/acp-global.net\/fr\/mentions-legales\/mentions-legales\/","name":"ACP Group | Nos mentions l\u00e9gales","isPartOf":{"@id":"https:\/\/acp-global.net\/fr\/#website"},"datePublished":"2023-04-06T12:34:03+00:00","dateModified":"2024-10-25T11:27:40+00:00","description":"Informations sur les personnes morales \u2713 Repr\u00e9sentants autoris\u00e9s \u2713 Soci\u00e9t\u00e9 \u2713 Forme juridique \u2713 Num\u00e9ro d'enregistrement \u2713 Adresse de l'\u00e9tablissement \u2713","breadcrumb":{"@id":"https:\/\/acp-global.net\/fr\/mentions-legales\/mentions-legales\/#breadcrumb"},"inLanguage":"fr-FR","potentialAction":[{"@type":"ReadAction","target":["https:\/\/acp-global.net\/fr\/mentions-legales\/mentions-legales\/"]}]},{"@type":"BreadcrumbList","@id":"https:\/\/acp-global.net\/fr\/mentions-legales\/mentions-legales\/#breadcrumb","itemListElement":[{"@type":"ListItem","position":1,"name":"Startseite","item":"https:\/\/acp-global.net\/fr\/"},{"@type":"ListItem","position":2,"name":"Mentions l\u00e9gales","item":"https:\/\/acp-global.net\/fr\/mentions-legales\/"},{"@type":"ListItem","position":3,"name":"Mentions l\u00e9gales"}]},{"@type":"WebSite","@id":"https:\/\/acp-global.net\/fr\/#website","url":"https:\/\/acp-global.net\/fr\/","name":"ACP Group","description":"","publisher":{"@id":"https:\/\/acp-global.net\/fr\/#organization"},"potentialAction":[{"@type":"SearchAction","target":{"@type":"EntryPoint","urlTemplate":"https:\/\/acp-global.net\/fr\/?s={search_term_string}"},"query-input":{"@type":"PropertyValueSpecification","valueRequired":true,"valueName":"search_term_string"}}],"inLanguage":"fr-FR"},{"@type":"Organization","@id":"https:\/\/acp-global.net\/fr\/#organization","name":"ACP Group","url":"https:\/\/acp-global.net\/fr\/","logo":{"@type":"ImageObject","inLanguage":"fr-FR","@id":"https:\/\/acp-global.net\/fr\/#\/schema\/logo\/image\/","url":"https:\/\/acp-global.net\/wp-content\/uploads\/acp_group.png","contentUrl":"https:\/\/acp-global.net\/wp-content\/uploads\/acp_group.png","width":1232,"height":285,"caption":"ACP Group"},"image":{"@id":"https:\/\/acp-global.net\/fr\/#\/schema\/logo\/image\/"}}]}},"_links":{"self":[{"href":"https:\/\/acp-global.net\/fr\/wp-json\/wp\/v2\/pages\/6857","targetHints":{"allow":["GET"]}}],"collection":[{"href":"https:\/\/acp-global.net\/fr\/wp-json\/wp\/v2\/pages"}],"about":[{"href":"https:\/\/acp-global.net\/fr\/wp-json\/wp\/v2\/types\/page"}],"author":[{"embeddable":true,"href":"https:\/\/acp-global.net\/fr\/wp-json\/wp\/v2\/users\/1"}],"replies":[{"embeddable":true,"href":"https:\/\/acp-global.net\/fr\/wp-json\/wp\/v2\/comments?post=6857"}],"version-history":[{"count":5,"href":"https:\/\/acp-global.net\/fr\/wp-json\/wp\/v2\/pages\/6857\/revisions"}],"predecessor-version":[{"id":9087,"href":"https:\/\/acp-global.net\/fr\/wp-json\/wp\/v2\/pages\/6857\/revisions\/9087"}],"up":[{"embeddable":true,"href":"https:\/\/acp-global.net\/fr\/wp-json\/wp\/v2\/pages\/6739"}],"wp:attachment":[{"href":"https:\/\/acp-global.net\/fr\/wp-json\/wp\/v2\/media?parent=6857"}],"curies":[{"name":"wp","href":"https:\/\/api.w.org\/{rel}","templated":true}]}}