{"id":6768,"date":"2024-02-01T10:07:16","date_gmt":"2024-02-01T09:07:16","guid":{"rendered":"https:\/\/acp.pixel-tal.de\/aree-di-applicazione\/industria-elettrica\/"},"modified":"2024-06-24T14:59:04","modified_gmt":"2024-06-24T12:59:04","slug":"industria-elettrica","status":"publish","type":"page","link":"https:\/\/acp-global.net\/it\/aree-di-applicazione\/industria-elettrica\/","title":{"rendered":"Industria elettrica"},"content":{"rendered":"        \n            <!-- hero -->\n        \n                    \n            <div id=\"hero-c310adc8a03775ab4a004da0444f9371\" class=\"hero\">\n\t\t\t\t<div class=\"hero-slider\">\t\t\t\t\n        \n            <!-- hero -->\n        \n                    \n            <div  class=\"hero-slide hero-slide-712bd1ca7e8726b71fdeb97eee519903 \">\n\n\t\t\t\t<div class=\"hero-canvas\">\n\t\t\t\t\t<div class=\"hero-content\">\n\t\t\t\t\t\t<span class=\"hero-subheadline subheadline\">Nastri metallici punzonati e tagliati in rotolo<\/span>\t\t\t\t\t\t<h1 class=\"hero-headline headline\">Per molti settori dell&#8217;industria elettrica<\/h1>\t\t\t\t\t\t\t\t\t\t\t<\/div>\n\t\t\t\t<\/div>\n\n                \t\t\t\t\t<div class=\"hero-background\">\n                        <div class=\"hero-overlay\"><\/div>\n\t\t\t\t\t\t<img decoding=\"async\" src=\"https:\/\/acp-global.net\/wp-content\/uploads\/acp_header_elektro.jpg\" \/>\n\t\t\t\t\t<\/div>\n\t\t\t\t\n                \n\t\t\t<\/div>\n        \n                    \n            <!-- end:hero -->\n        \n            \n\n\t\t\t\t<\/div>\t\t\t<\/div>\n        \n                    \n            <!-- end:hero -->\n        \n            <section class=\"gb-container gb-container-5b45f9d8 gb-container-section-white\" id=\"intro\">\n<div class=\"gb-container gb-container-7cb1f658\">\n<div class=\"gb-grid-wrapper gb-grid-wrapper-1f853d8c\">\n<div class=\"gb-grid-column gb-grid-column-9d5895f9\"><div class=\"gb-container gb-container-9d5895f9\" data-aos=\"fade-right\">\n<div class=\"gb-grid-wrapper gb-grid-wrapper-b144462a\">\n<div class=\"gb-grid-column gb-grid-column-77b6296d\"><div class=\"gb-container gb-container-77b6296d\">\n\n<div class=\"wp-block-pixel-headline headlines is-subheadline-top has-text-align-left\"><h2 class=\"headline\" style=\"color:\"><strong>Flessibile, particolarmente conduttivo o isolante<\/strong><\/h2><span class=\"subheadline\" style=\"color:\">AREA DI APPLICAZIONE INDUSTRIA ELETTRICA<\/span><\/div>\n\n\n\n<p class=\"wp-block-paragraph\">ACP fornisce nastri metallici infiniti punzonati o tagliati in rotolo per l&#8217;industria elettrica. I nostri prodotti giocano spesso un ruolo decisivo quando si tratta di fornire parti metalliche piccole e flessibili, indispensabili in questo settore.<\/p>\n\n<\/div><\/div>\n<\/div>\n<\/div><\/div>\n\n<div class=\"gb-grid-column gb-grid-column-c35aa8c3\"><div class=\"gb-container gb-container-c35aa8c3\">\n\n<figure class=\"gb-block-image gb-block-image-9470b013\"><img loading=\"lazy\" decoding=\"async\" width=\"640\" height=\"327\" class=\"gb-image gb-image-9470b013\" src=\"https:\/\/acp-global.net\/wp-content\/uploads\/acp_elektroindustrie_01.jpg\" alt=\"\" title=\"acp_industria_elettrica_01\" srcset=\"https:\/\/acp-global.net\/wp-content\/uploads\/acp_elektroindustrie_01.jpg 640w, https:\/\/acp-global.net\/wp-content\/uploads\/acp_elektroindustrie_01-300x153.jpg 300w, https:\/\/acp-global.net\/wp-content\/uploads\/acp_elektroindustrie_01-147x75.jpg 147w, https:\/\/acp-global.net\/wp-content\/uploads\/acp_elektroindustrie_01-235x120.jpg 235w\" sizes=\"auto, (max-width: 640px) 100vw, 640px\" \/><\/figure>\n\n<\/div><\/div>\n<\/div>\n<\/div>\n<\/section><section class=\"gb-container gb-container-11d1c095 overflowvisible gb-container-align-left-half-section-alt\">\n<div class=\"gb-container gb-container-c9136177\">\n<div class=\"gb-grid-wrapper gb-grid-wrapper-51e1d11d\">\n<div class=\"gb-grid-column gb-grid-column-91c3c72e gb-grid-column-align-top-left\"><div class=\"gb-container gb-container-91c3c72e gb-container-align-top-left\" data-aos=\"fade-left\">\n\n<figure class=\"gb-block-image gb-block-image-6f09a910\"><img loading=\"lazy\" decoding=\"async\" width=\"930\" height=\"650\" class=\"gb-image gb-image-6f09a910\" src=\"https:\/\/acp-global.net\/wp-content\/uploads\/acp_elektroindustrie_vorteile-der-stahlbaender.png\" alt=\"\" title=\"acp_industria_elettrica_vantaggi_delle_bande_in_acciaio\" srcset=\"https:\/\/acp-global.net\/wp-content\/uploads\/acp_elektroindustrie_vorteile-der-stahlbaender.png 930w, https:\/\/acp-global.net\/wp-content\/uploads\/acp_elektroindustrie_vorteile-der-stahlbaender-300x210.png 300w, https:\/\/acp-global.net\/wp-content\/uploads\/acp_elektroindustrie_vorteile-der-stahlbaender-768x537.png 768w, https:\/\/acp-global.net\/wp-content\/uploads\/acp_elektroindustrie_vorteile-der-stahlbaender-107x75.png 107w, https:\/\/acp-global.net\/wp-content\/uploads\/acp_elektroindustrie_vorteile-der-stahlbaender-172x120.png 172w\" sizes=\"auto, (max-width: 930px) 100vw, 930px\" \/><\/figure>\n\n<\/div><\/div>\n\n<div class=\"gb-grid-column gb-grid-column-232cbe27\"><div class=\"gb-container gb-container-232cbe27\" data-aos=\"fade-left\">\n\n<div class=\"wp-block-pixel-headline headlines is-subheadline-top has-text-align-left\"><h2 class=\"headline\" style=\"color:\">Vantaggi dei nastri di punzonatura ACP<\/h2><span class=\"subheadline\" style=\"color:\">Materiale e rivestimento<\/span><\/div>\n\n\n\n<p class=\"wp-block-paragraph\">Con i componenti elettronici, spesso si tratta di una questione di conduttivit\u00e0. La combinazione di materiale di base e rivestimento ci permette di sviluppare un&#8217;ampia gamma di soluzioni personalizzate. I rivestimenti antiaderenti assicurano che i componenti non si sporchino o si impolverino. Inoltre, utilizzando rivestimenti in gomma, \u00e8 possibile creare propriet\u00e0 isolanti o antivibranti per i nastri di punzonatura. Quindi non ci sono praticamente limiti alle possibilit\u00e0.<\/p>\n\n\n\n<p class=\"wp-block-paragraph\">Per ulteriori informazioni sui materiali e sulle opzioni di rivestimento, consultare le pagine dei prodotti.<\/p>\n\n<\/div><\/div>\n<\/div>\n<\/div>\n<\/section><section class=\"gb-container gb-container-04d57702 gb-container-section-white\" id=\"contact\">\n<div class=\"gb-container gb-container-31e27eda\">\n\t\t\t\t<div id=\"kontakt\" class=\"contact-form is-style-address gb-grid-wrapper\" >\r\n\r\n\t\t\t\t\t\t\t\t\t\t\t<div class=\"contact-form-head gb-grid-column\" style=\"width: 100%;\">\r\n\t\t\t\t\t\t\t<div class=\"wp-block-pixel-headline headlines is-subheadline-top is-h1 has-text-align-left\">\r\n\t\t\t\t\t\t\t\t<h2 class=\"headline is-h1\">Contattateci<\/h2>\r\n\t\t\t\t\t\t\t\t<span class=\"subheadline\">Obiettivi, progetti, domande, desideri?<\/span>\r\n\t\t\t\t\t\t\t<\/div>\r\n\t\t\t\t\t\t<\/div>\r\n                    \r\n\t\t\t\t\t\t\t\t\t\t\t<address class=\"contact-form-side gb-grid-column\">\r\n\t\t\t\t\t\t \r\n\t\t\t<div class=\"card card-location card-location-1190\">\r\n\t\t\t\t<div class=\"card-media\"><img loading=\"lazy\" decoding=\"async\" width=\"1640\" height=\"285\" src=\"https:\/\/acp-global.net\/wp-content\/uploads\/acp_deutschland.png\" class=\"attachment-full size-full\" alt=\"\" srcset=\"https:\/\/acp-global.net\/wp-content\/uploads\/acp_deutschland.png 1640w, https:\/\/acp-global.net\/wp-content\/uploads\/acp_deutschland-300x52.png 300w, https:\/\/acp-global.net\/wp-content\/uploads\/acp_deutschland-1024x178.png 1024w, https:\/\/acp-global.net\/wp-content\/uploads\/acp_deutschland-768x133.png 768w, https:\/\/acp-global.net\/wp-content\/uploads\/acp_deutschland-1536x267.png 1536w, https:\/\/acp-global.net\/wp-content\/uploads\/acp_deutschland-432x75.png 432w, https:\/\/acp-global.net\/wp-content\/uploads\/acp_deutschland-691x120.png 691w\" sizes=\"auto, (max-width: 1640px) 100vw, 1640px\" \/><\/div>\t\t\t\t<div class=\"card-content\">\r\n\t\t\t\t\t<div class=\"card-inner\">\r\n\t\t\t\t\t\t<span class=\"card-headline headline is-h4\">ACP Deutschland<\/span><div class=\"card-copy\"><span class=\"card-line card-line-street\">Sch\u00e4fergasse 1<\/span><span class=\"card-line card-line-city\">36433 Bad Salzungen<\/span><span class=\"card-line card-line-country\">Deutschland<\/span><\/div>\t\t\t\t\t<\/div>\r\n\r\n\t\t\t\t\t<div class=\"card-action\"><span class=\"card-line card-line-phone\"><a href=\"tel:49036956630\" target=\"_blank\" rel=\"nofollow\">+49 (0) 3695 663-0<\/a><\/span><span class=\"card-line card-line-fax\">+49 (0) 3695 663-106<\/span><span class=\"card-line card-line-email\"><a href=\"mailto:info@acp-d.com\" target=\"_blank\" rel=\"nofollow\">info@acp-d.com<\/a><\/span><span class=\"card-line card-line-web\"><a href=\"https:\/\/acp-global.net\/unternehmen\/acp-deutschland\" target=\"_blank\">Al sito web<\/a><\/span><span class=\"card-line card-line-maps\"><a class=\"gb-button gb-button-dark-blue-outlined is-style-outline\" href=\"https:\/\/www.google.com\/maps\/search\/?api=1&#038;query=ACP Deutschland+Sch\u00e4fergasse 1+36433 Bad Salzungen\" target=\"_blank\"><span class=\"gb-button-text\">Google Maps<\/span><\/span><\/a><\/span><\/div>\t\t\t\t<\/div>\r\n\t\t\t<\/div>\r\n\t\t\t\t\t\t\t\t<\/address>\t\r\n\t\t\t\t\t\r\n\t\t\t\t\t\t\t\r\n\t\t\t\t\t<div class=\"contact-form-main gb-grid-column\">\r\n                        \r\n                        \t\t\t\t\t\t\n<div class=\"wpcf7 no-js\" id=\"wpcf7-f6655-o1\" lang=\"it-IT\" dir=\"ltr\" data-wpcf7-id=\"6655\">\n<div class=\"screen-reader-response\"><p role=\"status\" aria-live=\"polite\" aria-atomic=\"true\"><\/p> <ul><\/ul><\/div>\n<form action=\"\/it\/wp-json\/wp\/v2\/pages\/6768#wpcf7-f6655-o1\" method=\"post\" class=\"wpcf7-form init\" aria-label=\"Modulo di contatto\" novalidate=\"novalidate\" data-status=\"init\">\n<fieldset class=\"hidden-fields-container\"><input type=\"hidden\" name=\"_wpcf7\" value=\"6655\" \/><input type=\"hidden\" name=\"_wpcf7_version\" value=\"6.1.5\" \/><input type=\"hidden\" name=\"_wpcf7_locale\" value=\"it_IT\" \/><input type=\"hidden\" name=\"_wpcf7_unit_tag\" value=\"wpcf7-f6655-o1\" \/><input type=\"hidden\" name=\"_wpcf7_container_post\" value=\"0\" \/><input type=\"hidden\" name=\"_wpcf7_posted_data_hash\" value=\"\" \/>\n<\/fieldset>\n<div class=\"form-fields form-fields-3\">\n<div class=\"form-field recipient-field\"><label>Quale sede ACP desidera contattare?<\/label><span class=\"wpcf7-form-control-wrap\" data-name=\"recipient\"><select class=\"wpcf7-form-control wpcf7-select wpcf7-validates-as-required\" aria-required=\"true\" aria-invalid=\"false\" name=\"recipient\"><option value=\"Deutschland\">Deutschland<\/option><option value=\"France\">France<\/option><option value=\"Canada\">Canada<\/option><option value=\"USA\">USA<\/option><option value=\"Mexico\">Mexico<\/option><option value=\"Brasil\">Brasil<\/option><option value=\"China\">China<\/option><\/select><\/span><\/div>\n<div class=\"form-field\"><label>Nome*<\/label><span class=\"wpcf7-form-control-wrap\" data-name=\"fname\"><input size=\"40\" maxlength=\"400\" class=\"wpcf7-form-control wpcf7-text wpcf7-validates-as-required\" aria-required=\"true\" aria-invalid=\"false\" value=\"\" type=\"text\" name=\"fname\" \/><\/span><\/div>\n<div class=\"form-field\"><label>Nome*<\/label><span class=\"wpcf7-form-control-wrap\" data-name=\"lname\"><input size=\"40\" maxlength=\"400\" class=\"wpcf7-form-control wpcf7-text wpcf7-validates-as-required\" aria-required=\"true\" aria-invalid=\"false\" value=\"\" type=\"text\" name=\"lname\" \/><\/span><\/div>\n<div class=\"form-field\"><label>Posizione<\/label><span class=\"wpcf7-form-control-wrap\" data-name=\"position\"><input size=\"40\" maxlength=\"400\" class=\"wpcf7-form-control wpcf7-text\" aria-invalid=\"false\" value=\"\" type=\"text\" name=\"position\" \/><\/span><\/div>\n<div class=\"form-field\"><label>L&#8217;azienda<\/label><span class=\"wpcf7-form-control-wrap\" data-name=\"company\"><input size=\"40\" maxlength=\"400\" class=\"wpcf7-form-control wpcf7-text\" aria-invalid=\"false\" value=\"\" type=\"text\" name=\"company\" \/><\/span><\/div>\n<div class=\"form-field\"><label>Telefono<\/label><span class=\"wpcf7-form-control-wrap\" data-name=\"phone\"><input size=\"40\" maxlength=\"400\" class=\"wpcf7-form-control wpcf7-text\" aria-invalid=\"false\" value=\"\" type=\"text\" name=\"phone\" \/><\/span><\/div>\n<div class=\"form-field\"><label>e-mail*<\/label><span class=\"wpcf7-form-control-wrap\" data-name=\"mail\"><input size=\"40\" maxlength=\"400\" class=\"wpcf7-form-control wpcf7-email wpcf7-validates-as-required wpcf7-text wpcf7-validates-as-email\" aria-required=\"true\" aria-invalid=\"false\" value=\"\" type=\"email\" name=\"mail\" \/><\/span><\/div>\n<\/div>\n<div class=\"form-field textarea\"><label>Il vostro messaggio<\/label><span class=\"wpcf7-form-control-wrap\" data-name=\"message\"><textarea cols=\"40\" rows=\"10\" maxlength=\"2000\" class=\"wpcf7-form-control wpcf7-textarea\" aria-invalid=\"false\" name=\"message\"><\/textarea><\/span><\/div>\n\n<span class=\"required\">I campi contrassegnati con * sono obbligatori.<\/span>\n<div class=\"form-fields form-footer\">\n<div class=\"form-privacy\"><span class=\"wpcf7-form-control-wrap\" data-name=\"ds\"><span class=\"wpcf7-form-control wpcf7-acceptance\"><span class=\"wpcf7-list-item\"><input type=\"checkbox\" name=\"ds\" value=\"1\" aria-invalid=\"false\" \/><\/span><\/span><\/span><span class=\"privacy-policy-note\">Accetto l&#8217;<a href=\"\/rechtliches\/datenschutz\/\" target=\"_blank\">informativa sulla privacy<\/a>.<\/span><\/div>\n<span id=\"wpcf7-69e4d366e8f2f-wrapper\" class=\"wpcf7-form-control-wrap email-address-wrap\" style=\"display:none !important; visibility:hidden !important;\"><input type=\"hidden\" name=\"email-address-time-start\" value=\"1776604006\"><input type=\"hidden\" name=\"email-address-time-check\" value=\"2\"><label for=\"wpcf7-69e4d366e8f2f-field\" class=\"hp-message\">email-address<\/label><input id=\"wpcf7-69e4d366e8f2f-field\"  class=\"wpcf7-form-control wpcf7-text\" type=\"text\" name=\"email-address\" value=\"\" size=\"40\" tabindex=\"-1\" autocomplete=\"off\" \/><\/span>\n<div class=\"form-submit\"><button id=\"submit\" class=\"wpcf7-form-control wpcf7-submit\">Invio<\/button><\/div>\n<\/div><div class=\"wpcf7-response-output\" aria-hidden=\"true\"><\/div>\n<\/form>\n<\/div>\n\t\t\t\t\t<\/div> \r\n\t\t\r\n\t\t\t\t<\/div>\r\n\t\t\t\n<\/div>\n<\/section>","protected":false},"excerpt":{"rendered":"","protected":false},"author":1,"featured_media":0,"parent":6738,"menu_order":2,"comment_status":"closed","ping_status":"closed","template":"","meta":{"_acf_changed":false,"_crdt_document":"","footnotes":""},"class_list":["post-6768","page","type-page","status-publish"],"acf":[],"yoast_head":"<!-- This site is optimized with the Yoast SEO plugin v27.2 - https:\/\/yoast.com\/product\/yoast-seo-wordpress\/ -->\n<title>Nastri per punzonatura elettricamente conduttivi e isolanti | Gruppo ACP<\/title>\n<meta name=\"description\" content=\"Strisce metalliche punzonate e tagliate in rotolo \u2713 Vantaggi delle strisce punzonate ACP: flessibili \/ particolarmente conduttive \/ isolanti \u2713 Ampia gamma di soluzioni personalizzate \u2713\" \/>\n<meta name=\"robots\" content=\"index, follow, max-snippet:-1, max-image-preview:large, max-video-preview:-1\" \/>\n<link rel=\"canonical\" href=\"https:\/\/acp-global.net\/it\/aree-di-applicazione\/industria-elettrica\/\" \/>\n<meta property=\"og:locale\" content=\"it_IT\" \/>\n<meta property=\"og:type\" content=\"article\" \/>\n<meta property=\"og:title\" content=\"Nastri per punzonatura elettricamente conduttivi e isolanti | Gruppo ACP\" \/>\n<meta property=\"og:description\" content=\"Strisce metalliche punzonate e tagliate in rotolo \u2713 Vantaggi delle strisce punzonate ACP: flessibili \/ particolarmente conduttive \/ isolanti \u2713 Ampia gamma di soluzioni personalizzate \u2713\" \/>\n<meta property=\"og:url\" content=\"https:\/\/acp-global.net\/it\/aree-di-applicazione\/industria-elettrica\/\" \/>\n<meta property=\"og:site_name\" content=\"ACP Group\" \/>\n<meta property=\"article:modified_time\" content=\"2024-06-24T12:59:04+00:00\" \/>\n<meta property=\"og:image\" content=\"https:\/\/acp-global.net\/wp-content\/uploads\/acp_elektroindustrie_01.jpg\" \/>\n<meta name=\"twitter:card\" content=\"summary_large_image\" \/>\n<meta name=\"twitter:label1\" content=\"Tempo di lettura stimato\" \/>\n\t<meta name=\"twitter:data1\" content=\"2 minuti\" \/>\n<script type=\"application\/ld+json\" class=\"yoast-schema-graph\">{\"@context\":\"https:\/\/schema.org\",\"@graph\":[{\"@type\":\"WebPage\",\"@id\":\"https:\/\/acp-global.net\/it\/aree-di-applicazione\/industria-elettrica\/\",\"url\":\"https:\/\/acp-global.net\/it\/aree-di-applicazione\/industria-elettrica\/\",\"name\":\"Nastri per punzonatura elettricamente conduttivi e isolanti | Gruppo ACP\",\"isPartOf\":{\"@id\":\"https:\/\/acp-global.net\/it\/#website\"},\"primaryImageOfPage\":{\"@id\":\"https:\/\/acp-global.net\/it\/aree-di-applicazione\/industria-elettrica\/#primaryimage\"},\"image\":{\"@id\":\"https:\/\/acp-global.net\/it\/aree-di-applicazione\/industria-elettrica\/#primaryimage\"},\"thumbnailUrl\":\"https:\/\/acp-global.net\/wp-content\/uploads\/acp_elektroindustrie_01.jpg\",\"datePublished\":\"2024-02-01T09:07:16+00:00\",\"dateModified\":\"2024-06-24T12:59:04+00:00\",\"description\":\"Strisce metalliche punzonate e tagliate in rotolo \u2713 Vantaggi delle strisce punzonate ACP: flessibili \/ particolarmente conduttive \/ isolanti \u2713 Ampia gamma di soluzioni personalizzate \u2713\",\"breadcrumb\":{\"@id\":\"https:\/\/acp-global.net\/it\/aree-di-applicazione\/industria-elettrica\/#breadcrumb\"},\"inLanguage\":\"it-IT\",\"potentialAction\":[{\"@type\":\"ReadAction\",\"target\":[\"https:\/\/acp-global.net\/it\/aree-di-applicazione\/industria-elettrica\/\"]}]},{\"@type\":\"ImageObject\",\"inLanguage\":\"it-IT\",\"@id\":\"https:\/\/acp-global.net\/it\/aree-di-applicazione\/industria-elettrica\/#primaryimage\",\"url\":\"https:\/\/acp-global.net\/wp-content\/uploads\/acp_elektroindustrie_01.jpg\",\"contentUrl\":\"https:\/\/acp-global.net\/wp-content\/uploads\/acp_elektroindustrie_01.jpg\"},{\"@type\":\"BreadcrumbList\",\"@id\":\"https:\/\/acp-global.net\/it\/aree-di-applicazione\/industria-elettrica\/#breadcrumb\",\"itemListElement\":[{\"@type\":\"ListItem\",\"position\":1,\"name\":\"Startseite\",\"item\":\"https:\/\/acp-global.net\/it\/\"},{\"@type\":\"ListItem\",\"position\":2,\"name\":\"Aree di applicazione\",\"item\":\"https:\/\/acp-global.net\/it\/aree-di-applicazione\/\"},{\"@type\":\"ListItem\",\"position\":3,\"name\":\"Industria elettrica\"}]},{\"@type\":\"WebSite\",\"@id\":\"https:\/\/acp-global.net\/it\/#website\",\"url\":\"https:\/\/acp-global.net\/it\/\",\"name\":\"ACP Group\",\"description\":\"\",\"publisher\":{\"@id\":\"https:\/\/acp-global.net\/it\/#organization\"},\"potentialAction\":[{\"@type\":\"SearchAction\",\"target\":{\"@type\":\"EntryPoint\",\"urlTemplate\":\"https:\/\/acp-global.net\/it\/?s={search_term_string}\"},\"query-input\":{\"@type\":\"PropertyValueSpecification\",\"valueRequired\":true,\"valueName\":\"search_term_string\"}}],\"inLanguage\":\"it-IT\"},{\"@type\":\"Organization\",\"@id\":\"https:\/\/acp-global.net\/it\/#organization\",\"name\":\"ACP Group\",\"url\":\"https:\/\/acp-global.net\/it\/\",\"logo\":{\"@type\":\"ImageObject\",\"inLanguage\":\"it-IT\",\"@id\":\"https:\/\/acp-global.net\/it\/#\/schema\/logo\/image\/\",\"url\":\"https:\/\/acp-global.net\/wp-content\/uploads\/acp_group.png\",\"contentUrl\":\"https:\/\/acp-global.net\/wp-content\/uploads\/acp_group.png\",\"width\":1232,\"height\":285,\"caption\":\"ACP Group\"},\"image\":{\"@id\":\"https:\/\/acp-global.net\/it\/#\/schema\/logo\/image\/\"}}]}<\/script>\n<!-- \/ Yoast SEO plugin. -->","yoast_head_json":{"title":"Nastri per punzonatura elettricamente conduttivi e isolanti | Gruppo ACP","description":"Strisce metalliche punzonate e tagliate in rotolo \u2713 Vantaggi delle strisce punzonate ACP: flessibili \/ particolarmente conduttive \/ isolanti \u2713 Ampia gamma di soluzioni personalizzate \u2713","robots":{"index":"index","follow":"follow","max-snippet":"max-snippet:-1","max-image-preview":"max-image-preview:large","max-video-preview":"max-video-preview:-1"},"canonical":"https:\/\/acp-global.net\/it\/aree-di-applicazione\/industria-elettrica\/","og_locale":"it_IT","og_type":"article","og_title":"Nastri per punzonatura elettricamente conduttivi e isolanti | Gruppo ACP","og_description":"Strisce metalliche punzonate e tagliate in rotolo \u2713 Vantaggi delle strisce punzonate ACP: flessibili \/ particolarmente conduttive \/ isolanti \u2713 Ampia gamma di soluzioni personalizzate \u2713","og_url":"https:\/\/acp-global.net\/it\/aree-di-applicazione\/industria-elettrica\/","og_site_name":"ACP Group","article_modified_time":"2024-06-24T12:59:04+00:00","og_image":[{"url":"https:\/\/acp-global.net\/wp-content\/uploads\/acp_elektroindustrie_01.jpg","type":"","width":"","height":""}],"twitter_card":"summary_large_image","twitter_misc":{"Tempo di lettura stimato":"2 minuti"},"schema":{"@context":"https:\/\/schema.org","@graph":[{"@type":"WebPage","@id":"https:\/\/acp-global.net\/it\/aree-di-applicazione\/industria-elettrica\/","url":"https:\/\/acp-global.net\/it\/aree-di-applicazione\/industria-elettrica\/","name":"Nastri per punzonatura elettricamente conduttivi e isolanti | Gruppo ACP","isPartOf":{"@id":"https:\/\/acp-global.net\/it\/#website"},"primaryImageOfPage":{"@id":"https:\/\/acp-global.net\/it\/aree-di-applicazione\/industria-elettrica\/#primaryimage"},"image":{"@id":"https:\/\/acp-global.net\/it\/aree-di-applicazione\/industria-elettrica\/#primaryimage"},"thumbnailUrl":"https:\/\/acp-global.net\/wp-content\/uploads\/acp_elektroindustrie_01.jpg","datePublished":"2024-02-01T09:07:16+00:00","dateModified":"2024-06-24T12:59:04+00:00","description":"Strisce metalliche punzonate e tagliate in rotolo \u2713 Vantaggi delle strisce punzonate ACP: flessibili \/ particolarmente conduttive \/ isolanti \u2713 Ampia gamma di soluzioni personalizzate \u2713","breadcrumb":{"@id":"https:\/\/acp-global.net\/it\/aree-di-applicazione\/industria-elettrica\/#breadcrumb"},"inLanguage":"it-IT","potentialAction":[{"@type":"ReadAction","target":["https:\/\/acp-global.net\/it\/aree-di-applicazione\/industria-elettrica\/"]}]},{"@type":"ImageObject","inLanguage":"it-IT","@id":"https:\/\/acp-global.net\/it\/aree-di-applicazione\/industria-elettrica\/#primaryimage","url":"https:\/\/acp-global.net\/wp-content\/uploads\/acp_elektroindustrie_01.jpg","contentUrl":"https:\/\/acp-global.net\/wp-content\/uploads\/acp_elektroindustrie_01.jpg"},{"@type":"BreadcrumbList","@id":"https:\/\/acp-global.net\/it\/aree-di-applicazione\/industria-elettrica\/#breadcrumb","itemListElement":[{"@type":"ListItem","position":1,"name":"Startseite","item":"https:\/\/acp-global.net\/it\/"},{"@type":"ListItem","position":2,"name":"Aree di applicazione","item":"https:\/\/acp-global.net\/it\/aree-di-applicazione\/"},{"@type":"ListItem","position":3,"name":"Industria elettrica"}]},{"@type":"WebSite","@id":"https:\/\/acp-global.net\/it\/#website","url":"https:\/\/acp-global.net\/it\/","name":"ACP Group","description":"","publisher":{"@id":"https:\/\/acp-global.net\/it\/#organization"},"potentialAction":[{"@type":"SearchAction","target":{"@type":"EntryPoint","urlTemplate":"https:\/\/acp-global.net\/it\/?s={search_term_string}"},"query-input":{"@type":"PropertyValueSpecification","valueRequired":true,"valueName":"search_term_string"}}],"inLanguage":"it-IT"},{"@type":"Organization","@id":"https:\/\/acp-global.net\/it\/#organization","name":"ACP Group","url":"https:\/\/acp-global.net\/it\/","logo":{"@type":"ImageObject","inLanguage":"it-IT","@id":"https:\/\/acp-global.net\/it\/#\/schema\/logo\/image\/","url":"https:\/\/acp-global.net\/wp-content\/uploads\/acp_group.png","contentUrl":"https:\/\/acp-global.net\/wp-content\/uploads\/acp_group.png","width":1232,"height":285,"caption":"ACP Group"},"image":{"@id":"https:\/\/acp-global.net\/it\/#\/schema\/logo\/image\/"}}]}},"_links":{"self":[{"href":"https:\/\/acp-global.net\/it\/wp-json\/wp\/v2\/pages\/6768","targetHints":{"allow":["GET"]}}],"collection":[{"href":"https:\/\/acp-global.net\/it\/wp-json\/wp\/v2\/pages"}],"about":[{"href":"https:\/\/acp-global.net\/it\/wp-json\/wp\/v2\/types\/page"}],"author":[{"embeddable":true,"href":"https:\/\/acp-global.net\/it\/wp-json\/wp\/v2\/users\/1"}],"replies":[{"embeddable":true,"href":"https:\/\/acp-global.net\/it\/wp-json\/wp\/v2\/comments?post=6768"}],"version-history":[{"count":2,"href":"https:\/\/acp-global.net\/it\/wp-json\/wp\/v2\/pages\/6768\/revisions"}],"predecessor-version":[{"id":7809,"href":"https:\/\/acp-global.net\/it\/wp-json\/wp\/v2\/pages\/6768\/revisions\/7809"}],"up":[{"embeddable":true,"href":"https:\/\/acp-global.net\/it\/wp-json\/wp\/v2\/pages\/6738"}],"wp:attachment":[{"href":"https:\/\/acp-global.net\/it\/wp-json\/wp\/v2\/media?parent=6768"}],"curies":[{"name":"wp","href":"https:\/\/api.w.org\/{rel}","templated":true}]}}