{"id":6824,"date":"2023-07-26T10:03:42","date_gmt":"2023-07-26T08:03:42","guid":{"rendered":"https:\/\/acp.pixel-tal.de\/azienda\/codice-di-condotta\/"},"modified":"2024-06-24T16:14:22","modified_gmt":"2024-06-24T14:14:22","slug":"codice-di-condotta","status":"publish","type":"page","link":"https:\/\/acp-global.net\/it\/azienda\/codice-di-condotta\/","title":{"rendered":"Codice di condotta"},"content":{"rendered":"        \n            <!-- hero -->\n        \n                    \n            <div id=\"hero-b26506c04b988f037df4d63a783c1cff\" class=\"hero\">\n\t\t\t\t<div class=\"hero-slider\">\t\t\t\t\n        \n            <!-- hero -->\n        \n                    \n            <div  class=\"hero-slide hero-slide-0267cd41d403811c2938026f17a8a7f2 \">\n\n\t\t\t\t<div class=\"hero-canvas\">\n\t\t\t\t\t<div class=\"hero-content\">\n\t\t\t\t\t\t<span class=\"hero-subheadline subheadline\">Rispetto, coraggio, impegno<\/span>\t\t\t\t\t\t<h1 class=\"hero-headline headline\">La nostra visione<\/h1>\t\t\t\t\t\t\t\t\t\t\t<\/div>\n\t\t\t\t<\/div>\n\n                \t\t\t\t\t<div class=\"hero-background\">\n                        <div class=\"hero-overlay\"><\/div>\n\t\t\t\t\t\t<img decoding=\"async\" src=\"https:\/\/acp-global.net\/wp-content\/uploads\/hero-vision.jpg\" \/>\n\t\t\t\t\t<\/div>\n\t\t\t\t\n                \n\t\t\t<\/div>\n        \n                    \n            <!-- end:hero -->\n        \n            \n\n\t\t\t\t<\/div>\t\t\t<\/div>\n        \n                    \n            <!-- end:hero -->\n        \n            <section class=\"gb-container gb-container-91ab36d0 gb-container-section-white\" id=\"intro\">\n<div class=\"gb-container gb-container-2c1e5245\">\n<div class=\"gb-grid-wrapper gb-grid-wrapper-bec5e074\">\n<div class=\"gb-grid-column gb-grid-column-5695831f\"><div class=\"gb-container gb-container-5695831f\" data-aos=\"fade-right\">\n\n<div class=\"wp-block-pixel-headline headlines is-subheadline-top has-text-align-left\"><h2 class=\"headline\" style=\"color:\">Rendiamo orgogliosi i prodotti<\/h2><span class=\"subheadline\" style=\"color:\">Il GRUPPO ACP condivide i valori del GRUPPO HUEHOCO<\/span><\/div>\n\n<\/div><\/div>\n\n<div class=\"gb-grid-column gb-grid-column-feff83bb\"><div class=\"gb-container gb-container-feff83bb\" data-aos=\"fade-right\">\n\n<p class=\"wp-block-paragraph\">Questa visione esprime l&#8217;essenza, l&#8217;unicit\u00e0 del nostro Gruppo e trasmette ci\u00f2 che ci rende speciali e continuer\u00e0 a farlo in futuro.<\/p>\n\n\n\n<p class=\"wp-block-paragraph\"><strong>Ma&#8230; chi siamo? Cosa siamo? Come siamo?<\/strong><\/p>\n\n\n\n<p class=\"wp-block-paragraph\">Filosofia aziendale, valori e dichiarazioni di missione: cosa dicono di noi? \u00c8 qualcosa che ci viene imposto o viviamo ci\u00f2 che &#8220;sposiamo la causa&#8221;? Forse non \u00e8 sempre necessario soddisfare tutti i requisiti in ogni situazione e in ogni momento. Ma ci deve essere un obiettivo unitario!<\/p>\n\n\n\n<p class=\"wp-block-paragraph\">Un codice di condotta comune a cui allinearsi.<\/p>\n\n\n\n<p class=\"wp-block-paragraph\">Una visione chiara dei valori e dei processi decisionali che continueranno a plasmare il nostro HUEHOCO GROUP nei prossimi anni e che ci accompagneranno nel nostro cammino verso il futuro.<\/p>\n\n\n\n<p class=\"has-color-light-color has-text-color wp-block-paragraph\"><strong>Saremo lieti di accompagnarvi in questo viaggio.<\/strong><\/p>\n\n<\/div><\/div>\n\n<div class=\"gb-grid-column gb-grid-column-d13f797f\"><div class=\"gb-container gb-container-d13f797f\" data-aos=\"fade-left\">\n\n<figure class=\"wp-block-embed is-type-video is-provider-youtube wp-block-embed-youtube wp-embed-aspect-16-9 wp-has-aspect-ratio\"><div class=\"wp-block-embed__wrapper\">\n <div class=\"brlbs-cmpnt-container brlbs-cmpnt-content-blocker brlbs-cmpnt-with-individual-styles\" data-borlabs-cookie-content-blocker-id=\"youtube-content-blocker\" data-borlabs-cookie-content=\"PGlmcmFtZSB0aXRsZT0iSFVFSE9DTyBXZXJ0ZSIgd2lkdGg9IjE3NzgiIGhlaWdodD0iMTAwMCIgc3JjPSJodHRwczovL3d3dy55b3V0dWJlLW5vY29va2llLmNvbS9lbWJlZC82QTFQZld4Z2RwWT9mZWF0dXJlPW9lbWJlZCIgZnJhbWVib3JkZXI9IjAiIGFsbG93PSJhY2NlbGVyb21ldGVyOyBhdXRvcGxheTsgY2xpcGJvYXJkLXdyaXRlOyBlbmNyeXB0ZWQtbWVkaWE7IGd5cm9zY29wZTsgcGljdHVyZS1pbi1waWN0dXJlOyB3ZWItc2hhcmUiIGFsbG93ZnVsbHNjcmVlbj48L2lmcmFtZT4=\"><div class=\"brlbs-cmpnt-cb-preset-c brlbs-cmpnt-cb-youtube\"> <div class=\"brlbs-cmpnt-cb-thumbnail\" style=\"background-image: url('https:\/\/acp-global.net\/wp-content\/uploads\/borlabs-cookie\/1\/yt_6A1PfWxgdpY_hqdefault.jpg')\"><\/div> <div class=\"brlbs-cmpnt-cb-main\"> <div class=\"brlbs-cmpnt-cb-play-button\"><\/div> <div class=\"brlbs-cmpnt-cb-content\"> <p class=\"brlbs-cmpnt-cb-description\">Stai visualizzando un contenuto segnaposto da <strong>YouTube<\/strong>. Per accedere al contenuto effettivo, clicca sul pulsante sottostante. Si prega di notare che in questo modo si condividono i dati con provider di terze parti.<\/p> <a class=\"brlbs-cmpnt-cb-provider-toggle\" href=\"#\" data-borlabs-cookie-show-provider-information role=\"button\" target=\"_blank\">Ulteriori informazioni<\/a> <\/div> <div class=\"brlbs-cmpnt-cb-buttons\"> <a class=\"brlbs-cmpnt-cb-btn\" href=\"#\" data-borlabs-cookie-unblock role=\"button\" target=\"_blank\">Sblocca il contenuto<\/a> <a class=\"brlbs-cmpnt-cb-btn\" href=\"#\" data-borlabs-cookie-accept-service role=\"button\" style=\"display: inherit\" target=\"_blank\">Accetta il servizio richiesto e sblocca i contenuti<\/a> <\/div> <\/div> <\/div><\/div>\n<\/div><\/figure>\n\n<\/div><\/div>\n<\/div>\n<\/div>\n<\/section><section class=\"gb-container gb-container-cd0a9321 gb-container-section-gradient\" id=\"werte\">\n<div class=\"gb-container gb-container-4469bb1b\">\n<div class=\"gb-grid-wrapper gb-grid-wrapper-722095b5\">\n<div class=\"gb-grid-column gb-grid-column-6c8b95ad\"><div class=\"gb-container gb-container-6c8b95ad\">\n\n<div class=\"wp-block-pixel-headline headlines is-subheadline-bottom has-text-align-left is-gap-sm\"><h2 class=\"headline is-h1\" style=\"color:\">I nostri valori<\/h2><\/div>\n\n\n\n<p class=\"wp-block-paragraph\">Definiamo noi stessi e i nostri rapporti reciproci attraverso i nostri valori, sia all&#8217;interno dell&#8217;azienda che in relazione al nostro ambiente.<\/p>\n\n<\/div><\/div>\n<\/div>\n<\/div>\n\n<div class=\"gb-container gb-container-70ce0e7a werte-container\">\n<div class=\"gb-grid-wrapper gb-grid-wrapper-559beca1\">\n<div class=\"gb-grid-column gb-grid-column-ed3ef3f9\"><div class=\"gb-container gb-container-ed3ef3f9\">\n\n<figure class=\"gb-block-image gb-block-image-f40d4fe0\"><img loading=\"lazy\" decoding=\"async\" width=\"700\" height=\"700\" class=\"gb-image gb-image-f40d4fe0\" src=\"https:\/\/www.huehoco.com\/wp-content\/uploads\/werte_01.jpg\" alt=\"\" title=\"valori_01\" srcset=\"https:\/\/acp-global.net\/wp-content\/uploads\/werte_01.jpg 700w, https:\/\/acp-global.net\/wp-content\/uploads\/werte_01-300x300.jpg 300w, https:\/\/acp-global.net\/wp-content\/uploads\/werte_01-150x150.jpg 150w, https:\/\/acp-global.net\/wp-content\/uploads\/werte_01-75x75.jpg 75w, https:\/\/acp-global.net\/wp-content\/uploads\/werte_01-120x120.jpg 120w\" sizes=\"auto, (max-width: 700px) 100vw, 700px\" \/><\/figure>\n\n<\/div><\/div>\n\n<div class=\"gb-grid-column gb-grid-column-010bf4d1 gb-grid-column-box-fade\"><div class=\"gb-container gb-container-010bf4d1 gb-container-box-fade\">\n\n<div class=\"wp-block-pixel-headline headlines is-subheadline-bottom has-text-align-center is-gap-off\"><h3 class=\"headline\" style=\"color:var(--color-light)\">Il rispetto<\/h3><\/div>\n\n\n\n<p class=\"has-text-align-center wp-block-paragraph\">Rispetto per tutte le creature e le risorse del nostro pianeta.<\/p>\n\n<\/div><\/div>\n\n<div class=\"gb-grid-column gb-grid-column-1cf789a3\"><div class=\"gb-container gb-container-1cf789a3\">\n\n<figure class=\"gb-block-image gb-block-image-befa5142\"><img loading=\"lazy\" decoding=\"async\" width=\"700\" height=\"700\" class=\"gb-image gb-image-befa5142\" src=\"https:\/\/www.huehoco.com\/wp-content\/uploads\/werte_02.jpg\" alt=\"\" title=\"valori_02\" srcset=\"https:\/\/acp-global.net\/wp-content\/uploads\/werte_02.jpg 700w, https:\/\/acp-global.net\/wp-content\/uploads\/werte_02-300x300.jpg 300w, https:\/\/acp-global.net\/wp-content\/uploads\/werte_02-150x150.jpg 150w, https:\/\/acp-global.net\/wp-content\/uploads\/werte_02-75x75.jpg 75w, https:\/\/acp-global.net\/wp-content\/uploads\/werte_02-120x120.jpg 120w\" sizes=\"auto, (max-width: 700px) 100vw, 700px\" \/><\/figure>\n\n<\/div><\/div>\n\n<div class=\"gb-grid-column gb-grid-column-57af6006 gb-grid-column-box-fade\"><div class=\"gb-container gb-container-57af6006 gb-container-box-fade\">\n\n<div class=\"wp-block-pixel-headline headlines is-subheadline-bottom has-text-align-center is-gap-off\"><h3 class=\"headline\" style=\"color:var(--color-light)\">Il coraggio<\/h3><\/div>\n\n\n\n<p class=\"has-text-align-center wp-block-paragraph\">Uscire attivamente dai sentieri battuti, pensare in modo diverso e assumersi la responsabilit\u00e0 delle proprie azioni.<\/p>\n\n<\/div><\/div>\n\n<div class=\"gb-grid-column gb-grid-column-22fdcb60\"><div class=\"gb-container gb-container-22fdcb60\">\n\n<figure class=\"gb-block-image gb-block-image-1b4c3e55\"><img loading=\"lazy\" decoding=\"async\" width=\"700\" height=\"700\" class=\"gb-image gb-image-1b4c3e55\" src=\"https:\/\/www.huehoco.com\/wp-content\/uploads\/werte_03.jpg\" alt=\"\" title=\"valori_03\" srcset=\"https:\/\/acp-global.net\/wp-content\/uploads\/werte_03.jpg 700w, https:\/\/acp-global.net\/wp-content\/uploads\/werte_03-300x300.jpg 300w, https:\/\/acp-global.net\/wp-content\/uploads\/werte_03-150x150.jpg 150w, https:\/\/acp-global.net\/wp-content\/uploads\/werte_03-75x75.jpg 75w, https:\/\/acp-global.net\/wp-content\/uploads\/werte_03-120x120.jpg 120w\" sizes=\"auto, (max-width: 700px) 100vw, 700px\" \/><\/figure>\n\n<\/div><\/div>\n\n<div class=\"gb-grid-column gb-grid-column-30ec78b6 gb-grid-column-box-fade\"><div class=\"gb-container gb-container-30ec78b6 gb-container-box-fade\">\n\n<div class=\"wp-block-pixel-headline headlines is-subheadline-bottom has-text-align-center is-gap-off\"><h3 class=\"headline\" style=\"color:var(--color-light)\">Impegno<\/h3><\/div>\n\n\n\n<p class=\"has-text-align-center wp-block-paragraph\">Pensiero orientato alla soluzione, abbinato alla determinazione per un atteggiamento positivo e la massima affidabilit\u00e0 possibile.<\/p>\n\n<\/div><\/div>\n\n<div class=\"gb-grid-column gb-grid-column-00318beb\"><div class=\"gb-container gb-container-00318beb\">\n\n<figure class=\"gb-block-image gb-block-image-0d6c756b\"><img loading=\"lazy\" decoding=\"async\" width=\"700\" height=\"700\" class=\"gb-image gb-image-0d6c756b\" src=\"https:\/\/www.huehoco.com\/wp-content\/uploads\/werte_04.jpg\" alt=\"\" title=\"valori_04\" srcset=\"https:\/\/acp-global.net\/wp-content\/uploads\/werte_04.jpg 700w, https:\/\/acp-global.net\/wp-content\/uploads\/werte_04-300x300.jpg 300w, https:\/\/acp-global.net\/wp-content\/uploads\/werte_04-150x150.jpg 150w, https:\/\/acp-global.net\/wp-content\/uploads\/werte_04-75x75.jpg 75w, https:\/\/acp-global.net\/wp-content\/uploads\/werte_04-120x120.jpg 120w\" sizes=\"auto, (max-width: 700px) 100vw, 700px\" \/><\/figure>\n\n<\/div><\/div>\n<\/div>\n<\/div>\n<\/section><section class=\"gb-container gb-container-a92f8cce gb-container-section-metal\">\n<div class=\"gb-container gb-container-1acc8506\">\n<div class=\"gb-grid-wrapper gb-grid-wrapper-1b0ff202\">\n<div class=\"gb-grid-column gb-grid-column-9b218cd3\"><div class=\"gb-container gb-container-9b218cd3\" data-aos=\"fade-in\">\n\n<div class=\"wp-block-pixel-headline headlines is-subheadline-bottom has-text-align-left\"><h2 class=\"headline is-h1\" style=\"color:\">La nostra missione<\/h2><\/div>\n\n\n\n<p class=\"wp-block-paragraph\"><strong>Come azienda, ci siamo posti degli obiettivi<\/strong> che si riflettono nei nostri principi guida. Rispondono alla domanda sulla nostra identit\u00e0 nel mercato. I nostri obiettivi strategici saranno allineati con essi.<\/p>\n\n\n\n<p class=\"wp-block-paragraph\">Come azienda industriale a conduzione familiare ed economicamente indipendente, siamo il partner principale dei nostri clienti. Confermiamo la nostra responsabilit\u00e0 per il loro successo con la nostra incondizionata volont\u00e0 di risolvere anche problemi complessi. Uniamo il coraggio imprenditoriale alla velocit\u00e0 e alla competenza professionale. \u00c8 cos\u00ec che creiamo valore aggiunto e fiducia nei nostri mercati.<\/p>\n\n\n\n<p class=\"wp-block-paragraph\">In modo che ogni nostro dipendente possa dire:<\/p>\n\n\n\n<p class=\"wp-block-paragraph\"><mark style=\"background-color:rgba(0, 0, 0, 0)\" class=\"has-inline-color has-color-light-color\"><strong>RENDIAMO LE PERSONE ORGOGLIOSE<\/strong><\/mark><\/p>\n\n<\/div><\/div>\n\n<div class=\"gb-grid-column gb-grid-column-a90d3cfa gb-grid-column-blue-overlay-right\"><div class=\"gb-container gb-container-a90d3cfa gb-container-blue-overlay-right\" data-aos=\"fade-in\">\n\n<figure class=\"gb-block-image gb-block-image-a45d6d80\"><img loading=\"lazy\" decoding=\"async\" width=\"780\" height=\"589\" class=\"gb-image gb-image-a45d6d80\" src=\"https:\/\/www.huehoco.com\/wp-content\/uploads\/unsere_mission.jpg\" alt=\"\" title=\"la nostra_missione\" srcset=\"https:\/\/acp-global.net\/wp-content\/uploads\/unsere_mission.jpg 780w, https:\/\/acp-global.net\/wp-content\/uploads\/unsere_mission-300x227.jpg 300w, https:\/\/acp-global.net\/wp-content\/uploads\/unsere_mission-768x580.jpg 768w, https:\/\/acp-global.net\/wp-content\/uploads\/unsere_mission-99x75.jpg 99w, https:\/\/acp-global.net\/wp-content\/uploads\/unsere_mission-159x120.jpg 159w\" sizes=\"auto, (max-width: 780px) 100vw, 780px\" \/><\/figure>\n\n<\/div><\/div>\n<\/div>\n<\/div>\n<\/section>","protected":false},"excerpt":{"rendered":"","protected":false},"author":1,"featured_media":0,"parent":6719,"menu_order":2,"comment_status":"closed","ping_status":"closed","template":"","meta":{"_acf_changed":false,"_crdt_document":"","footnotes":""},"class_list":["post-6824","page","type-page","status-publish"],"acf":[],"yoast_head":"<!-- This site is optimized with the Yoast SEO plugin v27.2 - https:\/\/yoast.com\/product\/yoast-seo-wordpress\/ -->\n<title>Gruppo ACP | Il nostro Codice di condotta<\/title>\n<meta name=\"description\" content=\"La nostra visione: Rispetto \u2713 Coraggio \u2713 Impegno \u2713 ACP condivide i valori del Gruppo HUEHOCO \u2713 Per saperne di pi\u00f9 sulla nostra filosofia aziendale, sui nostri valori e sulla nostra missione!\" \/>\n<meta name=\"robots\" content=\"index, follow, max-snippet:-1, max-image-preview:large, max-video-preview:-1\" \/>\n<link rel=\"canonical\" href=\"https:\/\/acp-global.net\/it\/azienda\/codice-di-condotta\/\" \/>\n<meta property=\"og:locale\" content=\"it_IT\" \/>\n<meta property=\"og:type\" content=\"article\" \/>\n<meta property=\"og:title\" content=\"Gruppo ACP | Il nostro Codice di condotta\" \/>\n<meta property=\"og:description\" content=\"La nostra visione: Rispetto \u2713 Coraggio \u2713 Impegno \u2713 ACP condivide i valori del Gruppo HUEHOCO \u2713 Per saperne di pi\u00f9 sulla nostra filosofia aziendale, sui nostri valori e sulla nostra missione!\" \/>\n<meta property=\"og:url\" content=\"https:\/\/acp-global.net\/it\/azienda\/codice-di-condotta\/\" \/>\n<meta property=\"og:site_name\" content=\"ACP Group\" \/>\n<meta property=\"article:modified_time\" content=\"2024-06-24T14:14:22+00:00\" \/>\n<meta property=\"og:image\" content=\"https:\/\/www.huehoco.com\/wp-content\/uploads\/werte_01.jpg\" \/>\n<meta name=\"twitter:card\" content=\"summary_large_image\" \/>\n<meta name=\"twitter:label1\" content=\"Tempo di lettura stimato\" \/>\n\t<meta name=\"twitter:data1\" content=\"3 minuti\" \/>\n<script type=\"application\/ld+json\" class=\"yoast-schema-graph\">{\"@context\":\"https:\/\/schema.org\",\"@graph\":[{\"@type\":\"WebPage\",\"@id\":\"https:\/\/acp-global.net\/it\/azienda\/codice-di-condotta\/\",\"url\":\"https:\/\/acp-global.net\/it\/azienda\/codice-di-condotta\/\",\"name\":\"Gruppo ACP | Il nostro Codice di condotta\",\"isPartOf\":{\"@id\":\"https:\/\/acp-global.net\/it\/#website\"},\"primaryImageOfPage\":{\"@id\":\"https:\/\/acp-global.net\/it\/azienda\/codice-di-condotta\/#primaryimage\"},\"image\":{\"@id\":\"https:\/\/acp-global.net\/it\/azienda\/codice-di-condotta\/#primaryimage\"},\"thumbnailUrl\":\"https:\/\/www.huehoco.com\/wp-content\/uploads\/werte_01.jpg\",\"datePublished\":\"2023-07-26T08:03:42+00:00\",\"dateModified\":\"2024-06-24T14:14:22+00:00\",\"description\":\"La nostra visione: Rispetto \u2713 Coraggio \u2713 Impegno \u2713 ACP condivide i valori del Gruppo HUEHOCO \u2713 Per saperne di pi\u00f9 sulla nostra filosofia aziendale, sui nostri valori e sulla nostra missione!\",\"breadcrumb\":{\"@id\":\"https:\/\/acp-global.net\/it\/azienda\/codice-di-condotta\/#breadcrumb\"},\"inLanguage\":\"it-IT\",\"potentialAction\":[{\"@type\":\"ReadAction\",\"target\":[\"https:\/\/acp-global.net\/it\/azienda\/codice-di-condotta\/\"]}]},{\"@type\":\"ImageObject\",\"inLanguage\":\"it-IT\",\"@id\":\"https:\/\/acp-global.net\/it\/azienda\/codice-di-condotta\/#primaryimage\",\"url\":\"https:\/\/www.huehoco.com\/wp-content\/uploads\/werte_01.jpg\",\"contentUrl\":\"https:\/\/www.huehoco.com\/wp-content\/uploads\/werte_01.jpg\"},{\"@type\":\"BreadcrumbList\",\"@id\":\"https:\/\/acp-global.net\/it\/azienda\/codice-di-condotta\/#breadcrumb\",\"itemListElement\":[{\"@type\":\"ListItem\",\"position\":1,\"name\":\"Startseite\",\"item\":\"https:\/\/acp-global.net\/it\/\"},{\"@type\":\"ListItem\",\"position\":2,\"name\":\"L&#8217;azienda\",\"item\":\"https:\/\/acp-global.net\/it\/azienda\/\"},{\"@type\":\"ListItem\",\"position\":3,\"name\":\"Codice di condotta\"}]},{\"@type\":\"WebSite\",\"@id\":\"https:\/\/acp-global.net\/it\/#website\",\"url\":\"https:\/\/acp-global.net\/it\/\",\"name\":\"ACP Group\",\"description\":\"\",\"publisher\":{\"@id\":\"https:\/\/acp-global.net\/it\/#organization\"},\"potentialAction\":[{\"@type\":\"SearchAction\",\"target\":{\"@type\":\"EntryPoint\",\"urlTemplate\":\"https:\/\/acp-global.net\/it\/?s={search_term_string}\"},\"query-input\":{\"@type\":\"PropertyValueSpecification\",\"valueRequired\":true,\"valueName\":\"search_term_string\"}}],\"inLanguage\":\"it-IT\"},{\"@type\":\"Organization\",\"@id\":\"https:\/\/acp-global.net\/it\/#organization\",\"name\":\"ACP Group\",\"url\":\"https:\/\/acp-global.net\/it\/\",\"logo\":{\"@type\":\"ImageObject\",\"inLanguage\":\"it-IT\",\"@id\":\"https:\/\/acp-global.net\/it\/#\/schema\/logo\/image\/\",\"url\":\"https:\/\/acp-global.net\/wp-content\/uploads\/acp_group.png\",\"contentUrl\":\"https:\/\/acp-global.net\/wp-content\/uploads\/acp_group.png\",\"width\":1232,\"height\":285,\"caption\":\"ACP Group\"},\"image\":{\"@id\":\"https:\/\/acp-global.net\/it\/#\/schema\/logo\/image\/\"}}]}<\/script>\n<!-- \/ Yoast SEO plugin. -->","yoast_head_json":{"title":"Gruppo ACP | Il nostro Codice di condotta","description":"La nostra visione: Rispetto \u2713 Coraggio \u2713 Impegno \u2713 ACP condivide i valori del Gruppo HUEHOCO \u2713 Per saperne di pi\u00f9 sulla nostra filosofia aziendale, sui nostri valori e sulla nostra missione!","robots":{"index":"index","follow":"follow","max-snippet":"max-snippet:-1","max-image-preview":"max-image-preview:large","max-video-preview":"max-video-preview:-1"},"canonical":"https:\/\/acp-global.net\/it\/azienda\/codice-di-condotta\/","og_locale":"it_IT","og_type":"article","og_title":"Gruppo ACP | Il nostro Codice di condotta","og_description":"La nostra visione: Rispetto \u2713 Coraggio \u2713 Impegno \u2713 ACP condivide i valori del Gruppo HUEHOCO \u2713 Per saperne di pi\u00f9 sulla nostra filosofia aziendale, sui nostri valori e sulla nostra missione!","og_url":"https:\/\/acp-global.net\/it\/azienda\/codice-di-condotta\/","og_site_name":"ACP Group","article_modified_time":"2024-06-24T14:14:22+00:00","og_image":[{"url":"https:\/\/www.huehoco.com\/wp-content\/uploads\/werte_01.jpg","type":"","width":"","height":""}],"twitter_card":"summary_large_image","twitter_misc":{"Tempo di lettura stimato":"3 minuti"},"schema":{"@context":"https:\/\/schema.org","@graph":[{"@type":"WebPage","@id":"https:\/\/acp-global.net\/it\/azienda\/codice-di-condotta\/","url":"https:\/\/acp-global.net\/it\/azienda\/codice-di-condotta\/","name":"Gruppo ACP | Il nostro Codice di condotta","isPartOf":{"@id":"https:\/\/acp-global.net\/it\/#website"},"primaryImageOfPage":{"@id":"https:\/\/acp-global.net\/it\/azienda\/codice-di-condotta\/#primaryimage"},"image":{"@id":"https:\/\/acp-global.net\/it\/azienda\/codice-di-condotta\/#primaryimage"},"thumbnailUrl":"https:\/\/www.huehoco.com\/wp-content\/uploads\/werte_01.jpg","datePublished":"2023-07-26T08:03:42+00:00","dateModified":"2024-06-24T14:14:22+00:00","description":"La nostra visione: Rispetto \u2713 Coraggio \u2713 Impegno \u2713 ACP condivide i valori del Gruppo HUEHOCO \u2713 Per saperne di pi\u00f9 sulla nostra filosofia aziendale, sui nostri valori e sulla nostra missione!","breadcrumb":{"@id":"https:\/\/acp-global.net\/it\/azienda\/codice-di-condotta\/#breadcrumb"},"inLanguage":"it-IT","potentialAction":[{"@type":"ReadAction","target":["https:\/\/acp-global.net\/it\/azienda\/codice-di-condotta\/"]}]},{"@type":"ImageObject","inLanguage":"it-IT","@id":"https:\/\/acp-global.net\/it\/azienda\/codice-di-condotta\/#primaryimage","url":"https:\/\/www.huehoco.com\/wp-content\/uploads\/werte_01.jpg","contentUrl":"https:\/\/www.huehoco.com\/wp-content\/uploads\/werte_01.jpg"},{"@type":"BreadcrumbList","@id":"https:\/\/acp-global.net\/it\/azienda\/codice-di-condotta\/#breadcrumb","itemListElement":[{"@type":"ListItem","position":1,"name":"Startseite","item":"https:\/\/acp-global.net\/it\/"},{"@type":"ListItem","position":2,"name":"L&#8217;azienda","item":"https:\/\/acp-global.net\/it\/azienda\/"},{"@type":"ListItem","position":3,"name":"Codice di condotta"}]},{"@type":"WebSite","@id":"https:\/\/acp-global.net\/it\/#website","url":"https:\/\/acp-global.net\/it\/","name":"ACP Group","description":"","publisher":{"@id":"https:\/\/acp-global.net\/it\/#organization"},"potentialAction":[{"@type":"SearchAction","target":{"@type":"EntryPoint","urlTemplate":"https:\/\/acp-global.net\/it\/?s={search_term_string}"},"query-input":{"@type":"PropertyValueSpecification","valueRequired":true,"valueName":"search_term_string"}}],"inLanguage":"it-IT"},{"@type":"Organization","@id":"https:\/\/acp-global.net\/it\/#organization","name":"ACP Group","url":"https:\/\/acp-global.net\/it\/","logo":{"@type":"ImageObject","inLanguage":"it-IT","@id":"https:\/\/acp-global.net\/it\/#\/schema\/logo\/image\/","url":"https:\/\/acp-global.net\/wp-content\/uploads\/acp_group.png","contentUrl":"https:\/\/acp-global.net\/wp-content\/uploads\/acp_group.png","width":1232,"height":285,"caption":"ACP Group"},"image":{"@id":"https:\/\/acp-global.net\/it\/#\/schema\/logo\/image\/"}}]}},"_links":{"self":[{"href":"https:\/\/acp-global.net\/it\/wp-json\/wp\/v2\/pages\/6824","targetHints":{"allow":["GET"]}}],"collection":[{"href":"https:\/\/acp-global.net\/it\/wp-json\/wp\/v2\/pages"}],"about":[{"href":"https:\/\/acp-global.net\/it\/wp-json\/wp\/v2\/types\/page"}],"author":[{"embeddable":true,"href":"https:\/\/acp-global.net\/it\/wp-json\/wp\/v2\/users\/1"}],"replies":[{"embeddable":true,"href":"https:\/\/acp-global.net\/it\/wp-json\/wp\/v2\/comments?post=6824"}],"version-history":[{"count":3,"href":"https:\/\/acp-global.net\/it\/wp-json\/wp\/v2\/pages\/6824\/revisions"}],"predecessor-version":[{"id":7730,"href":"https:\/\/acp-global.net\/it\/wp-json\/wp\/v2\/pages\/6824\/revisions\/7730"}],"up":[{"embeddable":true,"href":"https:\/\/acp-global.net\/it\/wp-json\/wp\/v2\/pages\/6719"}],"wp:attachment":[{"href":"https:\/\/acp-global.net\/it\/wp-json\/wp\/v2\/media?parent=6824"}],"curies":[{"name":"wp","href":"https:\/\/api.w.org\/{rel}","templated":true}]}}