{"id":6862,"date":"2023-04-06T14:34:03","date_gmt":"2023-04-06T12:34:03","guid":{"rendered":"https:\/\/acp.pixel-tal.de\/legale\/impronta\/"},"modified":"2024-10-23T12:23:18","modified_gmt":"2024-10-23T10:23:18","slug":"impronta","status":"publish","type":"page","link":"https:\/\/acp-global.net\/it\/legale\/impronta\/","title":{"rendered":"Impronta"},"content":{"rendered":"<section class=\"gb-container gb-container-7f827b1e gb-container-section-white\">\n<div class=\"gb-container gb-container-2e17292b\">\n<div class=\"gb-grid-wrapper gb-grid-wrapper-1edc144c\">\n<div class=\"gb-grid-column gb-grid-column-6b4b95ad\"><div class=\"gb-container gb-container-6b4b95ad\">\n\n<div class=\"wp-block-pixel-headline headlines is-subheadline-bottom has-text-align-left\"><h1 class=\"headline\" style=\"color:\">Impronta<\/h1><\/div>\n\n<\/div><\/div>\n\n<div class=\"gb-grid-column gb-grid-column-ceb59ac7\"><div class=\"gb-container gb-container-ceb59ac7\">\n\n<p class=\"wp-block-paragraph\">ACP Deutschland GmbH &amp; Co. KG<br>Sch\u00e4fergasse 1<br>D &#8211; 36433 Bad Salzungen<\/p>\n\n\n\n<p class=\"wp-block-paragraph\">Registro commerciale: HRA 301509<br>Tribunale: Tribunale di Jena<br>Codice fiscale: 155\/150\/03603<\/p>\n\n\n\n<p class=\"wp-block-paragraph\"><strong>Rappresentato dal socio personalmente responsabile:<\/strong><br>ACP Deutschland GmbH &amp; Co. KG<br>Sch\u00e4fergasse 1<br>D &#8211; 36433 Bad Salzungen<\/p>\n\n\n\n<p class=\"wp-block-paragraph\"><strong>Amministratore delegato:<\/strong><br>Michael Koch<\/p>\n\n\n\n<div class=\"wp-block-pixel-headline headlines is-subheadline-bottom has-text-align-left is-gap-xs\"><h5 class=\"headline\" style=\"color:\">Contattateci<\/h5><\/div>\n\n\n\n<p class=\"wp-block-paragraph\">Telefono: <a href=\"tel:+492026477866\" data-type=\"tel\" data-id=\"tel:+492026477866\" target=\"_blank\" rel=\"nofollow\">+49 (0) 202 64778-66<\/a><br>Cellulare: +49 (0) 175 43 43-521<br>E-mail: <a href=\"mailto:m.koch@acp-d.com\" target=\"_blank\" rel=\"nofollow\">m.koch@acp-d.com<\/a><\/p>\n\n\n\n<div class=\"wp-block-pixel-headline headlines is-subheadline-bottom has-text-align-left is-gap-xs\"><h5 class=\"headline\" style=\"color:\">ID imposta sulle vendite<\/h5><\/div>\n\n\n\n<p class=\"wp-block-paragraph\">Numero di identificazione dell&#8217;imposta sul valore aggiunto:<br>DE813527014<\/p>\n\n\n\n<div class=\"wp-block-pixel-headline headlines is-subheadline-bottom has-text-align-left is-gap-xs\"><h5 class=\"headline\" style=\"color:\">Realizzazione<\/h5><\/div>\n\n\n\n<p class=\"wp-block-paragraph\">L&#8217;ideazione, il design e la realizzazione di questo sito web sono stati curati da:<br><a rel=\"noreferrer noopener nofollow\" href=\"https:\/\/pixelproduction.de\/\" target=\"_blank\">PixelProduction, agenzia di comunicazione concettuale a Wuppertal<\/a>.<\/p>\n\n<\/div><\/div>\n\n<div class=\"gb-grid-column gb-grid-column-fe327f40\"><div class=\"gb-container gb-container-fe327f40\">\n\n<div class=\"wp-block-pixel-headline headlines is-subheadline-bottom has-text-align-left is-gap-xs\"><h5 class=\"headline\" style=\"color:\">Risoluzione delle controversie<\/h5><\/div>\n\n\n\n<p class=\"wp-block-paragraph\">La Commissione europea fornisce una piattaforma per la risoluzione delle controversie online (OS):<br><a rel=\"noreferrer noopener nofollow\" href=\"https:\/\/ec.europa.eu\/consumers\/odr\" target=\"_blank\">https:\/\/ec.europa.eu\/consumers\/odr.<\/a><\/p>\n\n\n\n<p class=\"wp-block-paragraph\">Il nostro indirizzo e-mail \u00e8 riportato nella nota legale di cui sopra.<br>Non siamo disposti o obbligati a partecipare a procedure di risoluzione delle controversie davanti a un collegio arbitrale dei consumatori.<\/p>\n\n\n\n<div class=\"wp-block-pixel-headline headlines is-subheadline-bottom has-text-align-left is-gap-xs\"><h5 class=\"headline\" style=\"color:\">Responsabilit\u00e0 per i contenuti<\/h5><\/div>\n\n\n\n<p class=\"wp-block-paragraph\">In qualit\u00e0 di fornitore di servizi, siamo obbligati, ai sensi del \u00a7 7 par. 1 DDG per i propri contenuti in queste pagine secondo le leggi generali. Ai sensi dei \u00a7\u00a7 8-10 DDG, tuttavia, in qualit\u00e0 di fornitore di servizi non siamo obbligati a monitorare le informazioni trasmesse o memorizzate da terzi o a indagare su circostanze che indicano un&#8217;attivit\u00e0 illegale. L&#8217;obbligo di rimuovere o bloccare l&#8217;uso delle informazioni in conformit\u00e0 alle leggi generali rimane inalterato. Tuttavia, la responsabilit\u00e0 in questo senso \u00e8 possibile solo a partire dal momento in cui si viene a conoscenza di una specifica violazione. Non appena verremo a conoscenza di tali violazioni, rimuoveremo immediatamente tali contenuti.<\/p>\n\n\n\n<div class=\"wp-block-pixel-headline headlines is-subheadline-bottom has-text-align-left is-gap-xs\"><h5 class=\"headline\" style=\"color:\">Responsabilit\u00e0 per i link<\/h5><\/div>\n\n\n\n<p class=\"wp-block-paragraph\">Il nostro sito web contiene link a siti web esterni di terzi sui cui contenuti non abbiamo alcuna influenza. Pertanto, non possiamo accettare alcuna responsabilit\u00e0 per questi contenuti di terzi. Il rispettivo fornitore o gestore delle pagine \u00e8 sempre responsabile del contenuto delle pagine collegate. Le pagine collegate sono state controllate per verificare eventuali violazioni legali al momento del collegamento. I contenuti illegali non erano riconoscibili al momento del collegamento.<br>Tuttavia, il monitoraggio permanente del contenuto delle pagine collegate non \u00e8 ragionevole senza prove concrete di una violazione. Se veniamo a conoscenza di eventuali violazioni legali, rimuoveremo immediatamente tali link.<\/p>\n\n\n\n<div class=\"wp-block-pixel-headline headlines is-subheadline-bottom has-text-align-left is-gap-xs\"><h5 class=\"headline\" style=\"color:\">Copyright<\/h5><\/div>\n\n\n\n<p class=\"wp-block-paragraph\">I contenuti e le opere create dagli operatori del sito su queste pagine sono soggetti alla legge tedesca sul diritto d&#8217;autore. La riproduzione, la modifica, la distribuzione e qualsiasi tipo di utilizzo al di fuori dei limiti della legge sul copyright richiedono il consenso scritto del rispettivo autore o creatore. Download e copie di questo sito sono consentiti solo per uso privato e non commerciale.<br>Nella misura in cui il contenuto di questo sito non \u00e8 stato creato dall&#8217;operatore, si rispettano i diritti d&#8217;autore di terzi. In particolare, i contenuti di terze parti sono etichettati come tali. Se tuttavia doveste venire a conoscenza di una violazione del copyright, vi preghiamo di informarci di conseguenza. Se veniamo a conoscenza di eventuali violazioni legali, rimuoveremo immediatamente tali contenuti.<\/p>\n\n<\/div><\/div>\n<\/div>\n<\/div>\n<\/section>","protected":false},"excerpt":{"rendered":"","protected":false},"author":1,"featured_media":0,"parent":6740,"menu_order":1,"comment_status":"closed","ping_status":"closed","template":"","meta":{"_acf_changed":false,"_crdt_document":"","footnotes":""},"class_list":["post-6862","page","type-page","status-publish"],"acf":[],"yoast_head":"<!-- This site is optimized with the Yoast SEO plugin v27.2 - https:\/\/yoast.com\/product\/yoast-seo-wordpress\/ -->\n<title>Gruppo ACP | La nostra impronta<\/title>\n<meta name=\"description\" content=\"Informazioni sulle persone giuridiche \u2713 Rappresentanti autorizzati \u2713 Societ\u00e0 \u2713 Forma giuridica \u2713 Numero di registro \u2713 Indirizzo della filiale \u2713\" \/>\n<meta name=\"robots\" content=\"index, follow, max-snippet:-1, max-image-preview:large, max-video-preview:-1\" \/>\n<link rel=\"canonical\" href=\"https:\/\/acp-global.net\/it\/legale\/impronta\/\" \/>\n<meta property=\"og:locale\" content=\"it_IT\" \/>\n<meta property=\"og:type\" content=\"article\" \/>\n<meta property=\"og:title\" content=\"Gruppo ACP | La nostra impronta\" \/>\n<meta property=\"og:description\" content=\"Informazioni sulle persone giuridiche \u2713 Rappresentanti autorizzati \u2713 Societ\u00e0 \u2713 Forma giuridica \u2713 Numero di registro \u2713 Indirizzo della filiale \u2713\" \/>\n<meta property=\"og:url\" content=\"https:\/\/acp-global.net\/it\/legale\/impronta\/\" \/>\n<meta property=\"og:site_name\" content=\"ACP Group\" \/>\n<meta property=\"article:modified_time\" content=\"2024-10-23T10:23:18+00:00\" \/>\n<meta name=\"twitter:card\" content=\"summary_large_image\" \/>\n<meta name=\"twitter:label1\" content=\"Tempo di lettura stimato\" \/>\n\t<meta name=\"twitter:data1\" content=\"3 minuti\" \/>\n<script type=\"application\/ld+json\" class=\"yoast-schema-graph\">{\"@context\":\"https:\/\/schema.org\",\"@graph\":[{\"@type\":\"WebPage\",\"@id\":\"https:\/\/acp-global.net\/it\/legale\/impronta\/\",\"url\":\"https:\/\/acp-global.net\/it\/legale\/impronta\/\",\"name\":\"Gruppo ACP | La nostra impronta\",\"isPartOf\":{\"@id\":\"https:\/\/acp-global.net\/it\/#website\"},\"datePublished\":\"2023-04-06T12:34:03+00:00\",\"dateModified\":\"2024-10-23T10:23:18+00:00\",\"description\":\"Informazioni sulle persone giuridiche \u2713 Rappresentanti autorizzati \u2713 Societ\u00e0 \u2713 Forma giuridica \u2713 Numero di registro \u2713 Indirizzo della filiale \u2713\",\"breadcrumb\":{\"@id\":\"https:\/\/acp-global.net\/it\/legale\/impronta\/#breadcrumb\"},\"inLanguage\":\"it-IT\",\"potentialAction\":[{\"@type\":\"ReadAction\",\"target\":[\"https:\/\/acp-global.net\/it\/legale\/impronta\/\"]}]},{\"@type\":\"BreadcrumbList\",\"@id\":\"https:\/\/acp-global.net\/it\/legale\/impronta\/#breadcrumb\",\"itemListElement\":[{\"@type\":\"ListItem\",\"position\":1,\"name\":\"Startseite\",\"item\":\"https:\/\/acp-global.net\/it\/\"},{\"@type\":\"ListItem\",\"position\":2,\"name\":\"Questioni legali\",\"item\":\"https:\/\/acp-global.net\/it\/legale\/\"},{\"@type\":\"ListItem\",\"position\":3,\"name\":\"Impronta\"}]},{\"@type\":\"WebSite\",\"@id\":\"https:\/\/acp-global.net\/it\/#website\",\"url\":\"https:\/\/acp-global.net\/it\/\",\"name\":\"ACP Group\",\"description\":\"\",\"publisher\":{\"@id\":\"https:\/\/acp-global.net\/it\/#organization\"},\"potentialAction\":[{\"@type\":\"SearchAction\",\"target\":{\"@type\":\"EntryPoint\",\"urlTemplate\":\"https:\/\/acp-global.net\/it\/?s={search_term_string}\"},\"query-input\":{\"@type\":\"PropertyValueSpecification\",\"valueRequired\":true,\"valueName\":\"search_term_string\"}}],\"inLanguage\":\"it-IT\"},{\"@type\":\"Organization\",\"@id\":\"https:\/\/acp-global.net\/it\/#organization\",\"name\":\"ACP Group\",\"url\":\"https:\/\/acp-global.net\/it\/\",\"logo\":{\"@type\":\"ImageObject\",\"inLanguage\":\"it-IT\",\"@id\":\"https:\/\/acp-global.net\/it\/#\/schema\/logo\/image\/\",\"url\":\"https:\/\/acp-global.net\/wp-content\/uploads\/acp_group.png\",\"contentUrl\":\"https:\/\/acp-global.net\/wp-content\/uploads\/acp_group.png\",\"width\":1232,\"height\":285,\"caption\":\"ACP Group\"},\"image\":{\"@id\":\"https:\/\/acp-global.net\/it\/#\/schema\/logo\/image\/\"}}]}<\/script>\n<!-- \/ Yoast SEO plugin. -->","yoast_head_json":{"title":"Gruppo ACP | La nostra impronta","description":"Informazioni sulle persone giuridiche \u2713 Rappresentanti autorizzati \u2713 Societ\u00e0 \u2713 Forma giuridica \u2713 Numero di registro \u2713 Indirizzo della filiale \u2713","robots":{"index":"index","follow":"follow","max-snippet":"max-snippet:-1","max-image-preview":"max-image-preview:large","max-video-preview":"max-video-preview:-1"},"canonical":"https:\/\/acp-global.net\/it\/legale\/impronta\/","og_locale":"it_IT","og_type":"article","og_title":"Gruppo ACP | La nostra impronta","og_description":"Informazioni sulle persone giuridiche \u2713 Rappresentanti autorizzati \u2713 Societ\u00e0 \u2713 Forma giuridica \u2713 Numero di registro \u2713 Indirizzo della filiale \u2713","og_url":"https:\/\/acp-global.net\/it\/legale\/impronta\/","og_site_name":"ACP Group","article_modified_time":"2024-10-23T10:23:18+00:00","twitter_card":"summary_large_image","twitter_misc":{"Tempo di lettura stimato":"3 minuti"},"schema":{"@context":"https:\/\/schema.org","@graph":[{"@type":"WebPage","@id":"https:\/\/acp-global.net\/it\/legale\/impronta\/","url":"https:\/\/acp-global.net\/it\/legale\/impronta\/","name":"Gruppo ACP | La nostra impronta","isPartOf":{"@id":"https:\/\/acp-global.net\/it\/#website"},"datePublished":"2023-04-06T12:34:03+00:00","dateModified":"2024-10-23T10:23:18+00:00","description":"Informazioni sulle persone giuridiche \u2713 Rappresentanti autorizzati \u2713 Societ\u00e0 \u2713 Forma giuridica \u2713 Numero di registro \u2713 Indirizzo della filiale \u2713","breadcrumb":{"@id":"https:\/\/acp-global.net\/it\/legale\/impronta\/#breadcrumb"},"inLanguage":"it-IT","potentialAction":[{"@type":"ReadAction","target":["https:\/\/acp-global.net\/it\/legale\/impronta\/"]}]},{"@type":"BreadcrumbList","@id":"https:\/\/acp-global.net\/it\/legale\/impronta\/#breadcrumb","itemListElement":[{"@type":"ListItem","position":1,"name":"Startseite","item":"https:\/\/acp-global.net\/it\/"},{"@type":"ListItem","position":2,"name":"Questioni legali","item":"https:\/\/acp-global.net\/it\/legale\/"},{"@type":"ListItem","position":3,"name":"Impronta"}]},{"@type":"WebSite","@id":"https:\/\/acp-global.net\/it\/#website","url":"https:\/\/acp-global.net\/it\/","name":"ACP Group","description":"","publisher":{"@id":"https:\/\/acp-global.net\/it\/#organization"},"potentialAction":[{"@type":"SearchAction","target":{"@type":"EntryPoint","urlTemplate":"https:\/\/acp-global.net\/it\/?s={search_term_string}"},"query-input":{"@type":"PropertyValueSpecification","valueRequired":true,"valueName":"search_term_string"}}],"inLanguage":"it-IT"},{"@type":"Organization","@id":"https:\/\/acp-global.net\/it\/#organization","name":"ACP Group","url":"https:\/\/acp-global.net\/it\/","logo":{"@type":"ImageObject","inLanguage":"it-IT","@id":"https:\/\/acp-global.net\/it\/#\/schema\/logo\/image\/","url":"https:\/\/acp-global.net\/wp-content\/uploads\/acp_group.png","contentUrl":"https:\/\/acp-global.net\/wp-content\/uploads\/acp_group.png","width":1232,"height":285,"caption":"ACP Group"},"image":{"@id":"https:\/\/acp-global.net\/it\/#\/schema\/logo\/image\/"}}]}},"_links":{"self":[{"href":"https:\/\/acp-global.net\/it\/wp-json\/wp\/v2\/pages\/6862","targetHints":{"allow":["GET"]}}],"collection":[{"href":"https:\/\/acp-global.net\/it\/wp-json\/wp\/v2\/pages"}],"about":[{"href":"https:\/\/acp-global.net\/it\/wp-json\/wp\/v2\/types\/page"}],"author":[{"embeddable":true,"href":"https:\/\/acp-global.net\/it\/wp-json\/wp\/v2\/users\/1"}],"replies":[{"embeddable":true,"href":"https:\/\/acp-global.net\/it\/wp-json\/wp\/v2\/comments?post=6862"}],"version-history":[{"count":4,"href":"https:\/\/acp-global.net\/it\/wp-json\/wp\/v2\/pages\/6862\/revisions"}],"predecessor-version":[{"id":9080,"href":"https:\/\/acp-global.net\/it\/wp-json\/wp\/v2\/pages\/6862\/revisions\/9080"}],"up":[{"embeddable":true,"href":"https:\/\/acp-global.net\/it\/wp-json\/wp\/v2\/pages\/6740"}],"wp:attachment":[{"href":"https:\/\/acp-global.net\/it\/wp-json\/wp\/v2\/media?parent=6862"}],"curies":[{"name":"wp","href":"https:\/\/api.w.org\/{rel}","templated":true}]}}