{"id":6716,"date":"2023-04-06T14:34:03","date_gmt":"2023-04-06T12:34:03","guid":{"rendered":"https:\/\/acp.pixel-tal.de\/blog\/"},"modified":"2024-02-16T15:10:30","modified_gmt":"2024-02-16T14:10:30","slug":"blog","status":"publish","type":"page","link":"https:\/\/acp-global.net\/pl\/blog\/","title":{"rendered":"Blog"},"content":{"rendered":"        \n            <!-- hero -->\n        \n                    \n            <div id=\"hero-4630031dffb3e0e2fcacc6cdc3013f60\" class=\"hero\">\n\t\t\t\t<div class=\"hero-slider\">\t\t\t\t\n        \n            <!-- hero -->\n        \n                    \n            <div  class=\"hero-slide hero-slide-7e2793f19ac9db75a56a1747b186d75b \">\n\n\t\t\t\t<div class=\"hero-canvas\">\n\t\t\t\t\t<div class=\"hero-content\">\n\t\t\t\t\t\t<span class=\"hero-subheadline subheadline\">Huehoco BLOG<\/span>\t\t\t\t\t\t<h1 class=\"hero-headline headline\">Wiadomo\u015bci od grupy<\/h1>\t\t\t\t\t\t\t\t\t\t\t<\/div>\n\t\t\t\t<\/div>\n\n                \t\t\t\t\t<div class=\"hero-background\">\n                        <div class=\"hero-overlay\"><\/div>\n\t\t\t\t\t\t<img decoding=\"async\" src=\"https:\/\/acp-global.net\/wp-content\/uploads\/hero-news.jpg\" \/>\n\t\t\t\t\t<\/div>\n\t\t\t\t\n                \n\t\t\t<\/div>\n        \n                    \n            <!-- end:hero -->\n        \n            \n\n\t\t\t\t<\/div>\t\t\t<\/div>\n        \n                    \n            <!-- end:hero -->\n        \n            <section class=\"gb-container gb-container-7be36c7a gb-container-section-white\">\n<div class=\"gb-container gb-container-3d779c19\">\n<div class=\"gb-grid-wrapper gb-grid-wrapper-ccb60594\">\n<div class=\"gb-grid-column gb-grid-column-e8934591\"><div class=\"gb-container gb-container-e8934591\"><div class=\"gb-inside-container\">\n\n<div class=\"wp-block-pixel-headline headlines is-subheadline-top has-text-align-left\"><h1 class=\"headline\" style=\"color:\">Blog Huehoco<\/h1><span class=\"subheadline\" style=\"color:\">Zawsze aktualne<\/span><\/div>\n\n\n\n<p class=\"wp-block-paragraph\">Chcemy nadal odnosi\u0107 sukcesy. Dlatego zawsze mamy oczy i uszy szeroko otwarte, aby by\u0107 na bie\u017c\u0105co z najnowszymi informacjami, trendami i innowacjami. I w\u0142a\u015bnie tymi odkryciami chcieliby\u015bmy si\u0119 tutaj z wami podzieli\u0107. Warto zagl\u0105da\u0107 tu regularnie i korzysta\u0107 z najnowszych wiadomo\u015bci z bran\u017cy metalowej.  <br\/><\/p>\n\n<\/div><\/div><\/div>\n\n<div class=\"gb-grid-column gb-grid-column-3f35f526\"><div class=\"gb-container gb-container-3f35f526\"><div class=\"gb-inside-container\">\n\n\t\t\t \n\t\t\t\t\n\t\t\t\t<p>Nie znaleziono \u017cadnych wk\u0142ad\u00f3w.<\/p>\n\t\t\t\t\n\t\t\t\t\t\t\t\n\t\t\t\n            <!-- end:grid -->\n        \n            \n<\/div><\/div><\/div>\n<\/div>\n<\/div>\n<\/section>","protected":false},"excerpt":{"rendered":"","protected":false},"author":1,"featured_media":0,"parent":0,"menu_order":4,"comment_status":"closed","ping_status":"closed","template":"","meta":{"_acf_changed":false,"_crdt_document":"","footnotes":""},"class_list":["post-6716","page","type-page","status-publish"],"acf":[],"yoast_head":"<!-- This site is optimized with the Yoast SEO plugin v27.2 - https:\/\/yoast.com\/product\/yoast-seo-wordpress\/ -->\n<title>Blog - ACP Group<\/title>\n<meta name=\"robots\" content=\"index, follow, max-snippet:-1, max-image-preview:large, max-video-preview:-1\" \/>\n<link rel=\"canonical\" href=\"https:\/\/acp-global.net\/pl\/blog\/\" \/>\n<meta property=\"og:locale\" content=\"pl_PL\" \/>\n<meta property=\"og:type\" content=\"article\" \/>\n<meta property=\"og:title\" content=\"Blog - ACP Group\" \/>\n<meta property=\"og:url\" content=\"https:\/\/acp-global.net\/pl\/blog\/\" \/>\n<meta property=\"og:site_name\" content=\"ACP Group\" \/>\n<meta property=\"article:modified_time\" content=\"2024-02-16T14:10:30+00:00\" \/>\n<meta name=\"twitter:card\" content=\"summary_large_image\" \/>\n<script type=\"application\/ld+json\" class=\"yoast-schema-graph\">{\"@context\":\"https:\/\/schema.org\",\"@graph\":[{\"@type\":\"WebPage\",\"@id\":\"https:\/\/acp-global.net\/pl\/blog\/\",\"url\":\"https:\/\/acp-global.net\/pl\/blog\/\",\"name\":\"Blog - ACP Group\",\"isPartOf\":{\"@id\":\"https:\/\/acp-global.net\/pl\/#website\"},\"datePublished\":\"2023-04-06T12:34:03+00:00\",\"dateModified\":\"2024-02-16T14:10:30+00:00\",\"breadcrumb\":{\"@id\":\"https:\/\/acp-global.net\/pl\/blog\/#breadcrumb\"},\"inLanguage\":\"pl-PL\",\"potentialAction\":[{\"@type\":\"ReadAction\",\"target\":[\"https:\/\/acp-global.net\/pl\/blog\/\"]}]},{\"@type\":\"BreadcrumbList\",\"@id\":\"https:\/\/acp-global.net\/pl\/blog\/#breadcrumb\",\"itemListElement\":[{\"@type\":\"ListItem\",\"position\":1,\"name\":\"Startseite\",\"item\":\"https:\/\/acp-global.net\/pl\/\"},{\"@type\":\"ListItem\",\"position\":2,\"name\":\"Privat: Blog\"}]},{\"@type\":\"WebSite\",\"@id\":\"https:\/\/acp-global.net\/pl\/#website\",\"url\":\"https:\/\/acp-global.net\/pl\/\",\"name\":\"ACP Group\",\"description\":\"\",\"publisher\":{\"@id\":\"https:\/\/acp-global.net\/pl\/#organization\"},\"potentialAction\":[{\"@type\":\"SearchAction\",\"target\":{\"@type\":\"EntryPoint\",\"urlTemplate\":\"https:\/\/acp-global.net\/pl\/?s={search_term_string}\"},\"query-input\":{\"@type\":\"PropertyValueSpecification\",\"valueRequired\":true,\"valueName\":\"search_term_string\"}}],\"inLanguage\":\"pl-PL\"},{\"@type\":\"Organization\",\"@id\":\"https:\/\/acp-global.net\/pl\/#organization\",\"name\":\"ACP Group\",\"url\":\"https:\/\/acp-global.net\/pl\/\",\"logo\":{\"@type\":\"ImageObject\",\"inLanguage\":\"pl-PL\",\"@id\":\"https:\/\/acp-global.net\/pl\/#\/schema\/logo\/image\/\",\"url\":\"https:\/\/acp-global.net\/wp-content\/uploads\/acp_group.png\",\"contentUrl\":\"https:\/\/acp-global.net\/wp-content\/uploads\/acp_group.png\",\"width\":1232,\"height\":285,\"caption\":\"ACP Group\"},\"image\":{\"@id\":\"https:\/\/acp-global.net\/pl\/#\/schema\/logo\/image\/\"}}]}<\/script>\n<!-- \/ Yoast SEO plugin. -->","yoast_head_json":{"title":"Blog - ACP Group","robots":{"index":"index","follow":"follow","max-snippet":"max-snippet:-1","max-image-preview":"max-image-preview:large","max-video-preview":"max-video-preview:-1"},"canonical":"https:\/\/acp-global.net\/pl\/blog\/","og_locale":"pl_PL","og_type":"article","og_title":"Blog - ACP Group","og_url":"https:\/\/acp-global.net\/pl\/blog\/","og_site_name":"ACP Group","article_modified_time":"2024-02-16T14:10:30+00:00","twitter_card":"summary_large_image","schema":{"@context":"https:\/\/schema.org","@graph":[{"@type":"WebPage","@id":"https:\/\/acp-global.net\/pl\/blog\/","url":"https:\/\/acp-global.net\/pl\/blog\/","name":"Blog - ACP Group","isPartOf":{"@id":"https:\/\/acp-global.net\/pl\/#website"},"datePublished":"2023-04-06T12:34:03+00:00","dateModified":"2024-02-16T14:10:30+00:00","breadcrumb":{"@id":"https:\/\/acp-global.net\/pl\/blog\/#breadcrumb"},"inLanguage":"pl-PL","potentialAction":[{"@type":"ReadAction","target":["https:\/\/acp-global.net\/pl\/blog\/"]}]},{"@type":"BreadcrumbList","@id":"https:\/\/acp-global.net\/pl\/blog\/#breadcrumb","itemListElement":[{"@type":"ListItem","position":1,"name":"Startseite","item":"https:\/\/acp-global.net\/pl\/"},{"@type":"ListItem","position":2,"name":"Privat: Blog"}]},{"@type":"WebSite","@id":"https:\/\/acp-global.net\/pl\/#website","url":"https:\/\/acp-global.net\/pl\/","name":"ACP Group","description":"","publisher":{"@id":"https:\/\/acp-global.net\/pl\/#organization"},"potentialAction":[{"@type":"SearchAction","target":{"@type":"EntryPoint","urlTemplate":"https:\/\/acp-global.net\/pl\/?s={search_term_string}"},"query-input":{"@type":"PropertyValueSpecification","valueRequired":true,"valueName":"search_term_string"}}],"inLanguage":"pl-PL"},{"@type":"Organization","@id":"https:\/\/acp-global.net\/pl\/#organization","name":"ACP Group","url":"https:\/\/acp-global.net\/pl\/","logo":{"@type":"ImageObject","inLanguage":"pl-PL","@id":"https:\/\/acp-global.net\/pl\/#\/schema\/logo\/image\/","url":"https:\/\/acp-global.net\/wp-content\/uploads\/acp_group.png","contentUrl":"https:\/\/acp-global.net\/wp-content\/uploads\/acp_group.png","width":1232,"height":285,"caption":"ACP Group"},"image":{"@id":"https:\/\/acp-global.net\/pl\/#\/schema\/logo\/image\/"}}]}},"_links":{"self":[{"href":"https:\/\/acp-global.net\/pl\/wp-json\/wp\/v2\/pages\/6716","targetHints":{"allow":["GET"]}}],"collection":[{"href":"https:\/\/acp-global.net\/pl\/wp-json\/wp\/v2\/pages"}],"about":[{"href":"https:\/\/acp-global.net\/pl\/wp-json\/wp\/v2\/types\/page"}],"author":[{"embeddable":true,"href":"https:\/\/acp-global.net\/pl\/wp-json\/wp\/v2\/users\/1"}],"replies":[{"embeddable":true,"href":"https:\/\/acp-global.net\/pl\/wp-json\/wp\/v2\/comments?post=6716"}],"version-history":[{"count":2,"href":"https:\/\/acp-global.net\/pl\/wp-json\/wp\/v2\/pages\/6716\/revisions"}],"predecessor-version":[{"id":7758,"href":"https:\/\/acp-global.net\/pl\/wp-json\/wp\/v2\/pages\/6716\/revisions\/7758"}],"wp:attachment":[{"href":"https:\/\/acp-global.net\/pl\/wp-json\/wp\/v2\/media?parent=6716"}],"curies":[{"name":"wp","href":"https:\/\/api.w.org\/{rel}","templated":true}]}}