{"id":6774,"date":"2024-02-01T10:07:16","date_gmt":"2024-02-01T09:07:16","guid":{"rendered":"https:\/\/acp.pixel-tal.de\/obszary-zastosowania\/przemysl-elektryczny\/"},"modified":"2024-06-24T14:59:43","modified_gmt":"2024-06-24T12:59:43","slug":"przemysl-elektryczny","status":"publish","type":"page","link":"https:\/\/acp-global.net\/pl\/obszary-zastosowania\/przemysl-elektryczny\/","title":{"rendered":"Przemys\u0142 elektryczny"},"content":{"rendered":"        \n            <!-- hero -->\n        \n                    \n            <div id=\"hero-4d2940f54d1f65ad6fa261b823ba2323\" class=\"hero\">\n\t\t\t\t<div class=\"hero-slider\">\t\t\t\t\n        \n            <!-- hero -->\n        \n                    \n            <div  class=\"hero-slide hero-slide-8830e84192b05457c5ae7b109da5abe7 \">\n\n\t\t\t\t<div class=\"hero-canvas\">\n\t\t\t\t\t<div class=\"hero-content\">\n\t\t\t\t\t\t<span class=\"hero-subheadline subheadline\">Wykrawane i ci\u0119te na rolkach ta\u015bmy metalowe<\/span>\t\t\t\t\t\t<h1 class=\"hero-headline headline\">W wielu obszarach przemys\u0142u elektrycznego<\/h1>\t\t\t\t\t\t\t\t\t\t\t<\/div>\n\t\t\t\t<\/div>\n\n                \t\t\t\t\t<div class=\"hero-background\">\n                        <div class=\"hero-overlay\"><\/div>\n\t\t\t\t\t\t<img decoding=\"async\" src=\"https:\/\/acp-global.net\/wp-content\/uploads\/acp_header_elektro.jpg\" \/>\n\t\t\t\t\t<\/div>\n\t\t\t\t\n                \n\t\t\t<\/div>\n        \n                    \n            <!-- end:hero -->\n        \n            \n\n\t\t\t\t<\/div>\t\t\t<\/div>\n        \n                    \n            <!-- end:hero -->\n        \n            <section class=\"gb-container gb-container-5b45f9d8 gb-container-section-white\" id=\"intro\">\n<div class=\"gb-container gb-container-7cb1f658\">\n<div class=\"gb-grid-wrapper gb-grid-wrapper-1f853d8c\">\n<div class=\"gb-grid-column gb-grid-column-9d5895f9\"><div class=\"gb-container gb-container-9d5895f9\" data-aos=\"fade-right\">\n<div class=\"gb-grid-wrapper gb-grid-wrapper-b144462a\">\n<div class=\"gb-grid-column gb-grid-column-77b6296d\"><div class=\"gb-container gb-container-77b6296d\">\n\n<div class=\"wp-block-pixel-headline headlines is-subheadline-top has-text-align-left\"><h2 class=\"headline\" style=\"color:\"><strong>Elastyczne, szczeg\u00f3lnie przewodz\u0105ce lub izoluj\u0105ce<\/strong><\/h2><span class=\"subheadline\" style=\"color:\">OBSZAR ZASTOSOWA\u0143 PRZEMYS\u0141 ELEKTRYCZNY<\/span><\/div>\n\n\n\n<p class=\"wp-block-paragraph\">ACP dostarcza nieko\u0144cz\u0105ce si\u0119 wykrawane lub ci\u0119te z rolki ta\u015bmy metalowe dla przemys\u0142u elektrycznego. Nasze produkty cz\u0119sto odgrywaj\u0105 decyduj\u0105c\u0105 rol\u0119, je\u015bli chodzi o dostarczanie ma\u0142ych, elastycznych cz\u0119\u015bci metalowych, kt\u00f3re s\u0105 niezb\u0119dne w tej bran\u017cy.<\/p>\n\n<\/div><\/div>\n<\/div>\n<\/div><\/div>\n\n<div class=\"gb-grid-column gb-grid-column-c35aa8c3\"><div class=\"gb-container gb-container-c35aa8c3\">\n\n<figure class=\"gb-block-image gb-block-image-9470b013\"><img loading=\"lazy\" decoding=\"async\" width=\"640\" height=\"327\" class=\"gb-image gb-image-9470b013\" src=\"https:\/\/acp-global.net\/wp-content\/uploads\/acp_elektroindustrie_01.jpg\" alt=\"\" title=\"acp_electrical_industry_01\" srcset=\"https:\/\/acp-global.net\/wp-content\/uploads\/acp_elektroindustrie_01.jpg 640w, https:\/\/acp-global.net\/wp-content\/uploads\/acp_elektroindustrie_01-300x153.jpg 300w, https:\/\/acp-global.net\/wp-content\/uploads\/acp_elektroindustrie_01-147x75.jpg 147w, https:\/\/acp-global.net\/wp-content\/uploads\/acp_elektroindustrie_01-235x120.jpg 235w\" sizes=\"auto, (max-width: 640px) 100vw, 640px\" \/><\/figure>\n\n<\/div><\/div>\n<\/div>\n<\/div>\n<\/section><section class=\"gb-container gb-container-11d1c095 overflowvisible gb-container-align-left-half-section-alt\">\n<div class=\"gb-container gb-container-c9136177\">\n<div class=\"gb-grid-wrapper gb-grid-wrapper-51e1d11d\">\n<div class=\"gb-grid-column gb-grid-column-91c3c72e gb-grid-column-align-top-left\"><div class=\"gb-container gb-container-91c3c72e gb-container-align-top-left\" data-aos=\"fade-left\">\n\n<figure class=\"gb-block-image gb-block-image-6f09a910\"><img loading=\"lazy\" decoding=\"async\" width=\"930\" height=\"650\" class=\"gb-image gb-image-6f09a910\" src=\"https:\/\/acp-global.net\/wp-content\/uploads\/acp_elektroindustrie_vorteile-der-stahlbaender.png\" alt=\"\" title=\"acp_electrical_industry_advantages_of_steel_bands\" srcset=\"https:\/\/acp-global.net\/wp-content\/uploads\/acp_elektroindustrie_vorteile-der-stahlbaender.png 930w, https:\/\/acp-global.net\/wp-content\/uploads\/acp_elektroindustrie_vorteile-der-stahlbaender-300x210.png 300w, https:\/\/acp-global.net\/wp-content\/uploads\/acp_elektroindustrie_vorteile-der-stahlbaender-768x537.png 768w, https:\/\/acp-global.net\/wp-content\/uploads\/acp_elektroindustrie_vorteile-der-stahlbaender-107x75.png 107w, https:\/\/acp-global.net\/wp-content\/uploads\/acp_elektroindustrie_vorteile-der-stahlbaender-172x120.png 172w\" sizes=\"auto, (max-width: 930px) 100vw, 930px\" \/><\/figure>\n\n<\/div><\/div>\n\n<div class=\"gb-grid-column gb-grid-column-232cbe27\"><div class=\"gb-container gb-container-232cbe27\" data-aos=\"fade-left\">\n\n<div class=\"wp-block-pixel-headline headlines is-subheadline-top has-text-align-left\"><h2 class=\"headline\" style=\"color:\">Zalety ta\u015bm wykrawaj\u0105cych ACP<\/h2><span class=\"subheadline\" style=\"color:\">Materia\u0142 i pow\u0142oka<\/span><\/div>\n\n\n\n<p class=\"wp-block-paragraph\">W przypadku komponent\u00f3w elektronicznych jest to cz\u0119sto kwestia przewodno\u015bci. Po\u0142\u0105czenie materia\u0142u bazowego i pow\u0142oki pozwala nam opracowa\u0107 szerok\u0105 gam\u0119 niestandardowych rozwi\u0105za\u0144. Nieprzywieraj\u0105ce pow\u0142oki zapobiegaj\u0105 zabrudzeniu lub zakurzeniu komponent\u00f3w. Dzi\u0119ki zastosowaniu gumowych pow\u0142ok, ta\u015bmy wykrawaj\u0105ce mog\u0105 mie\u0107 r\u00f3wnie\u017c w\u0142a\u015bciwo\u015bci izolacyjne lub t\u0142umi\u0105ce drgania. Mo\u017cliwo\u015bci s\u0105 wi\u0119c praktycznie nieograniczone.<\/p>\n\n\n\n<p class=\"wp-block-paragraph\">Wi\u0119cej informacji na temat naszych materia\u0142\u00f3w i opcji powlekania mo\u017cna znale\u017a\u0107 na naszych stronach produktowych.<\/p>\n\n<\/div><\/div>\n<\/div>\n<\/div>\n<\/section><section class=\"gb-container gb-container-04d57702 gb-container-section-white\" id=\"contact\">\n<div class=\"gb-container gb-container-31e27eda\">\n\t\t\t\t<div id=\"kontakt\" class=\"contact-form is-style-address gb-grid-wrapper\" >\r\n\r\n\t\t\t\t\t\t\t\t\t\t\t<div class=\"contact-form-head gb-grid-column\" style=\"width: 100%;\">\r\n\t\t\t\t\t\t\t<div class=\"wp-block-pixel-headline headlines is-subheadline-top is-h1 has-text-align-left\">\r\n\t\t\t\t\t\t\t\t<h2 class=\"headline is-h1\">Skontaktuj si\u0119 z nami<\/h2>\r\n\t\t\t\t\t\t\t\t<span class=\"subheadline\">Cele, plany, pytania, \u017cyczenia?<\/span>\r\n\t\t\t\t\t\t\t<\/div>\r\n\t\t\t\t\t\t<\/div>\r\n                    \r\n\t\t\t\t\t\t\t\t\t\t\t<address class=\"contact-form-side gb-grid-column\">\r\n\t\t\t\t\t\t \r\n\t\t\t<div class=\"card card-location card-location-1190\">\r\n\t\t\t\t<div class=\"card-media\"><img loading=\"lazy\" decoding=\"async\" width=\"1640\" height=\"285\" src=\"https:\/\/acp-global.net\/wp-content\/uploads\/acp_deutschland.png\" class=\"attachment-full size-full\" alt=\"\" srcset=\"https:\/\/acp-global.net\/wp-content\/uploads\/acp_deutschland.png 1640w, https:\/\/acp-global.net\/wp-content\/uploads\/acp_deutschland-300x52.png 300w, https:\/\/acp-global.net\/wp-content\/uploads\/acp_deutschland-1024x178.png 1024w, https:\/\/acp-global.net\/wp-content\/uploads\/acp_deutschland-768x133.png 768w, https:\/\/acp-global.net\/wp-content\/uploads\/acp_deutschland-1536x267.png 1536w, https:\/\/acp-global.net\/wp-content\/uploads\/acp_deutschland-432x75.png 432w, https:\/\/acp-global.net\/wp-content\/uploads\/acp_deutschland-691x120.png 691w\" sizes=\"auto, (max-width: 1640px) 100vw, 1640px\" \/><\/div>\t\t\t\t<div class=\"card-content\">\r\n\t\t\t\t\t<div class=\"card-inner\">\r\n\t\t\t\t\t\t<span class=\"card-headline headline is-h4\">ACP Deutschland<\/span><div class=\"card-copy\"><span class=\"card-line card-line-street\">Sch\u00e4fergasse 1<\/span><span class=\"card-line card-line-city\">36433 Bad Salzungen<\/span><span class=\"card-line card-line-country\">Deutschland<\/span><\/div>\t\t\t\t\t<\/div>\r\n\r\n\t\t\t\t\t<div class=\"card-action\"><span class=\"card-line card-line-phone\"><a href=\"tel:49036956630\" target=\"_blank\" rel=\"nofollow\">+49 (0) 3695 663-0<\/a><\/span><span class=\"card-line card-line-fax\">+49 (0) 3695 663-106<\/span><span class=\"card-line card-line-email\"><a href=\"mailto:info@acp-d.com\" target=\"_blank\" rel=\"nofollow\">info@acp-d.com<\/a><\/span><span class=\"card-line card-line-web\"><a href=\"https:\/\/acp-global.net\/unternehmen\/acp-deutschland\" target=\"_blank\">Do strony internetowej<\/a><\/span><span class=\"card-line card-line-maps\"><a class=\"gb-button gb-button-dark-blue-outlined is-style-outline\" href=\"https:\/\/www.google.com\/maps\/search\/?api=1&#038;query=ACP Deutschland+Sch\u00e4fergasse 1+36433 Bad Salzungen\" target=\"_blank\"><span class=\"gb-button-text\">Google Maps<\/span><\/span><\/a><\/span><\/div>\t\t\t\t<\/div>\r\n\t\t\t<\/div>\r\n\t\t\t\t\t\t\t\t<\/address>\t\r\n\t\t\t\t\t\r\n\t\t\t\t\t\t\t\r\n\t\t\t\t\t<div class=\"contact-form-main gb-grid-column\">\r\n                        \r\n                        \t\t\t\t\t\t\n<div class=\"wpcf7 no-js\" id=\"wpcf7-f6657-o1\" lang=\"pl-PL\" dir=\"ltr\" data-wpcf7-id=\"6657\">\n<div class=\"screen-reader-response\"><p role=\"status\" aria-live=\"polite\" aria-atomic=\"true\"><\/p> <ul><\/ul><\/div>\n<form action=\"\/pl\/wp-json\/wp\/v2\/pages\/6774#wpcf7-f6657-o1\" method=\"post\" class=\"wpcf7-form init\" aria-label=\"Formularz kontaktowy\" novalidate=\"novalidate\" data-status=\"init\">\n<fieldset class=\"hidden-fields-container\"><input type=\"hidden\" name=\"_wpcf7\" value=\"6657\" \/><input type=\"hidden\" name=\"_wpcf7_version\" value=\"6.1.5\" \/><input type=\"hidden\" name=\"_wpcf7_locale\" value=\"pl_PL\" \/><input type=\"hidden\" name=\"_wpcf7_unit_tag\" value=\"wpcf7-f6657-o1\" \/><input type=\"hidden\" name=\"_wpcf7_container_post\" value=\"0\" \/><input type=\"hidden\" name=\"_wpcf7_posted_data_hash\" value=\"\" \/>\n<\/fieldset>\n<div class=\"form-fields form-fields-3\">\n<div class=\"form-field recipient-field\"><label>Z kt\u00f3r\u0105 siedzib\u0105 ACP chcia\u0142by\u015b si\u0119 skontaktowa\u0107?<\/label><span class=\"wpcf7-form-control-wrap\" data-name=\"recipient\"><select class=\"wpcf7-form-control wpcf7-select wpcf7-validates-as-required\" aria-required=\"true\" aria-invalid=\"false\" name=\"recipient\"><option value=\"Deutschland\">Deutschland<\/option><option value=\"France\">France<\/option><option value=\"Canada\">Canada<\/option><option value=\"USA\">USA<\/option><option value=\"Mexico\">Mexico<\/option><option value=\"Brasil\">Brasil<\/option><option value=\"China\">China<\/option><\/select><\/span><\/div>\n<div class=\"form-field\"><label>Imi\u0119*<\/label><span class=\"wpcf7-form-control-wrap\" data-name=\"fname\"><input size=\"40\" maxlength=\"400\" class=\"wpcf7-form-control wpcf7-text wpcf7-validates-as-required\" aria-required=\"true\" aria-invalid=\"false\" value=\"\" type=\"text\" name=\"fname\" \/><\/span><\/div>\n<div class=\"form-field\"><label>Nazwa*<\/label><span class=\"wpcf7-form-control-wrap\" data-name=\"lname\"><input size=\"40\" maxlength=\"400\" class=\"wpcf7-form-control wpcf7-text wpcf7-validates-as-required\" aria-required=\"true\" aria-invalid=\"false\" value=\"\" type=\"text\" name=\"lname\" \/><\/span><\/div>\n<div class=\"form-field\"><label>Pozycja<\/label><span class=\"wpcf7-form-control-wrap\" data-name=\"position\"><input size=\"40\" maxlength=\"400\" class=\"wpcf7-form-control wpcf7-text\" aria-invalid=\"false\" value=\"\" type=\"text\" name=\"position\" \/><\/span><\/div>\n<div class=\"form-field\"><label>Firma<\/label><span class=\"wpcf7-form-control-wrap\" data-name=\"company\"><input size=\"40\" maxlength=\"400\" class=\"wpcf7-form-control wpcf7-text\" aria-invalid=\"false\" value=\"\" type=\"text\" name=\"company\" \/><\/span><\/div>\n<div class=\"form-field\"><label>Telefon<\/label><span class=\"wpcf7-form-control-wrap\" data-name=\"phone\"><input size=\"40\" maxlength=\"400\" class=\"wpcf7-form-control wpcf7-text\" aria-invalid=\"false\" value=\"\" type=\"text\" name=\"phone\" \/><\/span><\/div>\n<div class=\"form-field\"><label>e-mail*<\/label><span class=\"wpcf7-form-control-wrap\" data-name=\"mail\"><input size=\"40\" maxlength=\"400\" class=\"wpcf7-form-control wpcf7-email wpcf7-validates-as-required wpcf7-text wpcf7-validates-as-email\" aria-required=\"true\" aria-invalid=\"false\" value=\"\" type=\"email\" name=\"mail\" \/><\/span><\/div>\n<\/div>\n<div class=\"form-field textarea\"><label>Twoja wiadomo\u015b\u0107<\/label><span class=\"wpcf7-form-control-wrap\" data-name=\"message\"><textarea cols=\"40\" rows=\"10\" maxlength=\"2000\" class=\"wpcf7-form-control wpcf7-textarea\" aria-invalid=\"false\" name=\"message\"><\/textarea><\/span><\/div>\n\n<span class=\"required\">Pola oznaczone * s\u0105 obowi\u0105zkowe.<\/span>\n<div class=\"form-fields form-footer\">\n<div class=\"form-privacy\"><span class=\"wpcf7-form-control-wrap\" data-name=\"ds\"><span class=\"wpcf7-form-control wpcf7-acceptance\"><span class=\"wpcf7-list-item\"><input type=\"checkbox\" name=\"ds\" value=\"1\" aria-invalid=\"false\" \/><\/span><\/span><\/span><span class=\"privacy-policy-note\">Akceptuj\u0119 <a href=\"\/rechtliches\/datenschutz\/\" target=\"_blank\">polityk\u0119 prywatno\u015bci<\/a>.<\/span><\/div>\n<span id=\"wpcf7-69e4cf02795da-wrapper\" class=\"wpcf7-form-control-wrap email-address-wrap\" style=\"display:none !important; visibility:hidden !important;\"><input type=\"hidden\" name=\"email-address-time-start\" value=\"1776602882\"><input type=\"hidden\" name=\"email-address-time-check\" value=\"2\"><label for=\"wpcf7-69e4cf02795da-field\" class=\"hp-message\">email-address<\/label><input id=\"wpcf7-69e4cf02795da-field\"  class=\"wpcf7-form-control wpcf7-text\" type=\"text\" name=\"email-address\" value=\"\" size=\"40\" tabindex=\"-1\" autocomplete=\"off\" \/><\/span>\n<div class=\"form-submit\"><button id=\"submit\" class=\"wpcf7-form-control wpcf7-submit\">Wysy\u0142anie<\/button><\/div>\n<\/div><div class=\"wpcf7-response-output\" aria-hidden=\"true\"><\/div>\n<\/form>\n<\/div>\n\t\t\t\t\t<\/div> \r\n\t\t\r\n\t\t\t\t<\/div>\r\n\t\t\t\n<\/div>\n<\/section>","protected":false},"excerpt":{"rendered":"","protected":false},"author":1,"featured_media":0,"parent":6741,"menu_order":2,"comment_status":"closed","ping_status":"closed","template":"","meta":{"_acf_changed":false,"_crdt_document":"","footnotes":""},"class_list":["post-6774","page","type-page","status-publish"],"acf":[],"yoast_head":"<!-- This site is optimized with the Yoast SEO plugin v27.2 - https:\/\/yoast.com\/product\/yoast-seo-wordpress\/ -->\n<title>Przewodz\u0105ce pr\u0105d i izoluj\u0105ce ta\u015bmy wykrawaj\u0105ce | Grupa ACP<\/title>\n<meta name=\"description\" content=\"Ta\u015bmy metalowe wykrawane bezko\u0144cowo i ci\u0119te z rolki \u2713 Zalety ta\u015bm wykrawanych ACP: elastyczne \/ szczeg\u00f3lnie przewodz\u0105ce \/ izoluj\u0105ce \u2713 Szeroki zakres niestandardowych rozwi\u0105za\u0144 \u2713\" \/>\n<meta name=\"robots\" content=\"index, follow, max-snippet:-1, max-image-preview:large, max-video-preview:-1\" \/>\n<link rel=\"canonical\" href=\"https:\/\/acp-global.net\/pl\/obszary-zastosowania\/przemysl-elektryczny\/\" \/>\n<meta property=\"og:locale\" content=\"pl_PL\" \/>\n<meta property=\"og:type\" content=\"article\" \/>\n<meta property=\"og:title\" content=\"Przewodz\u0105ce pr\u0105d i izoluj\u0105ce ta\u015bmy wykrawaj\u0105ce | Grupa ACP\" \/>\n<meta property=\"og:description\" content=\"Ta\u015bmy metalowe wykrawane bezko\u0144cowo i ci\u0119te z rolki \u2713 Zalety ta\u015bm wykrawanych ACP: elastyczne \/ szczeg\u00f3lnie przewodz\u0105ce \/ izoluj\u0105ce \u2713 Szeroki zakres niestandardowych rozwi\u0105za\u0144 \u2713\" \/>\n<meta property=\"og:url\" content=\"https:\/\/acp-global.net\/pl\/obszary-zastosowania\/przemysl-elektryczny\/\" \/>\n<meta property=\"og:site_name\" content=\"ACP Group\" \/>\n<meta property=\"article:modified_time\" content=\"2024-06-24T12:59:43+00:00\" \/>\n<meta property=\"og:image\" content=\"https:\/\/acp-global.net\/wp-content\/uploads\/acp_elektroindustrie_01.jpg\" \/>\n<meta name=\"twitter:card\" content=\"summary_large_image\" \/>\n<meta name=\"twitter:label1\" content=\"Szacowany czas czytania\" \/>\n\t<meta name=\"twitter:data1\" content=\"2 minuty\" \/>\n<script type=\"application\/ld+json\" class=\"yoast-schema-graph\">{\"@context\":\"https:\/\/schema.org\",\"@graph\":[{\"@type\":\"WebPage\",\"@id\":\"https:\/\/acp-global.net\/pl\/obszary-zastosowania\/przemysl-elektryczny\/\",\"url\":\"https:\/\/acp-global.net\/pl\/obszary-zastosowania\/przemysl-elektryczny\/\",\"name\":\"Przewodz\u0105ce pr\u0105d i izoluj\u0105ce ta\u015bmy wykrawaj\u0105ce | Grupa ACP\",\"isPartOf\":{\"@id\":\"https:\/\/acp-global.net\/pl\/#website\"},\"primaryImageOfPage\":{\"@id\":\"https:\/\/acp-global.net\/pl\/obszary-zastosowania\/przemysl-elektryczny\/#primaryimage\"},\"image\":{\"@id\":\"https:\/\/acp-global.net\/pl\/obszary-zastosowania\/przemysl-elektryczny\/#primaryimage\"},\"thumbnailUrl\":\"https:\/\/acp-global.net\/wp-content\/uploads\/acp_elektroindustrie_01.jpg\",\"datePublished\":\"2024-02-01T09:07:16+00:00\",\"dateModified\":\"2024-06-24T12:59:43+00:00\",\"description\":\"Ta\u015bmy metalowe wykrawane bezko\u0144cowo i ci\u0119te z rolki \u2713 Zalety ta\u015bm wykrawanych ACP: elastyczne \/ szczeg\u00f3lnie przewodz\u0105ce \/ izoluj\u0105ce \u2713 Szeroki zakres niestandardowych rozwi\u0105za\u0144 \u2713\",\"breadcrumb\":{\"@id\":\"https:\/\/acp-global.net\/pl\/obszary-zastosowania\/przemysl-elektryczny\/#breadcrumb\"},\"inLanguage\":\"pl-PL\",\"potentialAction\":[{\"@type\":\"ReadAction\",\"target\":[\"https:\/\/acp-global.net\/pl\/obszary-zastosowania\/przemysl-elektryczny\/\"]}]},{\"@type\":\"ImageObject\",\"inLanguage\":\"pl-PL\",\"@id\":\"https:\/\/acp-global.net\/pl\/obszary-zastosowania\/przemysl-elektryczny\/#primaryimage\",\"url\":\"https:\/\/acp-global.net\/wp-content\/uploads\/acp_elektroindustrie_01.jpg\",\"contentUrl\":\"https:\/\/acp-global.net\/wp-content\/uploads\/acp_elektroindustrie_01.jpg\"},{\"@type\":\"BreadcrumbList\",\"@id\":\"https:\/\/acp-global.net\/pl\/obszary-zastosowania\/przemysl-elektryczny\/#breadcrumb\",\"itemListElement\":[{\"@type\":\"ListItem\",\"position\":1,\"name\":\"Startseite\",\"item\":\"https:\/\/acp-global.net\/pl\/\"},{\"@type\":\"ListItem\",\"position\":2,\"name\":\"Obszary zastosowania\",\"item\":\"https:\/\/acp-global.net\/pl\/obszary-zastosowania\/\"},{\"@type\":\"ListItem\",\"position\":3,\"name\":\"Przemys\u0142 elektryczny\"}]},{\"@type\":\"WebSite\",\"@id\":\"https:\/\/acp-global.net\/pl\/#website\",\"url\":\"https:\/\/acp-global.net\/pl\/\",\"name\":\"ACP Group\",\"description\":\"\",\"publisher\":{\"@id\":\"https:\/\/acp-global.net\/pl\/#organization\"},\"potentialAction\":[{\"@type\":\"SearchAction\",\"target\":{\"@type\":\"EntryPoint\",\"urlTemplate\":\"https:\/\/acp-global.net\/pl\/?s={search_term_string}\"},\"query-input\":{\"@type\":\"PropertyValueSpecification\",\"valueRequired\":true,\"valueName\":\"search_term_string\"}}],\"inLanguage\":\"pl-PL\"},{\"@type\":\"Organization\",\"@id\":\"https:\/\/acp-global.net\/pl\/#organization\",\"name\":\"ACP Group\",\"url\":\"https:\/\/acp-global.net\/pl\/\",\"logo\":{\"@type\":\"ImageObject\",\"inLanguage\":\"pl-PL\",\"@id\":\"https:\/\/acp-global.net\/pl\/#\/schema\/logo\/image\/\",\"url\":\"https:\/\/acp-global.net\/wp-content\/uploads\/acp_group.png\",\"contentUrl\":\"https:\/\/acp-global.net\/wp-content\/uploads\/acp_group.png\",\"width\":1232,\"height\":285,\"caption\":\"ACP Group\"},\"image\":{\"@id\":\"https:\/\/acp-global.net\/pl\/#\/schema\/logo\/image\/\"}}]}<\/script>\n<!-- \/ Yoast SEO plugin. -->","yoast_head_json":{"title":"Przewodz\u0105ce pr\u0105d i izoluj\u0105ce ta\u015bmy wykrawaj\u0105ce | Grupa ACP","description":"Ta\u015bmy metalowe wykrawane bezko\u0144cowo i ci\u0119te z rolki \u2713 Zalety ta\u015bm wykrawanych ACP: elastyczne \/ szczeg\u00f3lnie przewodz\u0105ce \/ izoluj\u0105ce \u2713 Szeroki zakres niestandardowych rozwi\u0105za\u0144 \u2713","robots":{"index":"index","follow":"follow","max-snippet":"max-snippet:-1","max-image-preview":"max-image-preview:large","max-video-preview":"max-video-preview:-1"},"canonical":"https:\/\/acp-global.net\/pl\/obszary-zastosowania\/przemysl-elektryczny\/","og_locale":"pl_PL","og_type":"article","og_title":"Przewodz\u0105ce pr\u0105d i izoluj\u0105ce ta\u015bmy wykrawaj\u0105ce | Grupa ACP","og_description":"Ta\u015bmy metalowe wykrawane bezko\u0144cowo i ci\u0119te z rolki \u2713 Zalety ta\u015bm wykrawanych ACP: elastyczne \/ szczeg\u00f3lnie przewodz\u0105ce \/ izoluj\u0105ce \u2713 Szeroki zakres niestandardowych rozwi\u0105za\u0144 \u2713","og_url":"https:\/\/acp-global.net\/pl\/obszary-zastosowania\/przemysl-elektryczny\/","og_site_name":"ACP Group","article_modified_time":"2024-06-24T12:59:43+00:00","og_image":[{"url":"https:\/\/acp-global.net\/wp-content\/uploads\/acp_elektroindustrie_01.jpg","type":"","width":"","height":""}],"twitter_card":"summary_large_image","twitter_misc":{"Szacowany czas czytania":"2 minuty"},"schema":{"@context":"https:\/\/schema.org","@graph":[{"@type":"WebPage","@id":"https:\/\/acp-global.net\/pl\/obszary-zastosowania\/przemysl-elektryczny\/","url":"https:\/\/acp-global.net\/pl\/obszary-zastosowania\/przemysl-elektryczny\/","name":"Przewodz\u0105ce pr\u0105d i izoluj\u0105ce ta\u015bmy wykrawaj\u0105ce | Grupa ACP","isPartOf":{"@id":"https:\/\/acp-global.net\/pl\/#website"},"primaryImageOfPage":{"@id":"https:\/\/acp-global.net\/pl\/obszary-zastosowania\/przemysl-elektryczny\/#primaryimage"},"image":{"@id":"https:\/\/acp-global.net\/pl\/obszary-zastosowania\/przemysl-elektryczny\/#primaryimage"},"thumbnailUrl":"https:\/\/acp-global.net\/wp-content\/uploads\/acp_elektroindustrie_01.jpg","datePublished":"2024-02-01T09:07:16+00:00","dateModified":"2024-06-24T12:59:43+00:00","description":"Ta\u015bmy metalowe wykrawane bezko\u0144cowo i ci\u0119te z rolki \u2713 Zalety ta\u015bm wykrawanych ACP: elastyczne \/ szczeg\u00f3lnie przewodz\u0105ce \/ izoluj\u0105ce \u2713 Szeroki zakres niestandardowych rozwi\u0105za\u0144 \u2713","breadcrumb":{"@id":"https:\/\/acp-global.net\/pl\/obszary-zastosowania\/przemysl-elektryczny\/#breadcrumb"},"inLanguage":"pl-PL","potentialAction":[{"@type":"ReadAction","target":["https:\/\/acp-global.net\/pl\/obszary-zastosowania\/przemysl-elektryczny\/"]}]},{"@type":"ImageObject","inLanguage":"pl-PL","@id":"https:\/\/acp-global.net\/pl\/obszary-zastosowania\/przemysl-elektryczny\/#primaryimage","url":"https:\/\/acp-global.net\/wp-content\/uploads\/acp_elektroindustrie_01.jpg","contentUrl":"https:\/\/acp-global.net\/wp-content\/uploads\/acp_elektroindustrie_01.jpg"},{"@type":"BreadcrumbList","@id":"https:\/\/acp-global.net\/pl\/obszary-zastosowania\/przemysl-elektryczny\/#breadcrumb","itemListElement":[{"@type":"ListItem","position":1,"name":"Startseite","item":"https:\/\/acp-global.net\/pl\/"},{"@type":"ListItem","position":2,"name":"Obszary zastosowania","item":"https:\/\/acp-global.net\/pl\/obszary-zastosowania\/"},{"@type":"ListItem","position":3,"name":"Przemys\u0142 elektryczny"}]},{"@type":"WebSite","@id":"https:\/\/acp-global.net\/pl\/#website","url":"https:\/\/acp-global.net\/pl\/","name":"ACP Group","description":"","publisher":{"@id":"https:\/\/acp-global.net\/pl\/#organization"},"potentialAction":[{"@type":"SearchAction","target":{"@type":"EntryPoint","urlTemplate":"https:\/\/acp-global.net\/pl\/?s={search_term_string}"},"query-input":{"@type":"PropertyValueSpecification","valueRequired":true,"valueName":"search_term_string"}}],"inLanguage":"pl-PL"},{"@type":"Organization","@id":"https:\/\/acp-global.net\/pl\/#organization","name":"ACP Group","url":"https:\/\/acp-global.net\/pl\/","logo":{"@type":"ImageObject","inLanguage":"pl-PL","@id":"https:\/\/acp-global.net\/pl\/#\/schema\/logo\/image\/","url":"https:\/\/acp-global.net\/wp-content\/uploads\/acp_group.png","contentUrl":"https:\/\/acp-global.net\/wp-content\/uploads\/acp_group.png","width":1232,"height":285,"caption":"ACP Group"},"image":{"@id":"https:\/\/acp-global.net\/pl\/#\/schema\/logo\/image\/"}}]}},"_links":{"self":[{"href":"https:\/\/acp-global.net\/pl\/wp-json\/wp\/v2\/pages\/6774","targetHints":{"allow":["GET"]}}],"collection":[{"href":"https:\/\/acp-global.net\/pl\/wp-json\/wp\/v2\/pages"}],"about":[{"href":"https:\/\/acp-global.net\/pl\/wp-json\/wp\/v2\/types\/page"}],"author":[{"embeddable":true,"href":"https:\/\/acp-global.net\/pl\/wp-json\/wp\/v2\/users\/1"}],"replies":[{"embeddable":true,"href":"https:\/\/acp-global.net\/pl\/wp-json\/wp\/v2\/comments?post=6774"}],"version-history":[{"count":2,"href":"https:\/\/acp-global.net\/pl\/wp-json\/wp\/v2\/pages\/6774\/revisions"}],"predecessor-version":[{"id":7797,"href":"https:\/\/acp-global.net\/pl\/wp-json\/wp\/v2\/pages\/6774\/revisions\/7797"}],"up":[{"embeddable":true,"href":"https:\/\/acp-global.net\/pl\/wp-json\/wp\/v2\/pages\/6741"}],"wp:attachment":[{"href":"https:\/\/acp-global.net\/pl\/wp-json\/wp\/v2\/media?parent=6774"}],"curies":[{"name":"wp","href":"https:\/\/api.w.org\/{rel}","templated":true}]}}