{"id":6826,"date":"2023-07-26T10:03:42","date_gmt":"2023-07-26T08:03:42","guid":{"rendered":"https:\/\/acp.pixel-tal.de\/firma\/kodeks-postepowania\/"},"modified":"2024-06-24T16:14:49","modified_gmt":"2024-06-24T14:14:49","slug":"kodeks-postepowania","status":"publish","type":"page","link":"https:\/\/acp-global.net\/pl\/firma\/kodeks-postepowania\/","title":{"rendered":"Kodeks post\u0119powania"},"content":{"rendered":"        \n            <!-- hero -->\n        \n                    \n            <div id=\"hero-30d21b17c61745a4da10d6c552bced79\" class=\"hero\">\n\t\t\t\t<div class=\"hero-slider\">\t\t\t\t\n        \n            <!-- hero -->\n        \n                    \n            <div  class=\"hero-slide hero-slide-d379a5445e2fa8a5361d2568fc83338a \">\n\n\t\t\t\t<div class=\"hero-canvas\">\n\t\t\t\t\t<div class=\"hero-content\">\n\t\t\t\t\t\t<span class=\"hero-subheadline subheadline\">Szacunek, odwaga, zaanga\u017cowanie<\/span>\t\t\t\t\t\t<h1 class=\"hero-headline headline\">Nasza wizja<\/h1>\t\t\t\t\t\t\t\t\t\t\t<\/div>\n\t\t\t\t<\/div>\n\n                \t\t\t\t\t<div class=\"hero-background\">\n                        <div class=\"hero-overlay\"><\/div>\n\t\t\t\t\t\t<img decoding=\"async\" src=\"https:\/\/acp-global.net\/wp-content\/uploads\/hero-vision.jpg\" \/>\n\t\t\t\t\t<\/div>\n\t\t\t\t\n                \n\t\t\t<\/div>\n        \n                    \n            <!-- end:hero -->\n        \n            \n\n\t\t\t\t<\/div>\t\t\t<\/div>\n        \n                    \n            <!-- end:hero -->\n        \n            <section class=\"gb-container gb-container-91ab36d0 gb-container-section-white\" id=\"intro\">\n<div class=\"gb-container gb-container-2c1e5245\">\n<div class=\"gb-grid-wrapper gb-grid-wrapper-bec5e074\">\n<div class=\"gb-grid-column gb-grid-column-5695831f\"><div class=\"gb-container gb-container-5695831f\" data-aos=\"fade-right\">\n\n<div class=\"wp-block-pixel-headline headlines is-subheadline-top has-text-align-left\"><h2 class=\"headline\" style=\"color:\">Jeste\u015bmy dumni z naszych produkt\u00f3w<\/h2><span class=\"subheadline\" style=\"color:\">GRUPA ACP podziela warto\u015bci GRUPY HUEHOCO<\/span><\/div>\n\n<\/div><\/div>\n\n<div class=\"gb-grid-column gb-grid-column-feff83bb\"><div class=\"gb-container gb-container-feff83bb\" data-aos=\"fade-right\">\n\n<p class=\"wp-block-paragraph\">Ta wizja wyra\u017ca istot\u0119, wyj\u0105tkowo\u015b\u0107 naszej Grupy i przekazuje to, co czyni nas wyj\u0105tkowymi i b\u0119dzie to robi\u0107 w przysz\u0142o\u015bci.<\/p>\n\n\n\n<p class=\"wp-block-paragraph\"><strong>Ale&#8230; kim jeste\u015bmy? Kim jeste\u015bmy? Jacy jeste\u015bmy?<\/strong><\/p>\n\n\n\n<p class=\"wp-block-paragraph\">Filozofia, warto\u015bci i misja firmy &#8211; co o nas m\u00f3wi\u0105? Czy co\u015b jest nam narzucane, czy te\u017c \u017cyjemy tym, co &#8220;bierzemy na siebie&#8221;? By\u0107 mo\u017ce nie zawsze musisz spe\u0142nia\u0107 wszystkie wymagania w ka\u017cdej sytuacji i przez ca\u0142y czas. Ale musi istnie\u0107 wsp\u00f3lny cel!<\/p>\n\n\n\n<p class=\"wp-block-paragraph\">Wsp\u00f3lny kodeks post\u0119powania, do kt\u00f3rego mo\u017cemy si\u0119 dostosowa\u0107.<\/p>\n\n\n\n<p class=\"wp-block-paragraph\">Jasna wizja warto\u015bci i proces\u00f3w decyzyjnych, kt\u00f3re b\u0119d\u0105 nadal kszta\u0142towa\u0107 nasz\u0105 GRUP\u0118 HUEHOCO w nadchodz\u0105cych latach i towarzyszy\u0107 nam na naszej drodze w przysz\u0142o\u015b\u0107.<\/p>\n\n\n\n<p class=\"has-color-light-color has-text-color wp-block-paragraph\"><strong>Z przyjemno\u015bci\u0105 zabierzemy Ci\u0119 z nami w t\u0119 podr\u00f3\u017c.<\/strong><\/p>\n\n<\/div><\/div>\n\n<div class=\"gb-grid-column gb-grid-column-d13f797f\"><div class=\"gb-container gb-container-d13f797f\" data-aos=\"fade-left\">\n\n<figure class=\"wp-block-embed is-type-video is-provider-youtube wp-block-embed-youtube wp-embed-aspect-16-9 wp-has-aspect-ratio\"><div class=\"wp-block-embed__wrapper\">\n <div class=\"brlbs-cmpnt-container brlbs-cmpnt-content-blocker brlbs-cmpnt-with-individual-styles\" data-borlabs-cookie-content-blocker-id=\"youtube-content-blocker\" data-borlabs-cookie-content=\"PGlmcmFtZSB0aXRsZT0iSFVFSE9DTyBXZXJ0ZSIgd2lkdGg9IjE3NzgiIGhlaWdodD0iMTAwMCIgc3JjPSJodHRwczovL3d3dy55b3V0dWJlLW5vY29va2llLmNvbS9lbWJlZC82QTFQZld4Z2RwWT9mZWF0dXJlPW9lbWJlZCIgZnJhbWVib3JkZXI9IjAiIGFsbG93PSJhY2NlbGVyb21ldGVyOyBhdXRvcGxheTsgY2xpcGJvYXJkLXdyaXRlOyBlbmNyeXB0ZWQtbWVkaWE7IGd5cm9zY29wZTsgcGljdHVyZS1pbi1waWN0dXJlOyB3ZWItc2hhcmUiIGFsbG93ZnVsbHNjcmVlbj48L2lmcmFtZT4=\"><div class=\"brlbs-cmpnt-cb-preset-c brlbs-cmpnt-cb-youtube\"> <div class=\"brlbs-cmpnt-cb-thumbnail\" style=\"background-image: url('https:\/\/acp-global.net\/wp-content\/uploads\/borlabs-cookie\/1\/yt_6A1PfWxgdpY_hqdefault.jpg')\"><\/div> <div class=\"brlbs-cmpnt-cb-main\"> <div class=\"brlbs-cmpnt-cb-play-button\"><\/div> <div class=\"brlbs-cmpnt-cb-content\"> <p class=\"brlbs-cmpnt-cb-description\">Aktualnie wy\u015bwietlana jest tre\u015b\u0107 zast\u0119pcza z <strong>YouTube<\/strong>. Aby uzyska\u0107 dost\u0119p do rzeczywistej tre\u015bci, kliknij poni\u017cszy przycisk. Pami\u0119taj, \u017ce spowoduje to udost\u0119pnienie danych zewn\u0119trznym operatorom.<\/p> <a class=\"brlbs-cmpnt-cb-provider-toggle\" href=\"#\" data-borlabs-cookie-show-provider-information role=\"button\" target=\"_blank\">Wi\u0119cej informacji<\/a> <\/div> <div class=\"brlbs-cmpnt-cb-buttons\"> <a class=\"brlbs-cmpnt-cb-btn\" href=\"#\" data-borlabs-cookie-unblock role=\"button\" target=\"_blank\">Odblokuj tre\u015b\u0107<\/a> <a class=\"brlbs-cmpnt-cb-btn\" href=\"#\" data-borlabs-cookie-accept-service role=\"button\" style=\"display: inherit\" target=\"_blank\">Zaakceptuj wymagan\u0105 us\u0142ug\u0119 i odblokuj tre\u015bci<\/a> <\/div> <\/div> <\/div><\/div>\n<\/div><\/figure>\n\n<\/div><\/div>\n<\/div>\n<\/div>\n<\/section><section class=\"gb-container gb-container-cd0a9321 gb-container-section-gradient\" id=\"werte\">\n<div class=\"gb-container gb-container-4469bb1b\">\n<div class=\"gb-grid-wrapper gb-grid-wrapper-722095b5\">\n<div class=\"gb-grid-column gb-grid-column-6c8b95ad\"><div class=\"gb-container gb-container-6c8b95ad\">\n\n<div class=\"wp-block-pixel-headline headlines is-subheadline-bottom has-text-align-left is-gap-sm\"><h2 class=\"headline is-h1\" style=\"color:\">Nasze warto\u015bci<\/h2><\/div>\n\n\n\n<p class=\"wp-block-paragraph\">Definiujemy siebie i nasze wzajemne relacje poprzez nasze warto\u015bci &#8211; zar\u00f3wno wewn\u0105trz firmy, jak i w odniesieniu do naszego \u015brodowiska.<\/p>\n\n<\/div><\/div>\n<\/div>\n<\/div>\n\n<div class=\"gb-container gb-container-70ce0e7a werte-container\">\n<div class=\"gb-grid-wrapper gb-grid-wrapper-559beca1\">\n<div class=\"gb-grid-column gb-grid-column-ed3ef3f9\"><div class=\"gb-container gb-container-ed3ef3f9\">\n\n<figure class=\"gb-block-image gb-block-image-f40d4fe0\"><img loading=\"lazy\" decoding=\"async\" width=\"700\" height=\"700\" class=\"gb-image gb-image-f40d4fe0\" src=\"https:\/\/www.huehoco.com\/wp-content\/uploads\/werte_01.jpg\" alt=\"\" title=\"values_01\" srcset=\"https:\/\/acp-global.net\/wp-content\/uploads\/werte_01.jpg 700w, https:\/\/acp-global.net\/wp-content\/uploads\/werte_01-300x300.jpg 300w, https:\/\/acp-global.net\/wp-content\/uploads\/werte_01-150x150.jpg 150w, https:\/\/acp-global.net\/wp-content\/uploads\/werte_01-75x75.jpg 75w, https:\/\/acp-global.net\/wp-content\/uploads\/werte_01-120x120.jpg 120w\" sizes=\"auto, (max-width: 700px) 100vw, 700px\" \/><\/figure>\n\n<\/div><\/div>\n\n<div class=\"gb-grid-column gb-grid-column-010bf4d1 gb-grid-column-box-fade\"><div class=\"gb-container gb-container-010bf4d1 gb-container-box-fade\">\n\n<div class=\"wp-block-pixel-headline headlines is-subheadline-bottom has-text-align-center is-gap-off\"><h3 class=\"headline\" style=\"color:var(--color-light)\">Szacunek<\/h3><\/div>\n\n\n\n<p class=\"has-text-align-center wp-block-paragraph\">Szacunek dla wszystkich stworze\u0144 i zasob\u00f3w naszej planety.<\/p>\n\n<\/div><\/div>\n\n<div class=\"gb-grid-column gb-grid-column-1cf789a3\"><div class=\"gb-container gb-container-1cf789a3\">\n\n<figure class=\"gb-block-image gb-block-image-befa5142\"><img loading=\"lazy\" decoding=\"async\" width=\"700\" height=\"700\" class=\"gb-image gb-image-befa5142\" src=\"https:\/\/www.huehoco.com\/wp-content\/uploads\/werte_02.jpg\" alt=\"\" title=\"values_02\" srcset=\"https:\/\/acp-global.net\/wp-content\/uploads\/werte_02.jpg 700w, https:\/\/acp-global.net\/wp-content\/uploads\/werte_02-300x300.jpg 300w, https:\/\/acp-global.net\/wp-content\/uploads\/werte_02-150x150.jpg 150w, https:\/\/acp-global.net\/wp-content\/uploads\/werte_02-75x75.jpg 75w, https:\/\/acp-global.net\/wp-content\/uploads\/werte_02-120x120.jpg 120w\" sizes=\"auto, (max-width: 700px) 100vw, 700px\" \/><\/figure>\n\n<\/div><\/div>\n\n<div class=\"gb-grid-column gb-grid-column-57af6006 gb-grid-column-box-fade\"><div class=\"gb-container gb-container-57af6006 gb-container-box-fade\">\n\n<div class=\"wp-block-pixel-headline headlines is-subheadline-bottom has-text-align-center is-gap-off\"><h3 class=\"headline\" style=\"color:var(--color-light)\">Odwaga<\/h3><\/div>\n\n\n\n<p class=\"has-text-align-center wp-block-paragraph\">Aktywne opuszczanie utartych szlak\u00f3w, my\u015blenie w inny spos\u00f3b i branie odpowiedzialno\u015bci za w\u0142asne dzia\u0142ania.<\/p>\n\n<\/div><\/div>\n\n<div class=\"gb-grid-column gb-grid-column-22fdcb60\"><div class=\"gb-container gb-container-22fdcb60\">\n\n<figure class=\"gb-block-image gb-block-image-1b4c3e55\"><img loading=\"lazy\" decoding=\"async\" width=\"700\" height=\"700\" class=\"gb-image gb-image-1b4c3e55\" src=\"https:\/\/www.huehoco.com\/wp-content\/uploads\/werte_03.jpg\" alt=\"\" title=\"values_03\" srcset=\"https:\/\/acp-global.net\/wp-content\/uploads\/werte_03.jpg 700w, https:\/\/acp-global.net\/wp-content\/uploads\/werte_03-300x300.jpg 300w, https:\/\/acp-global.net\/wp-content\/uploads\/werte_03-150x150.jpg 150w, https:\/\/acp-global.net\/wp-content\/uploads\/werte_03-75x75.jpg 75w, https:\/\/acp-global.net\/wp-content\/uploads\/werte_03-120x120.jpg 120w\" sizes=\"auto, (max-width: 700px) 100vw, 700px\" \/><\/figure>\n\n<\/div><\/div>\n\n<div class=\"gb-grid-column gb-grid-column-30ec78b6 gb-grid-column-box-fade\"><div class=\"gb-container gb-container-30ec78b6 gb-container-box-fade\">\n\n<div class=\"wp-block-pixel-headline headlines is-subheadline-bottom has-text-align-center is-gap-off\"><h3 class=\"headline\" style=\"color:var(--color-light)\">Zaanga\u017cowanie<\/h3><\/div>\n\n\n\n<p class=\"has-text-align-center wp-block-paragraph\">My\u015blenie zorientowane na rozwi\u0105zania, w po\u0142\u0105czeniu z determinacj\u0105 dla pozytywnego nastawienia i najwy\u017cszej mo\u017cliwej niezawodno\u015bci.<\/p>\n\n<\/div><\/div>\n\n<div class=\"gb-grid-column gb-grid-column-00318beb\"><div class=\"gb-container gb-container-00318beb\">\n\n<figure class=\"gb-block-image gb-block-image-0d6c756b\"><img loading=\"lazy\" decoding=\"async\" width=\"700\" height=\"700\" class=\"gb-image gb-image-0d6c756b\" src=\"https:\/\/www.huehoco.com\/wp-content\/uploads\/werte_04.jpg\" alt=\"\" title=\"values_04\" srcset=\"https:\/\/acp-global.net\/wp-content\/uploads\/werte_04.jpg 700w, https:\/\/acp-global.net\/wp-content\/uploads\/werte_04-300x300.jpg 300w, https:\/\/acp-global.net\/wp-content\/uploads\/werte_04-150x150.jpg 150w, https:\/\/acp-global.net\/wp-content\/uploads\/werte_04-75x75.jpg 75w, https:\/\/acp-global.net\/wp-content\/uploads\/werte_04-120x120.jpg 120w\" sizes=\"auto, (max-width: 700px) 100vw, 700px\" \/><\/figure>\n\n<\/div><\/div>\n<\/div>\n<\/div>\n<\/section><section class=\"gb-container gb-container-a92f8cce gb-container-section-metal\">\n<div class=\"gb-container gb-container-1acc8506\">\n<div class=\"gb-grid-wrapper gb-grid-wrapper-1b0ff202\">\n<div class=\"gb-grid-column gb-grid-column-9b218cd3\"><div class=\"gb-container gb-container-9b218cd3\" data-aos=\"fade-in\">\n\n<div class=\"wp-block-pixel-headline headlines is-subheadline-bottom has-text-align-left\"><h2 class=\"headline is-h1\" style=\"color:\">Nasza misja<\/h2><\/div>\n\n\n\n<p class=\"wp-block-paragraph\"><strong>Jako firma wyznaczyli\u015bmy sobie cele<\/strong>, kt\u00f3re znajduj\u0105 odzwierciedlenie w naszych zasadach przewodnich. Odpowiadaj\u0105 one na pytanie o nasz\u0105 to\u017csamo\u015b\u0107 na rynku. Nasze cele strategiczne b\u0119d\u0105 do nich dostosowane.<\/p>\n\n\n\n<p class=\"wp-block-paragraph\">Jako rodzinna, niezale\u017cna ekonomicznie firma przemys\u0142owa jeste\u015bmy wiod\u0105cym partnerem dla naszych klient\u00f3w. Potwierdzamy nasz\u0105 odpowiedzialno\u015b\u0107 za ich sukces bezwarunkow\u0105 wol\u0105 rozwi\u0105zywania nawet z\u0142o\u017conych problem\u00f3w. \u0141\u0105czymy przedsi\u0119biorcz\u0105 odwag\u0119 z profesjonaln\u0105 szybko\u015bci\u0105 i do\u015bwiadczeniem. W ten spos\u00f3b tworzymy warto\u015b\u0107 dodan\u0105 i zaufanie na naszych rynkach.<\/p>\n\n\n\n<p class=\"wp-block-paragraph\">Aby ka\u017cdy z naszych pracownik\u00f3w m\u00f3g\u0142 powiedzie\u0107:<\/p>\n\n\n\n<p class=\"wp-block-paragraph\"><mark style=\"background-color:rgba(0, 0, 0, 0)\" class=\"has-inline-color has-color-light-color\"><strong>SPRAWIAMY, \u017bE LUDZIE S\u0104 DUMNI<\/strong><\/mark><\/p>\n\n<\/div><\/div>\n\n<div class=\"gb-grid-column gb-grid-column-a90d3cfa gb-grid-column-blue-overlay-right\"><div class=\"gb-container gb-container-a90d3cfa gb-container-blue-overlay-right\" data-aos=\"fade-in\">\n\n<figure class=\"gb-block-image gb-block-image-a45d6d80\"><img loading=\"lazy\" decoding=\"async\" width=\"780\" height=\"589\" class=\"gb-image gb-image-a45d6d80\" src=\"https:\/\/www.huehoco.com\/wp-content\/uploads\/unsere_mission.jpg\" alt=\"\" title=\"nasza_misja\" srcset=\"https:\/\/acp-global.net\/wp-content\/uploads\/unsere_mission.jpg 780w, https:\/\/acp-global.net\/wp-content\/uploads\/unsere_mission-300x227.jpg 300w, https:\/\/acp-global.net\/wp-content\/uploads\/unsere_mission-768x580.jpg 768w, https:\/\/acp-global.net\/wp-content\/uploads\/unsere_mission-99x75.jpg 99w, https:\/\/acp-global.net\/wp-content\/uploads\/unsere_mission-159x120.jpg 159w\" sizes=\"auto, (max-width: 780px) 100vw, 780px\" \/><\/figure>\n\n<\/div><\/div>\n<\/div>\n<\/div>\n<\/section>","protected":false},"excerpt":{"rendered":"","protected":false},"author":1,"featured_media":0,"parent":6724,"menu_order":2,"comment_status":"closed","ping_status":"closed","template":"","meta":{"_acf_changed":false,"_crdt_document":"","footnotes":""},"class_list":["post-6826","page","type-page","status-publish"],"acf":[],"yoast_head":"<!-- This site is optimized with the Yoast SEO plugin v27.2 - https:\/\/yoast.com\/product\/yoast-seo-wordpress\/ -->\n<title>Grupa ACP | Nasz Kodeks Post\u0119powania<\/title>\n<meta name=\"description\" content=\"Nasza wizja: Szacunek \u2713 Odwaga \u2713 Zaanga\u017cowanie \u2713 ACP podziela warto\u015bci Grupy HUEHOCO \u2713 Dowiedz si\u0119 wi\u0119cej o naszej filozofii korporacyjnej, warto\u015bciach i misji!\" \/>\n<meta name=\"robots\" content=\"index, follow, max-snippet:-1, max-image-preview:large, max-video-preview:-1\" \/>\n<link rel=\"canonical\" href=\"https:\/\/acp-global.net\/pl\/firma\/kodeks-postepowania\/\" \/>\n<meta property=\"og:locale\" content=\"pl_PL\" \/>\n<meta property=\"og:type\" content=\"article\" \/>\n<meta property=\"og:title\" content=\"Grupa ACP | Nasz Kodeks Post\u0119powania\" \/>\n<meta property=\"og:description\" content=\"Nasza wizja: Szacunek \u2713 Odwaga \u2713 Zaanga\u017cowanie \u2713 ACP podziela warto\u015bci Grupy HUEHOCO \u2713 Dowiedz si\u0119 wi\u0119cej o naszej filozofii korporacyjnej, warto\u015bciach i misji!\" \/>\n<meta property=\"og:url\" content=\"https:\/\/acp-global.net\/pl\/firma\/kodeks-postepowania\/\" \/>\n<meta property=\"og:site_name\" content=\"ACP Group\" \/>\n<meta property=\"article:modified_time\" content=\"2024-06-24T14:14:49+00:00\" \/>\n<meta property=\"og:image\" content=\"https:\/\/www.huehoco.com\/wp-content\/uploads\/werte_01.jpg\" \/>\n<meta name=\"twitter:card\" content=\"summary_large_image\" \/>\n<meta name=\"twitter:label1\" content=\"Szacowany czas czytania\" \/>\n\t<meta name=\"twitter:data1\" content=\"3 minuty\" \/>\n<script type=\"application\/ld+json\" class=\"yoast-schema-graph\">{\"@context\":\"https:\/\/schema.org\",\"@graph\":[{\"@type\":\"WebPage\",\"@id\":\"https:\/\/acp-global.net\/pl\/firma\/kodeks-postepowania\/\",\"url\":\"https:\/\/acp-global.net\/pl\/firma\/kodeks-postepowania\/\",\"name\":\"Grupa ACP | Nasz Kodeks Post\u0119powania\",\"isPartOf\":{\"@id\":\"https:\/\/acp-global.net\/pl\/#website\"},\"primaryImageOfPage\":{\"@id\":\"https:\/\/acp-global.net\/pl\/firma\/kodeks-postepowania\/#primaryimage\"},\"image\":{\"@id\":\"https:\/\/acp-global.net\/pl\/firma\/kodeks-postepowania\/#primaryimage\"},\"thumbnailUrl\":\"https:\/\/www.huehoco.com\/wp-content\/uploads\/werte_01.jpg\",\"datePublished\":\"2023-07-26T08:03:42+00:00\",\"dateModified\":\"2024-06-24T14:14:49+00:00\",\"description\":\"Nasza wizja: Szacunek \u2713 Odwaga \u2713 Zaanga\u017cowanie \u2713 ACP podziela warto\u015bci Grupy HUEHOCO \u2713 Dowiedz si\u0119 wi\u0119cej o naszej filozofii korporacyjnej, warto\u015bciach i misji!\",\"breadcrumb\":{\"@id\":\"https:\/\/acp-global.net\/pl\/firma\/kodeks-postepowania\/#breadcrumb\"},\"inLanguage\":\"pl-PL\",\"potentialAction\":[{\"@type\":\"ReadAction\",\"target\":[\"https:\/\/acp-global.net\/pl\/firma\/kodeks-postepowania\/\"]}]},{\"@type\":\"ImageObject\",\"inLanguage\":\"pl-PL\",\"@id\":\"https:\/\/acp-global.net\/pl\/firma\/kodeks-postepowania\/#primaryimage\",\"url\":\"https:\/\/www.huehoco.com\/wp-content\/uploads\/werte_01.jpg\",\"contentUrl\":\"https:\/\/www.huehoco.com\/wp-content\/uploads\/werte_01.jpg\"},{\"@type\":\"BreadcrumbList\",\"@id\":\"https:\/\/acp-global.net\/pl\/firma\/kodeks-postepowania\/#breadcrumb\",\"itemListElement\":[{\"@type\":\"ListItem\",\"position\":1,\"name\":\"Startseite\",\"item\":\"https:\/\/acp-global.net\/pl\/\"},{\"@type\":\"ListItem\",\"position\":2,\"name\":\"Firma\",\"item\":\"https:\/\/acp-global.net\/pl\/firma\/\"},{\"@type\":\"ListItem\",\"position\":3,\"name\":\"Kodeks post\u0119powania\"}]},{\"@type\":\"WebSite\",\"@id\":\"https:\/\/acp-global.net\/pl\/#website\",\"url\":\"https:\/\/acp-global.net\/pl\/\",\"name\":\"ACP Group\",\"description\":\"\",\"publisher\":{\"@id\":\"https:\/\/acp-global.net\/pl\/#organization\"},\"potentialAction\":[{\"@type\":\"SearchAction\",\"target\":{\"@type\":\"EntryPoint\",\"urlTemplate\":\"https:\/\/acp-global.net\/pl\/?s={search_term_string}\"},\"query-input\":{\"@type\":\"PropertyValueSpecification\",\"valueRequired\":true,\"valueName\":\"search_term_string\"}}],\"inLanguage\":\"pl-PL\"},{\"@type\":\"Organization\",\"@id\":\"https:\/\/acp-global.net\/pl\/#organization\",\"name\":\"ACP Group\",\"url\":\"https:\/\/acp-global.net\/pl\/\",\"logo\":{\"@type\":\"ImageObject\",\"inLanguage\":\"pl-PL\",\"@id\":\"https:\/\/acp-global.net\/pl\/#\/schema\/logo\/image\/\",\"url\":\"https:\/\/acp-global.net\/wp-content\/uploads\/acp_group.png\",\"contentUrl\":\"https:\/\/acp-global.net\/wp-content\/uploads\/acp_group.png\",\"width\":1232,\"height\":285,\"caption\":\"ACP Group\"},\"image\":{\"@id\":\"https:\/\/acp-global.net\/pl\/#\/schema\/logo\/image\/\"}}]}<\/script>\n<!-- \/ Yoast SEO plugin. -->","yoast_head_json":{"title":"Grupa ACP | Nasz Kodeks Post\u0119powania","description":"Nasza wizja: Szacunek \u2713 Odwaga \u2713 Zaanga\u017cowanie \u2713 ACP podziela warto\u015bci Grupy HUEHOCO \u2713 Dowiedz si\u0119 wi\u0119cej o naszej filozofii korporacyjnej, warto\u015bciach i misji!","robots":{"index":"index","follow":"follow","max-snippet":"max-snippet:-1","max-image-preview":"max-image-preview:large","max-video-preview":"max-video-preview:-1"},"canonical":"https:\/\/acp-global.net\/pl\/firma\/kodeks-postepowania\/","og_locale":"pl_PL","og_type":"article","og_title":"Grupa ACP | Nasz Kodeks Post\u0119powania","og_description":"Nasza wizja: Szacunek \u2713 Odwaga \u2713 Zaanga\u017cowanie \u2713 ACP podziela warto\u015bci Grupy HUEHOCO \u2713 Dowiedz si\u0119 wi\u0119cej o naszej filozofii korporacyjnej, warto\u015bciach i misji!","og_url":"https:\/\/acp-global.net\/pl\/firma\/kodeks-postepowania\/","og_site_name":"ACP Group","article_modified_time":"2024-06-24T14:14:49+00:00","og_image":[{"url":"https:\/\/www.huehoco.com\/wp-content\/uploads\/werte_01.jpg","type":"","width":"","height":""}],"twitter_card":"summary_large_image","twitter_misc":{"Szacowany czas czytania":"3 minuty"},"schema":{"@context":"https:\/\/schema.org","@graph":[{"@type":"WebPage","@id":"https:\/\/acp-global.net\/pl\/firma\/kodeks-postepowania\/","url":"https:\/\/acp-global.net\/pl\/firma\/kodeks-postepowania\/","name":"Grupa ACP | Nasz Kodeks Post\u0119powania","isPartOf":{"@id":"https:\/\/acp-global.net\/pl\/#website"},"primaryImageOfPage":{"@id":"https:\/\/acp-global.net\/pl\/firma\/kodeks-postepowania\/#primaryimage"},"image":{"@id":"https:\/\/acp-global.net\/pl\/firma\/kodeks-postepowania\/#primaryimage"},"thumbnailUrl":"https:\/\/www.huehoco.com\/wp-content\/uploads\/werte_01.jpg","datePublished":"2023-07-26T08:03:42+00:00","dateModified":"2024-06-24T14:14:49+00:00","description":"Nasza wizja: Szacunek \u2713 Odwaga \u2713 Zaanga\u017cowanie \u2713 ACP podziela warto\u015bci Grupy HUEHOCO \u2713 Dowiedz si\u0119 wi\u0119cej o naszej filozofii korporacyjnej, warto\u015bciach i misji!","breadcrumb":{"@id":"https:\/\/acp-global.net\/pl\/firma\/kodeks-postepowania\/#breadcrumb"},"inLanguage":"pl-PL","potentialAction":[{"@type":"ReadAction","target":["https:\/\/acp-global.net\/pl\/firma\/kodeks-postepowania\/"]}]},{"@type":"ImageObject","inLanguage":"pl-PL","@id":"https:\/\/acp-global.net\/pl\/firma\/kodeks-postepowania\/#primaryimage","url":"https:\/\/www.huehoco.com\/wp-content\/uploads\/werte_01.jpg","contentUrl":"https:\/\/www.huehoco.com\/wp-content\/uploads\/werte_01.jpg"},{"@type":"BreadcrumbList","@id":"https:\/\/acp-global.net\/pl\/firma\/kodeks-postepowania\/#breadcrumb","itemListElement":[{"@type":"ListItem","position":1,"name":"Startseite","item":"https:\/\/acp-global.net\/pl\/"},{"@type":"ListItem","position":2,"name":"Firma","item":"https:\/\/acp-global.net\/pl\/firma\/"},{"@type":"ListItem","position":3,"name":"Kodeks post\u0119powania"}]},{"@type":"WebSite","@id":"https:\/\/acp-global.net\/pl\/#website","url":"https:\/\/acp-global.net\/pl\/","name":"ACP Group","description":"","publisher":{"@id":"https:\/\/acp-global.net\/pl\/#organization"},"potentialAction":[{"@type":"SearchAction","target":{"@type":"EntryPoint","urlTemplate":"https:\/\/acp-global.net\/pl\/?s={search_term_string}"},"query-input":{"@type":"PropertyValueSpecification","valueRequired":true,"valueName":"search_term_string"}}],"inLanguage":"pl-PL"},{"@type":"Organization","@id":"https:\/\/acp-global.net\/pl\/#organization","name":"ACP Group","url":"https:\/\/acp-global.net\/pl\/","logo":{"@type":"ImageObject","inLanguage":"pl-PL","@id":"https:\/\/acp-global.net\/pl\/#\/schema\/logo\/image\/","url":"https:\/\/acp-global.net\/wp-content\/uploads\/acp_group.png","contentUrl":"https:\/\/acp-global.net\/wp-content\/uploads\/acp_group.png","width":1232,"height":285,"caption":"ACP Group"},"image":{"@id":"https:\/\/acp-global.net\/pl\/#\/schema\/logo\/image\/"}}]}},"_links":{"self":[{"href":"https:\/\/acp-global.net\/pl\/wp-json\/wp\/v2\/pages\/6826","targetHints":{"allow":["GET"]}}],"collection":[{"href":"https:\/\/acp-global.net\/pl\/wp-json\/wp\/v2\/pages"}],"about":[{"href":"https:\/\/acp-global.net\/pl\/wp-json\/wp\/v2\/types\/page"}],"author":[{"embeddable":true,"href":"https:\/\/acp-global.net\/pl\/wp-json\/wp\/v2\/users\/1"}],"replies":[{"embeddable":true,"href":"https:\/\/acp-global.net\/pl\/wp-json\/wp\/v2\/comments?post=6826"}],"version-history":[{"count":3,"href":"https:\/\/acp-global.net\/pl\/wp-json\/wp\/v2\/pages\/6826\/revisions"}],"predecessor-version":[{"id":7734,"href":"https:\/\/acp-global.net\/pl\/wp-json\/wp\/v2\/pages\/6826\/revisions\/7734"}],"up":[{"embeddable":true,"href":"https:\/\/acp-global.net\/pl\/wp-json\/wp\/v2\/pages\/6724"}],"wp:attachment":[{"href":"https:\/\/acp-global.net\/pl\/wp-json\/wp\/v2\/media?parent=6826"}],"curies":[{"name":"wp","href":"https:\/\/api.w.org\/{rel}","templated":true}]}}