{"id":6863,"date":"2023-04-06T14:34:03","date_gmt":"2023-04-06T12:34:03","guid":{"rendered":"https:\/\/acp.pixel-tal.de\/kwestie-prawne\/nadruk\/"},"modified":"2024-10-23T12:27:58","modified_gmt":"2024-10-23T10:27:58","slug":"nadruk","status":"publish","type":"page","link":"https:\/\/acp-global.net\/pl\/kwestie-prawne\/nadruk\/","title":{"rendered":"Nadruk"},"content":{"rendered":"<section class=\"gb-container gb-container-7f827b1e gb-container-section-white\">\n<div class=\"gb-container gb-container-2e17292b\">\n<div class=\"gb-grid-wrapper gb-grid-wrapper-1edc144c\">\n<div class=\"gb-grid-column gb-grid-column-6b4b95ad\"><div class=\"gb-container gb-container-6b4b95ad\">\n\n<div class=\"wp-block-pixel-headline headlines is-subheadline-bottom has-text-align-left\"><h1 class=\"headline\" style=\"color:\">Nadruk<\/h1><\/div>\n\n<\/div><\/div>\n\n<div class=\"gb-grid-column gb-grid-column-ceb59ac7\"><div class=\"gb-container gb-container-ceb59ac7\">\n\n<p class=\"wp-block-paragraph\">ACP Deutschland GmbH &amp; Co. KG<br>Sch\u00e4fergasse 1<br>D &#8211; 36433 Bad Salzungen<\/p>\n\n\n\n<p class=\"wp-block-paragraph\">Rejestr handlowy: HRA 301509<br>S\u0105d rejestrowy: S\u0105d rejestrowy Jena<br>Nr podatkowy: 155\/150\/03603<\/p>\n\n\n\n<p class=\"wp-block-paragraph\"><strong>Reprezentowany przez osobi\u015bcie odpowiedzialnego wsp\u00f3lnika:<\/strong><br>ACP Deutschland GmbH &amp; Co. KG<br>Sch\u00e4fergasse 1<br>D &#8211; 36433 Bad Salzungen<\/p>\n\n\n\n<p class=\"wp-block-paragraph\"><strong>Dyrektor zarz\u0105dzaj\u0105cy:<\/strong><br>Michael Koch<\/p>\n\n\n\n<div class=\"wp-block-pixel-headline headlines is-subheadline-bottom has-text-align-left is-gap-xs\"><h5 class=\"headline\" style=\"color:\">Skontaktuj si\u0119 z nami<\/h5><\/div>\n\n\n\n<p class=\"wp-block-paragraph\">Telefon: <a href=\"tel:+492026477866\" data-type=\"tel\" data-id=\"tel:+492026477866\" target=\"_blank\" rel=\"nofollow\">+49 (0) 202 64778-66<\/a><br>Telefon kom\u00f3rkowy: +49 (0) 175 43 43-521<br>E-mail: <a href=\"mailto:m.koch@acp-d.com\" target=\"_blank\" rel=\"nofollow\">m.koch@acp-d.com<\/a><\/p>\n\n\n\n<div class=\"wp-block-pixel-headline headlines is-subheadline-bottom has-text-align-left is-gap-xs\"><h5 class=\"headline\" style=\"color:\">Identyfikator podatkowy sprzeda\u017cy<\/h5><\/div>\n\n\n\n<p class=\"wp-block-paragraph\">Numer identyfikacyjny podatku od warto\u015bci dodanej:<br>DE813527014<\/p>\n\n\n\n<div class=\"wp-block-pixel-headline headlines is-subheadline-bottom has-text-align-left is-gap-xs\"><h5 class=\"headline\" style=\"color:\">Realizacja<\/h5><\/div>\n\n\n\n<p class=\"wp-block-paragraph\">Koncepcja, projekt i realizacja tej strony internetowej zosta\u0142y wykonane przez:<br><a rel=\"noreferrer noopener nofollow\" href=\"https:\/\/pixelproduction.de\/\" target=\"_blank\">PixelProduction, agencja komunikacji koncepcyjnej w Wuppertalu<\/a>.<\/p>\n\n<\/div><\/div>\n\n<div class=\"gb-grid-column gb-grid-column-fe327f40\"><div class=\"gb-container gb-container-fe327f40\">\n\n<div class=\"wp-block-pixel-headline headlines is-subheadline-bottom has-text-align-left is-gap-xs\"><h5 class=\"headline\" style=\"color:\">Rozstrzyganie spor\u00f3w<\/h5><\/div>\n\n\n\n<p class=\"wp-block-paragraph\">Komisja Europejska zapewnia platform\u0119 internetowego rozstrzygania spor\u00f3w (OS):<br><a rel=\"noreferrer noopener nofollow\" href=\"https:\/\/ec.europa.eu\/consumers\/odr\" target=\"_blank\">https:\/\/ec.europa.eu\/consumers\/odr<\/a>.<\/p>\n\n\n\n<p class=\"wp-block-paragraph\">Nasz adres e-mail mo\u017cna znale\u017a\u0107 w powy\u017cszej nocie prawnej.<br>Nie jeste\u015bmy sk\u0142onni ani zobowi\u0105zani do udzia\u0142u w post\u0119powaniu rozstrzygaj\u0105cym spory przed komisj\u0105 arbitra\u017cow\u0105 ds. konsument\u00f3w.<\/p>\n\n\n\n<div class=\"wp-block-pixel-headline headlines is-subheadline-bottom has-text-align-left is-gap-xs\"><h5 class=\"headline\" style=\"color:\">Odpowiedzialno\u015b\u0107 za tre\u015b\u0107<\/h5><\/div>\n\n\n\n<p class=\"wp-block-paragraph\">Jako us\u0142ugodawca jeste\u015bmy zobowi\u0105zani zgodnie z \u00a7 7 ust. 1 DDG za w\u0142asne tre\u015bci na tych stronach zgodnie z og\u00f3lnymi przepisami prawa. Zgodnie z \u00a7\u00a7 8 do 10 DDG, jako us\u0142ugodawca nie jeste\u015bmy jednak zobowi\u0105zani do monitorowania przekazywanych lub przechowywanych informacji os\u00f3b trzecich ani do badania okoliczno\u015bci wskazuj\u0105cych na nielegaln\u0105 dzia\u0142alno\u015b\u0107. Nie ma to wp\u0142ywu na zobowi\u0105zania do usuni\u0119cia lub zablokowania korzystania z informacji zgodnie z og\u00f3lnymi przepisami prawa. Odpowiedzialno\u015b\u0107 w tym zakresie jest jednak mo\u017cliwa dopiero od momentu dowiedzenia si\u0119 o konkretnym naruszeniu. Gdy tylko dowiemy si\u0119 o takich naruszeniach, natychmiast usuniemy te tre\u015bci.<\/p>\n\n\n\n<div class=\"wp-block-pixel-headline headlines is-subheadline-bottom has-text-align-left is-gap-xs\"><h5 class=\"headline\" style=\"color:\">Odpowiedzialno\u015b\u0107 za linki<\/h5><\/div>\n\n\n\n<p class=\"wp-block-paragraph\">Nasza strona internetowa zawiera linki do zewn\u0119trznych stron internetowych os\u00f3b trzecich, na kt\u00f3rych tre\u015b\u0107 nie mamy wp\u0142ywu. W zwi\u0105zku z tym nie ponosimy \u017cadnej odpowiedzialno\u015bci za tre\u015bci pochodz\u0105ce od os\u00f3b trzecich. Odpowiedni dostawca lub operator stron jest zawsze odpowiedzialny za tre\u015b\u0107 stron, do kt\u00f3rych prowadz\u0105 linki. Po\u0142\u0105czone strony zosta\u0142y sprawdzone pod k\u0105tem mo\u017cliwych narusze\u0144 prawa w momencie ich \u0142\u0105czenia. Nielegalna zawarto\u015b\u0107 nie by\u0142a rozpoznawalna w momencie linkowania.<br>Sta\u0142e monitorowanie tre\u015bci stron, do kt\u00f3rych prowadz\u0105 linki, nie jest jednak uzasadnione bez konkretnych dowod\u00f3w naruszenia. Je\u015bli dowiemy si\u0119 o jakichkolwiek naruszeniach prawa, natychmiast usuniemy takie linki.<\/p>\n\n\n\n<div class=\"wp-block-pixel-headline headlines is-subheadline-bottom has-text-align-left is-gap-xs\"><h5 class=\"headline\" style=\"color:\">Prawa autorskie<\/h5><\/div>\n\n\n\n<p class=\"wp-block-paragraph\">Tre\u015bci i dzie\u0142a stworzone przez operator\u00f3w witryn na tych stronach podlegaj\u0105 niemieckiemu prawu autorskiemu. Powielanie, edytowanie, rozpowszechnianie i wszelkiego rodzaju wykorzystywanie poza granicami prawa autorskiego wymaga pisemnej zgody odpowiedniego autora lub tw\u00f3rcy. Pobieranie i kopiowanie niniejszej witryny jest dozwolone wy\u0142\u0105cznie do prywatnego, niekomercyjnego u\u017cytku.<br>O ile tre\u015bci na tej stronie nie zosta\u0142y stworzone przez operatora, prawa autorskie os\u00f3b trzecich s\u0105 przestrzegane. W szczeg\u00f3lno\u015bci tre\u015bci os\u00f3b trzecich s\u0105 oznaczone jako takie. Je\u015bli mimo to dowiesz si\u0119 o naruszeniu praw autorskich, poinformuj nas o tym. Je\u015bli dowiemy si\u0119 o jakichkolwiek naruszeniach prawa, niezw\u0142ocznie usuniemy takie tre\u015bci.<\/p>\n\n<\/div><\/div>\n<\/div>\n<\/div>\n<\/section>","protected":false},"excerpt":{"rendered":"","protected":false},"author":1,"featured_media":0,"parent":6712,"menu_order":1,"comment_status":"closed","ping_status":"closed","template":"","meta":{"_acf_changed":false,"_crdt_document":"","footnotes":""},"class_list":["post-6863","page","type-page","status-publish"],"acf":[],"yoast_head":"<!-- This site is optimized with the Yoast SEO plugin v27.4 - https:\/\/yoast.com\/product\/yoast-seo-wordpress\/ -->\n<title>ACP Group | Nasz nadruk<\/title>\n<meta name=\"description\" content=\"Informacje o podmiotach prawnych \u2713 Upowa\u017cnieni przedstawiciele \u2713 Firma \u2713 Forma prawna \u2713 Numer rejestracyjny \u2713 Adres oddzia\u0142u \u2713\" \/>\n<meta name=\"robots\" content=\"index, follow, max-snippet:-1, max-image-preview:large, max-video-preview:-1\" \/>\n<link rel=\"canonical\" href=\"https:\/\/acp-global.net\/pl\/kwestie-prawne\/nadruk\/\" \/>\n<meta property=\"og:locale\" content=\"pl_PL\" \/>\n<meta property=\"og:type\" content=\"article\" \/>\n<meta property=\"og:title\" content=\"ACP Group | Nasz nadruk\" \/>\n<meta property=\"og:description\" content=\"Informacje o podmiotach prawnych \u2713 Upowa\u017cnieni przedstawiciele \u2713 Firma \u2713 Forma prawna \u2713 Numer rejestracyjny \u2713 Adres oddzia\u0142u \u2713\" \/>\n<meta property=\"og:url\" content=\"https:\/\/acp-global.net\/pl\/kwestie-prawne\/nadruk\/\" \/>\n<meta property=\"og:site_name\" content=\"ACP Group\" \/>\n<meta property=\"article:modified_time\" content=\"2024-10-23T10:27:58+00:00\" \/>\n<meta name=\"twitter:card\" content=\"summary_large_image\" \/>\n<meta name=\"twitter:label1\" content=\"Szacowany czas czytania\" \/>\n\t<meta name=\"twitter:data1\" content=\"3 minuty\" \/>\n<script type=\"application\/ld+json\" class=\"yoast-schema-graph\">{\"@context\":\"https:\\\/\\\/schema.org\",\"@graph\":[{\"@type\":\"WebPage\",\"@id\":\"https:\\\/\\\/acp-global.net\\\/pl\\\/kwestie-prawne\\\/nadruk\\\/\",\"url\":\"https:\\\/\\\/acp-global.net\\\/pl\\\/kwestie-prawne\\\/nadruk\\\/\",\"name\":\"ACP Group | Nasz nadruk\",\"isPartOf\":{\"@id\":\"https:\\\/\\\/acp-global.net\\\/pl\\\/#website\"},\"datePublished\":\"2023-04-06T12:34:03+00:00\",\"dateModified\":\"2024-10-23T10:27:58+00:00\",\"description\":\"Informacje o podmiotach prawnych \u2713 Upowa\u017cnieni przedstawiciele \u2713 Firma \u2713 Forma prawna \u2713 Numer rejestracyjny \u2713 Adres oddzia\u0142u \u2713\",\"breadcrumb\":{\"@id\":\"https:\\\/\\\/acp-global.net\\\/pl\\\/kwestie-prawne\\\/nadruk\\\/#breadcrumb\"},\"inLanguage\":\"pl-PL\",\"potentialAction\":[{\"@type\":\"ReadAction\",\"target\":[\"https:\\\/\\\/acp-global.net\\\/pl\\\/kwestie-prawne\\\/nadruk\\\/\"]}]},{\"@type\":\"BreadcrumbList\",\"@id\":\"https:\\\/\\\/acp-global.net\\\/pl\\\/kwestie-prawne\\\/nadruk\\\/#breadcrumb\",\"itemListElement\":[{\"@type\":\"ListItem\",\"position\":1,\"name\":\"Startseite\",\"item\":\"https:\\\/\\\/acp-global.net\\\/pl\\\/\"},{\"@type\":\"ListItem\",\"position\":2,\"name\":\"Kwestie prawne\",\"item\":\"https:\\\/\\\/acp-global.net\\\/pl\\\/kwestie-prawne\\\/\"},{\"@type\":\"ListItem\",\"position\":3,\"name\":\"Nadruk\"}]},{\"@type\":\"WebSite\",\"@id\":\"https:\\\/\\\/acp-global.net\\\/pl\\\/#website\",\"url\":\"https:\\\/\\\/acp-global.net\\\/pl\\\/\",\"name\":\"ACP Group\",\"description\":\"\",\"publisher\":{\"@id\":\"https:\\\/\\\/acp-global.net\\\/pl\\\/#organization\"},\"potentialAction\":[{\"@type\":\"SearchAction\",\"target\":{\"@type\":\"EntryPoint\",\"urlTemplate\":\"https:\\\/\\\/acp-global.net\\\/pl\\\/?s={search_term_string}\"},\"query-input\":{\"@type\":\"PropertyValueSpecification\",\"valueRequired\":true,\"valueName\":\"search_term_string\"}}],\"inLanguage\":\"pl-PL\"},{\"@type\":\"Organization\",\"@id\":\"https:\\\/\\\/acp-global.net\\\/pl\\\/#organization\",\"name\":\"ACP Group\",\"url\":\"https:\\\/\\\/acp-global.net\\\/pl\\\/\",\"logo\":{\"@type\":\"ImageObject\",\"inLanguage\":\"pl-PL\",\"@id\":\"https:\\\/\\\/acp-global.net\\\/pl\\\/#\\\/schema\\\/logo\\\/image\\\/\",\"url\":\"https:\\\/\\\/acp-global.net\\\/wp-content\\\/uploads\\\/acp_group.png\",\"contentUrl\":\"https:\\\/\\\/acp-global.net\\\/wp-content\\\/uploads\\\/acp_group.png\",\"width\":1232,\"height\":285,\"caption\":\"ACP Group\"},\"image\":{\"@id\":\"https:\\\/\\\/acp-global.net\\\/pl\\\/#\\\/schema\\\/logo\\\/image\\\/\"}}]}<\/script>\n<!-- \/ Yoast SEO plugin. -->","yoast_head_json":{"title":"ACP Group | Nasz nadruk","description":"Informacje o podmiotach prawnych \u2713 Upowa\u017cnieni przedstawiciele \u2713 Firma \u2713 Forma prawna \u2713 Numer rejestracyjny \u2713 Adres oddzia\u0142u \u2713","robots":{"index":"index","follow":"follow","max-snippet":"max-snippet:-1","max-image-preview":"max-image-preview:large","max-video-preview":"max-video-preview:-1"},"canonical":"https:\/\/acp-global.net\/pl\/kwestie-prawne\/nadruk\/","og_locale":"pl_PL","og_type":"article","og_title":"ACP Group | Nasz nadruk","og_description":"Informacje o podmiotach prawnych \u2713 Upowa\u017cnieni przedstawiciele \u2713 Firma \u2713 Forma prawna \u2713 Numer rejestracyjny \u2713 Adres oddzia\u0142u \u2713","og_url":"https:\/\/acp-global.net\/pl\/kwestie-prawne\/nadruk\/","og_site_name":"ACP Group","article_modified_time":"2024-10-23T10:27:58+00:00","twitter_card":"summary_large_image","twitter_misc":{"Szacowany czas czytania":"3 minuty"},"schema":{"@context":"https:\/\/schema.org","@graph":[{"@type":"WebPage","@id":"https:\/\/acp-global.net\/pl\/kwestie-prawne\/nadruk\/","url":"https:\/\/acp-global.net\/pl\/kwestie-prawne\/nadruk\/","name":"ACP Group | Nasz nadruk","isPartOf":{"@id":"https:\/\/acp-global.net\/pl\/#website"},"datePublished":"2023-04-06T12:34:03+00:00","dateModified":"2024-10-23T10:27:58+00:00","description":"Informacje o podmiotach prawnych \u2713 Upowa\u017cnieni przedstawiciele \u2713 Firma \u2713 Forma prawna \u2713 Numer rejestracyjny \u2713 Adres oddzia\u0142u \u2713","breadcrumb":{"@id":"https:\/\/acp-global.net\/pl\/kwestie-prawne\/nadruk\/#breadcrumb"},"inLanguage":"pl-PL","potentialAction":[{"@type":"ReadAction","target":["https:\/\/acp-global.net\/pl\/kwestie-prawne\/nadruk\/"]}]},{"@type":"BreadcrumbList","@id":"https:\/\/acp-global.net\/pl\/kwestie-prawne\/nadruk\/#breadcrumb","itemListElement":[{"@type":"ListItem","position":1,"name":"Startseite","item":"https:\/\/acp-global.net\/pl\/"},{"@type":"ListItem","position":2,"name":"Kwestie prawne","item":"https:\/\/acp-global.net\/pl\/kwestie-prawne\/"},{"@type":"ListItem","position":3,"name":"Nadruk"}]},{"@type":"WebSite","@id":"https:\/\/acp-global.net\/pl\/#website","url":"https:\/\/acp-global.net\/pl\/","name":"ACP Group","description":"","publisher":{"@id":"https:\/\/acp-global.net\/pl\/#organization"},"potentialAction":[{"@type":"SearchAction","target":{"@type":"EntryPoint","urlTemplate":"https:\/\/acp-global.net\/pl\/?s={search_term_string}"},"query-input":{"@type":"PropertyValueSpecification","valueRequired":true,"valueName":"search_term_string"}}],"inLanguage":"pl-PL"},{"@type":"Organization","@id":"https:\/\/acp-global.net\/pl\/#organization","name":"ACP Group","url":"https:\/\/acp-global.net\/pl\/","logo":{"@type":"ImageObject","inLanguage":"pl-PL","@id":"https:\/\/acp-global.net\/pl\/#\/schema\/logo\/image\/","url":"https:\/\/acp-global.net\/wp-content\/uploads\/acp_group.png","contentUrl":"https:\/\/acp-global.net\/wp-content\/uploads\/acp_group.png","width":1232,"height":285,"caption":"ACP Group"},"image":{"@id":"https:\/\/acp-global.net\/pl\/#\/schema\/logo\/image\/"}}]}},"_links":{"self":[{"href":"https:\/\/acp-global.net\/pl\/wp-json\/wp\/v2\/pages\/6863","targetHints":{"allow":["GET"]}}],"collection":[{"href":"https:\/\/acp-global.net\/pl\/wp-json\/wp\/v2\/pages"}],"about":[{"href":"https:\/\/acp-global.net\/pl\/wp-json\/wp\/v2\/types\/page"}],"author":[{"embeddable":true,"href":"https:\/\/acp-global.net\/pl\/wp-json\/wp\/v2\/users\/1"}],"replies":[{"embeddable":true,"href":"https:\/\/acp-global.net\/pl\/wp-json\/wp\/v2\/comments?post=6863"}],"version-history":[{"count":4,"href":"https:\/\/acp-global.net\/pl\/wp-json\/wp\/v2\/pages\/6863\/revisions"}],"predecessor-version":[{"id":9082,"href":"https:\/\/acp-global.net\/pl\/wp-json\/wp\/v2\/pages\/6863\/revisions\/9082"}],"up":[{"embeddable":true,"href":"https:\/\/acp-global.net\/pl\/wp-json\/wp\/v2\/pages\/6712"}],"wp:attachment":[{"href":"https:\/\/acp-global.net\/pl\/wp-json\/wp\/v2\/media?parent=6863"}],"curies":[{"name":"wp","href":"https:\/\/api.w.org\/{rel}","templated":true}]}}