{"id":6832,"date":"2023-07-26T10:03:42","date_gmt":"2023-07-26T08:03:42","guid":{"rendered":"https:\/\/acp.pixel-tal.de\/spolocnost\/kodex-spravania\/"},"modified":"2024-06-24T16:15:10","modified_gmt":"2024-06-24T14:15:10","slug":"kodex-spravania","status":"publish","type":"page","link":"https:\/\/acp-global.net\/sk\/spolocnost\/kodex-spravania\/","title":{"rendered":"K\u00f3dex spr\u00e1vania"},"content":{"rendered":"        \n            <!-- hero -->\n        \n                    \n            <div id=\"hero-b00311325b4e19192c58de9b1be6bc44\" class=\"hero\">\n\t\t\t\t<div class=\"hero-slider\">\t\t\t\t\n        \n            <!-- hero -->\n        \n                    \n            <div  class=\"hero-slide hero-slide-fa7124ff3bdc3af2a5c46d3d21d70027 \">\n\n\t\t\t\t<div class=\"hero-canvas\">\n\t\t\t\t\t<div class=\"hero-content\">\n\t\t\t\t\t\t<span class=\"hero-subheadline subheadline\">Re\u0161pekt, odvaha, odhodlanie<\/span>\t\t\t\t\t\t<h1 class=\"hero-headline headline\">Na\u0161a v\u00edzia<\/h1>\t\t\t\t\t\t\t\t\t\t\t<\/div>\n\t\t\t\t<\/div>\n\n                \t\t\t\t\t<div class=\"hero-background\">\n                        <div class=\"hero-overlay\"><\/div>\n\t\t\t\t\t\t<img decoding=\"async\" src=\"https:\/\/acp-global.net\/wp-content\/uploads\/hero-vision.jpg\" \/>\n\t\t\t\t\t<\/div>\n\t\t\t\t\n                \n\t\t\t<\/div>\n        \n                    \n            <!-- end:hero -->\n        \n            \n\n\t\t\t\t<\/div>\t\t\t<\/div>\n        \n                    \n            <!-- end:hero -->\n        \n            <section class=\"gb-container gb-container-91ab36d0 gb-container-section-white\" id=\"intro\">\n<div class=\"gb-container gb-container-2c1e5245\">\n<div class=\"gb-grid-wrapper gb-grid-wrapper-bec5e074\">\n<div class=\"gb-grid-column gb-grid-column-5695831f\"><div class=\"gb-container gb-container-5695831f\" data-aos=\"fade-right\">\n\n<div class=\"wp-block-pixel-headline headlines is-subheadline-top has-text-align-left\"><h2 class=\"headline\" style=\"color:\">Vyr\u00e1bame produkty, na ktor\u00e9 sme hrd\u00ed<\/h2><span class=\"subheadline\" style=\"color:\">Skupina ACP GROUP zdie\u013ea hodnoty skupiny HUEHOCO GROUP<\/span><\/div>\n\n<\/div><\/div>\n\n<div class=\"gb-grid-column gb-grid-column-feff83bb\"><div class=\"gb-container gb-container-feff83bb\" data-aos=\"fade-right\">\n\n<p class=\"wp-block-paragraph\">T\u00e1to v\u00edzia vyjadruje podstatu, jedine\u010dnos\u0165 na\u0161ej skupiny a vyjadruje to, \u010do n\u00e1s rob\u00ed v\u00fdnimo\u010dn\u00fdmi a \u010do budeme robi\u0165 aj v bud\u00facnosti.<\/p>\n\n\n\n<p class=\"wp-block-paragraph\"><strong>Ale&#8230; kto sme my? \u010co sme? Ak\u00ed sme?<\/strong><\/p>\n\n\n\n<p class=\"wp-block-paragraph\">Firemn\u00e1 filozofia, hodnoty a poslanie &#8211; \u010do o n\u00e1s hovoria? Je n\u00e1m nie\u010do vnucovan\u00e9, alebo \u017eijeme to, \u010do &#8220;berieme na seba&#8221;? Mo\u017eno nemus\u00edte v\u017edy a za ka\u017ed\u00fdch okolnost\u00ed sp\u013a\u0148a\u0165 v\u0161etky po\u017eiadavky. Mus\u00ed v\u0161ak existova\u0165 jednotn\u00fd cie\u013e!<\/p>\n\n\n\n<p class=\"wp-block-paragraph\">Spolo\u010dn\u00fd k\u00f3dex spr\u00e1vania, ku ktor\u00e9mu sa m\u00f4\u017eeme pripoji\u0165.<\/p>\n\n\n\n<p class=\"wp-block-paragraph\">Jasn\u00e1 v\u00edzia hodn\u00f4t a rozhodovac\u00edch procesov, ktor\u00e9 bud\u00fa aj v nasleduj\u00facich rokoch formova\u0165 na\u0161u skupinu HUEHOCO GROUP a sprev\u00e1dza\u0165 n\u00e1s na na\u0161ej ceste do bud\u00facnosti.<\/p>\n\n\n\n<p class=\"has-color-light-color has-text-color wp-block-paragraph\"><strong>Radi v\u00e1s na t\u00fato cestu vezmeme so sebou.<\/strong><\/p>\n\n<\/div><\/div>\n\n<div class=\"gb-grid-column gb-grid-column-d13f797f\"><div class=\"gb-container gb-container-d13f797f\" data-aos=\"fade-left\">\n\n<figure class=\"wp-block-embed is-type-video is-provider-youtube wp-block-embed-youtube wp-embed-aspect-16-9 wp-has-aspect-ratio\"><div class=\"wp-block-embed__wrapper\">\n <div class=\"brlbs-cmpnt-container brlbs-cmpnt-content-blocker brlbs-cmpnt-with-individual-styles\" data-borlabs-cookie-content-blocker-id=\"youtube-content-blocker\" data-borlabs-cookie-content=\"PGlmcmFtZSB0aXRsZT0iSFVFSE9DTyBXZXJ0ZSIgd2lkdGg9IjE3NzgiIGhlaWdodD0iMTAwMCIgc3JjPSJodHRwczovL3d3dy55b3V0dWJlLW5vY29va2llLmNvbS9lbWJlZC82QTFQZld4Z2RwWT9mZWF0dXJlPW9lbWJlZCIgZnJhbWVib3JkZXI9IjAiIGFsbG93PSJhY2NlbGVyb21ldGVyOyBhdXRvcGxheTsgY2xpcGJvYXJkLXdyaXRlOyBlbmNyeXB0ZWQtbWVkaWE7IGd5cm9zY29wZTsgcGljdHVyZS1pbi1waWN0dXJlOyB3ZWItc2hhcmUiIGFsbG93ZnVsbHNjcmVlbj48L2lmcmFtZT4=\"><div class=\"brlbs-cmpnt-cb-preset-c brlbs-cmpnt-cb-youtube\"> <div class=\"brlbs-cmpnt-cb-thumbnail\" style=\"background-image: url('https:\/\/acp-global.net\/wp-content\/uploads\/borlabs-cookie\/1\/yt_6A1PfWxgdpY_hqdefault.jpg')\"><\/div> <div class=\"brlbs-cmpnt-cb-main\"> <div class=\"brlbs-cmpnt-cb-play-button\"><\/div> <div class=\"brlbs-cmpnt-cb-content\"> <p class=\"brlbs-cmpnt-cb-description\">You are currently viewing a placeholder content from <strong>YouTube<\/strong>. To access the actual content, click the button below. Please note that doing so will share data with third-party providers.<\/p> <a class=\"brlbs-cmpnt-cb-provider-toggle\" href=\"#\" data-borlabs-cookie-show-provider-information role=\"button\" target=\"_blank\">More Information<\/a> <\/div> <div class=\"brlbs-cmpnt-cb-buttons\"> <a class=\"brlbs-cmpnt-cb-btn\" href=\"#\" data-borlabs-cookie-unblock role=\"button\" target=\"_blank\">Unblock content<\/a> <a class=\"brlbs-cmpnt-cb-btn\" href=\"#\" data-borlabs-cookie-accept-service role=\"button\" style=\"display: none\" target=\"_blank\">Accept required service and unblock content<\/a> <\/div> <\/div> <\/div><\/div>\n<\/div><\/figure>\n\n<\/div><\/div>\n<\/div>\n<\/div>\n<\/section><section class=\"gb-container gb-container-cd0a9321 gb-container-section-gradient\" id=\"werte\">\n<div class=\"gb-container gb-container-4469bb1b\">\n<div class=\"gb-grid-wrapper gb-grid-wrapper-722095b5\">\n<div class=\"gb-grid-column gb-grid-column-6c8b95ad\"><div class=\"gb-container gb-container-6c8b95ad\">\n\n<div class=\"wp-block-pixel-headline headlines is-subheadline-bottom has-text-align-left is-gap-sm\"><h2 class=\"headline is-h1\" style=\"color:\">Na\u0161e hodnoty<\/h2><\/div>\n\n\n\n<p class=\"wp-block-paragraph\">Sami seba a na\u0161e vz\u00e1jomn\u00e9 vz\u0165ahy definujeme prostredn\u00edctvom na\u0161ich hodn\u00f4t &#8211; \u010di u\u017e v r\u00e1mci spolo\u010dnosti alebo vo vz\u0165ahu k n\u00e1\u0161mu okoliu.<\/p>\n\n<\/div><\/div>\n<\/div>\n<\/div>\n\n<div class=\"gb-container gb-container-70ce0e7a werte-container\">\n<div class=\"gb-grid-wrapper gb-grid-wrapper-559beca1\">\n<div class=\"gb-grid-column gb-grid-column-ed3ef3f9\"><div class=\"gb-container gb-container-ed3ef3f9\">\n\n<figure class=\"gb-block-image gb-block-image-f40d4fe0\"><img loading=\"lazy\" decoding=\"async\" width=\"700\" height=\"700\" class=\"gb-image gb-image-f40d4fe0\" src=\"https:\/\/www.huehoco.com\/wp-content\/uploads\/werte_01.jpg\" alt=\"\" title=\"values_01\" srcset=\"https:\/\/acp-global.net\/wp-content\/uploads\/werte_01.jpg 700w, https:\/\/acp-global.net\/wp-content\/uploads\/werte_01-300x300.jpg 300w, https:\/\/acp-global.net\/wp-content\/uploads\/werte_01-150x150.jpg 150w, https:\/\/acp-global.net\/wp-content\/uploads\/werte_01-75x75.jpg 75w, https:\/\/acp-global.net\/wp-content\/uploads\/werte_01-120x120.jpg 120w\" sizes=\"auto, (max-width: 700px) 100vw, 700px\" \/><\/figure>\n\n<\/div><\/div>\n\n<div class=\"gb-grid-column gb-grid-column-010bf4d1 gb-grid-column-box-fade\"><div class=\"gb-container gb-container-010bf4d1 gb-container-box-fade\">\n\n<div class=\"wp-block-pixel-headline headlines is-subheadline-bottom has-text-align-center is-gap-off\"><h3 class=\"headline\" style=\"color:var(--color-light)\">Re\u0161pektujte<\/h3><\/div>\n\n\n\n<p class=\"has-text-align-center wp-block-paragraph\">\u00dacta ku v\u0161etk\u00fdm tvorom a zdrojom na\u0161ej plan\u00e9ty.<\/p>\n\n<\/div><\/div>\n\n<div class=\"gb-grid-column gb-grid-column-1cf789a3\"><div class=\"gb-container gb-container-1cf789a3\">\n\n<figure class=\"gb-block-image gb-block-image-befa5142\"><img loading=\"lazy\" decoding=\"async\" width=\"700\" height=\"700\" class=\"gb-image gb-image-befa5142\" src=\"https:\/\/www.huehoco.com\/wp-content\/uploads\/werte_02.jpg\" alt=\"\" title=\"values_02\" srcset=\"https:\/\/acp-global.net\/wp-content\/uploads\/werte_02.jpg 700w, https:\/\/acp-global.net\/wp-content\/uploads\/werte_02-300x300.jpg 300w, https:\/\/acp-global.net\/wp-content\/uploads\/werte_02-150x150.jpg 150w, https:\/\/acp-global.net\/wp-content\/uploads\/werte_02-75x75.jpg 75w, https:\/\/acp-global.net\/wp-content\/uploads\/werte_02-120x120.jpg 120w\" sizes=\"auto, (max-width: 700px) 100vw, 700px\" \/><\/figure>\n\n<\/div><\/div>\n\n<div class=\"gb-grid-column gb-grid-column-57af6006 gb-grid-column-box-fade\"><div class=\"gb-container gb-container-57af6006 gb-container-box-fade\">\n\n<div class=\"wp-block-pixel-headline headlines is-subheadline-bottom has-text-align-center is-gap-off\"><h3 class=\"headline\" style=\"color:var(--color-light)\">Odvaha<\/h3><\/div>\n\n\n\n<p class=\"has-text-align-center wp-block-paragraph\">Akt\u00edvne opustenie vychoden\u00fdch ko\u013eaj\u00ed, in\u00e9 myslenie a prevzatie zodpovednosti za vlastn\u00e9 \u010diny.<\/p>\n\n<\/div><\/div>\n\n<div class=\"gb-grid-column gb-grid-column-22fdcb60\"><div class=\"gb-container gb-container-22fdcb60\">\n\n<figure class=\"gb-block-image gb-block-image-1b4c3e55\"><img loading=\"lazy\" decoding=\"async\" width=\"700\" height=\"700\" class=\"gb-image gb-image-1b4c3e55\" src=\"https:\/\/www.huehoco.com\/wp-content\/uploads\/werte_03.jpg\" alt=\"\" title=\"hodnoty_03\" srcset=\"https:\/\/acp-global.net\/wp-content\/uploads\/werte_03.jpg 700w, https:\/\/acp-global.net\/wp-content\/uploads\/werte_03-300x300.jpg 300w, https:\/\/acp-global.net\/wp-content\/uploads\/werte_03-150x150.jpg 150w, https:\/\/acp-global.net\/wp-content\/uploads\/werte_03-75x75.jpg 75w, https:\/\/acp-global.net\/wp-content\/uploads\/werte_03-120x120.jpg 120w\" sizes=\"auto, (max-width: 700px) 100vw, 700px\" \/><\/figure>\n\n<\/div><\/div>\n\n<div class=\"gb-grid-column gb-grid-column-30ec78b6 gb-grid-column-box-fade\"><div class=\"gb-container gb-container-30ec78b6 gb-container-box-fade\">\n\n<div class=\"wp-block-pixel-headline headlines is-subheadline-bottom has-text-align-center is-gap-off\"><h3 class=\"headline\" style=\"color:var(--color-light)\">Z\u00e1v\u00e4zok<\/h3><\/div>\n\n\n\n<p class=\"has-text-align-center wp-block-paragraph\">Myslenie orientovan\u00e9 na rie\u0161enie, spojen\u00e9 s odhodlan\u00edm pre pozit\u00edvny pr\u00edstup a najvy\u0161\u0161iu mo\u017en\u00fa spo\u013eahlivos\u0165.<\/p>\n\n<\/div><\/div>\n\n<div class=\"gb-grid-column gb-grid-column-00318beb\"><div class=\"gb-container gb-container-00318beb\">\n\n<figure class=\"gb-block-image gb-block-image-0d6c756b\"><img loading=\"lazy\" decoding=\"async\" width=\"700\" height=\"700\" class=\"gb-image gb-image-0d6c756b\" src=\"https:\/\/www.huehoco.com\/wp-content\/uploads\/werte_04.jpg\" alt=\"\" title=\"values_04\" srcset=\"https:\/\/acp-global.net\/wp-content\/uploads\/werte_04.jpg 700w, https:\/\/acp-global.net\/wp-content\/uploads\/werte_04-300x300.jpg 300w, https:\/\/acp-global.net\/wp-content\/uploads\/werte_04-150x150.jpg 150w, https:\/\/acp-global.net\/wp-content\/uploads\/werte_04-75x75.jpg 75w, https:\/\/acp-global.net\/wp-content\/uploads\/werte_04-120x120.jpg 120w\" sizes=\"auto, (max-width: 700px) 100vw, 700px\" \/><\/figure>\n\n<\/div><\/div>\n<\/div>\n<\/div>\n<\/section><section class=\"gb-container gb-container-a92f8cce gb-container-section-metal\">\n<div class=\"gb-container gb-container-1acc8506\">\n<div class=\"gb-grid-wrapper gb-grid-wrapper-1b0ff202\">\n<div class=\"gb-grid-column gb-grid-column-9b218cd3\"><div class=\"gb-container gb-container-9b218cd3\" data-aos=\"fade-in\">\n\n<div class=\"wp-block-pixel-headline headlines is-subheadline-bottom has-text-align-left\"><h2 class=\"headline is-h1\" style=\"color:\">Na\u0161e poslanie<\/h2><\/div>\n\n\n\n<p class=\"wp-block-paragraph\"><strong>Ako spolo\u010dnos\u0165 sme si stanovili ciele,<\/strong> ktor\u00e9 sa odr\u00e1\u017eaj\u00fa v na\u0161ich hlavn\u00fdch z\u00e1sad\u00e1ch. Odpovedaj\u00fa na ot\u00e1zku na\u0161ej identity na trhu. Na\u0161e strategick\u00e9 ciele bud\u00fa s nimi zos\u00faladen\u00e9.<\/p>\n\n\n\n<p class=\"wp-block-paragraph\">Ako rodinn\u00e1, ekonomicky nez\u00e1visl\u00e1 priemyseln\u00e1 spolo\u010dnos\u0165 sme ved\u00facim partnerom pre na\u0161ich z\u00e1kazn\u00edkov. Svoju zodpovednos\u0165 za ich \u00faspech potvrdzujeme na\u0161ou bezpodmiene\u010dnou v\u00f4\u013eou rie\u0161i\u0165 aj zlo\u017eit\u00e9 probl\u00e9my. Sp\u00e1jame podnikate\u013esk\u00fa odvahu s profesion\u00e1lnou r\u00fdchlos\u0165ou a odbornos\u0165ou. Takto vytv\u00e1rame pridan\u00fa hodnotu a d\u00f4veru na na\u0161ich trhoch.<\/p>\n\n\n\n<p class=\"wp-block-paragraph\">Aby ka\u017ed\u00fd n\u00e1\u0161 zamestnanec mohol poveda\u0165:<\/p>\n\n\n\n<p class=\"wp-block-paragraph\"><mark style=\"background-color:rgba(0, 0, 0, 0)\" class=\"has-inline-color has-color-light-color\"><strong>ROB\u00cdME \u013dUD\u00cd HRD\u00ddMI<\/strong><\/mark><\/p>\n\n<\/div><\/div>\n\n<div class=\"gb-grid-column gb-grid-column-a90d3cfa gb-grid-column-blue-overlay-right\"><div class=\"gb-container gb-container-a90d3cfa gb-container-blue-overlay-right\" data-aos=\"fade-in\">\n\n<figure class=\"gb-block-image gb-block-image-a45d6d80\"><img loading=\"lazy\" decoding=\"async\" width=\"780\" height=\"589\" class=\"gb-image gb-image-a45d6d80\" src=\"https:\/\/www.huehoco.com\/wp-content\/uploads\/unsere_mission.jpg\" alt=\"\" title=\"our_mission\" srcset=\"https:\/\/acp-global.net\/wp-content\/uploads\/unsere_mission.jpg 780w, https:\/\/acp-global.net\/wp-content\/uploads\/unsere_mission-300x227.jpg 300w, https:\/\/acp-global.net\/wp-content\/uploads\/unsere_mission-768x580.jpg 768w, https:\/\/acp-global.net\/wp-content\/uploads\/unsere_mission-99x75.jpg 99w, https:\/\/acp-global.net\/wp-content\/uploads\/unsere_mission-159x120.jpg 159w\" sizes=\"auto, (max-width: 780px) 100vw, 780px\" \/><\/figure>\n\n<\/div><\/div>\n<\/div>\n<\/div>\n<\/section>","protected":false},"excerpt":{"rendered":"","protected":false},"author":1,"featured_media":0,"parent":6731,"menu_order":2,"comment_status":"closed","ping_status":"closed","template":"","meta":{"_acf_changed":false,"_crdt_document":"","footnotes":""},"class_list":["post-6832","page","type-page","status-publish"],"acf":[],"yoast_head":"<!-- This site is optimized with the Yoast SEO plugin v27.4 - https:\/\/yoast.com\/product\/yoast-seo-wordpress\/ -->\n<title>Skupina ACP | N\u00e1\u0161 k\u00f3dex spr\u00e1vania<\/title>\n<meta name=\"description\" content=\"Na\u0161a v\u00edzia: Re\u0161pekt \u2713 Odvaha \u2713 Z\u00e1v\u00e4zok \u2713 ACP zdie\u013ea hodnoty skupiny HUEHOCO \u2713 Pre\u010d\u00edtajte si viac o na\u0161ej firemnej filozofii, hodnot\u00e1ch a poslan\u00ed!\" \/>\n<meta name=\"robots\" content=\"index, follow, max-snippet:-1, max-image-preview:large, max-video-preview:-1\" \/>\n<link rel=\"canonical\" href=\"https:\/\/acp-global.net\/sk\/spolocnost\/kodex-spravania\/\" \/>\n<meta property=\"og:locale\" content=\"sk_SK\" \/>\n<meta property=\"og:type\" content=\"article\" \/>\n<meta property=\"og:title\" content=\"Skupina ACP | N\u00e1\u0161 k\u00f3dex spr\u00e1vania\" \/>\n<meta property=\"og:description\" content=\"Na\u0161a v\u00edzia: Re\u0161pekt \u2713 Odvaha \u2713 Z\u00e1v\u00e4zok \u2713 ACP zdie\u013ea hodnoty skupiny HUEHOCO \u2713 Pre\u010d\u00edtajte si viac o na\u0161ej firemnej filozofii, hodnot\u00e1ch a poslan\u00ed!\" \/>\n<meta property=\"og:url\" content=\"https:\/\/acp-global.net\/sk\/spolocnost\/kodex-spravania\/\" \/>\n<meta property=\"og:site_name\" content=\"ACP Group\" \/>\n<meta property=\"article:modified_time\" content=\"2024-06-24T14:15:10+00:00\" \/>\n<meta property=\"og:image\" content=\"https:\/\/www.huehoco.com\/wp-content\/uploads\/werte_01.jpg\" \/>\n<meta name=\"twitter:card\" content=\"summary_large_image\" \/>\n<meta name=\"twitter:label1\" content=\"Predpokladan\u00fd \u010das \u010d\u00edtania\" \/>\n\t<meta name=\"twitter:data1\" content=\"3 min\u00faty\" \/>\n<script type=\"application\/ld+json\" class=\"yoast-schema-graph\">{\"@context\":\"https:\\\/\\\/schema.org\",\"@graph\":[{\"@type\":\"WebPage\",\"@id\":\"https:\\\/\\\/acp-global.net\\\/sk\\\/spolocnost\\\/kodex-spravania\\\/\",\"url\":\"https:\\\/\\\/acp-global.net\\\/sk\\\/spolocnost\\\/kodex-spravania\\\/\",\"name\":\"Skupina ACP | N\u00e1\u0161 k\u00f3dex spr\u00e1vania\",\"isPartOf\":{\"@id\":\"https:\\\/\\\/acp-global.net\\\/sk\\\/#website\"},\"primaryImageOfPage\":{\"@id\":\"https:\\\/\\\/acp-global.net\\\/sk\\\/spolocnost\\\/kodex-spravania\\\/#primaryimage\"},\"image\":{\"@id\":\"https:\\\/\\\/acp-global.net\\\/sk\\\/spolocnost\\\/kodex-spravania\\\/#primaryimage\"},\"thumbnailUrl\":\"https:\\\/\\\/www.huehoco.com\\\/wp-content\\\/uploads\\\/werte_01.jpg\",\"datePublished\":\"2023-07-26T08:03:42+00:00\",\"dateModified\":\"2024-06-24T14:15:10+00:00\",\"description\":\"Na\u0161a v\u00edzia: Re\u0161pekt \u2713 Odvaha \u2713 Z\u00e1v\u00e4zok \u2713 ACP zdie\u013ea hodnoty skupiny HUEHOCO \u2713 Pre\u010d\u00edtajte si viac o na\u0161ej firemnej filozofii, hodnot\u00e1ch a poslan\u00ed!\",\"breadcrumb\":{\"@id\":\"https:\\\/\\\/acp-global.net\\\/sk\\\/spolocnost\\\/kodex-spravania\\\/#breadcrumb\"},\"inLanguage\":\"sk-SK\",\"potentialAction\":[{\"@type\":\"ReadAction\",\"target\":[\"https:\\\/\\\/acp-global.net\\\/sk\\\/spolocnost\\\/kodex-spravania\\\/\"]}]},{\"@type\":\"ImageObject\",\"inLanguage\":\"sk-SK\",\"@id\":\"https:\\\/\\\/acp-global.net\\\/sk\\\/spolocnost\\\/kodex-spravania\\\/#primaryimage\",\"url\":\"https:\\\/\\\/www.huehoco.com\\\/wp-content\\\/uploads\\\/werte_01.jpg\",\"contentUrl\":\"https:\\\/\\\/www.huehoco.com\\\/wp-content\\\/uploads\\\/werte_01.jpg\"},{\"@type\":\"BreadcrumbList\",\"@id\":\"https:\\\/\\\/acp-global.net\\\/sk\\\/spolocnost\\\/kodex-spravania\\\/#breadcrumb\",\"itemListElement\":[{\"@type\":\"ListItem\",\"position\":1,\"name\":\"Startseite\",\"item\":\"https:\\\/\\\/acp-global.net\\\/sk\\\/\"},{\"@type\":\"ListItem\",\"position\":2,\"name\":\"Spolo\u010dnos\u0165\",\"item\":\"https:\\\/\\\/acp-global.net\\\/sk\\\/spolocnost\\\/\"},{\"@type\":\"ListItem\",\"position\":3,\"name\":\"K\u00f3dex spr\u00e1vania\"}]},{\"@type\":\"WebSite\",\"@id\":\"https:\\\/\\\/acp-global.net\\\/sk\\\/#website\",\"url\":\"https:\\\/\\\/acp-global.net\\\/sk\\\/\",\"name\":\"ACP Group\",\"description\":\"\",\"publisher\":{\"@id\":\"https:\\\/\\\/acp-global.net\\\/sk\\\/#organization\"},\"potentialAction\":[{\"@type\":\"SearchAction\",\"target\":{\"@type\":\"EntryPoint\",\"urlTemplate\":\"https:\\\/\\\/acp-global.net\\\/sk\\\/?s={search_term_string}\"},\"query-input\":{\"@type\":\"PropertyValueSpecification\",\"valueRequired\":true,\"valueName\":\"search_term_string\"}}],\"inLanguage\":\"sk-SK\"},{\"@type\":\"Organization\",\"@id\":\"https:\\\/\\\/acp-global.net\\\/sk\\\/#organization\",\"name\":\"ACP Group\",\"url\":\"https:\\\/\\\/acp-global.net\\\/sk\\\/\",\"logo\":{\"@type\":\"ImageObject\",\"inLanguage\":\"sk-SK\",\"@id\":\"https:\\\/\\\/acp-global.net\\\/sk\\\/#\\\/schema\\\/logo\\\/image\\\/\",\"url\":\"https:\\\/\\\/acp-global.net\\\/wp-content\\\/uploads\\\/acp_group.png\",\"contentUrl\":\"https:\\\/\\\/acp-global.net\\\/wp-content\\\/uploads\\\/acp_group.png\",\"width\":1232,\"height\":285,\"caption\":\"ACP Group\"},\"image\":{\"@id\":\"https:\\\/\\\/acp-global.net\\\/sk\\\/#\\\/schema\\\/logo\\\/image\\\/\"}}]}<\/script>\n<!-- \/ Yoast SEO plugin. -->","yoast_head_json":{"title":"Skupina ACP | N\u00e1\u0161 k\u00f3dex spr\u00e1vania","description":"Na\u0161a v\u00edzia: Re\u0161pekt \u2713 Odvaha \u2713 Z\u00e1v\u00e4zok \u2713 ACP zdie\u013ea hodnoty skupiny HUEHOCO \u2713 Pre\u010d\u00edtajte si viac o na\u0161ej firemnej filozofii, hodnot\u00e1ch a poslan\u00ed!","robots":{"index":"index","follow":"follow","max-snippet":"max-snippet:-1","max-image-preview":"max-image-preview:large","max-video-preview":"max-video-preview:-1"},"canonical":"https:\/\/acp-global.net\/sk\/spolocnost\/kodex-spravania\/","og_locale":"sk_SK","og_type":"article","og_title":"Skupina ACP | N\u00e1\u0161 k\u00f3dex spr\u00e1vania","og_description":"Na\u0161a v\u00edzia: Re\u0161pekt \u2713 Odvaha \u2713 Z\u00e1v\u00e4zok \u2713 ACP zdie\u013ea hodnoty skupiny HUEHOCO \u2713 Pre\u010d\u00edtajte si viac o na\u0161ej firemnej filozofii, hodnot\u00e1ch a poslan\u00ed!","og_url":"https:\/\/acp-global.net\/sk\/spolocnost\/kodex-spravania\/","og_site_name":"ACP Group","article_modified_time":"2024-06-24T14:15:10+00:00","og_image":[{"url":"https:\/\/www.huehoco.com\/wp-content\/uploads\/werte_01.jpg","type":"","width":"","height":""}],"twitter_card":"summary_large_image","twitter_misc":{"Predpokladan\u00fd \u010das \u010d\u00edtania":"3 min\u00faty"},"schema":{"@context":"https:\/\/schema.org","@graph":[{"@type":"WebPage","@id":"https:\/\/acp-global.net\/sk\/spolocnost\/kodex-spravania\/","url":"https:\/\/acp-global.net\/sk\/spolocnost\/kodex-spravania\/","name":"Skupina ACP | N\u00e1\u0161 k\u00f3dex spr\u00e1vania","isPartOf":{"@id":"https:\/\/acp-global.net\/sk\/#website"},"primaryImageOfPage":{"@id":"https:\/\/acp-global.net\/sk\/spolocnost\/kodex-spravania\/#primaryimage"},"image":{"@id":"https:\/\/acp-global.net\/sk\/spolocnost\/kodex-spravania\/#primaryimage"},"thumbnailUrl":"https:\/\/www.huehoco.com\/wp-content\/uploads\/werte_01.jpg","datePublished":"2023-07-26T08:03:42+00:00","dateModified":"2024-06-24T14:15:10+00:00","description":"Na\u0161a v\u00edzia: Re\u0161pekt \u2713 Odvaha \u2713 Z\u00e1v\u00e4zok \u2713 ACP zdie\u013ea hodnoty skupiny HUEHOCO \u2713 Pre\u010d\u00edtajte si viac o na\u0161ej firemnej filozofii, hodnot\u00e1ch a poslan\u00ed!","breadcrumb":{"@id":"https:\/\/acp-global.net\/sk\/spolocnost\/kodex-spravania\/#breadcrumb"},"inLanguage":"sk-SK","potentialAction":[{"@type":"ReadAction","target":["https:\/\/acp-global.net\/sk\/spolocnost\/kodex-spravania\/"]}]},{"@type":"ImageObject","inLanguage":"sk-SK","@id":"https:\/\/acp-global.net\/sk\/spolocnost\/kodex-spravania\/#primaryimage","url":"https:\/\/www.huehoco.com\/wp-content\/uploads\/werte_01.jpg","contentUrl":"https:\/\/www.huehoco.com\/wp-content\/uploads\/werte_01.jpg"},{"@type":"BreadcrumbList","@id":"https:\/\/acp-global.net\/sk\/spolocnost\/kodex-spravania\/#breadcrumb","itemListElement":[{"@type":"ListItem","position":1,"name":"Startseite","item":"https:\/\/acp-global.net\/sk\/"},{"@type":"ListItem","position":2,"name":"Spolo\u010dnos\u0165","item":"https:\/\/acp-global.net\/sk\/spolocnost\/"},{"@type":"ListItem","position":3,"name":"K\u00f3dex spr\u00e1vania"}]},{"@type":"WebSite","@id":"https:\/\/acp-global.net\/sk\/#website","url":"https:\/\/acp-global.net\/sk\/","name":"ACP Group","description":"","publisher":{"@id":"https:\/\/acp-global.net\/sk\/#organization"},"potentialAction":[{"@type":"SearchAction","target":{"@type":"EntryPoint","urlTemplate":"https:\/\/acp-global.net\/sk\/?s={search_term_string}"},"query-input":{"@type":"PropertyValueSpecification","valueRequired":true,"valueName":"search_term_string"}}],"inLanguage":"sk-SK"},{"@type":"Organization","@id":"https:\/\/acp-global.net\/sk\/#organization","name":"ACP Group","url":"https:\/\/acp-global.net\/sk\/","logo":{"@type":"ImageObject","inLanguage":"sk-SK","@id":"https:\/\/acp-global.net\/sk\/#\/schema\/logo\/image\/","url":"https:\/\/acp-global.net\/wp-content\/uploads\/acp_group.png","contentUrl":"https:\/\/acp-global.net\/wp-content\/uploads\/acp_group.png","width":1232,"height":285,"caption":"ACP Group"},"image":{"@id":"https:\/\/acp-global.net\/sk\/#\/schema\/logo\/image\/"}}]}},"_links":{"self":[{"href":"https:\/\/acp-global.net\/sk\/wp-json\/wp\/v2\/pages\/6832","targetHints":{"allow":["GET"]}}],"collection":[{"href":"https:\/\/acp-global.net\/sk\/wp-json\/wp\/v2\/pages"}],"about":[{"href":"https:\/\/acp-global.net\/sk\/wp-json\/wp\/v2\/types\/page"}],"author":[{"embeddable":true,"href":"https:\/\/acp-global.net\/sk\/wp-json\/wp\/v2\/users\/1"}],"replies":[{"embeddable":true,"href":"https:\/\/acp-global.net\/sk\/wp-json\/wp\/v2\/comments?post=6832"}],"version-history":[{"count":2,"href":"https:\/\/acp-global.net\/sk\/wp-json\/wp\/v2\/pages\/6832\/revisions"}],"predecessor-version":[{"id":7738,"href":"https:\/\/acp-global.net\/sk\/wp-json\/wp\/v2\/pages\/6832\/revisions\/7738"}],"up":[{"embeddable":true,"href":"https:\/\/acp-global.net\/sk\/wp-json\/wp\/v2\/pages\/6731"}],"wp:attachment":[{"href":"https:\/\/acp-global.net\/sk\/wp-json\/wp\/v2\/media?parent=6832"}],"curies":[{"name":"wp","href":"https:\/\/api.w.org\/{rel}","templated":true}]}}