{"id":6840,"date":"2023-04-06T14:34:03","date_gmt":"2023-04-06T12:34:03","guid":{"rendered":"https:\/\/acp.pixel-tal.de\/pravne-zalezitosti\/odtlacok\/"},"modified":"2024-10-23T12:31:46","modified_gmt":"2024-10-23T10:31:46","slug":"odtlacok","status":"publish","type":"page","link":"https:\/\/acp-global.net\/sk\/pravne-zalezitosti\/odtlacok\/","title":{"rendered":"Odtla\u010dok"},"content":{"rendered":"<section class=\"gb-container gb-container-7f827b1e gb-container-section-white\">\n<div class=\"gb-container gb-container-2e17292b\">\n<div class=\"gb-grid-wrapper gb-grid-wrapper-1edc144c\">\n<div class=\"gb-grid-column gb-grid-column-6b4b95ad\"><div class=\"gb-container gb-container-6b4b95ad\">\n\n<div class=\"wp-block-pixel-headline headlines is-subheadline-bottom has-text-align-left\"><h1 class=\"headline\" style=\"color:\">Odtla\u010dok<\/h1><\/div>\n\n<\/div><\/div>\n\n<div class=\"gb-grid-column gb-grid-column-ceb59ac7\"><div class=\"gb-container gb-container-ceb59ac7\">\n\n<p class=\"wp-block-paragraph\">ACP Deutschland GmbH &amp; Co. KG<br>Sch\u00e4fergasse 1<br>D &#8211; 36433 Bad Salzungen<\/p>\n\n\n\n<p class=\"wp-block-paragraph\">Obchodn\u00fd register: HRA 301509<br>Registrov\u00fd s\u00fad: Registrov\u00fd s\u00fad Jena<br>Da\u0148ov\u00e9 \u010d\u00edslo: 155\/150\/03603<\/p>\n\n\n\n<p class=\"wp-block-paragraph\"><strong>Zast\u00fapen\u00fd osobne zodpovedn\u00fdm partnerom:<\/strong><br>ACP Deutschland GmbH &amp; Co. KG<br>Sch\u00e4fergasse 1<br>D &#8211; 36433 Bad Salzungen<\/p>\n\n\n\n<p class=\"wp-block-paragraph\"><strong>V\u00fdkonn\u00fd riadite\u013e:<\/strong><br>Michael Koch<\/p>\n\n\n\n<div class=\"wp-block-pixel-headline headlines is-subheadline-bottom has-text-align-left is-gap-xs\"><h5 class=\"headline\" style=\"color:\">Kontaktujte n\u00e1s<\/h5><\/div>\n\n\n\n<p class=\"wp-block-paragraph\">Telef\u00f3n: <a href=\"tel:+492026477866\" data-type=\"tel\" data-id=\"tel:+492026477866\" target=\"_blank\" rel=\"nofollow\">+49 (0) 202 64778-66<\/a><br>Mobil: +49 (0) 175 43 43-521<br>E-mail: <a href=\"mailto:m.koch@acp-d.com\" target=\"_blank\" rel=\"nofollow\">m.koch@acp-d.com<\/a><\/p>\n\n\n\n<div class=\"wp-block-pixel-headline headlines is-subheadline-bottom has-text-align-left is-gap-xs\"><h5 class=\"headline\" style=\"color:\">Identifika\u010dn\u00e9 \u010d\u00edslo pre da\u0148 z predaja<\/h5><\/div>\n\n\n\n<p class=\"wp-block-paragraph\">Identifika\u010dn\u00e9 \u010d\u00edslo pre da\u0148 z pridanej hodnoty:<br>DE813527014<\/p>\n\n\n\n<div class=\"wp-block-pixel-headline headlines is-subheadline-bottom has-text-align-left is-gap-xs\"><h5 class=\"headline\" style=\"color:\">Realiz\u00e1cia<\/h5><\/div>\n\n\n\n<p class=\"wp-block-paragraph\">Koncepciu, dizajn a realiz\u00e1ciu tejto webovej str\u00e1nky uskuto\u010dnili:<br><a rel=\"noreferrer noopener nofollow\" href=\"https:\/\/pixelproduction.de\/\" target=\"_blank\">PixelProduction, agent\u00fara pre koncep\u010dn\u00fa komunik\u00e1ciu vo Wuppertale<\/a>.<\/p>\n\n<\/div><\/div>\n\n<div class=\"gb-grid-column gb-grid-column-fe327f40\"><div class=\"gb-container gb-container-fe327f40\">\n\n<div class=\"wp-block-pixel-headline headlines is-subheadline-bottom has-text-align-left is-gap-xs\"><h5 class=\"headline\" style=\"color:\">Rie\u0161enie sporov<\/h5><\/div>\n\n\n\n<p class=\"wp-block-paragraph\">Eur\u00f3pska komisia poskytuje platformu na rie\u0161enie sporov online (OS):<br><a rel=\"noreferrer noopener nofollow\" href=\"https:\/\/ec.europa.eu\/consumers\/odr\" target=\"_blank\">https:\/\/ec.europa.eu\/consumers\/odr<\/a>.<\/p>\n\n\n\n<p class=\"wp-block-paragraph\">Na\u0161u e-mailov\u00fa adresu n\u00e1jdete v pr\u00e1vnom ozn\u00e1men\u00ed vy\u0161\u0161ie.<br>Nie sme ochotn\u00ed ani povinn\u00ed z\u00fa\u010dastni\u0165 sa na konan\u00ed o rie\u0161en\u00ed sporu pred spotrebite\u013eskou arbitr\u00e1\u017enou komisiou.<\/p>\n\n\n\n<div class=\"wp-block-pixel-headline headlines is-subheadline-bottom has-text-align-left is-gap-xs\"><h5 class=\"headline\" style=\"color:\">Zodpovednos\u0165 za obsah<\/h5><\/div>\n\n\n\n<p class=\"wp-block-paragraph\">Ako poskytovate\u013e slu\u017eieb sme povinn\u00ed pod\u013ea \u00a7 7 ods. 1 DDG za vlastn\u00fd obsah na t\u00fdchto str\u00e1nkach pod\u013ea v\u0161eobecn\u00fdch z\u00e1konov. Pod\u013ea \u00a7\u00a7 8 a\u017e 10 DDG v\u0161ak nie sme ako poskytovate\u013e slu\u017eieb povinn\u00ed monitorova\u0165 pren\u00e1\u0161an\u00e9 alebo ulo\u017een\u00e9 inform\u00e1cie tret\u00edch str\u00e1n ani vy\u0161etrova\u0165 okolnosti, ktor\u00e9 nazna\u010duj\u00fa nez\u00e1konn\u00fa \u010dinnos\u0165. Povinnosti odstr\u00e1ni\u0165 alebo zablokova\u0165 pou\u017e\u00edvanie inform\u00e1ci\u00ed v s\u00falade so v\u0161eobecn\u00fdmi z\u00e1konmi t\u00fdm nie s\u00fa dotknut\u00e9. Zodpovednos\u0165 v tomto oh\u013eade je v\u0161ak mo\u017en\u00e1 a\u017e od okamihu, ke\u010f sa dozviete o konkr\u00e9tnom poru\u0161en\u00ed. Hne\u010f ako sa o takomto poru\u0161en\u00ed dozvieme, tento obsah okam\u017eite odstr\u00e1nime.<\/p>\n\n\n\n<div class=\"wp-block-pixel-headline headlines is-subheadline-bottom has-text-align-left is-gap-xs\"><h5 class=\"headline\" style=\"color:\">Zodpovednos\u0165 za odkazy<\/h5><\/div>\n\n\n\n<p class=\"wp-block-paragraph\">Na\u0161a webov\u00e1 str\u00e1nka obsahuje odkazy na extern\u00e9 webov\u00e9 str\u00e1nky tret\u00edch str\u00e1n, na ktor\u00fdch obsah nem\u00e1me \u017eiadny vplyv. Preto nem\u00f4\u017eeme prevzia\u0165 \u017eiadnu zodpovednos\u0165 za tento obsah tret\u00edch str\u00e1n. Za obsah odkazovan\u00fdch str\u00e1nok je v\u017edy zodpovedn\u00fd pr\u00edslu\u0161n\u00fd poskytovate\u013e alebo prev\u00e1dzkovate\u013e str\u00e1nok. V \u010dase prepojenia boli prepojen\u00e9 str\u00e1nky skontrolovan\u00e9 z h\u013eadiska mo\u017en\u00e9ho poru\u0161enia pr\u00e1vnych predpisov. Nez\u00e1konn\u00fd obsah nebol v \u010dase prepojenia rozpoznate\u013en\u00fd.<br>Permanentn\u00e9 monitorovanie obsahu odkazovan\u00fdch str\u00e1nok v\u0161ak nie je rozumn\u00e9 bez konkr\u00e9tnych d\u00f4kazov o poru\u0161en\u00ed. Ak sa dozvieme o akomko\u013evek poru\u0161en\u00ed pr\u00e1vnych predpisov, okam\u017eite tak\u00e9to odkazy odstr\u00e1nime.<\/p>\n\n\n\n<div class=\"wp-block-pixel-headline headlines is-subheadline-bottom has-text-align-left is-gap-xs\"><h5 class=\"headline\" style=\"color:\">Autorsk\u00e9 pr\u00e1va<\/h5><\/div>\n\n\n\n<p class=\"wp-block-paragraph\">Obsah a diela vytvoren\u00e9 prev\u00e1dzkovate\u013emi str\u00e1nok na t\u00fdchto str\u00e1nkach podliehaj\u00fa nemeck\u00e9mu autorsk\u00e9mu pr\u00e1vu. Reprodukcia, \u00faprava, \u0161\u00edrenie a ak\u00fdko\u013evek druh pou\u017eitia mimo r\u00e1mca autorsk\u00e9ho pr\u00e1va si vy\u017eaduje p\u00edsomn\u00fd s\u00fahlas pr\u00edslu\u0161n\u00e9ho autora alebo tvorcu. Preberanie a kop\u00edrovanie tejto str\u00e1nky je povolen\u00e9 len na s\u00fakromn\u00e9, nekomer\u010dn\u00e9 pou\u017eitie.<br>Pokia\u013e obsah na tejto str\u00e1nke nevytvoril prev\u00e1dzkovate\u013e, re\u0161pektuj\u00fa sa autorsk\u00e9 pr\u00e1va tret\u00edch str\u00e1n. Takto je ozna\u010den\u00fd najm\u00e4 obsah tret\u00edch str\u00e1n. Ak sa napriek tomu dozviete o poru\u0161en\u00ed autorsk\u00fdch pr\u00e1v, informujte n\u00e1s o tom. Ak sa dozvieme o akomko\u013evek poru\u0161en\u00ed pr\u00e1vnych predpisov, tak\u00fdto obsah okam\u017eite odstr\u00e1nime.<\/p>\n\n<\/div><\/div>\n<\/div>\n<\/div>\n<\/section>","protected":false},"excerpt":{"rendered":"","protected":false},"author":1,"featured_media":0,"parent":6718,"menu_order":1,"comment_status":"closed","ping_status":"closed","template":"","meta":{"_acf_changed":false,"_crdt_document":"","footnotes":""},"class_list":["post-6840","page","type-page","status-publish"],"acf":[],"yoast_head":"<!-- This site is optimized with the Yoast SEO plugin v27.4 - https:\/\/yoast.com\/product\/yoast-seo-wordpress\/ -->\n<title>ACP Group | N\u00e1\u0161 odtla\u010dok<\/title>\n<meta name=\"description\" content=\"Inform\u00e1cie o pr\u00e1vnick\u00fdch osob\u00e1ch \u2713 Opr\u00e1vnen\u00ed z\u00e1stupcovia \u2713 Spolo\u010dnos\u0165 \u2713 Pr\u00e1vna forma \u2713 Registra\u010dn\u00e9 \u010d\u00edslo \u2713 Adresa pobo\u010dky \u2713\" \/>\n<meta name=\"robots\" content=\"index, follow, max-snippet:-1, max-image-preview:large, max-video-preview:-1\" \/>\n<link rel=\"canonical\" href=\"https:\/\/acp-global.net\/sk\/pravne-zalezitosti\/odtlacok\/\" \/>\n<meta property=\"og:locale\" content=\"sk_SK\" \/>\n<meta property=\"og:type\" content=\"article\" \/>\n<meta property=\"og:title\" content=\"ACP Group | N\u00e1\u0161 odtla\u010dok\" \/>\n<meta property=\"og:description\" content=\"Inform\u00e1cie o pr\u00e1vnick\u00fdch osob\u00e1ch \u2713 Opr\u00e1vnen\u00ed z\u00e1stupcovia \u2713 Spolo\u010dnos\u0165 \u2713 Pr\u00e1vna forma \u2713 Registra\u010dn\u00e9 \u010d\u00edslo \u2713 Adresa pobo\u010dky \u2713\" \/>\n<meta property=\"og:url\" content=\"https:\/\/acp-global.net\/sk\/pravne-zalezitosti\/odtlacok\/\" \/>\n<meta property=\"og:site_name\" content=\"ACP Group\" \/>\n<meta property=\"article:modified_time\" content=\"2024-10-23T10:31:46+00:00\" \/>\n<meta name=\"twitter:card\" content=\"summary_large_image\" \/>\n<meta name=\"twitter:label1\" content=\"Predpokladan\u00fd \u010das \u010d\u00edtania\" \/>\n\t<meta name=\"twitter:data1\" content=\"3 min\u00faty\" \/>\n<script type=\"application\/ld+json\" class=\"yoast-schema-graph\">{\"@context\":\"https:\\\/\\\/schema.org\",\"@graph\":[{\"@type\":\"WebPage\",\"@id\":\"https:\\\/\\\/acp-global.net\\\/sk\\\/pravne-zalezitosti\\\/odtlacok\\\/\",\"url\":\"https:\\\/\\\/acp-global.net\\\/sk\\\/pravne-zalezitosti\\\/odtlacok\\\/\",\"name\":\"ACP Group | N\u00e1\u0161 odtla\u010dok\",\"isPartOf\":{\"@id\":\"https:\\\/\\\/acp-global.net\\\/sk\\\/#website\"},\"datePublished\":\"2023-04-06T12:34:03+00:00\",\"dateModified\":\"2024-10-23T10:31:46+00:00\",\"description\":\"Inform\u00e1cie o pr\u00e1vnick\u00fdch osob\u00e1ch \u2713 Opr\u00e1vnen\u00ed z\u00e1stupcovia \u2713 Spolo\u010dnos\u0165 \u2713 Pr\u00e1vna forma \u2713 Registra\u010dn\u00e9 \u010d\u00edslo \u2713 Adresa pobo\u010dky \u2713\",\"breadcrumb\":{\"@id\":\"https:\\\/\\\/acp-global.net\\\/sk\\\/pravne-zalezitosti\\\/odtlacok\\\/#breadcrumb\"},\"inLanguage\":\"sk-SK\",\"potentialAction\":[{\"@type\":\"ReadAction\",\"target\":[\"https:\\\/\\\/acp-global.net\\\/sk\\\/pravne-zalezitosti\\\/odtlacok\\\/\"]}]},{\"@type\":\"BreadcrumbList\",\"@id\":\"https:\\\/\\\/acp-global.net\\\/sk\\\/pravne-zalezitosti\\\/odtlacok\\\/#breadcrumb\",\"itemListElement\":[{\"@type\":\"ListItem\",\"position\":1,\"name\":\"Startseite\",\"item\":\"https:\\\/\\\/acp-global.net\\\/sk\\\/\"},{\"@type\":\"ListItem\",\"position\":2,\"name\":\"Pr\u00e1vne z\u00e1le\u017eitosti\",\"item\":\"https:\\\/\\\/acp-global.net\\\/sk\\\/pravne-zalezitosti\\\/\"},{\"@type\":\"ListItem\",\"position\":3,\"name\":\"Odtla\u010dok\"}]},{\"@type\":\"WebSite\",\"@id\":\"https:\\\/\\\/acp-global.net\\\/sk\\\/#website\",\"url\":\"https:\\\/\\\/acp-global.net\\\/sk\\\/\",\"name\":\"ACP Group\",\"description\":\"\",\"publisher\":{\"@id\":\"https:\\\/\\\/acp-global.net\\\/sk\\\/#organization\"},\"potentialAction\":[{\"@type\":\"SearchAction\",\"target\":{\"@type\":\"EntryPoint\",\"urlTemplate\":\"https:\\\/\\\/acp-global.net\\\/sk\\\/?s={search_term_string}\"},\"query-input\":{\"@type\":\"PropertyValueSpecification\",\"valueRequired\":true,\"valueName\":\"search_term_string\"}}],\"inLanguage\":\"sk-SK\"},{\"@type\":\"Organization\",\"@id\":\"https:\\\/\\\/acp-global.net\\\/sk\\\/#organization\",\"name\":\"ACP Group\",\"url\":\"https:\\\/\\\/acp-global.net\\\/sk\\\/\",\"logo\":{\"@type\":\"ImageObject\",\"inLanguage\":\"sk-SK\",\"@id\":\"https:\\\/\\\/acp-global.net\\\/sk\\\/#\\\/schema\\\/logo\\\/image\\\/\",\"url\":\"https:\\\/\\\/acp-global.net\\\/wp-content\\\/uploads\\\/acp_group.png\",\"contentUrl\":\"https:\\\/\\\/acp-global.net\\\/wp-content\\\/uploads\\\/acp_group.png\",\"width\":1232,\"height\":285,\"caption\":\"ACP Group\"},\"image\":{\"@id\":\"https:\\\/\\\/acp-global.net\\\/sk\\\/#\\\/schema\\\/logo\\\/image\\\/\"}}]}<\/script>\n<!-- \/ Yoast SEO plugin. -->","yoast_head_json":{"title":"ACP Group | N\u00e1\u0161 odtla\u010dok","description":"Inform\u00e1cie o pr\u00e1vnick\u00fdch osob\u00e1ch \u2713 Opr\u00e1vnen\u00ed z\u00e1stupcovia \u2713 Spolo\u010dnos\u0165 \u2713 Pr\u00e1vna forma \u2713 Registra\u010dn\u00e9 \u010d\u00edslo \u2713 Adresa pobo\u010dky \u2713","robots":{"index":"index","follow":"follow","max-snippet":"max-snippet:-1","max-image-preview":"max-image-preview:large","max-video-preview":"max-video-preview:-1"},"canonical":"https:\/\/acp-global.net\/sk\/pravne-zalezitosti\/odtlacok\/","og_locale":"sk_SK","og_type":"article","og_title":"ACP Group | N\u00e1\u0161 odtla\u010dok","og_description":"Inform\u00e1cie o pr\u00e1vnick\u00fdch osob\u00e1ch \u2713 Opr\u00e1vnen\u00ed z\u00e1stupcovia \u2713 Spolo\u010dnos\u0165 \u2713 Pr\u00e1vna forma \u2713 Registra\u010dn\u00e9 \u010d\u00edslo \u2713 Adresa pobo\u010dky \u2713","og_url":"https:\/\/acp-global.net\/sk\/pravne-zalezitosti\/odtlacok\/","og_site_name":"ACP Group","article_modified_time":"2024-10-23T10:31:46+00:00","twitter_card":"summary_large_image","twitter_misc":{"Predpokladan\u00fd \u010das \u010d\u00edtania":"3 min\u00faty"},"schema":{"@context":"https:\/\/schema.org","@graph":[{"@type":"WebPage","@id":"https:\/\/acp-global.net\/sk\/pravne-zalezitosti\/odtlacok\/","url":"https:\/\/acp-global.net\/sk\/pravne-zalezitosti\/odtlacok\/","name":"ACP Group | N\u00e1\u0161 odtla\u010dok","isPartOf":{"@id":"https:\/\/acp-global.net\/sk\/#website"},"datePublished":"2023-04-06T12:34:03+00:00","dateModified":"2024-10-23T10:31:46+00:00","description":"Inform\u00e1cie o pr\u00e1vnick\u00fdch osob\u00e1ch \u2713 Opr\u00e1vnen\u00ed z\u00e1stupcovia \u2713 Spolo\u010dnos\u0165 \u2713 Pr\u00e1vna forma \u2713 Registra\u010dn\u00e9 \u010d\u00edslo \u2713 Adresa pobo\u010dky \u2713","breadcrumb":{"@id":"https:\/\/acp-global.net\/sk\/pravne-zalezitosti\/odtlacok\/#breadcrumb"},"inLanguage":"sk-SK","potentialAction":[{"@type":"ReadAction","target":["https:\/\/acp-global.net\/sk\/pravne-zalezitosti\/odtlacok\/"]}]},{"@type":"BreadcrumbList","@id":"https:\/\/acp-global.net\/sk\/pravne-zalezitosti\/odtlacok\/#breadcrumb","itemListElement":[{"@type":"ListItem","position":1,"name":"Startseite","item":"https:\/\/acp-global.net\/sk\/"},{"@type":"ListItem","position":2,"name":"Pr\u00e1vne z\u00e1le\u017eitosti","item":"https:\/\/acp-global.net\/sk\/pravne-zalezitosti\/"},{"@type":"ListItem","position":3,"name":"Odtla\u010dok"}]},{"@type":"WebSite","@id":"https:\/\/acp-global.net\/sk\/#website","url":"https:\/\/acp-global.net\/sk\/","name":"ACP Group","description":"","publisher":{"@id":"https:\/\/acp-global.net\/sk\/#organization"},"potentialAction":[{"@type":"SearchAction","target":{"@type":"EntryPoint","urlTemplate":"https:\/\/acp-global.net\/sk\/?s={search_term_string}"},"query-input":{"@type":"PropertyValueSpecification","valueRequired":true,"valueName":"search_term_string"}}],"inLanguage":"sk-SK"},{"@type":"Organization","@id":"https:\/\/acp-global.net\/sk\/#organization","name":"ACP Group","url":"https:\/\/acp-global.net\/sk\/","logo":{"@type":"ImageObject","inLanguage":"sk-SK","@id":"https:\/\/acp-global.net\/sk\/#\/schema\/logo\/image\/","url":"https:\/\/acp-global.net\/wp-content\/uploads\/acp_group.png","contentUrl":"https:\/\/acp-global.net\/wp-content\/uploads\/acp_group.png","width":1232,"height":285,"caption":"ACP Group"},"image":{"@id":"https:\/\/acp-global.net\/sk\/#\/schema\/logo\/image\/"}}]}},"_links":{"self":[{"href":"https:\/\/acp-global.net\/sk\/wp-json\/wp\/v2\/pages\/6840","targetHints":{"allow":["GET"]}}],"collection":[{"href":"https:\/\/acp-global.net\/sk\/wp-json\/wp\/v2\/pages"}],"about":[{"href":"https:\/\/acp-global.net\/sk\/wp-json\/wp\/v2\/types\/page"}],"author":[{"embeddable":true,"href":"https:\/\/acp-global.net\/sk\/wp-json\/wp\/v2\/users\/1"}],"replies":[{"embeddable":true,"href":"https:\/\/acp-global.net\/sk\/wp-json\/wp\/v2\/comments?post=6840"}],"version-history":[{"count":4,"href":"https:\/\/acp-global.net\/sk\/wp-json\/wp\/v2\/pages\/6840\/revisions"}],"predecessor-version":[{"id":9084,"href":"https:\/\/acp-global.net\/sk\/wp-json\/wp\/v2\/pages\/6840\/revisions\/9084"}],"up":[{"embeddable":true,"href":"https:\/\/acp-global.net\/sk\/wp-json\/wp\/v2\/pages\/6718"}],"wp:attachment":[{"href":"https:\/\/acp-global.net\/sk\/wp-json\/wp\/v2\/media?parent=6840"}],"curies":[{"name":"wp","href":"https:\/\/api.w.org\/{rel}","templated":true}]}}